{"id":42000,"date":"2026-03-18T18:30:20","date_gmt":"2026-03-18T18:30:20","guid":{"rendered":"https:\/\/soydeaqui.ddns.net\/pachuca\/index.php\/producto\/kit-multimetro-digital-dt9205a-600-vcc-vca-catii-con-pantalla-lcd-incluye-bateria-er-9v-de-9v\/"},"modified":"2026-03-18T18:30:27","modified_gmt":"2026-03-18T18:30:27","slug":"kit-multimetro-digital-dt9205a-600-vcc-vca-catii-con-pantalla-lcd-incluye-bateria-er-9v-de-9v","status":"publish","type":"product","link":"https:\/\/soydeaqui.ddns.net\/pachuca\/index.php\/producto\/kit-multimetro-digital-dt9205a-600-vcc-vca-catii-con-pantalla-lcd-incluye-bateria-er-9v-de-9v\/","title":{"rendered":"KIT Mult\u00edmetro Digital DT9205A 600 Vcc \/  Vca  CATII,  con Pantalla LCD. Incluye Bater\u00eda ER-9V de 9V"},"content":{"rendered":"<div style='width: 100%; max-width: 1200px; margin: 0 auto; font-family: sans-serif; line-height: 1.6; color: inherit; background-color: transparent;'>\n<div style='display: flex; flex-wrap: wrap; gap: 30px; margin-bottom: 30px;'>\n<div style='flex: 1 1 300px; min-width: 280px;'>\n<h3 style='font-size: 22px; border-bottom: 2px solid currentColor; padding-bottom: 5px; margin-top: 0; color: inherit; opacity: 0.8;'>Caracter\u00edsticas Generales<\/h3>\n<ul style='padding-left: 20px; font-size: 15px; color: inherit;'>\n<li style='margin-bottom: 5px;'>Pantalla LCD de 67 x 42 mm.<\/li>\n<li style='margin-bottom: 5px;'>M\u00e1xima resoluci\u00f3n 1999 recuentos cada 2 segundos.<\/li>\n<li style='margin-bottom: 5px;'>Indicador de bater\u00eda baja.<\/li>\n<li style='margin-bottom: 5px;'>Protecci\u00f3n contra sobre cargas.<\/li>\n<li style='margin-bottom: 5px;'>Auto apagado.<\/li>\n<li style='margin-bottom: 5px;'>Adaptador multi-funci\u00f3n para prueba de transistor<\/li>\n<\/ul><\/div>\n<div style='flex: 1 1 300px; min-width: 280px;'>\n<h3 style='font-size: 22px; border-bottom: 2px solid currentColor; padding-bottom: 5px; margin-top: 0; color: inherit; opacity: 0.8;'>Funciones de Medici\u00f3n<\/h3>\n<ul style='padding-left: 20px; font-size: 15px; color: inherit;'>\n<li style='margin-bottom: 5px;'>Medici\u00f3n de Voltaje 600V CC\/CA CATII<\/li>\n<li style='margin-bottom: 5px;'>Medici\u00f3n de Corriente 250mA \/ 10A CC\/CA.<\/li>\n<li style='margin-bottom: 5px;'>Medici\u00f3n de Resistencia 200M\u03a9.<\/li>\n<li style='margin-bottom: 5px;'>Prueba audible de continuidad \u2663<\/li>\n<li style='margin-bottom: 5px;'>Prueba de Diodo.<\/li>\n<li style='margin-bottom: 5px;'>Medici\u00f3n de Capacitor.<\/li>\n<li style='margin-bottom: 5px;'>Prueba hFE de Transistores.<\/li>\n<li style='margin-bottom: 5px;'>Funci\u00f3n HOLD para medici\u00f3n temporal.<\/li>\n<\/ul><\/div>\n<div style='flex: 1 1 300px; min-width: 280px;'>\n<h3 style='font-size: 22px; border-bottom: 2px solid currentColor; padding-bottom: 5px; margin-top: 0; color: inherit; opacity: 0.8;'>Caracter\u00edsticas F\u00edsicas y El\u00e9ctricas<\/h3>\n<ul style='padding-left: 20px; font-size: 15px; color: inherit;'>\n<li style='margin-bottom: 5px;'>Alimentaci\u00f3n: <a href='https:\/\/www.syscom.mx\/producto\/ER-9V-EPCOM-POWERLINE-190929.html' style='color: inherit; text-decoration: underline;'>bater\u00eda alcalina 9V ER-9V (Incluida)<\/a>.<\/li>\n<li style='margin-bottom: 5px;'>Temperatura de operaci\u00f3n: 0\u00baC a 40\u00baC.<\/li>\n<li style='margin-bottom: 5px;'>Protecci\u00f3n: Case de hule.<\/li>\n<li style='margin-bottom: 5px;'>Dimensiones: 190 x 90 x 33 mm.<\/li>\n<li style='margin-bottom: 5px;'>Peso: 0.19 Kg. aprox.<\/li>\n<li style='margin-bottom: 5px;'><strong>Incluye: Puntas de prueba&comma; Adaptador multi-funci\u00f3n&comma; y manual de usuario.<\/strong><\/li>\n<\/ul><\/div>\n<\/p><\/div>\n<\/p><\/div>\n","protected":false},"excerpt":{"rendered":"<p>KIT Mult\u00edmetro Digital DT9205A 600 Vcc \/  Vca  CATII,  con Pantalla LCD. Incluye Bater\u00eda ER-9V de 9V<\/p>\n","protected":false},"featured_media":41999,"comment_status":"open","ping_status":"closed","template":"","meta":[],"product_brand":[],"product_cat":[1140],"product_tag":[1058,1141,248],"class_list":{"0":"post-42000","1":"product","2":"type-product","3":"status-publish","4":"has-post-thumbnail","6":"product_cat-medicion-e-inspeccion-electrica","7":"product_tag-ferreteria","8":"product_tag-medicion-e-inspeccion-electrica","9":"product_tag-precision","11":"first","12":"instock","13":"sale","14":"shipping-taxable","15":"purchasable","16":"product-type-simple"},"_links":{"self":[{"href":"https:\/\/soydeaqui.ddns.net\/pachuca\/index.php\/wp-json\/wp\/v2\/product\/42000","targetHints":{"allow":["GET"]}}],"collection":[{"href":"https:\/\/soydeaqui.ddns.net\/pachuca\/index.php\/wp-json\/wp\/v2\/product"}],"about":[{"href":"https:\/\/soydeaqui.ddns.net\/pachuca\/index.php\/wp-json\/wp\/v2\/types\/product"}],"replies":[{"embeddable":true,"href":"https:\/\/soydeaqui.ddns.net\/pachuca\/index.php\/wp-json\/wp\/v2\/comments?post=42000"}],"wp:featuredmedia":[{"embeddable":true,"href":"https:\/\/soydeaqui.ddns.net\/pachuca\/index.php\/wp-json\/wp\/v2\/media\/41999"}],"wp:attachment":[{"href":"https:\/\/soydeaqui.ddns.net\/pachuca\/index.php\/wp-json\/wp\/v2\/media?parent=42000"}],"wp:term":[{"taxonomy":"product_brand","embeddable":true,"href":"https:\/\/soydeaqui.ddns.net\/pachuca\/index.php\/wp-json\/wp\/v2\/product_brand?post=42000"},{"taxonomy":"product_cat","embeddable":true,"href":"https:\/\/soydeaqui.ddns.net\/pachuca\/index.php\/wp-json\/wp\/v2\/product_cat?post=42000"},{"taxonomy":"product_tag","embeddable":true,"href":"https:\/\/soydeaqui.ddns.net\/pachuca\/index.php\/wp-json\/wp\/v2\/product_tag?post=42000"}],"curies":[{"name":"wp","href":"https:\/\/api.w.org\/{rel}","templated":true}]}}