{"id":41994,"date":"2026-03-18T18:30:09","date_gmt":"2026-03-18T18:30:09","guid":{"rendered":"https:\/\/soydeaqui.ddns.net\/pachuca\/index.php\/producto\/dado-de-prensado-para-herramienta-de-crimpado-panduit-serie-ct29xx-calibre-4-awg-cobre-6-awg-aluminio-codigo-gris-p29\/"},"modified":"2026-03-18T18:30:14","modified_gmt":"2026-03-18T18:30:14","slug":"dado-de-prensado-para-herramienta-de-crimpado-panduit-serie-ct29xx-calibre-4-awg-cobre-6-awg-aluminio-codigo-gris-p29","status":"publish","type":"product","link":"https:\/\/soydeaqui.ddns.net\/pachuca\/index.php\/producto\/dado-de-prensado-para-herramienta-de-crimpado-panduit-serie-ct29xx-calibre-4-awg-cobre-6-awg-aluminio-codigo-gris-p29\/","title":{"rendered":"Dado de Prensado para Herramienta de Crimpado PANDUIT Serie CT29XX, Calibre 4 AWG Cobre, 6 AWG Aluminio.  C\u00f3digo Gris P29"},"content":{"rendered":"<div style='width: 100%; max-width: 1200px; margin: 0 auto; font-family: sans-serif; line-height: 1.6; color: inherit; background-color: transparent;'> <!-- Imagen de marca --> <\/p>\n<div style='margin-bottom: 20px;'> <img style='width: 100%; max-width: 300px; height: auto; border: 1px solid rgba(150&comma;150&comma;150&comma;0.3); border-radius: 8px;' src='https:\/\/ftp3.syscom.mx\/usuarios\/fotos\/SCL2\/0X\/214870-217843-panduit-logo-tm-negro-fondo_trans30-01_(002)_(1).png' alt=''> <\/div>\n<p> <!-- T\u00edtulo principal --> <\/p>\n<h1 style='font-size: 28px; margin-bottom: 15px; color: inherit; opacity: 0.8; font-weight: 500; line-height: 1.2;'> Dado de Prensado para Herramienta de Crimpado PANDUIT Serie CT29XX&comma; Calibre 4 AWG Cobre&comma; 6 AWG Aluminio <\/h1>\n<p> <!-- Informaci\u00f3n del producto --> <\/p>\n<div style='margin-bottom: 30px;'>\n<h3 style='font-size: 22px; margin-bottom: 10px; color: inherit; opacity: 0.8; font-weight: 500; line-height: 1.2;'> CD-920-4 <\/h3>\n<p style='font-size: 15px; margin-bottom: 15px; color: inherit;'> El dado CD-920-4 ofrece resultados de prensa en forma de circunferencia en terminaciones con un rendimiento el\u00e9ctrico y mec\u00e1nico de alta calidad con empalmes y talones de compresi\u00f3n de cobre Panduit. Los dados y los conectores est\u00e1n codificados por color para facilitar el empalme&comma; mientras que el n\u00famero de pieza se encuentra marcado de forma permanente en el dado para facilitar su identificaci\u00f3n. Dado para usar con las herramientas Panduit CT-29XX. <\/p>\n<\/p><\/div>\n<p> <!-- Imagen del producto --> <\/p>\n<div style='margin-bottom: 30px;'> <img style='width: 100%; height: auto; border: 1px solid rgba(150&comma;150&comma;150&comma;0.3); border-radius: 8px;' src='https:\/\/ftp3.syscom.mx\/usuarios\/fotos\/CD9204\/222074-captura_de_pantalla_2023-09-11_a_la(s)_15.58.45.png' alt=''> <\/div>\n<\/p><\/div>\n","protected":false},"excerpt":{"rendered":"<p>Dado de Prensado para Herramienta de Crimpado PANDUIT Serie CT29XX, Calibre 4 AWG Cobre, 6 AWG Aluminio.  C\u00f3digo Gris P29<\/p>\n","protected":false},"featured_media":41993,"comment_status":"open","ping_status":"closed","template":"","meta":[],"product_brand":[],"product_cat":[1090],"product_tag":[1091,1088,445],"class_list":{"0":"post-41994","1":"product","2":"type-product","3":"status-publish","4":"has-post-thumbnail","6":"product_cat-accesorios-para-tierra-fisica","7":"product_tag-accesorios-para-tierra-fisica","8":"product_tag-calidad-de-la-energia","9":"product_tag-panduit","11":"first","12":"instock","13":"sale","14":"shipping-taxable","15":"purchasable","16":"product-type-simple"},"_links":{"self":[{"href":"https:\/\/soydeaqui.ddns.net\/pachuca\/index.php\/wp-json\/wp\/v2\/product\/41994","targetHints":{"allow":["GET"]}}],"collection":[{"href":"https:\/\/soydeaqui.ddns.net\/pachuca\/index.php\/wp-json\/wp\/v2\/product"}],"about":[{"href":"https:\/\/soydeaqui.ddns.net\/pachuca\/index.php\/wp-json\/wp\/v2\/types\/product"}],"replies":[{"embeddable":true,"href":"https:\/\/soydeaqui.ddns.net\/pachuca\/index.php\/wp-json\/wp\/v2\/comments?post=41994"}],"wp:featuredmedia":[{"embeddable":true,"href":"https:\/\/soydeaqui.ddns.net\/pachuca\/index.php\/wp-json\/wp\/v2\/media\/41993"}],"wp:attachment":[{"href":"https:\/\/soydeaqui.ddns.net\/pachuca\/index.php\/wp-json\/wp\/v2\/media?parent=41994"}],"wp:term":[{"taxonomy":"product_brand","embeddable":true,"href":"https:\/\/soydeaqui.ddns.net\/pachuca\/index.php\/wp-json\/wp\/v2\/product_brand?post=41994"},{"taxonomy":"product_cat","embeddable":true,"href":"https:\/\/soydeaqui.ddns.net\/pachuca\/index.php\/wp-json\/wp\/v2\/product_cat?post=41994"},{"taxonomy":"product_tag","embeddable":true,"href":"https:\/\/soydeaqui.ddns.net\/pachuca\/index.php\/wp-json\/wp\/v2\/product_tag?post=41994"}],"curies":[{"name":"wp","href":"https:\/\/api.w.org\/{rel}","templated":true}]}}