{"id":41986,"date":"2026-03-18T18:29:56","date_gmt":"2026-03-18T18:29:56","guid":{"rendered":"https:\/\/soydeaqui.ddns.net\/pachuca\/index.php\/producto\/congelador-solar-ecologico-de-100l-12-24v-ahorro-energetico-y-operacion-sin-red-electrica\/"},"modified":"2026-03-18T18:30:07","modified_gmt":"2026-03-18T18:30:07","slug":"congelador-solar-ecologico-de-100l-12-24v-ahorro-energetico-y-operacion-sin-red-electrica","status":"publish","type":"product","link":"https:\/\/soydeaqui.ddns.net\/pachuca\/index.php\/producto\/congelador-solar-ecologico-de-100l-12-24v-ahorro-energetico-y-operacion-sin-red-electrica\/","title":{"rendered":"Congelador Solar Ecol\u00f3gico de 100L &#8211; 12\/24V, Ahorro Energ\u00e9tico y Operaci\u00f3n sin Red El\u00e9ctrica."},"content":{"rendered":"<div style='width: 100%; max-width: 1200px; margin: 0 auto; font-family: sans-serif; line-height: 1.6; color: inherit; background-color: transparent;'> <!-- Imagen principal --> <\/p>\n<div style='width: 100%; margin-bottom: 30px;'> <img style='width: 100%; height: auto; border: 1px solid rgba(150&comma;150&comma;150&comma;0.3); border-radius: 8px;' src='https:\/\/ftp3.syscom.mx\/usuarios\/ftp\/single_page\/refri_epcom_EPLFZ100\/refri_1.jpg' alt='Congelador Solar Ecol\u00f3gico EPLFZ100V2'> <\/div>\n<p> <!-- Descripci\u00f3n principal --> <\/p>\n<div style='width: 100%; margin-bottom: 30px;'>\n<p style='font-size: 15px; color: inherit; text-align: justify;'> Este congelador solar de 100L es perfecto para aplicaciones aisladas de la red el\u00e9ctrica. Funciona a 12 o 24 Vcc&comma; eliminando la necesidad de un inversor y reduciendo costos y posibles fallos en el sistema. Es ecol\u00f3gico&comma; altamente eficiente en energ\u00eda y adaptable a tus necesidades. <\/p>\n<\/p><\/div>\n<p> <!-- Contenido principal con grid --> <\/p>\n<div style='display: flex; flex-wrap: wrap; gap: 30px; margin-bottom: 30px;'>\n<div style='flex: 1 1 300px; min-width: 280px;'>\n<h3 style='font-size: 20px; border-bottom: 2px solid currentColor; padding-bottom: 5px; margin-top: 0; color: inherit; opacity: 0.8;'>Informaci\u00f3n Importante<\/h3>\n<p style='font-size: 14px; color: inherit; margin-top: 10px; margin-bottom: 10px;'> Cuando un congelador llega por paqueter\u00eda&comma; es crucial dejarlo reposar antes de conectarlo para evitar da\u00f1os en el compresor y en el sistema de refrigeraci\u00f3n. Esto se debe a que&comma; durante el transporte&comma; el aceite interno puede desplazarse hacia las tuber\u00edas. <\/p>\n<p style='font-size: 14px; color: inherit; margin-top: 10px; margin-bottom: 10px;'> Tiempos recomendados: <\/p>\n<ul style='padding-left: 20px; font-size: 14px; color: inherit; margin-top: 10px; margin-bottom: 10px;'>\n<li style='margin-bottom: 5px;'>M\u00ednimo 4 horas si el congelador se transporta o recibe en posici\u00f3n vertical.<\/li>\n<li style='margin-bottom: 5px;'>Hasta 24 horas si el congelador en el transporte fue inclinado&comma; sometido a movimientos bruscos o si se recibe acostado.<\/li>\n<\/ul>\n<h3 style='font-size: 20px; border-bottom: 2px solid currentColor; padding-bottom: 5px; margin-top: 20px; margin-bottom: 15px; color: inherit; opacity: 0.8;'>Especificaciones T\u00e9cnicas<\/h3>\n<ul style='padding-left: 20px; font-size: 14px; color: inherit; margin-top: 10px; margin-bottom: 10px;'>\n<li style='margin-bottom: 5px;'><strong>Voltaje de entrada:<\/strong> 12\/24 Vcc<\/li>\n<li style='margin-bottom: 5px;'><strong>Capacidad (total):<\/strong> 100 L<\/li>\n<li style='margin-bottom: 5px;'><strong>Consumo:<\/strong> 75 W<\/li>\n<li style='margin-bottom: 5px;'><strong>Rango de temperatura (congelador):<\/strong> -15 a -25\u00b0C<\/li>\n<li style='margin-bottom: 5px;'><strong>Refrigerante:<\/strong> R134a<\/li>\n<li style='margin-bottom: 5px;'><strong>Dimensiones:<\/strong> 558 x 493 x 842 mm<\/li>\n<li style='margin-bottom: 5px;'><strong>Peso:<\/strong> 24 kg<\/li>\n<\/ul><\/div>\n<div style='flex: 1 1 300px; min-width: 280px;'> <img style='width: 100%; height: auto; border: 1px solid rgba(150&comma;150&comma;150&comma;0.3); border-radius: 8px; margin-bottom: 20px;' src='https:\/\/ftp3.syscom.mx\/usuarios\/ftp\/single_page\/refri_epcom_EPLFZ100\/re3.jpg' alt='Congelador Solar Ecol\u00f3gico EPLFZ100V2 - Vista lateral'> <\/p>\n<div style='margin-bottom: 20px;'>\n<h3 style='font-size: 18px; text-align: center; color: inherit; margin-top: 0; margin-bottom: 15px; font-weight: 600;'>Diagrama de conexi\u00f3n en 12 Vcc<\/h3>\n<p> <img style='width: 100%; height: auto; border: 1px solid rgba(150&comma;150&comma;150&comma;0.3); border-radius: 8px;' src='https:\/\/ftp3.syscom.mx\/usuarios\/ftp\/single_page\/refri_epcom_EPLFZ100\/dia_1.jpg' alt='Diagrama de conexi\u00f3n 12 Vcc'> <\/div>\n<div style='margin-bottom: 20px;'>\n<h3 style='font-size: 18px; text-align: center; color: inherit; margin-top: 0; margin-bottom: 15px; font-weight: 600;'>Diagrama de conexi\u00f3n en 24 Vcc<\/h3>\n<p> <img style='width: 100%; height: auto; border: 1px solid rgba(150&comma;150&comma;150&comma;0.3); border-radius: 8px;' src='https:\/\/ftp3.syscom.mx\/usuarios\/ftp\/single_page\/refri_epcom_EPLFZ100\/dia_2.jpg' alt='Diagrama de conexi\u00f3n 24 Vcc'> <\/div>\n<\/p><\/div>\n<\/p><\/div>\n<p> <!-- Notas finales --> <\/p>\n<div style='width: 100%; margin-bottom: 30px;'>\n<p style='font-size: 13px; color: inherit; text-align: center; margin-top: 20px; margin-bottom: 10px;'> * Los diagramas son representativos&comma; para definir la capacidad del arreglo FV y la capacidad del banco de bater\u00edas es necesario realizar un dimensionamiento adecuado a cada zona&comma; para m\u00e1s informaci\u00f3n favor de comunicarse con el departamento de ingenier\u00eda. <\/p>\n<p style='font-size: 13px; color: inherit; text-align: center; margin-top: 0; margin-bottom: 0;'> * Se sugiere aclarar dudas con el departamento de ingenier\u00eda. <\/p>\n<\/p><\/div>\n<\/p><\/div>\n","protected":false},"excerpt":{"rendered":"<p>Congelador Solar Ecol\u00f3gico de 100L &#8211; 12\/24V, Ahorro Energ\u00e9tico y Operaci\u00f3n sin Red El\u00e9ctrica.<\/p>\n","protected":false},"featured_media":41985,"comment_status":"open","ping_status":"closed","template":"","meta":[],"product_brand":[],"product_cat":[1155],"product_tag":[1156,1144,454],"class_list":{"0":"post-41986","1":"product","2":"type-product","3":"status-publish","4":"has-post-thumbnail","6":"product_cat-boilers-refrigeradores-congeladores","7":"product_tag-boilers-refrigeradores-congeladores","8":"product_tag-climatizacion-refrigeracion","9":"product_tag-epcom-powerline","11":"first","12":"instock","13":"sale","14":"shipping-taxable","15":"purchasable","16":"product-type-simple"},"_links":{"self":[{"href":"https:\/\/soydeaqui.ddns.net\/pachuca\/index.php\/wp-json\/wp\/v2\/product\/41986","targetHints":{"allow":["GET"]}}],"collection":[{"href":"https:\/\/soydeaqui.ddns.net\/pachuca\/index.php\/wp-json\/wp\/v2\/product"}],"about":[{"href":"https:\/\/soydeaqui.ddns.net\/pachuca\/index.php\/wp-json\/wp\/v2\/types\/product"}],"replies":[{"embeddable":true,"href":"https:\/\/soydeaqui.ddns.net\/pachuca\/index.php\/wp-json\/wp\/v2\/comments?post=41986"}],"wp:featuredmedia":[{"embeddable":true,"href":"https:\/\/soydeaqui.ddns.net\/pachuca\/index.php\/wp-json\/wp\/v2\/media\/41985"}],"wp:attachment":[{"href":"https:\/\/soydeaqui.ddns.net\/pachuca\/index.php\/wp-json\/wp\/v2\/media?parent=41986"}],"wp:term":[{"taxonomy":"product_brand","embeddable":true,"href":"https:\/\/soydeaqui.ddns.net\/pachuca\/index.php\/wp-json\/wp\/v2\/product_brand?post=41986"},{"taxonomy":"product_cat","embeddable":true,"href":"https:\/\/soydeaqui.ddns.net\/pachuca\/index.php\/wp-json\/wp\/v2\/product_cat?post=41986"},{"taxonomy":"product_tag","embeddable":true,"href":"https:\/\/soydeaqui.ddns.net\/pachuca\/index.php\/wp-json\/wp\/v2\/product_tag?post=41986"}],"curies":[{"name":"wp","href":"https:\/\/api.w.org\/{rel}","templated":true}]}}