{"id":41972,"date":"2026-03-18T18:29:33","date_gmt":"2026-03-18T18:29:33","guid":{"rendered":"https:\/\/soydeaqui.ddns.net\/pachuca\/index.php\/producto\/dado-de-prensado-para-herramienta-de-crimpado-panduit-serie-ct29xx-calibre-1-0-awg-cobre-2-awg-aluminio-codigo-rosa-p42\/"},"modified":"2026-03-18T18:29:37","modified_gmt":"2026-03-18T18:29:37","slug":"dado-de-prensado-para-herramienta-de-crimpado-panduit-serie-ct29xx-calibre-1-0-awg-cobre-2-awg-aluminio-codigo-rosa-p42","status":"publish","type":"product","link":"https:\/\/soydeaqui.ddns.net\/pachuca\/index.php\/producto\/dado-de-prensado-para-herramienta-de-crimpado-panduit-serie-ct29xx-calibre-1-0-awg-cobre-2-awg-aluminio-codigo-rosa-p42\/","title":{"rendered":"Dado de Prensado para Herramienta de Crimpado PANDUIT Serie CT29XX, Calibre 1\/0 AWG Cobre, 2 AWG Aluminio. C\u00f3digo Rosa P42"},"content":{"rendered":"<div style='width: 100%; max-width: 1200px; margin: 0 auto; font-family: sans-serif; line-height: 1.6; color: inherit; background-color: transparent;'>\n<div style='display: flex; flex-wrap: wrap; gap: 30px; margin-bottom: 30px;'>\n<div style='flex: 1 1 300px; min-width: 280px;'> <img style='width: 100%; height: auto; border: 1px solid rgba(150&comma;150&comma;150&comma;0.3); border-radius: 8px;' src='https:\/\/ftp3.syscom.mx\/usuarios\/fotos\/SCL2\/0X\/214870-217843-panduit-logo-tm-negro-fondo_trans30-01_(002)_(1).png' alt=''> <\/div>\n<\/p><\/div>\n<div style='display: flex; flex-wrap: wrap; gap: 30px; margin-bottom: 30px;'>\n<div style='flex: 1 1 300px; min-width: 280px;'>\n<h3 style='font-size: 22px; border-bottom: 2px solid currentColor; padding-bottom: 5px; margin-top: 0; color: inherit; opacity: 0.8;'>Caracter\u00edsticas<\/h3>\n<ul style='padding-left: 20px; font-size: 15px; color: inherit;'>\n<li style='margin-bottom: 5px;'><strong>Modelo:<\/strong> CD9201\/0<\/li>\n<li style='margin-bottom: 5px;'><strong>Aplicaci\u00f3n:<\/strong> Dado para usar con las herramientas Panduit CT-29XX<\/li>\n<li style='margin-bottom: 5px;'><strong>Capacidad:<\/strong> 1\/0 AWG Cobre&comma; 2 AWG Aluminio<\/li>\n<li style='margin-bottom: 5px;'><strong>Color:<\/strong> Rosa<\/li>\n<\/ul><\/div>\n<div style='flex: 1 1 300px; min-width: 280px;'>\n<h3 style='font-size: 22px; border-bottom: 2px solid currentColor; padding-bottom: 5px; margin-top: 0; color: inherit; opacity: 0.8;'>Descripci\u00f3n<\/h3>\n<p style='font-size: 15px; color: inherit;'>El dado CD-920-1\/0 ofrece resultados de prensa en forma de circunferencia en terminaciones con un rendimiento el\u00e9ctrico y mec\u00e1nico de alta calidad con empalmes y talones de compresi\u00f3n de cobre Panduit. Los dados y los conectores est\u00e1n codificados por color para facilitar el empalme&comma; mientras que el n\u00famero de pieza se encuentra marcado de forma permanente en el dado para facilitar su identificaci\u00f3n.<\/p>\n<\/p><\/div>\n<\/p><\/div>\n<div style='display: flex; flex-wrap: wrap; gap: 30px; margin-bottom: 30px;'>\n<div style='flex: 1 1 300px; min-width: 280px;'>\n<h3 style='font-size: 22px; border-bottom: 2px solid currentColor; padding-bottom: 5px; margin-top: 0; color: inherit; opacity: 0.8;'>Im\u00e1genes del producto<\/h3>\n<p> <img style='width: 100%; height: auto; border: 1px solid rgba(150&comma;150&comma;150&comma;0.3); border-radius: 8px;' src='https:\/\/ftp3.syscom.mx\/usuarios\/fotos\/CD9201\/0\/222086-captura_de_pantalla_2023-09-12_a_la(s)_11.55.54.png' alt=''> <\/div>\n<\/p><\/div>\n<\/p><\/div>\n","protected":false},"excerpt":{"rendered":"<p>Dado de Prensado para Herramienta de Crimpado PANDUIT Serie CT29XX, Calibre 1\/0 AWG Cobre, 2 AWG Aluminio. C\u00f3digo Rosa P42<\/p>\n","protected":false},"featured_media":41971,"comment_status":"open","ping_status":"closed","template":"","meta":[],"product_brand":[],"product_cat":[1090],"product_tag":[1091,1088,445],"class_list":{"0":"post-41972","1":"product","2":"type-product","3":"status-publish","4":"has-post-thumbnail","6":"product_cat-accesorios-para-tierra-fisica","7":"product_tag-accesorios-para-tierra-fisica","8":"product_tag-calidad-de-la-energia","9":"product_tag-panduit","11":"first","12":"instock","13":"sale","14":"shipping-taxable","15":"purchasable","16":"product-type-simple"},"_links":{"self":[{"href":"https:\/\/soydeaqui.ddns.net\/pachuca\/index.php\/wp-json\/wp\/v2\/product\/41972","targetHints":{"allow":["GET"]}}],"collection":[{"href":"https:\/\/soydeaqui.ddns.net\/pachuca\/index.php\/wp-json\/wp\/v2\/product"}],"about":[{"href":"https:\/\/soydeaqui.ddns.net\/pachuca\/index.php\/wp-json\/wp\/v2\/types\/product"}],"replies":[{"embeddable":true,"href":"https:\/\/soydeaqui.ddns.net\/pachuca\/index.php\/wp-json\/wp\/v2\/comments?post=41972"}],"wp:featuredmedia":[{"embeddable":true,"href":"https:\/\/soydeaqui.ddns.net\/pachuca\/index.php\/wp-json\/wp\/v2\/media\/41971"}],"wp:attachment":[{"href":"https:\/\/soydeaqui.ddns.net\/pachuca\/index.php\/wp-json\/wp\/v2\/media?parent=41972"}],"wp:term":[{"taxonomy":"product_brand","embeddable":true,"href":"https:\/\/soydeaqui.ddns.net\/pachuca\/index.php\/wp-json\/wp\/v2\/product_brand?post=41972"},{"taxonomy":"product_cat","embeddable":true,"href":"https:\/\/soydeaqui.ddns.net\/pachuca\/index.php\/wp-json\/wp\/v2\/product_cat?post=41972"},{"taxonomy":"product_tag","embeddable":true,"href":"https:\/\/soydeaqui.ddns.net\/pachuca\/index.php\/wp-json\/wp\/v2\/product_tag?post=41972"}],"curies":[{"name":"wp","href":"https:\/\/api.w.org\/{rel}","templated":true}]}}