{"id":41968,"date":"2026-03-18T18:29:26","date_gmt":"2026-03-18T18:29:26","guid":{"rendered":"https:\/\/soydeaqui.ddns.net\/pachuca\/index.php\/producto\/dado-de-prensado-para-herramienta-de-crimpado-panduit-serie-ct-29xx-calibre-2-0-awg-cobre-1-awg-aluminio-codigo-negro-p45\/"},"modified":"2026-03-18T18:29:30","modified_gmt":"2026-03-18T18:29:30","slug":"dado-de-prensado-para-herramienta-de-crimpado-panduit-serie-ct-29xx-calibre-2-0-awg-cobre-1-awg-aluminio-codigo-negro-p45","status":"publish","type":"product","link":"https:\/\/soydeaqui.ddns.net\/pachuca\/index.php\/producto\/dado-de-prensado-para-herramienta-de-crimpado-panduit-serie-ct-29xx-calibre-2-0-awg-cobre-1-awg-aluminio-codigo-negro-p45\/","title":{"rendered":"Dado de Prensado para Herramienta de Crimpado PANDUIT Serie CT-29XX, Calibre 2\/0 AWG Cobre, 1 AWG Aluminio. C\u00f3digo Negro P45"},"content":{"rendered":"<div style='width: 100%; max-width: 1200px; margin: 0 auto; font-family: sans-serif; line-height: 1.6; color: inherit; background-color: transparent;'> <!-- Logo --> <\/p>\n<div style='width: 100%; text-align: center; margin: 20px 0;'> <img style='width: 300px; height: auto; border: 1px solid rgba(150&comma;150&comma;150&comma;0.3); border-radius: 8px;' src='https:\/\/ftp3.syscom.mx\/usuarios\/fotos\/SCL2\/0X\/214870-217843-panduit-logo-tm-negro-fondo_trans30-01_(002)_(1).png' alt=''> <\/div>\n<p> <!-- T\u00edtulo --> <\/p>\n<h1 style='font-size: 30px; margin: 20px 0; padding: 0; color: inherit; opacity: 0.8; font-weight: 500; line-height: 1.1;'> Dado de Prensado para Herramienta de Crimpado PANDUIT Serie CT-29XX&comma; Calibre 2\/0 AWG Cobre&comma; 1 AWG Aluminio <\/h1>\n<p> <!-- Informaci\u00f3n del producto --> <\/p>\n<div style='margin-bottom: 30px;'>\n<h3 style='font-size: 21px; margin: 0 0 15px 0; padding: 0; color: inherit; opacity: 0.8; font-weight: 500; line-height: 1.1;'> CD-920-2\/0 <\/h3>\n<p style='font-size: 15px; margin: 0 0 15px 0; color: inherit;'> El dado CD-920-2\/0 ofrece resultados de prensa en forma de circunferencia en terminaciones con un rendimiento el\u00e9ctrico y mec\u00e1nico de alta calidad con empalmes y talones de compresi\u00f3n de cobre Panduit. Los dados y los conectores est\u00e1n codificados por color para facilitar el empalme&comma; mientras que el n\u00famero de pieza se encuentra marcado de forma permanente en el dado para facilitar su identificaci\u00f3n. Dado para usar con las herramientas Panduit CT-29XX. <\/p>\n<\/p><\/div>\n<p> <!-- Imagen principal --> <\/p>\n<div style='width: 100%; text-align: center; margin: 20px 0;'> <img style='width: 100%; max-width: 800px; height: auto; border: 1px solid rgba(150&comma;150&comma;150&comma;0.3); border-radius: 8px;' src='https:\/\/ftp3.syscom.mx\/usuarios\/fotos\/CD9202\/0\/222087-captura_de_pantalla_2023-09-12_a_la(s)_12.20.19.png' alt=''> <\/div>\n<p> <!-- Separador --> <\/p>\n<hr style='border: 0; border-top: 1px solid rgba(150&comma; 150&comma; 150&comma; 0.3); margin: 30px 0;'> <\/div>\n","protected":false},"excerpt":{"rendered":"<p>Dado de Prensado para Herramienta de Crimpado PANDUIT Serie CT-29XX, Calibre 2\/0 AWG Cobre, 1 AWG Aluminio. C\u00f3digo Negro P45<\/p>\n","protected":false},"featured_media":41967,"comment_status":"open","ping_status":"closed","template":"","meta":[],"product_brand":[],"product_cat":[1090],"product_tag":[1091,1088,445],"class_list":{"0":"post-41968","1":"product","2":"type-product","3":"status-publish","4":"has-post-thumbnail","6":"product_cat-accesorios-para-tierra-fisica","7":"product_tag-accesorios-para-tierra-fisica","8":"product_tag-calidad-de-la-energia","9":"product_tag-panduit","11":"first","12":"outofstock","13":"sale","14":"shipping-taxable","15":"purchasable","16":"product-type-simple"},"_links":{"self":[{"href":"https:\/\/soydeaqui.ddns.net\/pachuca\/index.php\/wp-json\/wp\/v2\/product\/41968","targetHints":{"allow":["GET"]}}],"collection":[{"href":"https:\/\/soydeaqui.ddns.net\/pachuca\/index.php\/wp-json\/wp\/v2\/product"}],"about":[{"href":"https:\/\/soydeaqui.ddns.net\/pachuca\/index.php\/wp-json\/wp\/v2\/types\/product"}],"replies":[{"embeddable":true,"href":"https:\/\/soydeaqui.ddns.net\/pachuca\/index.php\/wp-json\/wp\/v2\/comments?post=41968"}],"wp:featuredmedia":[{"embeddable":true,"href":"https:\/\/soydeaqui.ddns.net\/pachuca\/index.php\/wp-json\/wp\/v2\/media\/41967"}],"wp:attachment":[{"href":"https:\/\/soydeaqui.ddns.net\/pachuca\/index.php\/wp-json\/wp\/v2\/media?parent=41968"}],"wp:term":[{"taxonomy":"product_brand","embeddable":true,"href":"https:\/\/soydeaqui.ddns.net\/pachuca\/index.php\/wp-json\/wp\/v2\/product_brand?post=41968"},{"taxonomy":"product_cat","embeddable":true,"href":"https:\/\/soydeaqui.ddns.net\/pachuca\/index.php\/wp-json\/wp\/v2\/product_cat?post=41968"},{"taxonomy":"product_tag","embeddable":true,"href":"https:\/\/soydeaqui.ddns.net\/pachuca\/index.php\/wp-json\/wp\/v2\/product_tag?post=41968"}],"curies":[{"name":"wp","href":"https:\/\/api.w.org\/{rel}","templated":true}]}}