{"id":41930,"date":"2026-03-18T18:28:24","date_gmt":"2026-03-18T18:28:24","guid":{"rendered":"https:\/\/soydeaqui.ddns.net\/pachuca\/index.php\/producto\/bomba-sumergible-solar-de-2-5-kw-admite-entrada-ac-90-240v-tension-nominal-cc-100-300v\/"},"modified":"2026-03-18T18:28:26","modified_gmt":"2026-03-18T18:28:26","slug":"bomba-sumergible-solar-de-2-5-kw-admite-entrada-ac-90-240v-tension-nominal-cc-100-300v","status":"publish","type":"product","link":"https:\/\/soydeaqui.ddns.net\/pachuca\/index.php\/producto\/bomba-sumergible-solar-de-2-5-kw-admite-entrada-ac-90-240v-tension-nominal-cc-100-300v\/","title":{"rendered":"Bomba Sumergible Solar de 2.5 KW , Admite entrada AC 90-240v , Tensi\u00f3n nominal CC 100-300v"},"content":{"rendered":"<div style='width: 100%; max-width: 1200px; margin: 0 auto; font-family: sans-serif; line-height: 1.6; color: inherit; background-color: transparent;'> <!-- Secci\u00f3n de descripci\u00f3n --> <\/p>\n<div style='margin-bottom: 30px; font-size: 15px;'>\n<p style='margin: 0 0 15px;'>La bomba SQFlex 3&#8242; con rotor de h\u00e9lice est\u00e1 indicada para alturas elevadas y caudales bajos. El sistema SQFlex es un sistema de suministro de agua fiable basado en fuentes de energ\u00eda renovables&comma; como energ\u00eda solar y e\u00f3lica. Gracias a su suministro flexible de energ\u00eda y a su rendimiento&comma; el sistema SQFlex se puede combinar y adaptar para satisfacer cualquier necesidad del lugar de instalaci\u00f3n.<\/p>\n<p style='margin: 0 0 15px;'>El sistema SQFlex tiene una amplia gama de tensi\u00f3n&comma; seguimiento del punto de m\u00e1xima potencia (MPPT)&comma; as\u00ed como protecci\u00f3n contra funcionamiento en seco&comma; tensi\u00f3n y sobrecarga.<\/p>\n<\/p><\/div>\n<p> <!-- Secci\u00f3n de especificaciones --> <\/p>\n<div style='display: flex; flex-wrap: wrap; gap: 20px; margin-bottom: 30px;'>\n<div style='flex: 1 1 250px; border: 1px solid rgba(150&comma; 150&comma; 150&comma; 0.4); border-radius: 8px; overflow: hidden; display: flex; flex-direction: column;'>\n<div style='padding: 15px; border-bottom: 1px solid rgba(150&comma; 150&comma; 150&comma; 0.2); font-weight: bold; font-size: 18px; color: inherit;'>Datos el\u00e9ctricos<\/div>\n<div style='padding: 15px; color: inherit;'>\n<ul style='padding-left: 20px; margin: 0; font-size: 14px; list-style-type: disc;'>\n<li style='margin-bottom: 5px;'><strong>Tipo de motor:<\/strong> MSF3<\/li>\n<li style='margin-bottom: 5px;'><strong>Potencia de entrada &#8211; P1:<\/strong> 2.5 kW<\/li>\n<li style='margin-bottom: 5px;'><strong>Tensi\u00f3n nominal CA:<\/strong> 1 x 90-240 V<\/li>\n<li style='margin-bottom: 5px;'><strong>Tensi\u00f3n nominal CC:<\/strong> 100-300 V<\/li>\n<li style='margin-bottom: 5px;'><strong>Intensidad nominal:<\/strong> 12.5 A<\/li>\n<li style='margin-bottom: 5px;'><strong>Factor de potencia:<\/strong> 1.0<\/li>\n<li style='margin-bottom: 5px;'><strong>Velocidad nominal:<\/strong> 10700 rpm<\/li>\n<li style='margin-bottom: 5px;'><strong>Tipo de arranque:<\/strong> directo<\/li>\n<li style='margin-bottom: 5px;'><strong>Grado de protecci\u00f3n (IEC 34-5):<\/strong> IP68<\/li>\n<li style='margin-bottom: 5px;'><strong>Clase de aislamiento (IEC 85):<\/strong> F<\/li>\n<li style='margin-bottom: 5px;'><strong>Protecci\u00f3n de motor integrada:<\/strong> S\u00ed<\/li>\n<li style='margin-bottom: 5px;'><strong>Protecci\u00f3n t\u00e9rmica:<\/strong> interior<\/li>\n<li style='margin-bottom: 5px;'><strong>Longitud de cable:<\/strong> 2 m<\/li>\n<li style='margin-bottom: 5px;'><strong>Motor N.\u00ba:<\/strong> 99464921<\/li>\n<li style='margin-bottom: 5px;'><strong>Tensi\u00f3n CC:<\/strong> 300 V \/ 100 V<\/li>\n<\/ul><\/div>\n<\/p><\/div>\n<\/p><\/div>\n<p> <!-- Secci\u00f3n de imagen --> <\/p>\n<div style='margin-bottom: 30px;'> <img style='width: 100%; height: auto; border: 1px solid rgba(150&comma;150&comma;150&comma;0.3); border-radius: 8px;' src='https:\/\/ftp3.syscom.mx\/usuarios\/jchavez\/grundfos%20bomba-%20paneles.1.jpg' alt=''> <\/div>\n<\/p><\/div>\n","protected":false},"excerpt":{"rendered":"<p>Bomba Sumergible Solar de 2.5 KW , Admite entrada AC 90-240v , Tensi\u00f3n nominal CC 100-300v<\/p>\n","protected":false},"featured_media":41929,"comment_status":"open","ping_status":"closed","template":"","meta":[],"product_brand":[],"product_cat":[1254],"product_tag":[1255,1185,1226],"class_list":{"0":"post-41930","1":"product","2":"type-product","3":"status-publish","4":"has-post-thumbnail","6":"product_cat-bombas","7":"product_tag-bombas","8":"product_tag-bombeo","9":"product_tag-grundfos","11":"first","12":"instock","13":"sale","14":"shipping-taxable","15":"purchasable","16":"product-type-simple"},"_links":{"self":[{"href":"https:\/\/soydeaqui.ddns.net\/pachuca\/index.php\/wp-json\/wp\/v2\/product\/41930","targetHints":{"allow":["GET"]}}],"collection":[{"href":"https:\/\/soydeaqui.ddns.net\/pachuca\/index.php\/wp-json\/wp\/v2\/product"}],"about":[{"href":"https:\/\/soydeaqui.ddns.net\/pachuca\/index.php\/wp-json\/wp\/v2\/types\/product"}],"replies":[{"embeddable":true,"href":"https:\/\/soydeaqui.ddns.net\/pachuca\/index.php\/wp-json\/wp\/v2\/comments?post=41930"}],"wp:featuredmedia":[{"embeddable":true,"href":"https:\/\/soydeaqui.ddns.net\/pachuca\/index.php\/wp-json\/wp\/v2\/media\/41929"}],"wp:attachment":[{"href":"https:\/\/soydeaqui.ddns.net\/pachuca\/index.php\/wp-json\/wp\/v2\/media?parent=41930"}],"wp:term":[{"taxonomy":"product_brand","embeddable":true,"href":"https:\/\/soydeaqui.ddns.net\/pachuca\/index.php\/wp-json\/wp\/v2\/product_brand?post=41930"},{"taxonomy":"product_cat","embeddable":true,"href":"https:\/\/soydeaqui.ddns.net\/pachuca\/index.php\/wp-json\/wp\/v2\/product_cat?post=41930"},{"taxonomy":"product_tag","embeddable":true,"href":"https:\/\/soydeaqui.ddns.net\/pachuca\/index.php\/wp-json\/wp\/v2\/product_tag?post=41930"}],"curies":[{"name":"wp","href":"https:\/\/api.w.org\/{rel}","templated":true}]}}