{"id":41917,"date":"2026-03-18T18:28:04","date_gmt":"2026-03-18T18:28:04","guid":{"rendered":"https:\/\/soydeaqui.ddns.net\/pachuca\/index.php\/producto\/inversor-de-corriente-de-500-watts-de-potencia-continua\/"},"modified":"2026-03-18T18:28:08","modified_gmt":"2026-03-18T18:28:08","slug":"inversor-de-corriente-de-500-watts-de-potencia-continua","status":"publish","type":"product","link":"https:\/\/soydeaqui.ddns.net\/pachuca\/index.php\/producto\/inversor-de-corriente-de-500-watts-de-potencia-continua\/","title":{"rendered":"Inversor de corriente de 500 Watts de potencia continua"},"content":{"rendered":"<div style='width: 100%; max-width: 1200px; margin: 0 auto; font-family: sans-serif; line-height: 1.6; color: inherit; background-color: transparent;'> <!-- Secci\u00f3n de descripci\u00f3n --> <\/p>\n<div style='margin-bottom: 30px;'>\n<p style='font-size: 16px; color: inherit; text-align: justify; margin: 0 0 15px 0;'>El modelo CPI500W de Cobra es un inversor de potencia multifuncional dise\u00f1ado para proporcionar energ\u00eda donde sea necesario&comma; ya sea durante viajes en caravana&comma; para entusiastas de veh\u00edculos recreativos o en caso de cortes de energ\u00eda.<\/p>\n<\/p><\/div>\n<p> <!-- Caracter\u00edsticas principales --> <\/p>\n<div style='display: flex; flex-wrap: wrap; gap: 30px; margin-bottom: 30px;'>\n<div style='flex: 1 1 300px; min-width: 280px;'>\n<h3 style='font-size: 22px; border-bottom: 2px solid currentColor; padding-bottom: 5px; margin-top: 0; color: inherit; opacity: 0.8;'>Caracter\u00edsticas del Producto<\/h3>\n<ul style='padding-left: 20px; font-size: 15px; color: inherit;'>\n<li style='margin-bottom: 5px;'>500 Watts de potencia continua<\/li>\n<li style='margin-bottom: 5px;'>1000 Watts de potencia m\u00e1xima (pico)<\/li>\n<li style='margin-bottom: 5px;'>Eficiencia del 90%<\/li>\n<li style='margin-bottom: 5px;'>2 salida de corriente alterna (AC) protegidas por GFCI<\/li>\n<li style='margin-bottom: 5px;'>1 puerto de carga r\u00e1pida USB-A<\/li>\n<li style='margin-bottom: 5px;'>1 puerto de carga r\u00e1pida USB-C<\/li>\n<li style='margin-bottom: 5px;'>Indicador LED<\/li>\n<li style='margin-bottom: 5px;'>Bot\u00f3n de encendido<\/li>\n<li style='margin-bottom: 5px;'>Dise\u00f1o industrial robusto<\/li>\n<li style='margin-bottom: 5px;'>Puerto para el control remoto de encendido\/apagado incluido en el modelo<\/li>\n<li style='margin-bottom: 5px;'>Ventilador de enfriamiento<\/li>\n<li style='margin-bottom: 5px;'>Protecci\u00f3n Pentagon Protection\u00ae que incluye apagado t\u00e9rmico&comma; protecci\u00f3n contra inversi\u00f3n de polaridad y otras caracter\u00edsticas de seguridad<\/li>\n<\/ul><\/div>\n<p> <!-- Aplicaciones t\u00edpicas --> <\/p>\n<div style='flex: 1 1 300px; min-width: 280px;'>\n<h3 style='font-size: 22px; border-bottom: 2px solid currentColor; padding-bottom: 5px; margin-top: 0; color: inherit; opacity: 0.8;'>Aplicaciones T\u00edpicas y Potencia de los Aparatos<\/h3>\n<ul style='padding-left: 20px; font-size: 15px; color: inherit;'>\n<li style='margin-bottom: 5px;'>Dispositivos USB: iPod&comma; reproductores de MP3 (35W estimado)<\/li>\n<li style='margin-bottom: 5px;'>Equipos de audio y video&comma; como reproductores de DVD y monitores LCD de hasta 26&#8242; (170W)<\/li>\n<\/ul><\/div>\n<\/p><\/div>\n<p> <!-- Secci\u00f3n de beneficios --> <\/p>\n<div style='margin-bottom: 30px;'>\n<h3 style='font-size: 22px; border-bottom: 2px solid currentColor; padding-bottom: 5px; margin-top: 0; color: inherit; opacity: 0.8;'>Beneficios y Ventajas<\/h3>\n<ul style='padding-left: 20px; font-size: 15px; color: inherit;'>\n<li style='margin-bottom: 5px;'>Proporciona energ\u00eda port\u00e1til y conveniente para una amplia gama de aplicaciones&comma; desde cargar dispositivos USB hasta alimentar peque\u00f1os electrodom\u00e9sticos<\/li>\n<li style='margin-bottom: 5px;'>Protecci\u00f3n integral asegurada por la tecnolog\u00eda Pentagon Protection\u00ae<\/li>\n<li style='margin-bottom: 5px;'>Dise\u00f1o compacto y robusto para un uso f\u00e1cil y duradero en diversas situaciones<\/li>\n<li style='margin-bottom: 5px;'>Capacidad de carga r\u00e1pida a trav\u00e9s de puertos USB para dispositivos m\u00f3viles<\/li>\n<\/ul><\/div>\n<p> <!-- Secci\u00f3n de contenido con grid --> <\/p>\n<div style='display: grid; grid-template-columns: 1fr 1fr; gap: 30px; margin-bottom: 30px;'> <!-- Incluido en la caja --> <\/p>\n<div style=''>\n<h3 style='font-size: 22px; border-bottom: 2px solid currentColor; padding-bottom: 5px; margin-top: 0; color: inherit; opacity: 0.8;'>Incluido en la caja<\/h3>\n<ul style='padding-left: 20px; font-size: 15px; color: inherit;'>\n<li style='margin-bottom: 5px;'>Inversor de potencia Cobra CPI500W<\/li>\n<li style='margin-bottom: 5px;'>Cables de alimentaci\u00f3n de 16&#8242; #12 AWG<\/li>\n<li style='margin-bottom: 5px;'>Cable accesorio de 12 voltios de 16&#8242;<\/li>\n<li style='margin-bottom: 5px;'>Gu\u00eda de inicio r\u00e1pido<\/li>\n<\/ul><\/div>\n<p> <!-- Especificaciones t\u00e9cnicas --> <\/p>\n<div style=''>\n<h3 style='font-size: 22px; border-bottom: 2px solid currentColor; padding-bottom: 5px; margin-top: 0; color: inherit; opacity: 0.8;'>Especificaciones T\u00e9cnicas<\/h3>\n<ul style='padding-left: 20px; font-size: 15px; color: inherit;'>\n<li style='margin-bottom: 5px;'>Rango de voltaje de entrada: 10 &#8211; 15.0V DC<\/li>\n<li style='margin-bottom: 5px;'>Rango de voltaje de salida: 115V AC 60Hz 4.3A 500W<\/li>\n<li style='margin-bottom: 5px;'>Alarma de bajo voltaje: 10.5V DC<\/li>\n<li style='margin-bottom: 5px;'>Corte de bajo voltaje: 9.5V DC<\/li>\n<li style='margin-bottom: 5px;'>Recept\u00e1culos de corriente alterna: 2 salidas AC protegidas por GFCI<\/li>\n<li style='margin-bottom: 5px;'>Salida USB-A de carga r\u00e1pida: 5V\/3.0A&comma; 9V\/1.67A<\/li>\n<li style='margin-bottom: 5px;'>Salida USB-C de carga r\u00e1pida: 5V\/3.0A&comma; 9V\/1.67A<\/li>\n<li style='margin-bottom: 5px;'>Puerto de salida listo para control remoto<\/li>\n<\/ul><\/div>\n<\/p><\/div>\n<p> <!-- Informaci\u00f3n adicional --> <\/p>\n<div style='display: flex; flex-wrap: wrap; gap: 30px; margin-bottom: 30px;'>\n<div style='flex: 1 1 300px; min-width: 280px;'>\n<h3 style='font-size: 22px; border-bottom: 2px solid currentColor; padding-bottom: 5px; margin-top: 0; color: inherit; opacity: 0.8;'>Especificaciones F\u00edsicas<\/h3>\n<ul style='padding-left: 20px; font-size: 15px; color: inherit;'>\n<li style='margin-bottom: 5px;'><strong>Peso del producto:<\/strong> 1.41 lbs<\/li>\n<li style='margin-bottom: 5px;'><strong>Dimensiones del producto:<\/strong> 7.01&#8217;H x 5.39&#8217;W x 2.83&#8217;D<\/li>\n<\/ul><\/div>\n<\/p><\/div>\n<p> <!-- Galer\u00eda de im\u00e1genes --> <\/p>\n<div style='margin-bottom: 30px;'>\n<h3 style='font-size: 22px; border-bottom: 2px solid currentColor; padding-bottom: 5px; margin-top: 0; margin-bottom: 20px; color: inherit; opacity: 0.8;'>Galer\u00eda de Im\u00e1genes<\/h3>\n<div style='display: grid; grid-template-columns: repeat(auto-fill&comma; minmax(280px&comma; 1fr)); gap: 20px;'> <img style='width: 100%; height: auto; border: 1px solid rgba(150&comma;150&comma;150&comma;0.3); border-radius: 8px;' src='https:\/\/www.cobra.com\/cdn\/shop\/files\/Copy_of_IAM_3080_650x.jpg?v=1614318981' alt=''> <img style='width: 100%; height: auto; border: 1px solid rgba(150&comma;150&comma;150&comma;0.3); border-radius: 8px;' src='https:\/\/www.cobra.com\/cdn\/shop\/files\/Copy_of_IAM_3612_d382896d-9b4a-4fad-897c-7e91223338b2_650x.jpg?v=1614318984' alt=''> <img style='width: 100%; height: auto; border: 1px solid rgba(150&comma;150&comma;150&comma;0.3); border-radius: 8px;' src='https:\/\/www.cobra.com\/cdn\/shop\/files\/Copy_of_IAM_3378_650x.jpg?v=1614318981' alt=''> <\/div>\n<\/p><\/div>\n<p> <!-- Separador final --> <\/p>\n<hr style='border: 0; border-top: 1px solid rgba(150&comma; 150&comma; 150&comma; 0.3); margin: 30px 0;'> <\/div>\n","protected":false},"excerpt":{"rendered":"<p>Inversor de corriente de 500 Watts de potencia continua<\/p>\n","protected":false},"featured_media":41916,"comment_status":"open","ping_status":"closed","template":"","meta":[],"product_brand":[],"product_cat":[1120],"product_tag":[1268,964,1121],"class_list":{"0":"post-41917","1":"product","2":"type-product","3":"status-publish","4":"has-post-thumbnail","6":"product_cat-inversores-aislados-off-grid","7":"product_tag-cobra","8":"product_tag-energia-solar","9":"product_tag-inversores-aislados-off-grid","11":"first","12":"instock","13":"sale","14":"shipping-taxable","15":"purchasable","16":"product-type-simple"},"_links":{"self":[{"href":"https:\/\/soydeaqui.ddns.net\/pachuca\/index.php\/wp-json\/wp\/v2\/product\/41917","targetHints":{"allow":["GET"]}}],"collection":[{"href":"https:\/\/soydeaqui.ddns.net\/pachuca\/index.php\/wp-json\/wp\/v2\/product"}],"about":[{"href":"https:\/\/soydeaqui.ddns.net\/pachuca\/index.php\/wp-json\/wp\/v2\/types\/product"}],"replies":[{"embeddable":true,"href":"https:\/\/soydeaqui.ddns.net\/pachuca\/index.php\/wp-json\/wp\/v2\/comments?post=41917"}],"wp:featuredmedia":[{"embeddable":true,"href":"https:\/\/soydeaqui.ddns.net\/pachuca\/index.php\/wp-json\/wp\/v2\/media\/41916"}],"wp:attachment":[{"href":"https:\/\/soydeaqui.ddns.net\/pachuca\/index.php\/wp-json\/wp\/v2\/media?parent=41917"}],"wp:term":[{"taxonomy":"product_brand","embeddable":true,"href":"https:\/\/soydeaqui.ddns.net\/pachuca\/index.php\/wp-json\/wp\/v2\/product_brand?post=41917"},{"taxonomy":"product_cat","embeddable":true,"href":"https:\/\/soydeaqui.ddns.net\/pachuca\/index.php\/wp-json\/wp\/v2\/product_cat?post=41917"},{"taxonomy":"product_tag","embeddable":true,"href":"https:\/\/soydeaqui.ddns.net\/pachuca\/index.php\/wp-json\/wp\/v2\/product_tag?post=41917"}],"curies":[{"name":"wp","href":"https:\/\/api.w.org\/{rel}","templated":true}]}}