{"id":41896,"date":"2026-03-18T18:27:28","date_gmt":"2026-03-18T18:27:28","guid":{"rendered":"https:\/\/soydeaqui.ddns.net\/pachuca\/index.php\/producto\/rodillera-de-uso-prolongado-de-neopreno-m-l\/"},"modified":"2026-03-18T18:27:39","modified_gmt":"2026-03-18T18:27:39","slug":"rodillera-de-uso-prolongado-de-neopreno-m-l","status":"publish","type":"product","link":"https:\/\/soydeaqui.ddns.net\/pachuca\/index.php\/producto\/rodillera-de-uso-prolongado-de-neopreno-m-l\/","title":{"rendered":"Rodillera de Uso Prolongado de Neopreno (M\/L)"},"content":{"rendered":"<div style='width: 100%; max-width: 1200px; margin: 0 auto; font-family: sans-serif; line-height: 1.6; color: inherit; background-color: transparent;'>\n<div style='display: flex; flex-wrap: wrap; gap: 30px; margin-bottom: 30px;'>\n<div style='flex: 1 1 300px; min-width: 280px;'>\n<h3 style='font-size: 22px; border-bottom: 2px solid currentColor; padding-bottom: 5px; margin-top: 0; color: inherit; opacity: 0.8;'>Caracter\u00edsticas<\/h3>\n<ul style='padding-left: 20px; font-size: 15px; color: inherit;'>\n<li style='margin-bottom: 5px;'>Los manguitos para rodilleras de alta resistencia se pueden llevar debajo o encima de los pantalones para usarlas todo el d\u00eda<\/li>\n<li style='margin-bottom: 5px;'>Protecci\u00f3n de triple capa con acolchado interior de espuma de neopreno que ofrece mayor comodidad durante todo el d\u00eda<\/li>\n<li style='margin-bottom: 5px;'>Acolchado flexible de dise\u00f1o ergon\u00f3mico con capa antiabrasi\u00f3n que se adapta a la forma de la pierna para ofrecer m\u00e1xima comodidad<\/li>\n<li style='margin-bottom: 5px;'>El dise\u00f1o exclusivo mantiene las rodilleras cerca al cuerpo para un ajuste natural que permite la agilidad cuando trabaje en espacios reducidos<\/li>\n<li style='margin-bottom: 5px;'>Malla de trama abierta ligera en la parte posterior para mantenerlo fresco y c\u00f3modo<\/li>\n<li style='margin-bottom: 5px;'>El pu\u00f1o el\u00e1stico con silicona antideslizante ayuda a que las rodilleras se mantengan en su sitio<\/li>\n<li style='margin-bottom: 5px;'>Se venden en pares y vienen en dos tama\u00f1os para cualquier lugar de trabajo o tarea de fin de semana que ejerza presi\u00f3n sobre las rodillas<\/li>\n<\/ul><\/div>\n<\/p><\/div>\n<div style='display: flex; flex-wrap: wrap; gap: 30px; margin-bottom: 30px;'>\n<div style='flex: 1 1 300px; min-width: 280px;'>\n<h3 style='font-size: 22px; border-bottom: 2px solid currentColor; padding-bottom: 5px; margin-top: 0; color: inherit; opacity: 0.8;'>Im\u00e1genes y video<\/h3>\n<div style='margin-bottom: 30px;'> <img style='width: 100%; height: auto; border: 1px solid rgba(150&comma;150&comma;150&comma;0.3); border-radius: 8px;' src='https:\/\/ftp3.syscom.mx\/usuarios\/fotos\/60511\/216842-60511_60611_app7.jpg' alt=''> <\/div>\n<div style='position: relative; padding-bottom: 56.25%; height: 0; overflow: hidden; margin-bottom: 30px;'>   <\/div>\n<\/p><\/div>\n<\/p><\/div>\n<\/p><\/div>\n","protected":false},"excerpt":{"rendered":"<p>Rodillera de Uso Prolongado de Neopreno (M\/L)<\/p>\n","protected":false},"featured_media":41895,"comment_status":"open","ping_status":"closed","template":"","meta":[],"product_brand":[],"product_cat":[1133],"product_tag":[1058,432,1134],"class_list":{"0":"post-41896","1":"product","2":"type-product","3":"status-publish","4":"has-post-thumbnail","6":"product_cat-seguridad-personal","7":"product_tag-ferreteria","8":"product_tag-klein-tools","9":"product_tag-seguridad-personal","11":"first","12":"instock","13":"sale","14":"shipping-taxable","15":"purchasable","16":"product-type-simple"},"_links":{"self":[{"href":"https:\/\/soydeaqui.ddns.net\/pachuca\/index.php\/wp-json\/wp\/v2\/product\/41896","targetHints":{"allow":["GET"]}}],"collection":[{"href":"https:\/\/soydeaqui.ddns.net\/pachuca\/index.php\/wp-json\/wp\/v2\/product"}],"about":[{"href":"https:\/\/soydeaqui.ddns.net\/pachuca\/index.php\/wp-json\/wp\/v2\/types\/product"}],"replies":[{"embeddable":true,"href":"https:\/\/soydeaqui.ddns.net\/pachuca\/index.php\/wp-json\/wp\/v2\/comments?post=41896"}],"wp:featuredmedia":[{"embeddable":true,"href":"https:\/\/soydeaqui.ddns.net\/pachuca\/index.php\/wp-json\/wp\/v2\/media\/41895"}],"wp:attachment":[{"href":"https:\/\/soydeaqui.ddns.net\/pachuca\/index.php\/wp-json\/wp\/v2\/media?parent=41896"}],"wp:term":[{"taxonomy":"product_brand","embeddable":true,"href":"https:\/\/soydeaqui.ddns.net\/pachuca\/index.php\/wp-json\/wp\/v2\/product_brand?post=41896"},{"taxonomy":"product_cat","embeddable":true,"href":"https:\/\/soydeaqui.ddns.net\/pachuca\/index.php\/wp-json\/wp\/v2\/product_cat?post=41896"},{"taxonomy":"product_tag","embeddable":true,"href":"https:\/\/soydeaqui.ddns.net\/pachuca\/index.php\/wp-json\/wp\/v2\/product_tag?post=41896"}],"curies":[{"name":"wp","href":"https:\/\/api.w.org\/{rel}","templated":true}]}}