{"id":41888,"date":"2026-03-18T18:27:11","date_gmt":"2026-03-18T18:27:11","guid":{"rendered":"https:\/\/soydeaqui.ddns.net\/pachuca\/index.php\/producto\/juego-de-dados-de-impacto-de-7-piezas-medidas-3-8-x-7-16-1-2-x-9-16-5-8-x-11-16-3-4-x-13-16-y-7-8-x-15-16\/"},"modified":"2026-03-18T18:27:23","modified_gmt":"2026-03-18T18:27:23","slug":"juego-de-dados-de-impacto-de-7-piezas-medidas-3-8-x-7-16-1-2-x-9-16-5-8-x-11-16-3-4-x-13-16-y-7-8-x-15-16","status":"publish","type":"product","link":"https:\/\/soydeaqui.ddns.net\/pachuca\/index.php\/producto\/juego-de-dados-de-impacto-de-7-piezas-medidas-3-8-x-7-16-1-2-x-9-16-5-8-x-11-16-3-4-x-13-16-y-7-8-x-15-16\/","title":{"rendered":"Juego de Dados de Impacto de 7 piezas, Medidas: 3\/8 x 7\/16&#8221;, 1\/2 x 9\/16&#8221;, 5\/8 x 11\/16&#8221;, 3\/4 x 13\/16&#8221;, y 7\/8 x 15\/16&#8221;"},"content":{"rendered":"<div style='width: 100%; max-width: 1200px; margin: 0 auto; font-family: sans-serif; line-height: 1.6; color: inherit; background-color: transparent;'>\n<div style='display: flex; flex-direction: column; margin-bottom: 30px;'>\n<div style='width: 100%;'>\n<h1 style='font-size: 28px; margin: 0 0 10px; color: inherit;'>Juego de dados de impacto girados de 7 piezas<\/h1>\n<\/p><\/div>\n<div style='width: 100%;'>\n<h2 style='font-size: 20px; margin: 0; color: rgba(150&comma; 150&comma; 150&comma; 0.8);'>66070<\/h2>\n<\/p><\/div>\n<\/p><\/div>\n<div style='display: flex; flex-wrap: wrap; gap: 30px; margin-bottom: 30px;'>\n<div style='flex: 1 1 300px; min-width: 280px;'>\n<h3 style='font-size: 22px; border-bottom: 2px solid currentColor; padding-bottom: 5px; margin-top: 0; color: inherit; opacity: 0.8;'>Caracter\u00edsticas<\/h3>\n<ul style='padding-left: 20px; font-size: 15px; color: inherit;'>\n<li style='margin-bottom: 5px;'>El juego de dados de impacto girados incluye diez tama\u00f1os combinados en cinco dados m\u00e1s dos adaptadores integrados<\/li>\n<li style='margin-bottom: 5px;'>Los juegos de dados de impacto incluyen dados de tama\u00f1os 3\/8 x 7\/16&#8221;&comma; 1\/2 x 9\/16&#8221;&comma; 5\/8 x 11\/16&#8221;&comma; 3\/4 x 13\/16&#8221;&comma; y 7\/8 x 15\/16&#8221;<\/li>\n<li style='margin-bottom: 5px;'>La caracter\u00edstica de giro f\u00e1cil de usar permite cambios r\u00e1pidos y reduce la cantidad de herramientas<\/li>\n<li style='margin-bottom: 5px;'>Adaptadores integrados con capacidad de accionamiento dual (1\/4&#8221;&comma; 1\/2&#8221;); con patente pendiente<\/li>\n<li style='margin-bottom: 5px;'>Dise\u00f1o de 6 puntas f\u00e1cil de posicionar y usar con sujetadores cuadrados<\/li>\n<li style='margin-bottom: 5px;'>Ideal para instalar y quitar hardware<\/li>\n<li style='margin-bottom: 5px;'>Dise\u00f1o de agujero en cruz para evitar la separaci\u00f3n involuntaria del adaptador y el dado<\/li>\n<li style='margin-bottom: 5px;'>Dise\u00f1ados para ser utilizados con desarmadores de impacto incluyendo llaves de impacto compactas de 1\/2&#8221; de Klein (Cat. n.\u00ba BAT20CW&comma; BAT20CW1) y desarmador de impacto compacto de 1\/4&#8221; (Cat. n.\u00ba BAT20CD&comma; BAT20CD1)<\/li>\n<li style='margin-bottom: 5px;'>Dados codificados por color para identificar su tama\u00f1o r\u00e1pidamente<\/li>\n<li style='margin-bottom: 5px;'>Incluye estuche para su almacenamiento<\/li>\n<\/ul><\/div>\n<\/p><\/div>\n<div style='display: flex; flex-wrap: wrap; gap: 30px; margin-bottom: 30px;'>\n<div style='flex: 1 1 300px; min-width: 280px;'>\n<h3 style='font-size: 22px; border-bottom: 2px solid currentColor; padding-bottom: 5px; margin-top: 0; color: inherit; opacity: 0.8;'>Especificaciones<\/h3>\n<ul style='padding-left: 20px; font-size: 15px; color: inherit;'>\n<li style='margin-bottom: 5px;'><strong>Tama\u00f1o:<\/strong> 3\/8 x 7\/16&#8221;&comma; 1\/2 x 9\/16&#8221;&comma; 5\/8 x 11\/16&#8221;&comma; 3\/4 x 13\/16&#8221;&comma; y 7\/8 x 15\/16&#8221;<\/li>\n<li style='margin-bottom: 5px;'><strong>Modelo:<\/strong> 66070<\/li>\n<li style='margin-bottom: 5px;'><strong>Marca:<\/strong> KLEIN TOOLS<\/li>\n<li style='margin-bottom: 5px;'><strong>Tipo:<\/strong> Juego de dados de impacto<\/li>\n<li style='margin-bottom: 5px;'><strong>Cantidad de piezas:<\/strong> 7 piezas<\/li>\n<\/ul><\/div>\n<\/p><\/div>\n<div style='display: flex; flex-wrap: wrap; gap: 30px; margin-bottom: 30px;'>\n<div style='flex: 1 1 300px; min-width: 280px;'>\n<h3 style='font-size: 22px; border-bottom: 2px solid currentColor; padding-bottom: 5px; margin-top: 0; color: inherit; opacity: 0.8;'>Aplicaciones<\/h3>\n<ul style='padding-left: 20px; font-size: 15px; color: inherit;'>\n<li style='margin-bottom: 5px;'>Instalaci\u00f3n y remoci\u00f3n de hardware<\/li>\n<li style='margin-bottom: 5px;'>Uso con desarmadores de impacto<\/li>\n<li style='margin-bottom: 5px;'>Trabajos de reparaci\u00f3n y mantenimiento<\/li>\n<\/ul><\/div>\n<\/p><\/div>\n<div style='margin-bottom: 30px;'>\n<div style='width: 100%; margin-bottom: 15px;'> <img style='width: 100%; height: auto; border: 1px solid rgba(150&comma;150&comma;150&comma;0.3); border-radius: 8px;' src='https:\/\/ftp3.syscom.mx\/usuarios\/fotos\/66070\/216843-66070_app8.jpg' alt=''> <\/div>\n<\/p><\/div>\n<div style='margin-bottom: 30px;'>\n<div style='position: relative; padding-bottom: 56.25%; height: 0; overflow: hidden; margin-bottom: 30px;'>   <\/div>\n<\/p><\/div>\n<\/p><\/div>\n","protected":false},"excerpt":{"rendered":"<p>Juego de Dados de Impacto de 7 piezas, Medidas: 3\/8 x 7\/16&#8221;, 1\/2 x 9\/16&#8221;, 5\/8 x 11\/16&#8221;, 3\/4 x 13\/16&#8221;, y 7\/8 x 15\/16&#8221;<\/p>\n","protected":false},"featured_media":41887,"comment_status":"open","ping_status":"closed","template":"","meta":[],"product_brand":[],"product_cat":[1138],"product_tag":[1058,1139,432],"class_list":{"0":"post-41888","1":"product","2":"type-product","3":"status-publish","4":"has-post-thumbnail","6":"product_cat-herramientas-mecanicas","7":"product_tag-ferreteria","8":"product_tag-herramientas-mecanicas","9":"product_tag-klein-tools","11":"first","12":"instock","13":"sale","14":"shipping-taxable","15":"purchasable","16":"product-type-simple"},"_links":{"self":[{"href":"https:\/\/soydeaqui.ddns.net\/pachuca\/index.php\/wp-json\/wp\/v2\/product\/41888","targetHints":{"allow":["GET"]}}],"collection":[{"href":"https:\/\/soydeaqui.ddns.net\/pachuca\/index.php\/wp-json\/wp\/v2\/product"}],"about":[{"href":"https:\/\/soydeaqui.ddns.net\/pachuca\/index.php\/wp-json\/wp\/v2\/types\/product"}],"replies":[{"embeddable":true,"href":"https:\/\/soydeaqui.ddns.net\/pachuca\/index.php\/wp-json\/wp\/v2\/comments?post=41888"}],"wp:featuredmedia":[{"embeddable":true,"href":"https:\/\/soydeaqui.ddns.net\/pachuca\/index.php\/wp-json\/wp\/v2\/media\/41887"}],"wp:attachment":[{"href":"https:\/\/soydeaqui.ddns.net\/pachuca\/index.php\/wp-json\/wp\/v2\/media?parent=41888"}],"wp:term":[{"taxonomy":"product_brand","embeddable":true,"href":"https:\/\/soydeaqui.ddns.net\/pachuca\/index.php\/wp-json\/wp\/v2\/product_brand?post=41888"},{"taxonomy":"product_cat","embeddable":true,"href":"https:\/\/soydeaqui.ddns.net\/pachuca\/index.php\/wp-json\/wp\/v2\/product_cat?post=41888"},{"taxonomy":"product_tag","embeddable":true,"href":"https:\/\/soydeaqui.ddns.net\/pachuca\/index.php\/wp-json\/wp\/v2\/product_tag?post=41888"}],"curies":[{"name":"wp","href":"https:\/\/api.w.org\/{rel}","templated":true}]}}