{"id":41880,"date":"2026-03-18T18:26:58","date_gmt":"2026-03-18T18:26:58","guid":{"rendered":"https:\/\/soydeaqui.ddns.net\/pachuca\/index.php\/producto\/juego-de-dados-de-impacto-3-en-1-1-4-pulg-5-16-pulg\/"},"modified":"2026-03-18T18:27:10","modified_gmt":"2026-03-18T18:27:10","slug":"juego-de-dados-de-impacto-3-en-1-1-4-pulg-5-16-pulg","status":"publish","type":"product","link":"https:\/\/soydeaqui.ddns.net\/pachuca\/index.php\/producto\/juego-de-dados-de-impacto-3-en-1-1-4-pulg-5-16-pulg\/","title":{"rendered":"Juego de Dados de Impacto 3 en 1   1\/4 Pulg, 5\/16 Pulg"},"content":{"rendered":"<div style='width: 100%; max-width: 1200px; margin: 0 auto; font-family: sans-serif; line-height: 1.6; color: inherit; background-color: transparent;'>\n<div style='width: 100%; max-width: 1200px; margin: 0 auto; padding: 20px;'>\n<h1 style='font-size: 28px; margin: 0 0 10px; color: inherit;'>Juego de dados de impacto girados 3 en 1 de 2 piezas de 1\/4&#8221; y 5\/16&#8221;<\/h1>\n<h2 style='font-size: 20px; margin: 0; color: inherit; opacity: 0.7;'>Modelo: 32768<\/h2>\n<\/p><\/div>\n<div style='display: flex; flex-wrap: wrap; gap: 30px; margin: 0 0 30px;'>\n<div style='flex: 1 1 300px; min-width: 280px;'>\n<h3 style='font-size: 22px; border-bottom: 2px solid currentColor; padding-bottom: 5px; margin-top: 0; color: inherit; opacity: 0.8;'>Caracter\u00edsticas<\/h3>\n<ul style='padding-left: 20px; font-size: 15px; color: inherit;'>\n<li style='margin-bottom: 5px;'>Dado de impacto girado 3 en 1 que permite cambiar r\u00e1pidamente entre los tama\u00f1os del portadado<\/li>\n<li style='margin-bottom: 5px;'>Dado girado multifunci\u00f3n en tama\u00f1os hexagonales de desarmador: 5\/16&#8221;&comma; 1\/4&#8221; en posici\u00f3n corta (desarmador) y 1\/4&#8221; en posici\u00f3n larga (portapuntas del desarmador)<\/li>\n<li style='margin-bottom: 5px;'>Resistente al impacto con una adaptador de 1\/4&#8221; con conexi\u00f3n r\u00e1pida para facilitar su uso con un desarmador de impacto<\/li>\n<li style='margin-bottom: 5px;'>Potente im\u00e1n de tierra rara que permite adherir puntas y sujetadores de cabeza hexagonal<\/li>\n<li style='margin-bottom: 5px;'>Ambas barras tambi\u00e9n se adaptan al mango de un desarmador de Klein Tools. La barra de 5&#8221; (76 cm) funciona con los mangos Cat. n.\u00ba 32303 y 32304; la barra de 3&#8221; (8 cm) se adapta a la Cat. n.\u00ba 32308<\/li>\n<li style='margin-bottom: 5px;'>Maquinado a precisi\u00f3n con tratamiento t\u00e9rmico para una vida \u00fatil prolongada<\/li>\n<li style='margin-bottom: 5px;'>Ideal para diversas aplicaciones incluyendo operaciones en espacios reducidos&comma; estrechos y de largo alcance<\/li>\n<\/ul><\/div>\n<\/p><\/div>\n<div style='width: 100%; max-width: 1200px; margin: 0 auto; padding: 0 20px;'> <img style='width: 100%; height: auto; border: 1px solid rgba(150&comma;150&comma;150&comma;0.3); border-radius: 8px;' src='https:\/\/ftp3.syscom.mx\/usuarios\/fotos\/32768\/216844-32767_app2.jpg' alt=''> <\/div>\n<div style='width: 100%; max-width: 1200px; margin: 40px auto; padding: 0 20px;'>\n<div style='position: relative; padding-bottom: 56.25%; height: 0; overflow: hidden; margin-bottom: 30px;'>   <\/div>\n<\/p><\/div>\n<\/p><\/div>\n","protected":false},"excerpt":{"rendered":"<p>Juego de Dados de Impacto 3 en 1   1\/4 Pulg, 5\/16 Pulg<\/p>\n","protected":false},"featured_media":41879,"comment_status":"open","ping_status":"closed","template":"","meta":[],"product_brand":[],"product_cat":[1138],"product_tag":[1058,1139,432],"class_list":{"0":"post-41880","1":"product","2":"type-product","3":"status-publish","4":"has-post-thumbnail","6":"product_cat-herramientas-mecanicas","7":"product_tag-ferreteria","8":"product_tag-herramientas-mecanicas","9":"product_tag-klein-tools","11":"first","12":"instock","13":"sale","14":"shipping-taxable","15":"purchasable","16":"product-type-simple"},"_links":{"self":[{"href":"https:\/\/soydeaqui.ddns.net\/pachuca\/index.php\/wp-json\/wp\/v2\/product\/41880","targetHints":{"allow":["GET"]}}],"collection":[{"href":"https:\/\/soydeaqui.ddns.net\/pachuca\/index.php\/wp-json\/wp\/v2\/product"}],"about":[{"href":"https:\/\/soydeaqui.ddns.net\/pachuca\/index.php\/wp-json\/wp\/v2\/types\/product"}],"replies":[{"embeddable":true,"href":"https:\/\/soydeaqui.ddns.net\/pachuca\/index.php\/wp-json\/wp\/v2\/comments?post=41880"}],"wp:featuredmedia":[{"embeddable":true,"href":"https:\/\/soydeaqui.ddns.net\/pachuca\/index.php\/wp-json\/wp\/v2\/media\/41879"}],"wp:attachment":[{"href":"https:\/\/soydeaqui.ddns.net\/pachuca\/index.php\/wp-json\/wp\/v2\/media?parent=41880"}],"wp:term":[{"taxonomy":"product_brand","embeddable":true,"href":"https:\/\/soydeaqui.ddns.net\/pachuca\/index.php\/wp-json\/wp\/v2\/product_brand?post=41880"},{"taxonomy":"product_cat","embeddable":true,"href":"https:\/\/soydeaqui.ddns.net\/pachuca\/index.php\/wp-json\/wp\/v2\/product_cat?post=41880"},{"taxonomy":"product_tag","embeddable":true,"href":"https:\/\/soydeaqui.ddns.net\/pachuca\/index.php\/wp-json\/wp\/v2\/product_tag?post=41880"}],"curies":[{"name":"wp","href":"https:\/\/api.w.org\/{rel}","templated":true}]}}