{"id":41869,"date":"2026-03-18T18:26:40","date_gmt":"2026-03-18T18:26:40","guid":{"rendered":"https:\/\/soydeaqui.ddns.net\/pachuca\/index.php\/producto\/modulo-wifi-para-monitoreo-de-controladores-epever-linea-xtra-y-tracer\/"},"modified":"2026-03-18T18:26:45","modified_gmt":"2026-03-18T18:26:45","slug":"modulo-wifi-para-monitoreo-de-controladores-epever-linea-xtra-y-tracer","status":"publish","type":"product","link":"https:\/\/soydeaqui.ddns.net\/pachuca\/index.php\/producto\/modulo-wifi-para-monitoreo-de-controladores-epever-linea-xtra-y-tracer\/","title":{"rendered":"M\u00f3dulo WiFi para Monitoreo de Controladores EPEVER L\u00ednea XTRA y TRACER"},"content":{"rendered":"<div style='width: 100%; max-width: 1200px; margin: 0 auto; font-family: sans-serif; line-height: 1.6; color: inherit; background-color: transparent;'>\n<div style='display: flex; flex-wrap: wrap; gap: 30px; margin-bottom: 30px;'>\n<div style='flex: 1 1 300px; min-width: 280px;'>\n<h3 style='font-size: 22px; border-bottom: 2px solid currentColor; padding-bottom: 5px; margin-top: 0; color: inherit; opacity: 0.8;'>Descripci\u00f3n<\/h3>\n<p style='font-size: 15px; color: inherit;'>A trav\u00e9s de una red local WiFi 2.4G&comma; el adaptador WiFi puede transmitir todos los datos operativos del controlador solar&comma; inversor o inversor\/cargador EPEVER al servidor en la nube EPEVER en tiempo real. Los usuarios pueden monitorear de forma remota los dispositivos conectados y los par\u00e1metros del programa a trav\u00e9s del servidor EPEVER o la aplicaci\u00f3n m\u00f3vil &#8216;Epever Pair&#8217;.<\/p>\n<p style='font-size: 15px; color: inherit; margin-top: 20px;'><strong>Compatible con las series:<\/strong><\/p>\n<ul style='padding-left: 20px; font-size: 15px; color: inherit;'>\n<li style='margin-bottom: 5px;'>TRACER-XXXX-BN<\/li>\n<li style='margin-bottom: 5px;'>TRACER-XXXX-AN<\/li>\n<li style='margin-bottom: 5px;'>XTRA-XXXX-N<\/li>\n<\/ul><\/div>\n<div style='flex: 1 1 300px; min-width: 280px;'>\n<h3 style='font-size: 22px; border-bottom: 2px solid currentColor; padding-bottom: 5px; margin-top: 0; color: inherit; opacity: 0.8;'>Caracter\u00edsticas principales<\/h3>\n<ul style='padding-left: 20px; font-size: 15px; color: inherit;'>\n<li style='margin-bottom: 5px;'>Transmisi\u00f3n de datos en tiempo real v\u00eda WiFi 2.4G<\/li>\n<li style='margin-bottom: 5px;'>Monitoreo remoto a trav\u00e9s de aplicaci\u00f3n m\u00f3vil<\/li>\n<li style='margin-bottom: 5px;'>Compatibilidad con series Tracer y XTRA<\/li>\n<li style='margin-bottom: 5px;'>Integraci\u00f3n con servidor en la nube Epever<\/li>\n<li style='margin-bottom: 5px;'>Soporte para inversores y cargadores Epever<\/li>\n<\/ul><\/div>\n<\/p><\/div>\n<div style='display: flex; flex-wrap: wrap; gap: 20px; margin-bottom: 30px;'>\n<div style='flex: 1 1 250px; border: 1px solid rgba(150&comma; 150&comma; 150&comma; 0.4); border-radius: 8px; overflow: hidden; display: flex; flex-direction: column;'>\n<div style='padding: 15px; border-bottom: 1px solid rgba(150&comma; 150&comma; 150&comma; 0.2); font-weight: bold; font-size: 18px; color: inherit;'>Especificaciones<\/div>\n<div style='padding: 15px; color: inherit;'>\n<ul style='padding-left: 20px; margin: 0; font-size: 14px; list-style-type: disc;'>\n<li style='margin-bottom: 5px;'><strong>Modelo:<\/strong> EPEVER WiFi 2.4G RJ45 D<\/li>\n<li style='margin-bottom: 5px;'><strong>Voltaje de operaci\u00f3n:<\/strong> 5V \u00b10.5V<\/li>\n<li style='margin-bottom: 5px;'><strong>Consumo de energ\u00eda:<\/strong> Emisi\u00f3n pico: 150mA; En espera: 310\u03bcA<\/li>\n<li style='margin-bottom: 5px;'><strong>Comunicaci\u00f3n:<\/strong> RS485<\/li>\n<li style='margin-bottom: 5px;'><strong>Velocidad de comunicaci\u00f3n:<\/strong> 115200Bps&comma; 8N1<\/li>\n<li style='margin-bottom: 5px;'><strong>Frecuencia de operaci\u00f3n:<\/strong> 2.4 ~ 2.4835GHz<\/li>\n<li style='margin-bottom: 5px;'><strong>Temperatura de operaci\u00f3n:<\/strong> -40\u2103 ~ 85\u2103<\/li>\n<li style='margin-bottom: 5px;'><strong>Dimensiones:<\/strong> 63mm x 19mm x 10mm<\/li>\n<li style='margin-bottom: 5px;'><strong>Peso:<\/strong> 7.7g<\/li>\n<li style='margin-bottom: 5px;'><strong>Grado de protecci\u00f3n:<\/strong> IP54<\/li>\n<\/ul><\/div>\n<\/p><\/div>\n<div style='flex: 1 1 250px; border: 1px solid rgba(150&comma; 150&comma; 150&comma; 0.4); border-radius: 8px; overflow: hidden; display: flex; flex-direction: column;'>\n<div style='padding: 15px; border-bottom: 1px solid rgba(150&comma; 150&comma; 150&comma; 0.2); font-weight: bold; font-size: 18px; color: inherit;'>Detalles t\u00e9cnicos<\/div>\n<div style='padding: 15px; color: inherit;'>\n<ul style='padding-left: 20px; margin: 0; font-size: 14px; list-style-type: disc;'>\n<li style='margin-bottom: 5px;'>Interfaz: Est\u00e1ndar de comunicaci\u00f3n EPEVER V1-1.0<\/li>\n<li style='margin-bottom: 5px;'>Distancia de comunicaci\u00f3n: Hasta 20 metros<\/li>\n<li style='margin-bottom: 5px;'>Alimentaci\u00f3n: Directa a trav\u00e9s del puerto de comunicaci\u00f3n<\/li>\n<li style='margin-bottom: 5px;'>Modo de operaci\u00f3n: Soporta monitoreo local y modo &#8216;EPEVER Cloud&#8217;<\/li>\n<\/ul><\/div>\n<\/p><\/div>\n<\/p><\/div>\n<hr style='border: 0; border-top: 1px solid rgba(150&comma; 150&comma; 150&comma; 0.3); margin: 30px 0;'> <\/div>\n","protected":false},"excerpt":{"rendered":"<p>M\u00f3dulo WiFi para Monitoreo de Controladores EPEVER L\u00ednea XTRA y TRACER<\/p>\n","protected":false},"featured_media":41868,"comment_status":"open","ping_status":"closed","template":"","meta":[],"product_brand":[],"product_cat":[1067],"product_tag":[1068,964,1182],"class_list":{"0":"post-41869","1":"product","2":"type-product","3":"status-publish","4":"has-post-thumbnail","6":"product_cat-accesorios-cables-jumpers","7":"product_tag-accesorios-cables-jumpers","8":"product_tag-energia-solar","9":"product_tag-epever","11":"first","12":"instock","13":"sale","14":"shipping-taxable","15":"purchasable","16":"product-type-simple"},"_links":{"self":[{"href":"https:\/\/soydeaqui.ddns.net\/pachuca\/index.php\/wp-json\/wp\/v2\/product\/41869","targetHints":{"allow":["GET"]}}],"collection":[{"href":"https:\/\/soydeaqui.ddns.net\/pachuca\/index.php\/wp-json\/wp\/v2\/product"}],"about":[{"href":"https:\/\/soydeaqui.ddns.net\/pachuca\/index.php\/wp-json\/wp\/v2\/types\/product"}],"replies":[{"embeddable":true,"href":"https:\/\/soydeaqui.ddns.net\/pachuca\/index.php\/wp-json\/wp\/v2\/comments?post=41869"}],"wp:featuredmedia":[{"embeddable":true,"href":"https:\/\/soydeaqui.ddns.net\/pachuca\/index.php\/wp-json\/wp\/v2\/media\/41868"}],"wp:attachment":[{"href":"https:\/\/soydeaqui.ddns.net\/pachuca\/index.php\/wp-json\/wp\/v2\/media?parent=41869"}],"wp:term":[{"taxonomy":"product_brand","embeddable":true,"href":"https:\/\/soydeaqui.ddns.net\/pachuca\/index.php\/wp-json\/wp\/v2\/product_brand?post=41869"},{"taxonomy":"product_cat","embeddable":true,"href":"https:\/\/soydeaqui.ddns.net\/pachuca\/index.php\/wp-json\/wp\/v2\/product_cat?post=41869"},{"taxonomy":"product_tag","embeddable":true,"href":"https:\/\/soydeaqui.ddns.net\/pachuca\/index.php\/wp-json\/wp\/v2\/product_tag?post=41869"}],"curies":[{"name":"wp","href":"https:\/\/api.w.org\/{rel}","templated":true}]}}