{"id":41861,"date":"2026-03-18T18:26:27","date_gmt":"2026-03-18T18:26:27","guid":{"rendered":"https:\/\/soydeaqui.ddns.net\/pachuca\/index.php\/producto\/multicontacto-powerbox-1-con-4-salidas-120-vca-2-usb-a-1-usb-c-luces-led-integradas-y-soporte-magnetico\/"},"modified":"2026-03-18T18:26:38","modified_gmt":"2026-03-18T18:26:38","slug":"multicontacto-powerbox-1-con-4-salidas-120-vca-2-usb-a-1-usb-c-luces-led-integradas-y-soporte-magnetico","status":"publish","type":"product","link":"https:\/\/soydeaqui.ddns.net\/pachuca\/index.php\/producto\/multicontacto-powerbox-1-con-4-salidas-120-vca-2-usb-a-1-usb-c-luces-led-integradas-y-soporte-magnetico\/","title":{"rendered":"Multicontacto Powerbox 1, con 4 Salidas 120 Vca, 2 USB-A \/ 1 USB-C, Luces LED Integradas y Soporte Magn\u00e9tico"},"content":{"rendered":"<div style='width: 100%; max-width: 1200px; margin: 0 auto; font-family: sans-serif; line-height: 1.6; color: inherit; background-color: transparent;'>\n<div style='display: flex; flex-wrap: wrap; gap: 30px; margin-bottom: 30px;'>\n<div style='flex: 1 1 300px; min-width: 280px;'>\n<h1 style='font-size: 26px; border-bottom: 2px solid currentColor; padding-bottom: 5px; margin-top: 0; color: inherit; opacity: 0.8;'>PowerBox 1&comma; montaje con cinta magn\u00e9tica potente y con luces LED integradas<\/h1>\n<h2 style='font-size: 20px; color: rgba(150&comma;150&comma;150&comma;0.8); margin-top: 5px; margin-bottom: 20px;'>29601<\/h2>\n<\/p><\/div>\n<\/p><\/div>\n<div style='display: flex; flex-wrap: wrap; gap: 20px; margin-bottom: 30px;'>\n<div style='flex: 1 1 250px; border: 1px solid rgba(150&comma; 150&comma; 150&comma; 0.4); border-radius: 8px; overflow: hidden; display: flex; flex-direction: column;'>\n<div style='padding: 15px; border-bottom: 1px solid rgba(150&comma; 150&comma; 150&comma; 0.2); font-weight: bold; font-size: 18px; color: inherit;'>Caracter\u00edsticas<\/div>\n<div style='padding: 15px; color: inherit;'>\n<ul style='padding-left: 20px; margin: 0; font-size: 14px; list-style-type: disc; color: inherit;'>\n<li style='margin-bottom: 5px;'>PowerBox 1 tiene imanes potentes para adherirse a cajas de trabajo de metal&comma; mesas de trabajo y m\u00e1s<\/li>\n<li style='margin-bottom: 5px;'>Luces LED integradas que iluminan cualquier caja de trabajo para encontrar herramientas&comma; bater\u00edas y cables almacenados<\/li>\n<li style='margin-bottom: 5px;'>Cuatro tomacorrientes de 120 V CA&comma; dos puertos USB-A y un puerto USB-C con capacidad de suministrar energ\u00eda para la carga r\u00e1pida de tel\u00e9fonos celulares&comma; computadoras port\u00e1tiles y otros dispositivos compatibles<\/li>\n<li style='margin-bottom: 5px;'>Protecci\u00f3n incorporada contra sobrevoltaje con indicador LED para proteger su equipo contra picos de electricidad<\/li>\n<li style='margin-bottom: 5px;'>Suministre energ\u00eda a cualquier caja de trabajo de metal con el cable de alimentaci\u00f3n duradero de 5&#8242;<\/li>\n<li style='margin-bottom: 5px;'>Protector de alivio extendido que aumenta la durabilidad del cable de alimentaci\u00f3n para una vida \u00fatil prolongada<\/li>\n<li style='margin-bottom: 5px;'>Incluye orificios para colgar incorporados para ubicaciones con soporte no magn\u00e9tico donde se requiere alimentaci\u00f3n<\/li>\n<\/ul><\/div>\n<\/p><\/div>\n<\/p><\/div>\n<div style='width: 100%; margin: 30px 0;'>\n<div style='position: relative; padding-bottom: 56.25%; height: 0; overflow: hidden; margin-bottom: 30px;'>   <\/div>\n<\/p><\/div>\n<div style='width: 100%; margin: 30px 0;'> <img style='width: 100%; height: auto; border: 1px solid rgba(150&comma;150&comma;150&comma;0.3); border-radius: 8px;' src='https:\/\/ftp3.syscom.mx\/usuarios\/fotos\/29601\/216848-29601_callout5.jpg' alt=''> <\/div>\n<\/p><\/div>\n","protected":false},"excerpt":{"rendered":"<p>Multicontacto Powerbox 1, con 4 Salidas 120 Vca, 2 USB-A \/ 1 USB-C, Luces LED Integradas y Soporte Magn\u00e9tico<\/p>\n","protected":false},"featured_media":41860,"comment_status":"open","ping_status":"closed","template":"","meta":[],"product_brand":[],"product_cat":[1166],"product_tag":[1167,432,1168],"class_list":{"0":"post-41861","1":"product","2":"type-product","3":"status-publish","4":"has-post-thumbnail","6":"product_cat-uso-interior","7":"product_tag-iluminacion","8":"product_tag-klein-tools","9":"product_tag-uso-interior","11":"first","12":"instock","13":"sale","14":"shipping-taxable","15":"purchasable","16":"product-type-simple"},"_links":{"self":[{"href":"https:\/\/soydeaqui.ddns.net\/pachuca\/index.php\/wp-json\/wp\/v2\/product\/41861","targetHints":{"allow":["GET"]}}],"collection":[{"href":"https:\/\/soydeaqui.ddns.net\/pachuca\/index.php\/wp-json\/wp\/v2\/product"}],"about":[{"href":"https:\/\/soydeaqui.ddns.net\/pachuca\/index.php\/wp-json\/wp\/v2\/types\/product"}],"replies":[{"embeddable":true,"href":"https:\/\/soydeaqui.ddns.net\/pachuca\/index.php\/wp-json\/wp\/v2\/comments?post=41861"}],"wp:featuredmedia":[{"embeddable":true,"href":"https:\/\/soydeaqui.ddns.net\/pachuca\/index.php\/wp-json\/wp\/v2\/media\/41860"}],"wp:attachment":[{"href":"https:\/\/soydeaqui.ddns.net\/pachuca\/index.php\/wp-json\/wp\/v2\/media?parent=41861"}],"wp:term":[{"taxonomy":"product_brand","embeddable":true,"href":"https:\/\/soydeaqui.ddns.net\/pachuca\/index.php\/wp-json\/wp\/v2\/product_brand?post=41861"},{"taxonomy":"product_cat","embeddable":true,"href":"https:\/\/soydeaqui.ddns.net\/pachuca\/index.php\/wp-json\/wp\/v2\/product_cat?post=41861"},{"taxonomy":"product_tag","embeddable":true,"href":"https:\/\/soydeaqui.ddns.net\/pachuca\/index.php\/wp-json\/wp\/v2\/product_tag?post=41861"}],"curies":[{"name":"wp","href":"https:\/\/api.w.org\/{rel}","templated":true}]}}