{"id":41834,"date":"2026-03-18T18:25:38","date_gmt":"2026-03-18T18:25:38","guid":{"rendered":"https:\/\/soydeaqui.ddns.net\/pachuca\/index.php\/producto\/desarmador-multipuntas-14-en-1-electronico\/"},"modified":"2026-03-18T18:25:41","modified_gmt":"2026-03-18T18:25:41","slug":"desarmador-multipuntas-14-en-1-electronico","status":"publish","type":"product","link":"https:\/\/soydeaqui.ddns.net\/pachuca\/index.php\/producto\/desarmador-multipuntas-14-en-1-electronico\/","title":{"rendered":"Desarmador Multipuntas 14 en 1 Electr\u00f3nico"},"content":{"rendered":"<div style='width: 100%; max-width: 1200px; margin: 0 auto; font-family: sans-serif; line-height: 1.6; color: inherit; background-color: transparent;'> <!-- Secci\u00f3n de caracter\u00edsticas --> <\/p>\n<div style='display: flex; flex-wrap: wrap; gap: 30px; margin-bottom: 30px;'>\n<div style='flex: 1 1 300px; min-width: 280px;'>\n<h3 style='font-size: 22px; border-bottom: 2px solid currentColor; padding-bottom: 5px; margin-top: 0; color: inherit; opacity: 0.8;'>Caracter\u00edsticas<\/h3>\n<ul style='padding-left: 20px; font-size: 15px; color: inherit;'>\n<li style='margin-bottom: 5px;'>Desarmador de precisi\u00f3n y desarmadores de caja integrados que incluyen 14 de los tama\u00f1os m\u00e1s usados en una herramienta<\/li>\n<li style='margin-bottom: 5px;'>Casquillo giratorio que ofrece un control \u00f3ptimo y preciso<\/li>\n<li style='margin-bottom: 5px;'>Puntas con tratamiento t\u00e9rmico y resistencia de grado industrial<\/li>\n<li style='margin-bottom: 5px;'>Mango Cushion-Grip\u2122 para ofrecer m\u00e1xima comodidad<\/li>\n<li style='margin-bottom: 5px;'>Incluye los siguientes tama\u00f1os: Phillips n.\u00ba 00&comma; n.\u00ba 0; ranurado de 3\/32&#8221;&comma; 1\/8&#8221;; inviolable Torx\u00ae T7&comma; T8&comma; T10&comma; T15; hexagonal de 9\/64&#8221;&comma; 5\/32&#8221;&comma; 3\/16&#8221;&comma; 7\/32&#8221;&comma; 1\/4&#8221;&comma; 5\/16&#8221;<\/li>\n<li style='margin-bottom: 5px;'>Barra de acero intercambiable para cambiar de punta de manera r\u00e1pida y f\u00e1cil<\/li>\n<li style='margin-bottom: 5px;'>Tama\u00f1os grabados en los cilindros integrados y puntas<\/li>\n<li style='margin-bottom: 5px;'>TORX\u00ae es una marca registrada de Acument Intellectual Properties&comma; LLC<\/li>\n<\/ul><\/div>\n<\/p><\/div>\n<p> <!-- Secci\u00f3n de im\u00e1genes --> <\/p>\n<div style='display: flex; flex-wrap: wrap; gap: 20px; margin-bottom: 30px;'>\n<div style='flex: 1 1 300px; min-width: 280px;'> <img style='width: 100%; height: auto; border: 1px solid rgba(150&comma;150&comma;150&comma;0.3); border-radius: 8px;' src='https:\/\/ftp3.syscom.mx\/usuarios\/fotos\/32314\/216852-32314_app3.jpg' alt=''> <\/div>\n<div style='flex: 1 1 300px; min-width: 280px;'> <img style='width: 100%; height: auto; border: 1px solid rgba(150&comma;150&comma;150&comma;0.3); border-radius: 8px;' src='https:\/\/ftp3.syscom.mx\/usuarios\/fotos\/32314\/216852-captura_de_pantalla_2023-03-17_a_la(s)_17.35.46.png' alt=''> <\/div>\n<\/p><\/div>\n<p> <!-- Secci\u00f3n de video --> <\/p>\n<div style='margin-bottom: 30px;'>\n<div style='position: relative; padding-bottom: 56.25%; height: 0; overflow: hidden; margin-bottom: 30px;'>   <\/div>\n<\/p><\/div>\n<p> <!-- Separador --> <\/p>\n<hr style='border: 0; border-top: 1px solid rgba(150&comma;150&comma;150&comma;0.3); margin: 30px 0;'> <\/div>\n","protected":false},"excerpt":{"rendered":"<p>Desarmador Multipuntas 14 en 1 Electr\u00f3nico<\/p>\n","protected":false},"featured_media":41833,"comment_status":"open","ping_status":"closed","template":"","meta":[],"product_brand":[],"product_cat":[1138],"product_tag":[1058,1139,432],"class_list":{"0":"post-41834","1":"product","2":"type-product","3":"status-publish","4":"has-post-thumbnail","6":"product_cat-herramientas-mecanicas","7":"product_tag-ferreteria","8":"product_tag-herramientas-mecanicas","9":"product_tag-klein-tools","11":"first","12":"instock","13":"sale","14":"shipping-taxable","15":"purchasable","16":"product-type-simple"},"_links":{"self":[{"href":"https:\/\/soydeaqui.ddns.net\/pachuca\/index.php\/wp-json\/wp\/v2\/product\/41834","targetHints":{"allow":["GET"]}}],"collection":[{"href":"https:\/\/soydeaqui.ddns.net\/pachuca\/index.php\/wp-json\/wp\/v2\/product"}],"about":[{"href":"https:\/\/soydeaqui.ddns.net\/pachuca\/index.php\/wp-json\/wp\/v2\/types\/product"}],"replies":[{"embeddable":true,"href":"https:\/\/soydeaqui.ddns.net\/pachuca\/index.php\/wp-json\/wp\/v2\/comments?post=41834"}],"wp:featuredmedia":[{"embeddable":true,"href":"https:\/\/soydeaqui.ddns.net\/pachuca\/index.php\/wp-json\/wp\/v2\/media\/41833"}],"wp:attachment":[{"href":"https:\/\/soydeaqui.ddns.net\/pachuca\/index.php\/wp-json\/wp\/v2\/media?parent=41834"}],"wp:term":[{"taxonomy":"product_brand","embeddable":true,"href":"https:\/\/soydeaqui.ddns.net\/pachuca\/index.php\/wp-json\/wp\/v2\/product_brand?post=41834"},{"taxonomy":"product_cat","embeddable":true,"href":"https:\/\/soydeaqui.ddns.net\/pachuca\/index.php\/wp-json\/wp\/v2\/product_cat?post=41834"},{"taxonomy":"product_tag","embeddable":true,"href":"https:\/\/soydeaqui.ddns.net\/pachuca\/index.php\/wp-json\/wp\/v2\/product_tag?post=41834"}],"curies":[{"name":"wp","href":"https:\/\/api.w.org\/{rel}","templated":true}]}}