{"id":41828,"date":"2026-03-18T18:25:27","date_gmt":"2026-03-18T18:25:27","guid":{"rendered":"https:\/\/soydeaqui.ddns.net\/pachuca\/index.php\/producto\/desarmador-multipunta-15-en-1-con-matraca\/"},"modified":"2026-03-18T18:25:34","modified_gmt":"2026-03-18T18:25:34","slug":"desarmador-multipunta-15-en-1-con-matraca","status":"publish","type":"product","link":"https:\/\/soydeaqui.ddns.net\/pachuca\/index.php\/producto\/desarmador-multipunta-15-en-1-con-matraca\/","title":{"rendered":"Desarmador Multipunta 15 en 1 con Matraca"},"content":{"rendered":"<div style='width: 100%; max-width: 1200px; margin: 0 auto; font-family: sans-serif; line-height: 1.6; color: inherit; background-color: transparent;'>\n<div style='display: flex; flex-wrap: wrap; gap: 30px; margin-bottom: 30px;'>\n<div style='flex: 1 1 300px; min-width: 280px;'>\n<h3 style='font-size: 22px; border-bottom: 2px solid currentColor; padding-bottom: 5px; margin-top: 0; color: inherit; opacity: 0.8;'>Caracter\u00edsticas<\/h3>\n<ul style='padding-left: 20px; font-size: 15px; color: inherit;'>\n<li style='margin-bottom: 5px;'>Desarmador multipunta que cuenta con un mecanismo duradero de matraca para una operaci\u00f3n m\u00e1s r\u00e1pida y f\u00e1cil durante todo el d\u00eda<\/li>\n<li style='margin-bottom: 5px;'>Almacenamiento integrado de 14 puntas de desarmador diferentes de doble extremo y un desarmador de caja de 1\/4&#8221;<\/li>\n<li style='margin-bottom: 5px;'>Puntas con resistencia de grado industrial que est\u00e1n alojadas de manera pr\u00e1ctica dentro del mango<\/li>\n<li style='margin-bottom: 5px;'>Collar\u00edn que establece la posici\u00f3n de la matraca hacia adelante&comma; fija y hacia atr\u00e1s<\/li>\n<li style='margin-bottom: 5px;'>Mango Cushion-Grip\u2122 para proporcionar m\u00e1xima comodidad y mayor torsi\u00f3n<\/li>\n<li style='margin-bottom: 5px;'>Incluye puntas Phillips (n.\u00ba 0&comma; n.\u00ba 1&comma; n.\u00ba 2 y n.\u00ba 3)&comma; ranuradas (3\/16&#8221; y 1\/4&#8221;)&comma; cuadradas (n.\u00ba 1 y n.\u00ba 2)&comma; Torx\u00ae (T10&comma; T15&comma; T20 y T25) y combinadas (n.\u00ba 1 y n.\u00ba 2)<\/li>\n<li style='margin-bottom: 5px;'>TORX\u00ae es una marca registrada de Acument Intellectual Properties&comma; LLC<\/li>\n<\/ul><\/div>\n<\/p><\/div>\n<div style='display: flex; flex-wrap: wrap; gap: 20px; margin-bottom: 30px;'>\n<div style='flex: 1 1 250px; border: 1px solid rgba(150&comma; 150&comma; 150&comma; 0.4); border-radius: 8px; overflow: hidden; display: flex; flex-direction: column;'>\n<div style='padding: 15px; border-bottom: 1px solid rgba(150&comma; 150&comma; 150&comma; 0.2); font-weight: bold; font-size: 18px; color: inherit;'>Im\u00e1genes<\/div>\n<div style='padding: 15px; color: inherit;'> <img style='width: 100%; height: auto; border: 1px solid rgba(150&comma;150&comma;150&comma;0.3); border-radius: 8px;' src='https:\/\/ftp3.syscom.mx\/usuarios\/fotos\/32305\/216853-32305_app5.jpg' alt=''> <img style='width: 100%; height: auto; border: 1px solid rgba(150&comma;150&comma;150&comma;0.3); border-radius: 8px;' src='https:\/\/ftp3.syscom.mx\/usuarios\/fotos\/32305\/216853-captura_de_pantalla_2023-03-17_a_la(s)_17.41.11.png' alt=''> <\/div>\n<\/p><\/div>\n<\/p><\/div>\n<div style='margin-bottom: 30px;'>\n<div style='position: relative; padding-bottom: 56.25%; height: 0; overflow: hidden; margin-bottom: 30px;'>   <\/div>\n<\/p><\/div>\n<\/p><\/div>\n","protected":false},"excerpt":{"rendered":"<p>Desarmador Multipunta 15 en 1 con Matraca<\/p>\n","protected":false},"featured_media":41827,"comment_status":"open","ping_status":"closed","template":"","meta":[],"product_brand":[],"product_cat":[1138],"product_tag":[1058,1139,432],"class_list":{"0":"post-41828","1":"product","2":"type-product","3":"status-publish","4":"has-post-thumbnail","6":"product_cat-herramientas-mecanicas","7":"product_tag-ferreteria","8":"product_tag-herramientas-mecanicas","9":"product_tag-klein-tools","11":"first","12":"instock","13":"sale","14":"shipping-taxable","15":"purchasable","16":"product-type-simple"},"_links":{"self":[{"href":"https:\/\/soydeaqui.ddns.net\/pachuca\/index.php\/wp-json\/wp\/v2\/product\/41828","targetHints":{"allow":["GET"]}}],"collection":[{"href":"https:\/\/soydeaqui.ddns.net\/pachuca\/index.php\/wp-json\/wp\/v2\/product"}],"about":[{"href":"https:\/\/soydeaqui.ddns.net\/pachuca\/index.php\/wp-json\/wp\/v2\/types\/product"}],"replies":[{"embeddable":true,"href":"https:\/\/soydeaqui.ddns.net\/pachuca\/index.php\/wp-json\/wp\/v2\/comments?post=41828"}],"wp:featuredmedia":[{"embeddable":true,"href":"https:\/\/soydeaqui.ddns.net\/pachuca\/index.php\/wp-json\/wp\/v2\/media\/41827"}],"wp:attachment":[{"href":"https:\/\/soydeaqui.ddns.net\/pachuca\/index.php\/wp-json\/wp\/v2\/media?parent=41828"}],"wp:term":[{"taxonomy":"product_brand","embeddable":true,"href":"https:\/\/soydeaqui.ddns.net\/pachuca\/index.php\/wp-json\/wp\/v2\/product_brand?post=41828"},{"taxonomy":"product_cat","embeddable":true,"href":"https:\/\/soydeaqui.ddns.net\/pachuca\/index.php\/wp-json\/wp\/v2\/product_cat?post=41828"},{"taxonomy":"product_tag","embeddable":true,"href":"https:\/\/soydeaqui.ddns.net\/pachuca\/index.php\/wp-json\/wp\/v2\/product_tag?post=41828"}],"curies":[{"name":"wp","href":"https:\/\/api.w.org\/{rel}","templated":true}]}}