{"id":41808,"date":"2026-03-18T18:24:55","date_gmt":"2026-03-18T18:24:55","guid":{"rendered":"https:\/\/soydeaqui.ddns.net\/pachuca\/index.php\/producto\/kit-solar-para-interconexion-de-2-2kw-de-potencia-pico-220vcc-con-microinversor-y-4-modulos-de-550-w-incluye-montaje\/"},"modified":"2026-03-18T18:24:56","modified_gmt":"2026-03-18T18:24:56","slug":"kit-solar-para-interconexion-de-2-2kw-de-potencia-pico-220vcc-con-microinversor-y-4-modulos-de-550-w-incluye-montaje","status":"publish","type":"product","link":"https:\/\/soydeaqui.ddns.net\/pachuca\/index.php\/producto\/kit-solar-para-interconexion-de-2-2kw-de-potencia-pico-220vcc-con-microinversor-y-4-modulos-de-550-w-incluye-montaje\/","title":{"rendered":"Kit Solar para Interconexi\u00f3n de 2.2KW de Potencia Pico 220Vcc con Microinversor y 4 M\u00f3dulos de 550 W (Incluye Montaje )"},"content":{"rendered":"<div style='width: 100%; max-width: 1200px; margin: 0 auto; font-family: sans-serif; line-height: 1.6; color: inherit; background-color: transparent;'>\n<div style='display: flex; flex-direction: column; gap: 30px;'>\n<div>\n<p style='margin: 0 0 15px;'>Kit Solar para Interconexi\u00f3n de 2000W de potencia 220Vcc con Microinversor y M\u00f3dulos Monocristalinos.<\/p>\n<p style='margin: 0 0 15px;'>El kit incluye:<\/p>\n<\/p><\/div>\n<div style='display: flex; flex-wrap: wrap; gap: 30px;'>\n<div style='flex: 1 1 300px; min-width: 280px;'>\n<table style='width: 100%; border-collapse: collapse; color: inherit;'>\n<thead>\n<tr style='background-color: rgba(0&comma; 0&comma; 0&comma; 0.03);'>\n<th style='padding: 12px; text-align: left; border: 1px solid rgba(150&comma;150&comma;150&comma;0.3); border-right: none; font-weight: bold;'>Cantidad<\/th>\n<th style='padding: 12px; text-align: left; border: 1px solid rgba(150&comma;150&comma;150&comma;0.3); border-right: none; border-left: none; font-weight: bold;'>Modelo<\/th>\n<th style='padding: 12px; text-align: left; border: 1px solid rgba(150&comma;150&comma;150&comma;0.3); border-left: none; font-weight: bold;'>Descripci\u00f3n<\/th>\n<\/tr>\n<\/thead>\n<tbody>\n<tr>\n<td style='padding: 10px; border: 1px solid rgba(150&comma;150&comma;150&comma;0.3); border-right: none; border-top: none;'>4<\/td>\n<td style='padding: 10px; border: 1px solid rgba(150&comma;150&comma;150&comma;0.3); border-right: none; border-left: none; border-top: none;'>ETM772BH550WW\/WB<\/td>\n<td style='padding: 10px; border: 1px solid rgba(150&comma;150&comma;150&comma;0.3); border-left: none; border-top: none;'>M\u00f3dulo Solar &comma; 550W&comma; 50 Vcc &comma; Monocristalino&comma; 144 Celdas grado A&comma; 10BB<\/td>\n<\/tr>\n<tr>\n<td style='padding: 10px; border: 1px solid rgba(150&comma;150&comma;150&comma;0.3); border-right: none; border-top: none;'>1<\/td>\n<td style='padding: 10px; border: 1px solid rgba(150&comma;150&comma;150&comma;0.3); border-right: none; border-left: none; border-top: none;'> <a style='color: inherit; text-decoration: none; font-weight: 600;' href='https:\/\/www.syscom.mx\/producto\/HMS20004TA-HOYMILES-215988.html'>HMS20004TA<\/a> <\/td>\n<td style='padding: 10px; border: 1px solid rgba(150&comma;150&comma;150&comma;0.3); border-left: none; border-top: none;'>Microinversor 2 Kw&comma; 220 Vca&comma; para Interconexi\u00f3n a Red El\u00e9ctrica<\/td>\n<\/tr>\n<tr>\n<td style='padding: 10px; border: 1px solid rgba(150&comma;150&comma;150&comma;0.3); border-right: none; border-top: none;'>1<\/td>\n<td style='padding: 10px; border: 1px solid rgba(150&comma;150&comma;150&comma;0.3); border-right: none; border-left: none; border-top: none;'> <a style='color: inherit; text-decoration: none; font-weight: 600;' href='https:\/\/www.syscom.mx\/principal\/searchcont?route=ACTRUNKCABLE-HOYMILES-201221&#038;autodetect=ACTRUNKCABLE'>ACTRUNKCABLE<\/a> <\/td>\n<td style='padding: 10px; border: 1px solid rgba(150&comma;150&comma;150&comma;0.3); border-left: none; border-top: none;'>Conector Troncal Para Microinversores HMS-2000-4T<\/td>\n<\/tr>\n<tr>\n<td style='padding: 10px; border: 1px solid rgba(150&comma;150&comma;150&comma;0.3); border-right: none; border-top: none;'>1<\/td>\n<td style='padding: 10px; border: 1px solid rgba(150&comma;150&comma;150&comma;0.3); border-right: none; border-left: none; border-top: none;'> <a style='color: inherit; text-decoration: none; font-weight: 600;' href='https:\/\/www.syscom.mx\/principal\/searchcont?route=KITHOYMILESTOOL-HOYMILES-201217&#038;autodetect=KITHOYMILESTOOL'>KITHOYMILESTOOL<\/a> <\/td>\n<td style='padding: 10px; border: 1px solid rgba(150&comma;150&comma;150&comma;0.3); border-left: none; border-top: none;'>kit de Herramienta y Accesorios Para Cable Troncal de Microinversor<\/td>\n<\/tr>\n<tr>\n<td style='padding: 10px; border: 1px solid rgba(150&comma;150&comma;150&comma;0.3); border-right: none; border-top: none;'>1<\/td>\n<td style='padding: 10px; border: 1px solid rgba(150&comma;150&comma;150&comma;0.3); border-right: none; border-left: none; border-top: none;'>VEKTOR8R<\/td>\n<td style='padding: 10px; border: 1px solid rgba(150&comma;150&comma;150&comma;0.3); border-left: none; border-top: none;'>Montaje Riel de 4400mm para M\u00f3dulos con Espesor de 40mm<\/td>\n<\/tr>\n<\/tbody>\n<\/table><\/div>\n<\/p><\/div>\n<div style='display: flex; flex-wrap: wrap; gap: 30px;'>\n<div style='flex: 1 1 300px; min-width: 280px;'>\n<h3 style='font-size: 22px; border-bottom: 2px solid currentColor; padding-bottom: 5px; margin-top: 0; color: inherit; opacity: 0.8;'>Notas T\u00e9cnicas<\/h3>\n<ul style='padding-left: 20px; font-size: 15px; color: inherit; list-style-type: disc;'>\n<li style='margin-bottom: 5px;'>No incluye el monitoreo.<\/li>\n<li style='margin-bottom: 5px;'>Para monitoreo necesita el DTUPROS \/ DTULITESSE (se vende por separado).<\/li>\n<li style='margin-bottom: 5px;'>No incluye cableado ya que variar\u00e1 seg\u00fan la instalaci\u00f3n.<\/li>\n<\/ul><\/div>\n<\/p><\/div>\n<div style='display: flex; flex-wrap: wrap; gap: 30px;'>\n<div style='flex: 1 1 300px; min-width: 280px;'>\n<h3 style='font-size: 22px; border-bottom: 2px solid currentColor; padding-bottom: 5px; margin-top: 0; color: inherit; opacity: 0.8;'>\u00bfPara qu\u00e9 sirve un sistema de interconexi\u00f3n a la red?<\/h3>\n<p style='margin: 0 0 15px;'>Un kit de energ\u00eda solar para interconexi\u00f3n con la CFE es \u00fatil para los usuarios que desean utilizar energ\u00eda solar para su hogar o negocio y conectarla a la red de la Comisi\u00f3n Federal de Electricidad (CFE).<\/p>\n<p style='margin: 0 0 15px;'>Este tipo de kit permite a los usuarios generar su propia energ\u00eda renovable y reducir su dependencia de la electricidad proporcionada por la CFE&comma; lo que resulta en un ahorro en su factura de electricidad.<\/p>\n<p style='margin: 0;'>Adem\u00e1s&comma; los kits de energ\u00eda solar para interconexi\u00f3n con la CFE tambi\u00e9n ayudan a reducir la demanda de electricidad en la red y a mejorar la eficiencia energ\u00e9tica en general&comma; lo que es positivo para el medio ambiente.<\/p>\n<\/p><\/div>\n<\/p><\/div>\n<\/p><\/div>\n<\/p><\/div>\n","protected":false},"excerpt":{"rendered":"<p>Kit Solar para Interconexi\u00f3n de 2.2KW de Potencia Pico 220Vcc con Microinversor y 4 M\u00f3dulos de 550 W (Incluye Montaje )<\/p>\n","protected":false},"featured_media":41807,"comment_status":"open","ping_status":"closed","template":"","meta":[],"product_brand":[],"product_cat":[1129],"product_tag":[964,1094,1130],"class_list":{"0":"post-41808","1":"product","2":"type-product","3":"status-publish","4":"has-post-thumbnail","6":"product_cat-kit-solar-interconexion","7":"product_tag-energia-solar","8":"product_tag-hoymiles","9":"product_tag-kit-solar-interconexion","11":"first","12":"outofstock","13":"sale","14":"shipping-taxable","15":"purchasable","16":"product-type-simple"},"_links":{"self":[{"href":"https:\/\/soydeaqui.ddns.net\/pachuca\/index.php\/wp-json\/wp\/v2\/product\/41808","targetHints":{"allow":["GET"]}}],"collection":[{"href":"https:\/\/soydeaqui.ddns.net\/pachuca\/index.php\/wp-json\/wp\/v2\/product"}],"about":[{"href":"https:\/\/soydeaqui.ddns.net\/pachuca\/index.php\/wp-json\/wp\/v2\/types\/product"}],"replies":[{"embeddable":true,"href":"https:\/\/soydeaqui.ddns.net\/pachuca\/index.php\/wp-json\/wp\/v2\/comments?post=41808"}],"wp:featuredmedia":[{"embeddable":true,"href":"https:\/\/soydeaqui.ddns.net\/pachuca\/index.php\/wp-json\/wp\/v2\/media\/41807"}],"wp:attachment":[{"href":"https:\/\/soydeaqui.ddns.net\/pachuca\/index.php\/wp-json\/wp\/v2\/media?parent=41808"}],"wp:term":[{"taxonomy":"product_brand","embeddable":true,"href":"https:\/\/soydeaqui.ddns.net\/pachuca\/index.php\/wp-json\/wp\/v2\/product_brand?post=41808"},{"taxonomy":"product_cat","embeddable":true,"href":"https:\/\/soydeaqui.ddns.net\/pachuca\/index.php\/wp-json\/wp\/v2\/product_cat?post=41808"},{"taxonomy":"product_tag","embeddable":true,"href":"https:\/\/soydeaqui.ddns.net\/pachuca\/index.php\/wp-json\/wp\/v2\/product_tag?post=41808"}],"curies":[{"name":"wp","href":"https:\/\/api.w.org\/{rel}","templated":true}]}}