{"id":41795,"date":"2026-03-18T18:24:35","date_gmt":"2026-03-18T18:24:35","guid":{"rendered":"https:\/\/soydeaqui.ddns.net\/pachuca\/index.php\/producto\/ups-smart-app-online-s-de-1000-va-900-w-online-doble-conversion-entrada-120-vca-nema-5-15p-onda-senoidal-pura-rack-o-torre-de-2-ur-con-8-tomas-nema-5-15r\/"},"modified":"2026-03-18T18:24:41","modified_gmt":"2026-03-18T18:24:41","slug":"ups-smart-app-online-s-de-1000-va-900-w-online-doble-conversion-entrada-120-vca-nema-5-15p-onda-senoidal-pura-rack-o-torre-de-2-ur-con-8-tomas-nema-5-15r","status":"publish","type":"product","link":"https:\/\/soydeaqui.ddns.net\/pachuca\/index.php\/producto\/ups-smart-app-online-s-de-1000-va-900-w-online-doble-conversion-entrada-120-vca-nema-5-15p-onda-senoidal-pura-rack-o-torre-de-2-ur-con-8-tomas-nema-5-15r\/","title":{"rendered":"UPS Smart App Online S de 1000 VA\/900 W, Online Doble Conversi\u00f3n, Entrada 120 Vca NEMA 5-15P, Onda Senoidal Pura, Rack o Torre de 2 UR, Con 8 Tomas NEMA 5-15R"},"content":{"rendered":"<div style='width: 100%; max-width: 1200px; margin: 0 auto; font-family: sans-serif; line-height: 1.6; color: inherit;'>\n<div style='display: flex; flex-wrap: wrap; gap: 30px; margin-bottom: 30px;'>\n<div style='flex: 1 1 300px; min-width: 280px;'>\n<h3 style='font-size: 22px; border-bottom: 2px solid currentColor; padding-bottom: 5px; margin-top: 0; color: inherit; opacity: 0.8;'>Descripci\u00f3n General<\/h3>\n<p style='font-size: 15px; color: inherit; margin-top: 0;'> <img style='width: 100%; height: auto; border: 1px solid rgba(150&comma;150&comma;150&comma;0.3); border-radius: 8px;' src='https:\/\/ftp3.syscom.mx\/usuarios\/fotos\/logotipos\/cyberpower.png' alt=''> <\/p>\n<p style='font-size: 15px; color: inherit;'> CyberPower OLS1000RT2UA es un UPS de alto rendimiento con topolog\u00eda de doble conversi\u00f3n en l\u00ednea que proporciona energ\u00eda de onda senoidal pura sin interrupciones&comma; para dispositivos de misi\u00f3n cr\u00edtica como NAS y servidores&comma; DVR\/sistemas de vigilancia&comma; transporte e infraestructura y sistemas de emergencia. Por lo general&comma; est\u00e1 integrado en entornos de oficinas&comma; salas de servidores y centros de datos. <\/p>\n<p style='font-size: 15px; color: inherit;'> El UPS cuenta con un panel LCD a color para que los usuarios controlen el sistema de energ\u00eda y configuren los ajustes f\u00e1cilmente. Este modelo se puede utilizar con m\u00f3dulos de bater\u00eda extendidos (EBM) compatibles para prolongar el tiempo de autonom\u00eda del sistema durante una interrupci\u00f3n de la alimentaci\u00f3n el\u00e9ctrica. Los ventiladores de velocidad variable brindan una gesti\u00f3n t\u00e9rmica autom\u00e1tica basada en la carga de potencia para reducir el ruido y brindar mayor comodidad a los usuarios. El producto tambi\u00e9n es compatible con el software de administraci\u00f3n de energ\u00eda&comma; para realizar monitoreo en tiempo real y administraci\u00f3n remota. <\/p>\n<\/p><\/div>\n<\/p><\/div>\n<div style='display: flex; flex-wrap: wrap; gap: 20px; margin-bottom: 30px;'>\n<div style='flex: 1 1 250px; border: 1px solid rgba(150&comma; 150&comma; 150&comma; 0.4); border-radius: 8px; overflow: hidden; display: flex; flex-direction: column;'>\n<div style='padding: 15px; border-bottom: 1px solid rgba(150&comma; 150&comma; 150&comma; 0.2); font-weight: bold; font-size: 18px; color: inherit;'>Especificaciones T\u00e9cnicas<\/div>\n<div style='padding: 15px; color: inherit;'>\n<ul style='padding-left: 20px; margin: 0; font-size: 14px; list-style-type: disc;'>\n<li style='margin-bottom: 5px;'>Voltaje nominal de entrada: 120 \u00b1 10% Vca<\/li>\n<li style='margin-bottom: 5px;'>Frecuencia de entrada: 50 \u00b1 10&comma; 60 \u00b1 10 Hz<\/li>\n<li style='margin-bottom: 5px;'>Tipo de enchufe de entrada: NEMA 5-15P <img style='width: 40px; height: 40px; border: 1px solid rgba(150&comma;150&comma;150&comma;0.3); border-radius: 8px; vertical-align: middle;' src='https:\/\/www.cyberpower.com\/mx\/es\/File\/GetImageByDocId\/GeneralAttribute-235' alt=''> <\/li>\n<li style='margin-bottom: 5px;'>Longitud del cable: 1.5 m.<\/li>\n<li style='margin-bottom: 5px;'>Salida VA: 1000<\/li>\n<li style='margin-bottom: 5px;'>Salida Watts: 900<\/li>\n<li style='margin-bottom: 5px;'>Factor de potencia: 0.9<\/li>\n<li style='margin-bottom: 5px;'>Voltaje de salida: 120 Vca<\/li>\n<li style='margin-bottom: 5px;'>Total de tomas de salida: 8<\/li>\n<li style='margin-bottom: 5px;'>Tipo de Tomas de Salida: NEMA 5-15R (8) <img style='width: 40px; height: 40px; border: 1px solid rgba(150&comma;150&comma;150&comma;0.3); border-radius: 8px; vertical-align: middle;' src='https:\/\/www.cyberpower.com\/mx\/es\/File\/GetImageByDocId\/GeneralAttribute-238' alt=''> <\/li>\n<li style='margin-bottom: 5px;'>Protecci\u00f3n de picos: Protecci\u00f3n de picos grado de red<\/li>\n<li style='margin-bottom: 5px;'>Administraci\u00f3n Remota SNMP \/ HTTP: RMCARD205 (Opcional)<\/li>\n<li style='margin-bottom: 5px;'>M\u00f3dulo de Bater\u00edas Extendidas: BPSE24V40ART2U<\/li>\n<li style='margin-bottom: 5px;'>Indicadores: Pantalla LCD de lectura<\/li>\n<li style='margin-bottom: 5px;'>Tama\u00f1o en Rack: 2 UR<\/li>\n<li style='margin-bottom: 5px;'>Dimensiones: 438 x 88 x 430 mm (Ancho x Alto x Profundidad)<\/li>\n<li style='margin-bottom: 5px;'>Peso: 12.7 Kg<\/li>\n<li style='margin-bottom: 5px;'>Compatible con Generador<\/li>\n<li style='margin-bottom: 5px;'>(1 en bater\u00edas)<\/li>\n<\/ul><\/div>\n<\/p><\/div>\n<div style='flex: 1 1 250px; border: 1px solid rgba(150&comma; 150&comma; 150&comma; 0.4); border-radius: 8px; overflow: hidden; display: flex; flex-direction: column;'>\n<div style='padding: 15px; border-bottom: 1px solid rgba(150&comma; 150&comma; 150&comma; 0.2); font-weight: bold; font-size: 18px; color: inherit;'>Contenido del Paquete<\/div>\n<div style='padding: 15px; color: inherit;'>\n<ul style='padding-left: 20px; margin: 0; font-size: 14px; list-style-type: disc;'>\n<li style='margin-bottom: 5px;'>Riel de Montaje en Rack.<\/li>\n<li style='margin-bottom: 5px;'>Orejeras de Montaje en Rack.<\/li>\n<li style='margin-bottom: 5px;'>Kit de Tornillos.<\/li>\n<li style='margin-bottom: 5px;'>Cable de Alimentaci\u00f3n.<\/li>\n<li style='margin-bottom: 5px;'>Cable USB.<\/li>\n<li style='margin-bottom: 5px;'>Manual de Usuario.<\/li>\n<\/ul><\/div>\n<\/p><\/div>\n<\/p><\/div>\n<hr style='border: 0; border-top: 1px solid rgba(150&comma; 150&comma; 150&comma; 0.3); margin: 30px 0;'> <\/div>\n","protected":false},"excerpt":{"rendered":"<p>UPS Smart App Online S de 1000 VA\/900 W, Online Doble Conversi\u00f3n, Entrada 120 Vca NEMA 5-15P, Onda Senoidal Pura, Rack o Torre de 2 UR, Con 8 Tomas NEMA 5-15R<\/p>\n","protected":false},"featured_media":41794,"comment_status":"open","ping_status":"closed","template":"","meta":[],"product_brand":[],"product_cat":[1231],"product_tag":[677,142,1232],"class_list":{"0":"post-41795","1":"product","2":"type-product","3":"status-publish","4":"has-post-thumbnail","6":"product_cat-ups-no-break-energia-videovigilancia","7":"product_tag-cyberpower","8":"product_tag-energia","9":"product_tag-ups-no-break-2","11":"first","12":"instock","13":"sale","14":"shipping-taxable","15":"purchasable","16":"product-type-simple"},"_links":{"self":[{"href":"https:\/\/soydeaqui.ddns.net\/pachuca\/index.php\/wp-json\/wp\/v2\/product\/41795","targetHints":{"allow":["GET"]}}],"collection":[{"href":"https:\/\/soydeaqui.ddns.net\/pachuca\/index.php\/wp-json\/wp\/v2\/product"}],"about":[{"href":"https:\/\/soydeaqui.ddns.net\/pachuca\/index.php\/wp-json\/wp\/v2\/types\/product"}],"replies":[{"embeddable":true,"href":"https:\/\/soydeaqui.ddns.net\/pachuca\/index.php\/wp-json\/wp\/v2\/comments?post=41795"}],"wp:featuredmedia":[{"embeddable":true,"href":"https:\/\/soydeaqui.ddns.net\/pachuca\/index.php\/wp-json\/wp\/v2\/media\/41794"}],"wp:attachment":[{"href":"https:\/\/soydeaqui.ddns.net\/pachuca\/index.php\/wp-json\/wp\/v2\/media?parent=41795"}],"wp:term":[{"taxonomy":"product_brand","embeddable":true,"href":"https:\/\/soydeaqui.ddns.net\/pachuca\/index.php\/wp-json\/wp\/v2\/product_brand?post=41795"},{"taxonomy":"product_cat","embeddable":true,"href":"https:\/\/soydeaqui.ddns.net\/pachuca\/index.php\/wp-json\/wp\/v2\/product_cat?post=41795"},{"taxonomy":"product_tag","embeddable":true,"href":"https:\/\/soydeaqui.ddns.net\/pachuca\/index.php\/wp-json\/wp\/v2\/product_tag?post=41795"}],"curies":[{"name":"wp","href":"https:\/\/api.w.org\/{rel}","templated":true}]}}