{"id":41749,"date":"2026-03-18T18:23:22","date_gmt":"2026-03-18T18:23:22","guid":{"rendered":"https:\/\/soydeaqui.ddns.net\/pachuca\/index.php\/producto\/cincho-de-nylon-6-6-de-203mm-largo-x-3-6mm-ancho-color-negro-paquete-de-1000-piezas\/"},"modified":"2026-03-18T18:23:26","modified_gmt":"2026-03-18T18:23:26","slug":"cincho-de-nylon-6-6-de-203mm-largo-x-3-6mm-ancho-color-negro-paquete-de-1000-piezas","status":"publish","type":"product","link":"https:\/\/soydeaqui.ddns.net\/pachuca\/index.php\/producto\/cincho-de-nylon-6-6-de-203mm-largo-x-3-6mm-ancho-color-negro-paquete-de-1000-piezas\/","title":{"rendered":"Cincho de Nylon 6.6, de 203mm largo x 3.6mm ancho, Color Negro. Paquete de 1000 Piezas"},"content":{"rendered":"<div style='width: 100%; max-width: 1200px; margin: 0 auto; font-family: sans-serif; line-height: 1.6; color: inherit; background-color: transparent;'>\n<div style='display: flex; flex-direction: column; align-items: center; margin-bottom: 30px;'> <img style='width: 100%; max-width: 300px; height: auto; border: 1px solid rgba(150&comma;150&comma;150&comma;0.3); border-radius: 8px;' src='https:\/\/ftp3.syscom.mx\/usuarios\/fotos\/PLT2IM30\/217842-217843-panduit-logo-tm-negro-fondo_trans30-01_(002)_(1).png' alt=''> <\/p>\n<h2 style='font-size: 22px; margin-top: 20px; color: inherit; opacity: 0.8;'>Cincho de bloqueo Panduit&comma; Nylon 6.6 estabilizado al calor&comma; de 203 mm (8.0&#8242;)<\/h2>\n<\/p><\/div>\n<div style='margin-bottom: 30px; font-size: 15px; color: inherit;'>\n<p>Las bridas Panduit PLT2I-M30 est\u00e1n dise\u00f1adas para satisfacer las necesidades de aplicaciones generales y ofrecen rendimiento y confiabilidad uniformes. Gracias a la punta curva&comma; el levantamiento desde las superficies planas es f\u00e1cil y el enroscamiento inicial es m\u00e1s r\u00e1pido. Secci\u00f3n transversal intermedia&comma; 8.0&#8242; (203mm) de largo. Producto para interiores y aplicaciones de alta temperatura&comma; fabricado con Nylon 6.6 estabilizado al calor&comma; color negro y se comercializa en paquetes de 1000.<\/p>\n<\/p><\/div>\n<div style='display: flex; justify-content: center; margin-bottom: 30px;'> <img style='width: 100%; max-width: 800px; height: auto; border: 1px solid rgba(150&comma;150&comma;150&comma;0.3); border-radius: 8px;' src='https:\/\/ftp3.syscom.mx\/usuarios\/fotos\/PLT2IM30\/217842-captura_de_pantalla_2023-05-26_a_la(s)_14.59.18.png' alt=''> <\/div>\n<\/p><\/div>\n","protected":false},"excerpt":{"rendered":"<p>Cincho de Nylon 6.6, de 203mm largo x 3.6mm ancho, Color Negro. Paquete de 1000 Piezas<\/p>\n","protected":false},"featured_media":41748,"comment_status":"open","ping_status":"closed","template":"","meta":[],"product_brand":[],"product_cat":[574],"product_tag":[572,575,445],"class_list":{"0":"post-41749","1":"product","2":"type-product","3":"status-publish","4":"has-post-thumbnail","6":"product_cat-fijacion","7":"product_tag-canalizacion","8":"product_tag-fijacion","9":"product_tag-panduit","11":"first","12":"instock","13":"sale","14":"shipping-taxable","15":"purchasable","16":"product-type-simple"},"_links":{"self":[{"href":"https:\/\/soydeaqui.ddns.net\/pachuca\/index.php\/wp-json\/wp\/v2\/product\/41749","targetHints":{"allow":["GET"]}}],"collection":[{"href":"https:\/\/soydeaqui.ddns.net\/pachuca\/index.php\/wp-json\/wp\/v2\/product"}],"about":[{"href":"https:\/\/soydeaqui.ddns.net\/pachuca\/index.php\/wp-json\/wp\/v2\/types\/product"}],"replies":[{"embeddable":true,"href":"https:\/\/soydeaqui.ddns.net\/pachuca\/index.php\/wp-json\/wp\/v2\/comments?post=41749"}],"wp:featuredmedia":[{"embeddable":true,"href":"https:\/\/soydeaqui.ddns.net\/pachuca\/index.php\/wp-json\/wp\/v2\/media\/41748"}],"wp:attachment":[{"href":"https:\/\/soydeaqui.ddns.net\/pachuca\/index.php\/wp-json\/wp\/v2\/media?parent=41749"}],"wp:term":[{"taxonomy":"product_brand","embeddable":true,"href":"https:\/\/soydeaqui.ddns.net\/pachuca\/index.php\/wp-json\/wp\/v2\/product_brand?post=41749"},{"taxonomy":"product_cat","embeddable":true,"href":"https:\/\/soydeaqui.ddns.net\/pachuca\/index.php\/wp-json\/wp\/v2\/product_cat?post=41749"},{"taxonomy":"product_tag","embeddable":true,"href":"https:\/\/soydeaqui.ddns.net\/pachuca\/index.php\/wp-json\/wp\/v2\/product_tag?post=41749"}],"curies":[{"name":"wp","href":"https:\/\/api.w.org\/{rel}","templated":true}]}}