{"id":41747,"date":"2026-03-18T18:23:18","date_gmt":"2026-03-18T18:23:18","guid":{"rendered":"https:\/\/soydeaqui.ddns.net\/pachuca\/index.php\/producto\/inversor-cargador-3kw-compatible-con-baterias-de-litio-monitoreo-remoto-y-sincronizacion-para-mayor-potencia-operacion-48vcc\/"},"modified":"2026-03-18T18:23:19","modified_gmt":"2026-03-18T18:23:19","slug":"inversor-cargador-3kw-compatible-con-baterias-de-litio-monitoreo-remoto-y-sincronizacion-para-mayor-potencia-operacion-48vcc","status":"publish","type":"product","link":"https:\/\/soydeaqui.ddns.net\/pachuca\/index.php\/producto\/inversor-cargador-3kw-compatible-con-baterias-de-litio-monitoreo-remoto-y-sincronizacion-para-mayor-potencia-operacion-48vcc\/","title":{"rendered":"Inversor Cargador 3kW Compatible con Bater\u00edas de Litio, Monitoreo Remoto y Sincronizaci\u00f3n para Mayor Potencia, Operaci\u00f3n 48Vcc"},"content":{"rendered":"<div style='width: 100%; max-width: 1200px; margin: 0 auto; font-family: sans-serif; line-height: 1.6; color: inherit; background-color: transparent;'> <!-- T\u00edtulo principal --> <\/p>\n<div style='text-align: center; margin: 30px 0;'>\n<h2 style='font-size: 24px; color: inherit; margin: 0;'> Inversor Cargador 3kW Compatible con Bater\u00edas de Litio&comma; Monitoreo Remoto y Sincronizaci\u00f3n para Mayor Potencia <\/h2>\n<\/p><\/div>\n<p> <!-- Secci\u00f3n de caracter\u00edsticas en grid --> <\/p>\n<div style='display: grid; grid-template-columns: repeat(auto-fill&comma; minmax(280px&comma; 1fr)); gap: 30px; margin-bottom: 30px;'> <!-- Cargador CA --> <\/p>\n<div style='border: 1px solid rgba(150&comma;150&comma;150&comma;0.4); border-radius: 8px; padding: 20px;'>\n<h3 style='font-size: 18px; border-bottom: 2px solid currentColor; padding-bottom: 5px; margin-top: 0; color: inherit; opacity: 0.8;'> Cargador CA <\/h3>\n<ul style='padding-left: 20px; font-size: 14px; color: inherit;'>\n<li style='margin-bottom: 5px;'>Corriente de carga 40A<\/li>\n<li style='margin-bottom: 5px;'>Voltaje de entrada CA: 120Vca<\/li>\n<li style='margin-bottom: 5px;'>Rango de voltaje: 65 &#8211; 140Vca<\/li>\n<li style='margin-bottom: 5px;'>Rango de frecuencia: 50Hz \/ 60Hz sensado autom\u00e1tico<\/li>\n<\/ul><\/div>\n<p> <!-- Salida del Inversor --> <\/p>\n<div style='border: 1px solid rgba(150&comma;150&comma;150&comma;0.4); border-radius: 8px; padding: 20px;'>\n<h3 style='font-size: 18px; border-bottom: 2px solid currentColor; padding-bottom: 5px; margin-top: 0; color: inherit; opacity: 0.8;'> Salida del Inversor <\/h3>\n<ul style='padding-left: 20px; font-size: 14px; color: inherit;'>\n<li style='margin-bottom: 5px;'>Potencia de salida de 3kW<\/li>\n<li style='margin-bottom: 5px;'>Regulaci\u00f3n de Voltaje de Salida: 120Vac \u00b1 5%<\/li>\n<li style='margin-bottom: 5px;'>Conexi\u00f3n en paralelo hasta 6 unidades<\/li>\n<li style='margin-bottom: 5px;'>Eficiencia m\u00e1xima 90%<\/li>\n<li style='margin-bottom: 5px;'>Tiempo de transferencia 10ms<\/li>\n<li style='margin-bottom: 5px;'>Frecuencia de Salida: 50Hz \/ 60Hz (pre determinado)<\/li>\n<li style='margin-bottom: 5px;'>Bajo Voltaje CD de Corte (solo \u00e1cido de plomo): 42.0Vdc @ carga < 20% 40.8Vdc@20%\u2264carga<50% 38.4Vdc @ carga \u2265 50%<\/li>\n<\/ul><\/div>\n<p> <!-- Cargador Solar --> <\/p>\n<div style='border: 1px solid rgba(150&comma;150&comma;150&comma;0.4); border-radius: 8px; padding: 20px;'>\n<h3 style='font-size: 18px; border-bottom: 2px solid currentColor; padding-bottom: 5px; margin-top: 0; color: inherit; opacity: 0.8;'> Cargador Solar <\/h3>\n<ul style='padding-left: 20px; font-size: 14px; color: inherit;'>\n<li style='margin-bottom: 5px;'>Max. Potencia PV 4kW<\/li>\n<li style='margin-bottom: 5px;'>Rango de Voltaje del MPPT: 150 Vcc &#8211; 250Vcc<\/li>\n<li style='margin-bottom: 5px;'>Voltaje M\u00e1ximo de Circuito Abierto: 250Vcc<\/li>\n<li style='margin-bottom: 5px;'>Corriente M\u00e1xima de Carga 80A<\/li>\n<li style='margin-bottom: 5px;'>Eficiencia m\u00e1xima 97%<\/li>\n<li style='margin-bottom: 5px;'>Consumo de Energ\u00eda en Espera: 2W<\/li>\n<\/ul><\/div>\n<\/p><\/div>\n<p> <!-- Secci\u00f3n de funcionamiento --> <\/p>\n<div style='margin-bottom: 30px;'>\n<h2 style='text-align: center; font-size: 20px; color: inherit; margin: 0 0 20px 0;'> \u00bfC\u00d3MO FUNCIONA? <\/h2>\n<p> <!-- Nota importante --> <\/p>\n<div style='background-color: rgba(192&comma;57&comma;43&comma;0.1); border-left: 4px solid #c0392b; padding: 15px; margin: 20px 0; border-radius: 4px;'>\n<p style='margin: 0; color: inherit; font-size: 14px;'> <strong>Nota:<\/strong> Es necesario que el equipo tenga un voltaje de paneles cercano a 250Vd para operar de manera correcta&comma; de lo contrario es posible que el equipo no entregue voltaje a las bater\u00edas <\/p>\n<\/p><\/div>\n<p> <!-- Im\u00e1genes --> <\/p>\n<div style='margin: 30px 0;'> <img style='width: 100%; height: auto; border: 1px solid rgba(150&comma;150&comma;150&comma;0.3); border-radius: 8px;' src='https:\/\/ftp3.syscom.mx\/usuarios\/mtopete\/Imagen%20Pagina\/Growatt\/Ciclo%20Growatt.png' alt='Ciclo de operaci\u00f3n Growatt'> <\/div>\n<div style='margin: 30px 0;'> <img style='width: 100%; height: auto; border: 1px solid rgba(150&comma;150&comma;150&comma;0.3); border-radius: 8px;' src='https:\/\/ftp3.syscom.mx\/usuarios\/mtopete\/Imagen%20Pagina\/Growatt\/Planta%20solar.jpg' alt='Planta solar'> <\/div>\n<\/p><\/div>\n<p> <!-- Descripci\u00f3n detallada --> <\/p>\n<div style='margin-bottom: 30px; font-size: 15px;'>\n<p> El inversor Growatt SPF 3000TL serie LVM tiene una salida de alimentaci\u00f3n de onda sinusoidal pura a 120VAC. <\/p>\n<p> Es perfecto para aplicaciones fuera de la red&comma; de energ\u00eda de reserva y de autoconsumo&comma; aunque no es un inversor de interconexi\u00f3n. El SPF3000TLLVM48P es capaz de generar ahorros en nuestra factura de CFE gracias a que alimenta las cargas de salida desde el arreglo fotovoltaico mientras se tiene potencia suficiente para hacerlo&comma; de esta manera mitiga el consumo energ\u00e9tico durante las horas efectivas de sol. <\/p>\n<p> Gracias a su sistema de monitoreo podemos realizar el seguimiento de generaci\u00f3n&comma; consumos y niveles de bater\u00eda v\u00eda remota&comma; todo esto desde la aplicaci\u00f3n ShinePhone o bien desde el <a href='https:\/\/server.growatt.com\/login\/toViewExamlePlant' style='color: #007bff; text-decoration: none; font-weight: bold;'>server<\/a>. <\/p>\n<\/p><\/div>\n<p> <!-- Imagen de conexi\u00f3n paralela --> <\/p>\n<div style='margin: 30px 0;'> <img style='width: 100%; height: auto; border: 1px solid rgba(150&comma;150&comma;150&comma;0.3); border-radius: 8px;' src='https:\/\/www.growatt.mx\/upload\/file\/contents\/2021\/05\/60a75303e56d5.png' alt='Conexi\u00f3n paralela Growatt'> <\/div>\n<p> <!-- Descripci\u00f3n de conexi\u00f3n paralela --> <\/p>\n<div style='margin: 30px 0; font-size: 15px;'>\n<p style='text-align: center;'> El SPF3000TLLVM48P puede conectarse en paralelo para lograr arreglos de hasta 18kW&comma; esta configuraci\u00f3n la podemos realizar en arreglos a 110Vca&comma; 220Vca bif\u00e1sicos o 220Vca trif\u00e1sicos&comma; todo depender\u00e1 de la conexi\u00f3n que realicemos y las configuraciones que hagamos en el equipo. <\/p>\n<\/p><\/div>\n<p> <!-- Nota sobre bater\u00edas --> <\/p>\n<div style='margin: 30px 0;'>\n<div style='background-color: rgba(255&comma;255&comma;255&comma;0.05); border-left: 4px solid #ff9800; padding: 15px; border-radius: 4px;'>\n<p style='margin: 0; color: inherit; font-size: 14px;'> <strong>*Bater\u00edas no incluidas&comma;<\/strong> el banco de bater\u00edas es obligatorio y requiere un voltaje de operaci\u00f3n de 48Vcc. <\/p>\n<\/p><\/div>\n<\/p><\/div>\n<\/p><\/div>\n","protected":false},"excerpt":{"rendered":"<p>Inversor Cargador 3kW Compatible con Bater\u00edas de Litio, Monitoreo Remoto y Sincronizaci\u00f3n para Mayor Potencia, Operaci\u00f3n 48Vcc<\/p>\n","protected":false},"featured_media":41746,"comment_status":"open","ping_status":"closed","template":"","meta":[],"product_brand":[],"product_cat":[1120],"product_tag":[964,1157,1121],"class_list":{"0":"post-41747","1":"product","2":"type-product","3":"status-publish","4":"has-post-thumbnail","6":"product_cat-inversores-aislados-off-grid","7":"product_tag-energia-solar","8":"product_tag-growatt","9":"product_tag-inversores-aislados-off-grid","11":"first","12":"outofstock","13":"sale","14":"shipping-taxable","15":"purchasable","16":"product-type-simple"},"_links":{"self":[{"href":"https:\/\/soydeaqui.ddns.net\/pachuca\/index.php\/wp-json\/wp\/v2\/product\/41747","targetHints":{"allow":["GET"]}}],"collection":[{"href":"https:\/\/soydeaqui.ddns.net\/pachuca\/index.php\/wp-json\/wp\/v2\/product"}],"about":[{"href":"https:\/\/soydeaqui.ddns.net\/pachuca\/index.php\/wp-json\/wp\/v2\/types\/product"}],"replies":[{"embeddable":true,"href":"https:\/\/soydeaqui.ddns.net\/pachuca\/index.php\/wp-json\/wp\/v2\/comments?post=41747"}],"wp:featuredmedia":[{"embeddable":true,"href":"https:\/\/soydeaqui.ddns.net\/pachuca\/index.php\/wp-json\/wp\/v2\/media\/41746"}],"wp:attachment":[{"href":"https:\/\/soydeaqui.ddns.net\/pachuca\/index.php\/wp-json\/wp\/v2\/media?parent=41747"}],"wp:term":[{"taxonomy":"product_brand","embeddable":true,"href":"https:\/\/soydeaqui.ddns.net\/pachuca\/index.php\/wp-json\/wp\/v2\/product_brand?post=41747"},{"taxonomy":"product_cat","embeddable":true,"href":"https:\/\/soydeaqui.ddns.net\/pachuca\/index.php\/wp-json\/wp\/v2\/product_cat?post=41747"},{"taxonomy":"product_tag","embeddable":true,"href":"https:\/\/soydeaqui.ddns.net\/pachuca\/index.php\/wp-json\/wp\/v2\/product_tag?post=41747"}],"curies":[{"name":"wp","href":"https:\/\/api.w.org\/{rel}","templated":true}]}}