{"id":41731,"date":"2026-03-18T18:22:50","date_gmt":"2026-03-18T18:22:50","guid":{"rendered":"https:\/\/soydeaqui.ddns.net\/pachuca\/index.php\/producto\/pocket-e-camara-termografica-portatil-lente-termico-1-35-mm-96-x-96-pixeles-lente-optico-640-x-480-wifi-ip54-memoria-interna-4-gb-hasta-4-horas-de-funcionamiento-continuo\/"},"modified":"2026-03-18T18:22:57","modified_gmt":"2026-03-18T18:22:57","slug":"pocket-e-camara-termografica-portatil-lente-termico-1-35-mm-96-x-96-pixeles-lente-optico-640-x-480-wifi-ip54-memoria-interna-4-gb-hasta-4-horas-de-funcionamiento-continuo","status":"publish","type":"product","link":"https:\/\/soydeaqui.ddns.net\/pachuca\/index.php\/producto\/pocket-e-camara-termografica-portatil-lente-termico-1-35-mm-96-x-96-pixeles-lente-optico-640-x-480-wifi-ip54-memoria-interna-4-gb-hasta-4-horas-de-funcionamiento-continuo\/","title":{"rendered":"POCKET-E &#8211; C\u00e1mara Termogr\u00e1fica Port\u00e1til Lente T\u00e9rmico 1.35 mm (96 x 96) pixeles \/ Lente Optico (640 \u00d7 480) \/ WiFi \/ IP54 \/ Memoria interna 4 Gb \/ Hasta 4 Horas de Funcionamiento Continuo"},"content":{"rendered":"<div style=\"width: 100%; max-width: 1200px; margin: 0 auto; font-family: sans-serif; line-height: 1.6; color: inherit; background-color: transparent;\"><!-- Logo HIKMICRO --><\/p>\n<p style=\"text-align: center; margin: 0;\"><img decoding=\"async\" style=\"width: 45%; height: auto; border: 1px solid rgba(150&comma; 150&comma; 150&comma; 0.3); border-radius: 8px;\" src=\"https:\/\/ftp3.syscom.mx\/usuarios\/fotos\/HMTP2310VF\/WM30\/200759-logo-hikmicro.png\" alt=\"Logo HIKMICRO\" class=\"fr-fic fr-dii\"><\/p>\n<p><!-- T\u00edtulo del producto --><\/p>\n<h3 style=\"font-size: 22px; border-bottom: 2px solid currentColor; padding-bottom: 5px; margin-top: 30px; margin-bottom: 20px; color: inherit; opacity: 0.8; text-align: center;\"><strong>C&Aacute;MARA T&Eacute;RMICA PORT&Aacute;TIL HIKMICRO POCKETE<\/strong><\/h3>\n<p><!-- Im\u00e1genes principales --><\/p>\n<div style=\"margin: 30px 0; display: flex; flex-direction: column; gap: 30px;\"><img decoding=\"async\" style=\"width: 100%; height: auto; border: 1px solid rgba(150&comma; 150&comma; 150&comma; 0.3); border-radius: 8px;\" src=\"https:\/\/ftp3.syscom.mx\/usuarios\/fotos\/HMTP401AQF\/WPOCKETE\/219925-pockete-landing-page_06_final.jpg\" alt=\"PocketE Landing Page 1\" class=\"fr-fil fr-dib\">&nbsp;<img decoding=\"async\" style=\"width: 100%; height: auto; border: 1px solid rgba(150&comma; 150&comma; 150&comma; 0.3); border-radius: 8px;\" src=\"https:\/\/ftp3.syscom.mx\/usuarios\/fotos\/HMTP401AQF\/WPOCKETE\/219925-pockete-landing-page_10_final.jpg\" alt=\"PocketE Landing Page 2\" class=\"fr-fil fr-dib\"><\/div>\n<p><!-- Secci\u00f3n de especificaciones en cajas rojas --><\/p>\n<div style=\"display: flex; flex-wrap: wrap; gap: 30px; margin: 30px 0;\"><!-- Caracter\u00edsticas Principales --><\/p>\n<div style=\"flex: 1 1 45%; min-width: 300px;\">\n<div style=\"border: 1px solid rgba(150&comma; 150&comma; 150&comma; 0.4); border-radius: 8px; overflow: hidden; display: flex; flex-direction: column;\">\n<div style=\"padding: 15px; background: #df001e; border-bottom: 1px solid #a80000; font-weight: bold; font-size: 18px; color: white; opacity: 0.95;\">CARACTER&Iacute;STICAS PRINCIPALES<\/div>\n<div style=\"padding: 15px; color: inherit;\">\n<ul style=\"padding-left: 20px; margin: 0; font-size: 14px; list-style-type: disc;\">\n<li style=\"margin-bottom: 5px;\"><strong>Resoluci&oacute;n T&eacute;rmica:<\/strong> 96 &times; 96 p&iacute;xeles (9&comma;216 p&iacute;xeles)<\/li>\n<li style=\"margin-bottom: 5px;\"><strong>SuperIR:<\/strong> 240 &times; 240 (57&comma;600 p&iacute;xeles) en im&aacute;genes capturadas<\/li>\n<li style=\"margin-bottom: 5px;\"><strong>Relaci&oacute;n distancia a punto (D:S):<\/strong> 112:1<\/li>\n<li style=\"margin-bottom: 5px;\"><strong>Sensibilidad t&eacute;rmica (NETD):<\/strong> &lt; 50 mK (@ 25&deg;C&comma; F#=1.0)<\/li>\n<li style=\"margin-bottom: 5px;\"><strong>Frecuencia de imagen:<\/strong> 25 Hz<\/li>\n<li style=\"margin-bottom: 5px;\"><strong>Lente T&eacute;rmico:<\/strong> Fijo 1.35 mm (F1.0)<\/li>\n<li style=\"margin-bottom: 5px;\"><strong>Campo de Visi&oacute;n (FOV):<\/strong> 50&deg; &times; 50&deg;<\/li>\n<li style=\"margin-bottom: 5px;\"><strong>Resoluci&oacute;n espacial (IFOV):<\/strong> 8.89 mrad<\/li>\n<li style=\"margin-bottom: 5px;\"><strong>Distancia m&iacute;nima de enfoque:<\/strong> 0.1 m (0.33 ft)<\/li>\n<li style=\"margin-bottom: 5px;\"><strong>Modo de enfoque:<\/strong> Sin enfoque (Focus Free)<\/li>\n<li style=\"margin-bottom: 5px;\"><strong>Puntero l&aacute;ser:<\/strong> S&iacute;&comma; Clase II<\/li>\n<li style=\"margin-bottom: 5px;\"><strong>Lente &Oacute;ptico:<\/strong> 640 &times; 480 (0.3 MP)<\/li>\n<\/ul>\n<\/div>\n<\/div>\n<\/div>\n<p><!-- Medici\u00f3n y An\u00e1lisis --><\/p>\n<div style=\"flex: 1 1 45%; min-width: 300px;\">\n<div style=\"border: 1px solid rgba(150&comma; 150&comma; 150&comma; 0.4); border-radius: 8px; overflow: hidden; display: flex; flex-direction: column;\">\n<div style=\"padding: 15px; background: #df001e; border-bottom: 1px solid #a80000; font-weight: bold; font-size: 18px; color: white; opacity: 0.95;\">MEDICI&Oacute;N Y AN&Aacute;LISIS<\/div>\n<div style=\"padding: 15px; color: inherit;\">\n<ul style=\"padding-left: 20px; margin: 0; font-size: 14px; list-style-type: disc;\">\n<li style=\"margin-bottom: 5px;\"><strong>Rango de temperatura:<\/strong> -20&deg;C a 350&deg;C (-4&deg;F a 662&deg;F)<\/li>\n<li style=\"margin-bottom: 5px;\"><strong>Precisi&oacute;n:<\/strong> M&aacute;x. (&plusmn;2&deg;C\/3.6&deg;F&comma; &plusmn;2%) a temperatura ambiente 25&deg;C y objeto &gt;0&deg;C<\/li>\n<li style=\"margin-bottom: 5px;\"><strong>Herramientas de medici&oacute;n:<\/strong> Punto central (Center Spot)&comma; punto caliente (Hot Spot)&comma; punto fr&iacute;o (Cold Spot)&comma; apagado (Off)<\/li>\n<li style=\"margin-bottom: 5px;\"><strong>Modos de nivel y rango:<\/strong> Autom&aacute;tico \/ Manual<\/li>\n<li style=\"margin-bottom: 5px;\"><strong>Paletas de color:<\/strong> White Hot&comma; Black Hot&comma; Rainbow&comma; Ironbow&comma; Red Hot&comma; Fusion<\/li>\n<li style=\"margin-bottom: 5px;\"><strong>Alarma de color:<\/strong> Sobre alarma (Above alarm)<\/li>\n<\/ul>\n<\/div>\n<\/div>\n<\/div>\n<\/div>\n<p><!-- Segunda fila de especificaciones --><\/p>\n<div style=\"display: flex; flex-wrap: wrap; gap: 30px; margin: 30px 0;\"><!-- Visualizaci\u00f3n y Almacenamiento --><\/p>\n<div style=\"flex: 1 1 45%; min-width: 300px;\">\n<div style=\"border: 1px solid rgba(150&comma; 150&comma; 150&comma; 0.4); border-radius: 8px; overflow: hidden; display: flex; flex-direction: column;\">\n<div style=\"padding: 15px; background: #df001e; border-bottom: 1px solid #a80000; font-weight: bold; font-size: 18px; color: white; opacity: 0.95;\">VISUALIZACI&Oacute;N Y ALMACENAMIENTO<\/div>\n<div style=\"padding: 15px; color: inherit;\">\n<ul style=\"padding-left: 20px; margin: 0; font-size: 14px; list-style-type: disc;\">\n<li style=\"margin-bottom: 5px;\"><strong>Pantalla:<\/strong> 3.5&quot; con resoluci&oacute;n 320 &times; 240 p&iacute;xeles<\/li>\n<li style=\"margin-bottom: 5px;\"><strong>Modos de imagen:<\/strong> T&eacute;rmico<\/li>\n<li style=\"margin-bottom: 5px;\"><strong>Memoria interna:<\/strong> 4 GB flash (no removible)<\/li>\n<li style=\"margin-bottom: 5px;\"><strong>Capacidad de im&aacute;genes:<\/strong> Aprox. 30&comma;000 im&aacute;genes (JPEG)<\/li>\n<li style=\"margin-bottom: 5px;\"><strong>Interfaz:<\/strong> USB Type-C<\/li>\n<li style=\"margin-bottom: 5px;\"><strong>Wi-Fi:<\/strong> 802.11 b\/g\/n (2.4 GHz)<\/li>\n<\/ul>\n<\/div>\n<\/div>\n<\/div>\n<p><!-- Caracter\u00edsticas F\u00edsicas y El\u00e9ctricas --><\/p>\n<div style=\"flex: 1 1 45%; min-width: 300px;\">\n<div style=\"border: 1px solid rgba(150&comma; 150&comma; 150&comma; 0.4); border-radius: 8px; overflow: hidden; display: flex; flex-direction: column;\">\n<div style=\"padding: 15px; background: #df001e; border-bottom: 1px solid #a80000; font-weight: bold; font-size: 18px; color: white; opacity: 0.95;\">CARACTER&Iacute;STICAS F&Iacute;SICAS Y EL&Eacute;CTRICAS<\/div>\n<div style=\"padding: 15px; color: inherit;\">\n<ul style=\"padding-left: 20px; margin: 0; font-size: 14px; list-style-type: disc;\">\n<li style=\"margin-bottom: 5px;\"><strong>Temperatura de operaci&oacute;n:<\/strong> -10&deg;C a 50&deg;C (14&deg;F a 122&deg;F)<\/li>\n<li style=\"margin-bottom: 5px;\"><strong>Alimentaci&oacute;n:<\/strong> 5 Vcc \/ 1.92 W<\/li>\n<li style=\"margin-bottom: 5px;\"><strong>Carga v&iacute;a USB:<\/strong> 5 V DC \/ 2 A<\/li>\n<li style=\"margin-bottom: 5px;\"><strong>Tipo de bater&iacute;a:<\/strong> Li-ion integrada<\/li>\n<li style=\"margin-bottom: 5px;\"><strong>Autonom&iacute;a:<\/strong> Hasta 4 horas continuas de uso<\/li>\n<li style=\"margin-bottom: 5px;\"><strong>Tiempo de carga:<\/strong> Aprox. 150 minutos (2.5 horas)<\/li>\n<li style=\"margin-bottom: 5px;\"><strong>Protecci&oacute;n:<\/strong> IP54<\/li>\n<li style=\"margin-bottom: 5px;\"><strong>Dimensiones:<\/strong> 138.45 mm &times; 85.2 mm &times; 23.6 mm<\/li>\n<li style=\"margin-bottom: 5px;\"><strong>Peso:<\/strong> 218 gramos<\/li>\n<li style=\"margin-bottom: 5px;\"><strong>Garant&iacute;a:<\/strong> 3 a&ntilde;os<\/li>\n<\/ul>\n<\/div>\n<\/div>\n<\/div>\n<\/div>\n<p><!-- Consideraciones --><\/p>\n<div style=\"display: flex; flex-wrap: wrap; gap: 30px; margin: 30px 0;\">\n<div style=\"flex: 1 1 100%; min-width: 300px;\">\n<div style=\"border: 1px solid rgba(150&comma; 150&comma; 150&comma; 0.4); border-radius: 8px; overflow: hidden; display: flex; flex-direction: column;\">\n<div style=\"padding: 15px; background: #df001e; border-bottom: 1px solid #a80000; font-weight: bold; font-size: 18px; color: white; opacity: 0.95;\">CONSIDERACIONES<\/div>\n<div style=\"padding: 15px; color: inherit;\">\n<ul style=\"padding-left: 20px; margin: 0; font-size: 14px; list-style-type: disc;\">\n<li style=\"margin-bottom: 5px;\">La carga completa de la bater&iacute;a es de aproximadamente 150 minutos<\/li>\n<li style=\"margin-bottom: 5px;\">Memoria interna no removible de 4 GB<\/li>\n<li style=\"margin-bottom: 5px;\">La funci&oacute;n SuperIR mejora la resoluci&oacute;n a 240 &times; 240 en im&aacute;genes capturadas<\/li>\n<li style=\"margin-bottom: 5px;\">Compatible con la App HIKMICRO Viewer para conexi&oacute;n Wi-Fi<\/li>\n<\/ul>\n<\/div>\n<\/div>\n<\/div>\n<\/div>\n<p><!-- Im\u00e1genes adicionales --><\/p>\n<div style=\"display: flex; flex-direction: column; gap: 30px; margin: 30px 0;\"><img decoding=\"async\" style=\"width: 100%; height: auto; border: 1px solid rgba(150&comma; 150&comma; 150&comma; 0.3); border-radius: 8px;\" src=\"https:\/\/ftp3.syscom.mx\/usuarios\/fotos\/HMTP401AQF\/WPOCKETE\/219925-pockete-landing-page_09.jpg\" alt=\"PocketE Especificaciones\" class=\"fr-fil fr-dib\">&nbsp;<img decoding=\"async\" style=\"width: 100%; height: auto; border: 1px solid rgba(150&comma; 150&comma; 150&comma; 0.3); border-radius: 8px;\" src=\"https:\/\/ftp3.syscom.mx\/usuarios\/fotos\/HMTP401AQF\/WPOCKETE\/219925-pockete-landing-page_01.jpg\" alt=\"PocketE Caracter\u00edsticas\" class=\"fr-fil fr-dib\"><\/div>\n<p><!-- Banner final --><\/p>\n<hr style=\"border: 0; border-top: 1px solid rgba(150&comma; 150&comma; 150&comma; 0.3); margin: 30px 0;\">\n<div style=\"text-align: center; margin: 30px 0;\"><img decoding=\"async\" style=\"width: 100%; max-width: 100%; height: auto; border: 1px solid rgba(150&comma; 150&comma; 150&comma; 0.3); border-radius: 8px;\" src=\"https:\/\/ftp3.syscom.mx\/usuarios\/emendoza\/elesbanmch\/HikMicro\/HIKMICRO.png\" alt=\"Banner HIKMICRO\" class=\"fr-fil fr-dib\"><\/div>\n<\/div>\n","protected":false},"excerpt":{"rendered":"<p>POCKET-E &#8211; C\u00e1mara Termogr\u00e1fica Port\u00e1til Lente T\u00e9rmico 1.35 mm (96 x 96) pixeles \/ Lente Optico (640 \u00d7 480) \/ WiFi \/ IP54 \/ Memoria interna 4 Gb \/ Hasta 4 Horas de Funcionamiento Continuo<\/p>\n","protected":false},"featured_media":41730,"comment_status":"open","ping_status":"closed","template":"","meta":[],"product_brand":[],"product_cat":[1049],"product_tag":[122,158,1050],"class_list":{"0":"post-41731","1":"product","2":"type-product","3":"status-publish","4":"has-post-thumbnail","6":"product_cat-termicas","7":"product_tag-camaras-ip-y-nvrs","8":"product_tag-hikmicro","9":"product_tag-termicas","11":"first","12":"instock","13":"sale","14":"shipping-taxable","15":"purchasable","16":"product-type-simple"},"_links":{"self":[{"href":"https:\/\/soydeaqui.ddns.net\/pachuca\/index.php\/wp-json\/wp\/v2\/product\/41731","targetHints":{"allow":["GET"]}}],"collection":[{"href":"https:\/\/soydeaqui.ddns.net\/pachuca\/index.php\/wp-json\/wp\/v2\/product"}],"about":[{"href":"https:\/\/soydeaqui.ddns.net\/pachuca\/index.php\/wp-json\/wp\/v2\/types\/product"}],"replies":[{"embeddable":true,"href":"https:\/\/soydeaqui.ddns.net\/pachuca\/index.php\/wp-json\/wp\/v2\/comments?post=41731"}],"wp:featuredmedia":[{"embeddable":true,"href":"https:\/\/soydeaqui.ddns.net\/pachuca\/index.php\/wp-json\/wp\/v2\/media\/41730"}],"wp:attachment":[{"href":"https:\/\/soydeaqui.ddns.net\/pachuca\/index.php\/wp-json\/wp\/v2\/media?parent=41731"}],"wp:term":[{"taxonomy":"product_brand","embeddable":true,"href":"https:\/\/soydeaqui.ddns.net\/pachuca\/index.php\/wp-json\/wp\/v2\/product_brand?post=41731"},{"taxonomy":"product_cat","embeddable":true,"href":"https:\/\/soydeaqui.ddns.net\/pachuca\/index.php\/wp-json\/wp\/v2\/product_cat?post=41731"},{"taxonomy":"product_tag","embeddable":true,"href":"https:\/\/soydeaqui.ddns.net\/pachuca\/index.php\/wp-json\/wp\/v2\/product_tag?post=41731"}],"curies":[{"name":"wp","href":"https:\/\/api.w.org\/{rel}","templated":true}]}}