{"id":4171,"date":"2026-03-18T06:16:16","date_gmt":"2026-03-18T06:16:16","guid":{"rendered":"https:\/\/soydeaqui.ddns.net\/pachuca\/index.php\/producto\/modulo-adaptador-para-alerta-sismica\/"},"modified":"2026-03-18T06:16:19","modified_gmt":"2026-03-18T06:16:19","slug":"modulo-adaptador-para-alerta-sismica","status":"publish","type":"product","link":"https:\/\/soydeaqui.ddns.net\/pachuca\/index.php\/producto\/modulo-adaptador-para-alerta-sismica\/","title":{"rendered":"Modulo Adaptador para Alerta Sismica"},"content":{"rendered":"<div style='width: 100%; max-width: 1200px; margin: 0 auto; font-family: sans-serif; line-height: 1.6; color: inherit; background-color: transparent;'>\n<p style='text-align: center;'><img style='width: 100%; height: auto; border: 1px solid rgba(150&comma;150&comma;150&comma;0.3); border-radius: 8px;' src='https:\/\/ftp3.syscom.mx\/usuarios\/vvega\/yonusa\/equipos\/sismico\/YASMOD_cabezera.jpg' alt=''><\/p>\n<div style='display: flex; flex-wrap: wrap; gap: 30px; margin-top: 30px;'>\n<div style='flex: 1 1 300px; min-width: 280px;'>\n<h3 style='font-size: 22px; border-bottom: 2px solid currentColor; padding-bottom: 5px; margin-top: 0; color: inherit; opacity: 0.8;'>Descripci\u00f3n<\/h3>\n<p style='font-size: 15px; color: inherit;'>El M\u00f3dulo Adaptador de Alerta S\u00edsmica es un dispositivo que nos permite convertir la se\u00f1al de alerta s\u00edsmica que proporciona un radio meteorol\u00f3gico&comma; mediante un conector plug 3.5 mm&comma; para dar obtener una salida de voltaje y activar la Sirena de Alertamiento S\u00edsmico YONUSA<\/p>\n<\/p><\/div>\n<\/p><\/div>\n<div style='display: flex; flex-wrap: wrap; gap: 20px; margin-top: 30px;'>\n<div style='flex: 1 1 250px; border: 1px solid rgba(150&comma; 150&comma; 150&comma; 0.4); border-radius: 8px; overflow: hidden; display: flex; flex-direction: column;'>\n<div style='padding: 15px; border-bottom: 1px solid rgba(150&comma; 150&comma; 150&comma; 0.2); font-weight: bold; font-size: 18px; color: inherit;'>Funcionalidad<\/div>\n<div style='padding: 15px; color: inherit;'>\n<ul style='padding-left: 20px; margin: 0; font-size: 14px; list-style-type: disc;'>\n<li style='margin-bottom: 5px;'><strong>Proporciona una fuente de alimentaci\u00f3n de 13.5Vdc a 2Amp mediante conexi\u00f3n de corriente alterna (127 o 220 Vac)<\/strong>. <strong>NO incluye cable de alimentacion&comma; recomendado<\/strong> <a style='color: inherit; text-decoration: none; font-weight: 600;' href='https:\/\/www.syscom.mx\/principal\/searchcont?route=ACCORDP1.8M-EPCOM-POWERLINE-211189&#038;autodetect=cable_de_alimentacion'>ACCORDP1.8M<\/a><\/li>\n<li style='margin-bottom: 5px;'>Cuenta con soporte para bater\u00eda recargable de 12Vdc-1.3A\/hr para tener un respaldo de hasta 3 d\u00edas (recomendada <a style='color: inherit; text-decoration: none; font-weight: 600;' href='https:\/\/www.syscom.mx\/principal\/searchcont?route=PL-1.2-12-EPCOM-POWERLINE-67461&#038;autodetect=pl1.212'>PL-1.2-12<\/a>)<\/li>\n<li style='margin-bottom: 5px;'>Term\u00ednales de bornera para la conexi\u00f3n de la Sirena de Alertamiento S\u00edsmico YONUSA&comma; mediante SIR+ (Terminal positiva de la sirena) y SIR- (Terminal negativa de la sirena)<\/li>\n<\/ul><\/div>\n<\/p><\/div>\n<div style='flex: 1 1 250px; border: 1px solid rgba(150&comma; 150&comma; 150&comma; 0.4); border-radius: 8px; overflow: hidden; display: flex; flex-direction: column;'>\n<div style='padding: 15px; border-bottom: 1px solid rgba(150&comma; 150&comma; 150&comma; 0.2); font-weight: bold; font-size: 18px; color: inherit;'>Caracter\u00edsticas F\u00edsicas y El\u00e9ctricas<\/div>\n<div style='padding: 15px; color: inherit;'>\n<ul style='padding-left: 20px; margin: 0; font-size: 14px; list-style-type: disc;'>\n<li style='margin-bottom: 5px;'><strong>Fuente de alimentacion:<\/strong> Entrada 12-14 VCC<\/li>\n<li style='margin-bottom: 5px;'><strong>Corriente de alimentacion:<\/strong> 1.2 Amperes<\/li>\n<li style='margin-bottom: 5px;'><strong>Consumo en Standby:<\/strong> 1 Watt<\/li>\n<li style='margin-bottom: 5px;'><strong>Consumo en Alarma:<\/strong> 2.2 Watts<\/li>\n<li style='margin-bottom: 5px;'><strong>Soporte de bater\u00eda interna:<\/strong> 12Vcc 1.3 Amp\/hr: 7 d\u00edas<\/li>\n<li style='margin-bottom: 5px;'><strong>Soporte de bater\u00eda externa:<\/strong> 12Vcc 30 Amp\/hr: 50 d\u00edas<\/li>\n<li style='margin-bottom: 5px;'><strong>Alcance Cableado Sirena:<\/strong> 15 mts<\/li>\n<li style='margin-bottom: 5px;'><strong>Dimensiones:<\/strong> 14 x 16.5 x 8.5 cm<\/li>\n<li style='margin-bottom: 5px;'><strong>Peso:<\/strong> .4 Kgs<\/li>\n<li style='margin-bottom: 5px;'><strong>Material:<\/strong> Poliestireno Alto Impacto (retardante a la flama&comma; norma B0)<\/li>\n<li style='margin-bottom: 5px;'><strong>Tipo:<\/strong> NEMA 2 (uso en briznas y lloviznas)<\/li>\n<\/ul><\/div>\n<\/p><\/div>\n<div style='flex: 1 1 250px; border: 1px solid rgba(150&comma; 150&comma; 150&comma; 0.4); border-radius: 8px; overflow: hidden; display: flex; flex-direction: column;'>\n<div style='padding: 15px; border-bottom: 1px solid rgba(150&comma; 150&comma; 150&comma; 0.2); font-weight: bold; font-size: 18px; color: inherit;'>Caracter\u00edsticas Destacadas<\/div>\n<div style='padding: 15px; color: inherit;'>\n<ul style='padding-left: 20px; margin: 0; font-size: 14px; list-style-type: disc;'>\n<li style='margin-bottom: 5px;'>Tiene dos indicadores LED para el se\u00f1alamiento de: 1- Encendido del dispositivo 2- Alerta S\u00edsmica Activada<\/li>\n<li style='margin-bottom: 5px;'>Proporciona la alimentaci\u00f3n necesaria para el cableado de la Sirena de Alertamiento s\u00edsmico a unos 15 metros de distancia<\/li>\n<li style='margin-bottom: 5px;'>Es compatible con dispositivo MULTIPUNTO YONUSA para la activaci\u00f3n de la Sirena de Alertamiento S\u00edsmico YONUSA de forma inal\u00e1mbrica. (Consultar ficha t\u00e9cnica Multipunto)<\/li>\n<\/ul><\/div>\n<\/p><\/div>\n<\/p><\/div>\n<hr style='border: 0; border-top: 1px solid rgba(150&comma; 150&comma; 150&comma; 0.3); margin: 30px 0;'>\n<div style='display: flex; flex-wrap: wrap; gap: 30px; margin-top: 30px;'>\n<div style='flex: 1 1 300px; min-width: 280px;'>\n<h3 style='font-size: 22px; border-bottom: 2px solid currentColor; padding-bottom: 5px; margin-top: 0; color: inherit; opacity: 0.8;'>Funcionamiento y equipo<\/h3>\n<p style='font-size: 15px; color: inherit;'>Se utiliza un radio meteorol\u00f3gico el cual es capaz de recibir la se\u00f1al que se emite por Sistema de Alertamiento S\u00edsmico Mexicano (SASMEX)&comma; la cual es una se\u00f1al que se transmite de manera abierta&comma; siempre y cuando se tenga este radio. Esta se\u00f1al se transmite en 7 canales diferentes&comma; el cual se selecciona el canal en el radio conforme a la zona en la que se vaya instalar el equipo&comma; llevando al siguiente punto.<\/p>\n<p style='font-size: 15px; color: inherit;'>La alerta s\u00edsmica \u00fanicamente se transmite en zonas altamente s\u00edsmicas del pa\u00eds como lo es: Ciudad de M\u00e9xico&comma; Puebla&comma; Acapulco&comma; Chilpancingo&comma; Morelia&comma; Oaxaca&comma; Toluca y Morelos.<\/p>\n<\/p><\/div>\n<\/p><\/div>\n<p style='text-align: center;'><img style='width: 100%; height: auto; border: 1px solid rgba(150&comma;150&comma;150&comma;0.3); border-radius: 8px;' src='https:\/\/ftp3.syscom.mx\/usuarios\/vvega\/yonusa\/equipos\/sismico\/Sismica.jpg' alt=''><\/p>\n<\/p><\/div>\n","protected":false},"excerpt":{"rendered":"<p>Modulo Adaptador para Alerta Sismica<\/p>\n","protected":false},"featured_media":4170,"comment_status":"open","ping_status":"closed","template":"","meta":[],"product_brand":[],"product_cat":[92],"product_tag":[93,82,84],"class_list":{"0":"post-4171","1":"product","2":"type-product","3":"status-publish","4":"has-post-thumbnail","6":"product_cat-accesorios","7":"product_tag-accesorios","8":"product_tag-cercas-electricas","9":"product_tag-yonusa","11":"first","12":"instock","13":"sale","14":"shipping-taxable","15":"purchasable","16":"product-type-simple"},"_links":{"self":[{"href":"https:\/\/soydeaqui.ddns.net\/pachuca\/index.php\/wp-json\/wp\/v2\/product\/4171","targetHints":{"allow":["GET"]}}],"collection":[{"href":"https:\/\/soydeaqui.ddns.net\/pachuca\/index.php\/wp-json\/wp\/v2\/product"}],"about":[{"href":"https:\/\/soydeaqui.ddns.net\/pachuca\/index.php\/wp-json\/wp\/v2\/types\/product"}],"replies":[{"embeddable":true,"href":"https:\/\/soydeaqui.ddns.net\/pachuca\/index.php\/wp-json\/wp\/v2\/comments?post=4171"}],"wp:featuredmedia":[{"embeddable":true,"href":"https:\/\/soydeaqui.ddns.net\/pachuca\/index.php\/wp-json\/wp\/v2\/media\/4170"}],"wp:attachment":[{"href":"https:\/\/soydeaqui.ddns.net\/pachuca\/index.php\/wp-json\/wp\/v2\/media?parent=4171"}],"wp:term":[{"taxonomy":"product_brand","embeddable":true,"href":"https:\/\/soydeaqui.ddns.net\/pachuca\/index.php\/wp-json\/wp\/v2\/product_brand?post=4171"},{"taxonomy":"product_cat","embeddable":true,"href":"https:\/\/soydeaqui.ddns.net\/pachuca\/index.php\/wp-json\/wp\/v2\/product_cat?post=4171"},{"taxonomy":"product_tag","embeddable":true,"href":"https:\/\/soydeaqui.ddns.net\/pachuca\/index.php\/wp-json\/wp\/v2\/product_tag?post=4171"}],"curies":[{"name":"wp","href":"https:\/\/api.w.org\/{rel}","templated":true}]}}