{"id":41709,"date":"2026-03-18T18:22:11","date_gmt":"2026-03-18T18:22:11","guid":{"rendered":"https:\/\/soydeaqui.ddns.net\/pachuca\/index.php\/producto\/gabinete-de-lamina-galvanizada-para-baterias-hasta-12-baterias-pl110d12-y-equipo-de-comunicacion\/"},"modified":"2026-03-18T18:22:13","modified_gmt":"2026-03-18T18:22:13","slug":"gabinete-de-lamina-galvanizada-para-baterias-hasta-12-baterias-pl110d12-y-equipo-de-comunicacion","status":"publish","type":"product","link":"https:\/\/soydeaqui.ddns.net\/pachuca\/index.php\/producto\/gabinete-de-lamina-galvanizada-para-baterias-hasta-12-baterias-pl110d12-y-equipo-de-comunicacion\/","title":{"rendered":"Gabinete de L\u00e1mina Galvanizada para  Bater\u00edas (Hasta 12 Bater\u00edas PL110D12) y Equipo de Comunicaci\u00f3n."},"content":{"rendered":"<div style=\"width: 100%; max-width: 1200px; margin: 0 auto; font-family: sans-serif; line-height: 1.6; color: inherit; background-color: transparent;\">\n<div style=\"display: flex; flex-wrap: wrap; gap: 30px; margin-bottom: 30px;\">\n<div style=\"flex: 1 1 300px; min-width: 280px;\">\n<h3 style=\"font-size: 22px; border-bottom: 2px solid currentColor; padding-bottom: 5px; margin-top: 0; color: inherit; opacity: 0.8;\">Caracter&iacute;sticas Funcionales<\/h3>\n<ul style=\"padding-left: 20px; font-size: 15px; color: inherit;\">\n<li style=\"margin-bottom: 5px;\">Su cuerpo amplio permite resguardar sistemas de radiocomunicaci&oacute;n&comma; fuentes&comma; bater&iacute;as&comma; y otros accesorios (No incluido).<\/li>\n<li style=\"margin-bottom: 5px;\">Puede almacenar hasta 12 <a style=\"color: inherit; text-decoration: underline;\" href=\"https:\/\/www.syscom.mx\/producto\/PL-110-D12-EPCOM-POWER-LINE-71055.html\">bater&iacute;as PL110D12<\/a> (No incluidas).<\/li>\n<li style=\"margin-bottom: 5px;\">Ideal para zonas con alto coeficiente de humedad o zonas salitrosas cercanas a playa.<\/li>\n<\/ul><\/div>\n<\/p><\/div>\n<div style=\"display: flex; flex-wrap: wrap; gap: 30px; margin-bottom: 30px;\">\n<div style=\"flex: 1 1 300px; min-width: 280px;\">\n<h3 style=\"font-size: 22px; border-bottom: 2px solid currentColor; padding-bottom: 5px; margin-top: 0; color: inherit; opacity: 0.8;\">Aplicaci&oacute;n<\/h3>\n<ul style=\"padding-left: 20px; font-size: 15px; color: inherit;\">\n<li style=\"margin-bottom: 5px;\">Equipo de radiocomunicaci&oacute;n como repetidoras y fuentes.<\/li>\n<li style=\"margin-bottom: 5px;\">Aplicaciones solares para resguardo de banco de bater&iacute;as.<\/li>\n<li style=\"margin-bottom: 5px;\">Resguardo de bienes como herramientas y componentes el&eacute;ctricos.<\/li>\n<\/ul><\/div>\n<\/p><\/div>\n<div style=\"display: flex; flex-wrap: wrap; gap: 30px; margin-bottom: 30px;\">\n<div style=\"flex: 1 1 300px; min-width: 280px;\">\n<h3 style=\"font-size: 22px; border-bottom: 2px solid currentColor; padding-bottom: 5px; margin-top: 0; color: inherit; opacity: 0.8;\">Caracter&iacute;sticas F&iacute;sicas<\/h3>\n<ul style=\"padding-left: 20px; font-size: 15px; color: inherit;\">\n<li style=\"margin-bottom: 5px;\"><strong>Aplicaci&oacute;n:<\/strong> Exterior<\/li>\n<li style=\"margin-bottom: 5px;\"><strong>Material:<\/strong> L&aacute;mina de acero galvanizada.<\/li>\n<li style=\"margin-bottom: 5px;\"><strong>Dimensiones exteriores:<\/strong> 1180 X 875 X 570 mm (Altura x Ancho x Profundidad).<\/li>\n<\/ul><\/div>\n<\/p><\/div>\n<div style=\"display: flex; flex-wrap: wrap; gap: 30px; margin-bottom: 30px;\">\n<div style=\"flex: 1 1 300px; min-width: 280px;\">\n<h3 style=\"font-size: 22px; border-bottom: 2px solid currentColor; padding-bottom: 5px; margin-top: 0; color: inherit; opacity: 0.8;\">Pintura<\/h3>\n<ul style=\"padding-left: 20px; font-size: 15px; color: inherit;\">\n<li style=\"margin-bottom: 5px;\">Color Beige tonalidad semi-Brillante.<\/li>\n<li style=\"margin-bottom: 5px;\">Aplicada por proceso electrost&aacute;tico horneado de 5 pasos: Desengrasado&comma; enjuague&comma; fosfato de Hierro&comma; enjuague y sellado.<\/li>\n<li style=\"margin-bottom: 5px;\">Pintura Base Poliester.<\/li>\n<\/ul><\/div>\n<\/p><\/div>\n<div style=\"display: flex; flex-wrap: wrap; gap: 30px; margin-bottom: 30px;\">\n<div style=\"flex: 1 1 300px; min-width: 280px;\">\n<h3 style=\"font-size: 22px; border-bottom: 2px solid currentColor; padding-bottom: 5px; margin-top: 0; color: inherit; opacity: 0.8;\">Equipo Compatible<\/h3>\n<ul style=\"padding-left: 20px; font-size: 15px; color: inherit;\">\n<li style=\"margin-bottom: 5px;\">Todo aquel equipo que necesite resguardo en exterior.<\/li>\n<li style=\"margin-bottom: 5px;\">Para resguardo de 12 bater&iacute;as (PL11012&comma; PL10012&comma; PL4012&comma; Etc.).<\/li>\n<\/ul><\/div>\n<\/p><\/div>\n<div style=\"display: flex; flex-wrap: wrap; gap: 30px; margin-bottom: 30px;\">\n<div style=\"flex: 1 1 300px; min-width: 280px;\">\n<h3 style=\"font-size: 22px; border-bottom: 2px solid currentColor; padding-bottom: 5px; margin-top: 0; color: inherit; opacity: 0.8;\">Recomendaciones<\/h3>\n<ul style=\"padding-left: 20px; font-size: 15px; color: inherit;\">\n<li style=\"margin-bottom: 5px;\">Aseg&uacute;rese de que la instalaci&oacute;n sea realizada por un profesional capacitado.<\/li>\n<li style=\"margin-bottom: 5px;\">Peri&oacute;dicamente revise que la torniller&iacute;a este correctamente ajustada.<\/li>\n<li style=\"margin-bottom: 5px;\">Revisar que incluya sus respectivas llaves.<\/li>\n<li style=\"margin-bottom: 5px;\">Programe un plan de mantenimiento para eliminar exceso de polvo y suciedad en el equipo.<\/li>\n<\/ul><\/div>\n<\/p><\/div>\n<div style=\"display: flex; flex-wrap: wrap; gap: 30px; margin-bottom: 30px;\">\n<div style=\"flex: 1 1 100%;\"><img decoding=\"async\" style=\"width: 100%; height: auto; border: 1px solid rgba(150&comma;150&comma;150&comma;0.3); border-radius: 8px;\" src=\"http:\/\/ftp3.syscom.mx\/usuarios\/dcarreon\/EPCOM%20INDUSTRIAL\/PRODUCTOS2\/EIRA5524\/COMENTARIOS.png\" alt=\"Instalacion de Equipo en el Rack\" \/><\/div>\n<\/p><\/div>\n<div style=\"display: flex; flex-wrap: wrap; gap: 30px; margin-bottom: 30px;\">\n<div style=\"flex: 1 1 100%; text-align: center;\"><a style=\"display: inline-block; margin: 20px auto;\" href=\"http:\/\/ftp3.syscom.mx\/usuarios\/dcarreon\/IMPRESOS\/EPCOMindustrialFAMILIA.pdf\" target=\"_new\"> <img decoding=\"async\" style=\"width: 400px; height: auto; border: 1px solid rgba(150&comma;150&comma;150&comma;0.3); border-radius: 8px;\" src=\"http:\/\/ftp3.syscom.mx\/usuarios\/dcarreon\/IMPRESOS\/LOGO_epcom%20industrial.jpg\" alt=\"Logo EPCOM Industrial\" \/> <\/a><\/div>\n<\/p><\/div>\n<div style=\"display: flex; flex-wrap: wrap; gap: 30px; margin-bottom: 30px;\">\n<div style=\"flex: 1 1 100%; text-align: center; font-weight: bold;\">PARA CUALQUIER DUDA O COMENTARIO CONTACTE AL DEPARTAMENTO DE INGENIER&Iacute;A.<\/div>\n<\/p><\/div>\n<\/p><\/div>\n","protected":false},"excerpt":{"rendered":"<p>Gabinete de L\u00e1mina Galvanizada para  Bater\u00edas (Hasta 12 Bater\u00edas PL110D12) y Equipo de Comunicaci\u00f3n.<\/p>\n","protected":false},"featured_media":41708,"comment_status":"open","ping_status":"closed","template":"","meta":[],"product_brand":[],"product_cat":[1104],"product_tag":[1085,181,1105],"class_list":{"0":"post-41709","1":"product","2":"type-product","3":"status-publish","4":"has-post-thumbnail","6":"product_cat-gabinetes-y-racks","7":"product_tag-baterias-y-cargadores","8":"product_tag-epcom-industrial","9":"product_tag-gabinetes-y-racks","11":"first","12":"instock","13":"sale","14":"shipping-taxable","15":"purchasable","16":"product-type-simple"},"_links":{"self":[{"href":"https:\/\/soydeaqui.ddns.net\/pachuca\/index.php\/wp-json\/wp\/v2\/product\/41709","targetHints":{"allow":["GET"]}}],"collection":[{"href":"https:\/\/soydeaqui.ddns.net\/pachuca\/index.php\/wp-json\/wp\/v2\/product"}],"about":[{"href":"https:\/\/soydeaqui.ddns.net\/pachuca\/index.php\/wp-json\/wp\/v2\/types\/product"}],"replies":[{"embeddable":true,"href":"https:\/\/soydeaqui.ddns.net\/pachuca\/index.php\/wp-json\/wp\/v2\/comments?post=41709"}],"wp:featuredmedia":[{"embeddable":true,"href":"https:\/\/soydeaqui.ddns.net\/pachuca\/index.php\/wp-json\/wp\/v2\/media\/41708"}],"wp:attachment":[{"href":"https:\/\/soydeaqui.ddns.net\/pachuca\/index.php\/wp-json\/wp\/v2\/media?parent=41709"}],"wp:term":[{"taxonomy":"product_brand","embeddable":true,"href":"https:\/\/soydeaqui.ddns.net\/pachuca\/index.php\/wp-json\/wp\/v2\/product_brand?post=41709"},{"taxonomy":"product_cat","embeddable":true,"href":"https:\/\/soydeaqui.ddns.net\/pachuca\/index.php\/wp-json\/wp\/v2\/product_cat?post=41709"},{"taxonomy":"product_tag","embeddable":true,"href":"https:\/\/soydeaqui.ddns.net\/pachuca\/index.php\/wp-json\/wp\/v2\/product_tag?post=41709"}],"curies":[{"name":"wp","href":"https:\/\/api.w.org\/{rel}","templated":true}]}}