{"id":41697,"date":"2026-03-18T18:21:56","date_gmt":"2026-03-18T18:21:56","guid":{"rendered":"https:\/\/soydeaqui.ddns.net\/pachuca\/index.php\/producto\/quemador-piloto-utilizado-para-gas-natural-incluye-un-orificio-bcr-10\/"},"modified":"2026-03-18T18:21:57","modified_gmt":"2026-03-18T18:21:57","slug":"quemador-piloto-utilizado-para-gas-natural-incluye-un-orificio-bcr-10","status":"publish","type":"product","link":"https:\/\/soydeaqui.ddns.net\/pachuca\/index.php\/producto\/quemador-piloto-utilizado-para-gas-natural-incluye-un-orificio-bcr-10\/","title":{"rendered":"Quemador piloto utilizado para gas natural incluye un orificio BCR-10"},"content":{"rendered":"<div style='width: 100%; max-width: 1200px; margin: 0 auto; font-family: sans-serif; line-height: 1.6; color: inherit; background-color: transparent;'>\n<div style='display: flex; flex-wrap: wrap; gap: 30px; margin-bottom: 30px;'>\n<div style='flex: 1 1 300px; min-width: 280px;'>\n<h3 style='font-size: 22px; border-bottom: 2px solid currentColor; padding-bottom: 5px; margin-top: 0; color: inherit; opacity: 0.8;'>Descripci\u00f3n General<\/h3>\n<ul style='padding-left: 20px; font-size: 15px; color: inherit;'>\n<li style='margin-bottom: 5px;'>Estos quemadores piloto del sistema SmartValve\u00ae proporcionan encendido y detecci\u00f3n de llama piloto para los sistemas SmartValve.<\/li>\n<li style='margin-bottom: 5px;'>Consisten en un soporte&comma; un objetivo piloto&comma; un electrodo de tierra&comma; una varilla de llama de encendido reemplazable&comma; un conjunto de orificio&comma; un accesorio de compresi\u00f3n y un clip de resorte.<\/li>\n<\/ul><\/div>\n<div style='flex: 1 1 300px; min-width: 280px;'>\n<h3 style='font-size: 22px; border-bottom: 2px solid currentColor; padding-bottom: 5px; margin-top: 0; color: inherit; opacity: 0.8;'>Caracter\u00edsticas F\u00edsicas y El\u00e9ctricas<\/h3>\n<ul style='padding-left: 20px; font-size: 15px; color: inherit;'>\n<li style='margin-bottom: 5px;'>Se utiliza con los sistemas SmartValve\u2122<\/li>\n<li style='margin-bottom: 5px;'>Conjunto de varilla de llama-encendedor reemplazable (Q3400A)<\/li>\n<li style='margin-bottom: 5px;'>El conector con llave integral proporciona una conexi\u00f3n r\u00e1pida y conveniente del encendedor y el sensor a SmartValve\u2122<\/li>\n<li style='margin-bottom: 5px;'>Tiene patrones de llama frontal o de 20 grados a la derecha o a la izquierda<\/li>\n<li style='margin-bottom: 5px;'>Orificios para gas natural o LP disponibles<\/li>\n<li style='margin-bottom: 5px;'>Variedad de soportes de montaje disponibles<\/li>\n<\/ul><\/div>\n<div style='flex: 1 1 300px; min-width: 280px;'>\n<h3 style='font-size: 22px; border-bottom: 2px solid currentColor; padding-bottom: 5px; margin-top: 0; color: inherit; opacity: 0.8;'>Caracter\u00edsticas Destacadas<\/h3>\n<ul style='padding-left: 20px; font-size: 15px; color: inherit;'>\n<li style='margin-bottom: 5px;'><strong>Incluye en el empaque:<\/strong> Conjunto de encendedor y varilla de llama<\/li>\n<li style='margin-bottom: 5px;'><strong>Usado con:<\/strong> SV9500 y SV9600<\/li>\n<li style='margin-bottom: 5px;'><strong>Montaje:<\/strong> Soporte estilo B<\/li>\n<li style='margin-bottom: 5px;'><strong>Temperatura de operaci\u00f3n:<\/strong> Cable conductor a 450 \u00b0C<\/li>\n<li style='margin-bottom: 5px;'><strong>Tipo de gas:<\/strong> Gas natural o Gas LP<\/li>\n<li style='margin-bottom: 5px;'><strong>Orificio:<\/strong> BCR-10 (0.0010 Pulgadas)<\/li>\n<li style='margin-bottom: 5px;'><strong>Direcci\u00f3n de la punta delantera:<\/strong> Izquierda (L)<\/li>\n<li style='margin-bottom: 5px;'><strong>Piloto Btuh:<\/strong> 1000 Btuh<\/li>\n<li style='margin-bottom: 5px;'><strong>Longitud del cable de encendido:<\/strong> 762 mm<\/li>\n<\/ul><\/div>\n<\/p><\/div>\n<hr style='border: 0; border-top: 1px solid rgba(150&comma; 150&comma; 150&comma; 0.3); margin: 30px 0;'> <\/div>\n","protected":false},"excerpt":{"rendered":"<p>Quemador piloto utilizado para gas natural incluye un orificio BCR-10<\/p>\n","protected":false},"featured_media":41696,"comment_status":"open","ping_status":"closed","template":"","meta":[],"product_brand":[],"product_cat":[1266],"product_tag":[1144,1267,45],"class_list":{"0":"post-41697","1":"product","2":"type-product","3":"status-publish","4":"has-post-thumbnail","6":"product_cat-control-de-temperatura","7":"product_tag-climatizacion-refrigeracion","8":"product_tag-control-de-temperatura","9":"product_tag-honeywell-home-resideo","11":"first","12":"instock","13":"sale","14":"shipping-taxable","15":"purchasable","16":"product-type-simple"},"_links":{"self":[{"href":"https:\/\/soydeaqui.ddns.net\/pachuca\/index.php\/wp-json\/wp\/v2\/product\/41697","targetHints":{"allow":["GET"]}}],"collection":[{"href":"https:\/\/soydeaqui.ddns.net\/pachuca\/index.php\/wp-json\/wp\/v2\/product"}],"about":[{"href":"https:\/\/soydeaqui.ddns.net\/pachuca\/index.php\/wp-json\/wp\/v2\/types\/product"}],"replies":[{"embeddable":true,"href":"https:\/\/soydeaqui.ddns.net\/pachuca\/index.php\/wp-json\/wp\/v2\/comments?post=41697"}],"wp:featuredmedia":[{"embeddable":true,"href":"https:\/\/soydeaqui.ddns.net\/pachuca\/index.php\/wp-json\/wp\/v2\/media\/41696"}],"wp:attachment":[{"href":"https:\/\/soydeaqui.ddns.net\/pachuca\/index.php\/wp-json\/wp\/v2\/media?parent=41697"}],"wp:term":[{"taxonomy":"product_brand","embeddable":true,"href":"https:\/\/soydeaqui.ddns.net\/pachuca\/index.php\/wp-json\/wp\/v2\/product_brand?post=41697"},{"taxonomy":"product_cat","embeddable":true,"href":"https:\/\/soydeaqui.ddns.net\/pachuca\/index.php\/wp-json\/wp\/v2\/product_cat?post=41697"},{"taxonomy":"product_tag","embeddable":true,"href":"https:\/\/soydeaqui.ddns.net\/pachuca\/index.php\/wp-json\/wp\/v2\/product_tag?post=41697"}],"curies":[{"name":"wp","href":"https:\/\/api.w.org\/{rel}","templated":true}]}}