{"id":41695,"date":"2026-03-18T18:21:52","date_gmt":"2026-03-18T18:21:52","guid":{"rendered":"https:\/\/soydeaqui.ddns.net\/pachuca\/index.php\/producto\/modulo-de-encendido-de-piloto-intermitente-universal\/"},"modified":"2026-03-18T18:21:52","modified_gmt":"2026-03-18T18:21:52","slug":"modulo-de-encendido-de-piloto-intermitente-universal","status":"publish","type":"product","link":"https:\/\/soydeaqui.ddns.net\/pachuca\/index.php\/producto\/modulo-de-encendido-de-piloto-intermitente-universal\/","title":{"rendered":"M\u00f3dulo de encendido de piloto intermitente universal"},"content":{"rendered":"<div style='width: 100%; max-width: 1200px; margin: 0 auto; font-family: sans-serif; line-height: 1.6; color: inherit; background-color: transparent;'> <!-- Secci\u00f3n de descripci\u00f3n --> <\/p>\n<div style='margin-bottom: 30px;'>\n<h3 style='font-size: 22px; border-bottom: 2px solid currentColor; padding-bottom: 5px; margin-top: 0; color: inherit; opacity: 0.8;'>Descripci\u00f3n general<\/h3>\n<p style='font-size: 15px; color: inherit; margin-top: 15px; margin-bottom: 15px;'>El m\u00f3dulo de encendido de piloto intermitente universal reemplaza los m\u00faltiples m\u00f3dulos piloto intermitentes instalados en campo suministrados por Resideo&comma; Robertshaw&comma; Johnson y UTEC (HSC).<\/p>\n<p style='font-size: 15px; color: inherit; margin-top: 15px; margin-bottom: 15px;'>Utiliza el quemador piloto intermitente existente.<\/p>\n<p style='font-size: 15px; color: inherit; margin-top: 15px; margin-bottom: 15px;'>Incluye referencia cruzada&comma; instrucciones y accesorios para un f\u00e1cil reemplazo.<\/p>\n<\/p><\/div>\n<p> <!-- Secci\u00f3n de caracter\u00edsticas --> <\/p>\n<div style='margin-bottom: 30px;'>\n<h3 style='font-size: 22px; border-bottom: 2px solid currentColor; padding-bottom: 5px; margin-top: 0; color: inherit; opacity: 0.8;'>Caracter\u00edsticas<\/h3>\n<ul style='padding-left: 20px; font-size: 15px; color: inherit; margin-top: 15px; margin-bottom: 15px;'>\n<li style='margin-bottom: 5px;'>Reemplaza m\u00e1s de 400 m\u00f3dulos de encendido de piloto intermitente White-Rogers&comma; Robertshaw y Resideo<\/li>\n<li style='margin-bottom: 5px;'>Proporciona secuencia de encendido&comma; monitoreo de llama y apagado de seguridad para hornos de aire caliente con piloto intermitente y aparatos de calefacci\u00f3n.<\/li>\n<li style='margin-bottom: 5px;'>Proporciona un cierre de gas piloto del 100 por ciento si el piloto no se enciende; despu\u00e9s de un retraso de 6 minutos&comma; se repite la prueba de encendido. La secuencia de prueba\/retardo de encendido se repite hasta que el aparato se encienda o se elimine la demanda de calor.<\/li>\n<li style='margin-bottom: 5px;'>Para uso con gas natural o LP<\/li>\n<li style='margin-bottom: 5px;'>Para uso en aplicaciones de detecci\u00f3n remota\/varilla simple o varilla doble<\/li>\n<li style='margin-bottom: 5px;'>Incluye adaptadores de cable de chispa para permitir el reemplazo en campo de los controles Resideo y de la competencia sin reemplazar el cable de chispa existente.<\/li>\n<\/ul><\/div>\n<p> <!-- Secci\u00f3n de especificaciones --> <\/p>\n<div style='margin-bottom: 30px;'>\n<h3 style='font-size: 22px; border-bottom: 2px solid currentColor; padding-bottom: 5px; margin-top: 0; color: inherit; opacity: 0.8;'>Especificaciones del producto<\/h3>\n<div style='display: flex; flex-wrap: wrap; gap: 20px; margin-top: 20px;'>\n<div style='flex: 1 1 250px; border: 1px solid rgba(150&comma; 150&comma; 150&comma; 0.4); border-radius: 8px; overflow: hidden; display: flex; flex-direction: column;'>\n<div style='padding: 15px; border-bottom: 1px solid rgba(150&comma; 150&comma; 150&comma; 0.2); font-weight: bold; font-size: 18px; color: inherit;'>Dimensiones<\/div>\n<div style='padding: 15px; color: inherit;'>\n<ul style='padding-left: 20px; margin: 0; font-size: 14px; list-style-type: disc;'>\n<li style='margin-bottom: 5px;'><strong>En pulgadas:<\/strong> 3 15\/16 pulg. de alto x 5 7\/16 pulg. de ancho x 2 5\/8 pulg. de profundidad<\/li>\n<li style='margin-bottom: 5px;'><strong>En mm:<\/strong> 100 mm alto x 138 mm ancho x 67 mm fondo<\/li>\n<\/ul><\/div>\n<\/p><\/div>\n<div style='flex: 1 1 250px; border: 1px solid rgba(150&comma; 150&comma; 150&comma; 0.4); border-radius: 8px; overflow: hidden; display: flex; flex-direction: column;'>\n<div style='padding: 15px; border-bottom: 1px solid rgba(150&comma; 150&comma; 150&comma; 0.2); font-weight: bold; font-size: 18px; color: inherit;'>Especificaciones el\u00e9ctricas<\/div>\n<div style='padding: 15px; color: inherit;'>\n<ul style='padding-left: 20px; margin: 0; font-size: 14px; list-style-type: disc;'>\n<li style='margin-bottom: 5px;'><strong>Clasificaci\u00f3n el\u00e9ctrica:<\/strong> 24 Vca<\/li>\n<li style='margin-bottom: 5px;'><strong>Frecuencia:<\/strong> 60 Hz<\/li>\n<li style='margin-bottom: 5px;'><strong>Tiempo de respuesta de falla de llama:<\/strong> 2 segundos m\u00e1ximo<\/li>\n<li style='margin-bottom: 5px;'><strong>Prepurga:<\/strong> Configurable a 30 segundos o sin purga previa<\/li>\n<li style='margin-bottom: 5px;'><strong>Tiempo de prueba de encendido:<\/strong> 15 o 90 seg<\/li>\n<\/ul><\/div>\n<\/p><\/div>\n<div style='flex: 1 1 250px; border: 1px solid rgba(150&comma; 150&comma; 150&comma; 0.4); border-radius: 8px; overflow: hidden; display: flex; flex-direction: column;'>\n<div style='padding: 15px; border-bottom: 1px solid rgba(150&comma; 150&comma; 150&comma; 0.2); font-weight: bold; font-size: 18px; color: inherit;'>Condiciones de operaci\u00f3n<\/div>\n<div style='padding: 15px; color: inherit;'>\n<ul style='padding-left: 20px; margin: 0; font-size: 14px; list-style-type: disc;'>\n<li style='margin-bottom: 5px;'><strong>Rango de temperatura ambiente (C):<\/strong> -40 C a +74 C<\/li>\n<li style='margin-bottom: 5px;'><strong>Rango de temperatura ambiente (F):<\/strong> -40 F a +165 F<\/li>\n<\/ul><\/div>\n<\/p><\/div>\n<div style='flex: 1 1 250px; border: 1px solid rgba(150&comma; 150&comma; 150&comma; 0.4); border-radius: 8px; overflow: hidden; display: flex; flex-direction: column;'>\n<div style='padding: 15px; border-bottom: 1px solid rgba(150&comma; 150&comma; 150&comma; 0.2); font-weight: bold; font-size: 18px; color: inherit;'>Operaci\u00f3n y seguridad<\/div>\n<div style='padding: 15px; color: inherit;'>\n<ul style='padding-left: 20px; margin: 0; font-size: 14px; list-style-type: disc;'>\n<li style='margin-bottom: 5px;'><strong>Tipo de sistema de encendido:<\/strong> Piloto Intermitente<\/li>\n<li style='margin-bottom: 5px;'><strong>Secuencia de encendido:<\/strong> Reintento continuo<\/li>\n<li style='margin-bottom: 5px;'><strong>Ensayos de encendido para bloqueo:<\/strong> reintento continuo<\/li>\n<li style='margin-bottom: 5px;'><strong>Tiempo de bloqueo:<\/strong> reintento continuo<\/li>\n<li style='margin-bottom: 5px;'><strong>Entre tiempo de prueba:<\/strong> Retraso de 5 minutos despu\u00e9s de una prueba fallida de encendido<\/li>\n<\/ul><\/div>\n<\/p><\/div>\n<div style='flex: 1 1 250px; border: 1px solid rgba(150&comma; 150&comma; 150&comma; 0.4); border-radius: 8px; overflow: hidden; display: flex; flex-direction: column;'>\n<div style='padding: 15px; border-bottom: 1px solid rgba(150&comma; 150&comma; 150&comma; 0.2); font-weight: bold; font-size: 18px; color: inherit;'>Caracter\u00edsticas adicionales<\/div>\n<div style='padding: 15px; color: inherit;'>\n<ul style='padding-left: 20px; margin: 0; font-size: 14px; list-style-type: disc;'>\n<li style='margin-bottom: 5px;'><strong>Incluye:<\/strong> Conexi\u00f3n de compuerta con tap\u00f3n de compuerta de ventilaci\u00f3n autom\u00e1tica<\/li>\n<li style='margin-bottom: 5px;'><strong>Tipo de art\u00edculo:<\/strong> Producto<\/li>\n<li style='margin-bottom: 5px;'><strong>Aprobaciones:<\/strong> Dise\u00f1o Certificado por la Asociaci\u00f3n Canadiense de Normas<\/li>\n<li style='margin-bottom: 5px;'><strong>Valor comercial:<\/strong> L\u00ednea de comercio<\/li>\n<\/ul><\/div>\n<\/p><\/div>\n<div style='flex: 1 1 250px; border: 1px solid rgba(150&comma; 150&comma; 150&comma; 0.4); border-radius: 8px; overflow: hidden; display: flex; flex-direction: column;'>\n<div style='padding: 15px; border-bottom: 1px solid rgba(150&comma; 150&comma; 150&comma; 0.2); font-weight: bold; font-size: 18px; color: inherit;'>Componentes<\/div>\n<div style='padding: 15px; color: inherit;'>\n<ul style='padding-left: 20px; margin: 0; font-size: 14px; list-style-type: disc;'>\n<li style='margin-bottom: 5px;'><strong>Control de gas t\u00edpico:<\/strong> VR8204&comma; VR8304<\/li>\n<li style='margin-bottom: 5px;'><strong>Tipo de gas:<\/strong> Natural o LP<\/li>\n<li style='margin-bottom: 5px;'><strong>Sentido de llama:<\/strong> Varilla simple o dos varillas<\/li>\n<li style='margin-bottom: 5px;'><strong>Hardware de encendido t\u00edpico:<\/strong> Q345&comma; Q3451&comma; Q3452<\/li>\n<li style='margin-bottom: 5px;'><strong>Fuente de ignici\u00f3n:<\/strong> Generador de chispas de alto voltaje interno<\/li>\n<\/ul><\/div>\n<\/p><\/div>\n<div style='flex: 1 1 250px; border: 1px solid rgba(150&comma; 150&comma; 150&comma; 0.4); border-radius: 8px; overflow: hidden; display: flex; flex-direction: column;'>\n<div style='padding: 15px; border-bottom: 1px solid rgba(150&comma; 150&comma; 150&comma; 0.2); font-weight: bold; font-size: 18px; color: inherit;'>Carga m\u00e1xima<\/div>\n<div style='padding: 15px; color: inherit;'>\n<ul style='padding-left: 20px; margin: 0; font-size: 14px; list-style-type: disc;'>\n<li style='margin-bottom: 5px;'><strong>Carga m\u00e1xima de la v\u00e1lvula a 24 V CA (amperios):<\/strong><\/li>\n<li style='margin-bottom: 5px;'>1A Piloto&comma; 2A Principal @ 165 F<\/li>\n<li style='margin-bottom: 5px;'>1A Piloto&comma; 1A Principal @ 175 F<\/li>\n<\/ul><\/div>\n<\/p><\/div>\n<\/p><\/div>\n<\/p><\/div>\n<p> <!-- Separador --> <\/p>\n<hr style='border: 0; border-top: 1px solid rgba(150&comma; 150&comma; 150&comma; 0.3); margin: 30px 0;'> <\/div>\n","protected":false},"excerpt":{"rendered":"<p>M\u00f3dulo de encendido de piloto intermitente universal<\/p>\n","protected":false},"featured_media":41694,"comment_status":"open","ping_status":"closed","template":"","meta":[],"product_brand":[],"product_cat":[1266],"product_tag":[1144,1267,45],"class_list":{"0":"post-41695","1":"product","2":"type-product","3":"status-publish","4":"has-post-thumbnail","6":"product_cat-control-de-temperatura","7":"product_tag-climatizacion-refrigeracion","8":"product_tag-control-de-temperatura","9":"product_tag-honeywell-home-resideo","11":"first","12":"instock","13":"sale","14":"shipping-taxable","15":"purchasable","16":"product-type-simple"},"_links":{"self":[{"href":"https:\/\/soydeaqui.ddns.net\/pachuca\/index.php\/wp-json\/wp\/v2\/product\/41695","targetHints":{"allow":["GET"]}}],"collection":[{"href":"https:\/\/soydeaqui.ddns.net\/pachuca\/index.php\/wp-json\/wp\/v2\/product"}],"about":[{"href":"https:\/\/soydeaqui.ddns.net\/pachuca\/index.php\/wp-json\/wp\/v2\/types\/product"}],"replies":[{"embeddable":true,"href":"https:\/\/soydeaqui.ddns.net\/pachuca\/index.php\/wp-json\/wp\/v2\/comments?post=41695"}],"wp:featuredmedia":[{"embeddable":true,"href":"https:\/\/soydeaqui.ddns.net\/pachuca\/index.php\/wp-json\/wp\/v2\/media\/41694"}],"wp:attachment":[{"href":"https:\/\/soydeaqui.ddns.net\/pachuca\/index.php\/wp-json\/wp\/v2\/media?parent=41695"}],"wp:term":[{"taxonomy":"product_brand","embeddable":true,"href":"https:\/\/soydeaqui.ddns.net\/pachuca\/index.php\/wp-json\/wp\/v2\/product_brand?post=41695"},{"taxonomy":"product_cat","embeddable":true,"href":"https:\/\/soydeaqui.ddns.net\/pachuca\/index.php\/wp-json\/wp\/v2\/product_cat?post=41695"},{"taxonomy":"product_tag","embeddable":true,"href":"https:\/\/soydeaqui.ddns.net\/pachuca\/index.php\/wp-json\/wp\/v2\/product_tag?post=41695"}],"curies":[{"name":"wp","href":"https:\/\/api.w.org\/{rel}","templated":true}]}}