{"id":41691,"date":"2026-03-18T18:21:47","date_gmt":"2026-03-18T18:21:47","guid":{"rendered":"https:\/\/soydeaqui.ddns.net\/pachuca\/index.php\/producto\/valvula-de-gas-de-ignicion-intermitente-directa-3-4-x-3-4-juego-3-5-wc-universal-24-vac-apertura-estandar\/"},"modified":"2026-03-18T18:21:48","modified_gmt":"2026-03-18T18:21:48","slug":"valvula-de-gas-de-ignicion-intermitente-directa-3-4-x-3-4-juego-3-5-wc-universal-24-vac-apertura-estandar","status":"publish","type":"product","link":"https:\/\/soydeaqui.ddns.net\/pachuca\/index.php\/producto\/valvula-de-gas-de-ignicion-intermitente-directa-3-4-x-3-4-juego-3-5-wc-universal-24-vac-apertura-estandar\/","title":{"rendered":"V\u00e1lvula de Gas de Ignici\u00f3n Intermitente \/ Directa 3\/4 x 3\/4&#8243;. Juego 3.5&#8243; WC, Universal 24 Vac, Apertura Est\u00e1ndar."},"content":{"rendered":"<div style='width: 100%; max-width: 1200px; margin: 0 auto; font-family: sans-serif; line-height: 1.6; color: inherit; background-color: transparent;'>\n<div style='display: flex; flex-wrap: wrap; gap: 30px; margin-bottom: 30px;'>\n<div style='flex: 1 1 300px; min-width: 280px;'>\n<h3 style='font-size: 22px; border-bottom: 2px solid currentColor; padding-bottom: 5px; margin-top: 0; color: inherit; opacity: 0.8;'>Descripci\u00f3n General<\/h3>\n<ul style='padding-left: 20px; font-size: 15px; color: inherit;'>\n<li style='margin-bottom: 5px;'>Control de gas de combinaci\u00f3n de encendido electr\u00f3nico universal para uso con encendido por chispa directa&comma; encendido por superficie caliente o encendido por piloto intermitente en 24 VCA&comma; aparatos a gas&comma; con capacidades de 20 a 200 cfh (VR8245M) o de 30 a 415 cfh (VR8345M).<\/li>\n<\/ul><\/div>\n<div style='flex: 1 1 300px; min-width: 280px;'>\n<h3 style='font-size: 22px; border-bottom: 2px solid currentColor; padding-bottom: 5px; margin-top: 0; color: inherit; opacity: 0.8;'>Caracter\u00edsticas F\u00edsicas y El\u00e9ctricas<\/h3>\n<ul style='padding-left: 20px; font-size: 15px; color: inherit;'>\n<li style='margin-bottom: 5px;'><strong>Dimensiones:<\/strong> 135 mm alto x 104 mm ancho x 69 mm profundidad<\/li>\n<li style='margin-bottom: 5px;'><strong>Alimentaci\u00f3n:<\/strong> 24 VAC @ 60 Hz<\/li>\n<li style='margin-bottom: 5px;'><strong>Tipo de conexi\u00f3n:<\/strong> Terminales machi de conexi\u00f3n r\u00e1pida de 1\/4 pulg.<\/li>\n<li style='margin-bottom: 5px;'><strong>Rango de temperatura:<\/strong> -40 \u00b0C a 79 \u00b0C<\/li>\n<li style='margin-bottom: 5px;'><strong>Tama\u00f1o de entrada\/salida:<\/strong> 3\/4 pulg x 3\/4 pulg<\/li>\n<li style='margin-bottom: 5px;'><strong>Salida de gas piloto:<\/strong> Accesorio de compresi\u00f3n para tuber\u00eda de 1\/4 in. OD<\/li>\n<li style='margin-bottom: 5px;'><strong>Toma de presi\u00f3n:<\/strong> 1\/8 pulg. NPT con conexi\u00f3n<\/li>\n<li style='margin-bottom: 5px;'><strong>Capacidad (kBtuh):<\/strong> 30 kBtuh m\u00ednimo y 415 kBtuh m\u00e1ximo con gas natural<\/li>\n<li style='margin-bottom: 5px;'><strong>Tipo de encendido:<\/strong> Encendido directo o Piloto intermitente.<\/li>\n<\/ul><\/div>\n<div style='flex: 1 1 300px; min-width: 280px;'>\n<h3 style='font-size: 22px; border-bottom: 2px solid currentColor; padding-bottom: 5px; margin-top: 0; color: inherit; opacity: 0.8;'>Caracter\u00edsticas Destacadas<\/h3>\n<ul style='padding-left: 20px; font-size: 15px; color: inherit;'>\n<li style='margin-bottom: 5px;'>El control incluye v\u00e1lvula manual&comma; dos operadores autom\u00e1ticos&comma; regulador de presi\u00f3n&comma; ajuste del piloto&comma; enchufe del piloto y adaptador de encendido<\/li>\n<li style='margin-bottom: 5px;'>Reemplaza muchos controles de gas IP&comma; HSI o DSI<\/li>\n<li style='margin-bottom: 5px;'>Para uso con gas natural o gas LP<\/li>\n<li style='margin-bottom: 5px;'>Incluye kit convertidor para adaptar de gas natural a gas LP&comma; con dos bujes reductores de 3\/4 x 1\/2 pulg.<\/li>\n<li style='margin-bottom: 5px;'>Tama\u00f1o compacto<\/li>\n<li style='margin-bottom: 5px;'>Todos los ajustes y conexiones de cableado accesibles desde la parte superior del control.<\/li>\n<li style='margin-bottom: 5px;'>El bloque de terminales con llave claramente marcado permite la conexi\u00f3n r\u00e1pida de cables y puentes IP\/DSI\/HSI<\/li>\n<\/ul><\/div>\n<\/p><\/div>\n<hr style='border: 0; border-top: 1px solid rgba(150&comma; 150&comma; 150&comma; 0.3); margin: 30px 0;'> <\/div>\n","protected":false},"excerpt":{"rendered":"<p>V\u00e1lvula de Gas de Ignici\u00f3n Intermitente \/ Directa 3\/4 x 3\/4&#8243;. Juego 3.5&#8243; WC, Universal 24 Vac, Apertura Est\u00e1ndar.<\/p>\n","protected":false},"featured_media":41690,"comment_status":"open","ping_status":"closed","template":"","meta":[],"product_brand":[],"product_cat":[1266],"product_tag":[1144,1267,45],"class_list":{"0":"post-41691","1":"product","2":"type-product","3":"status-publish","4":"has-post-thumbnail","6":"product_cat-control-de-temperatura","7":"product_tag-climatizacion-refrigeracion","8":"product_tag-control-de-temperatura","9":"product_tag-honeywell-home-resideo","11":"first","12":"instock","13":"sale","14":"shipping-taxable","15":"purchasable","16":"product-type-simple"},"_links":{"self":[{"href":"https:\/\/soydeaqui.ddns.net\/pachuca\/index.php\/wp-json\/wp\/v2\/product\/41691","targetHints":{"allow":["GET"]}}],"collection":[{"href":"https:\/\/soydeaqui.ddns.net\/pachuca\/index.php\/wp-json\/wp\/v2\/product"}],"about":[{"href":"https:\/\/soydeaqui.ddns.net\/pachuca\/index.php\/wp-json\/wp\/v2\/types\/product"}],"replies":[{"embeddable":true,"href":"https:\/\/soydeaqui.ddns.net\/pachuca\/index.php\/wp-json\/wp\/v2\/comments?post=41691"}],"wp:featuredmedia":[{"embeddable":true,"href":"https:\/\/soydeaqui.ddns.net\/pachuca\/index.php\/wp-json\/wp\/v2\/media\/41690"}],"wp:attachment":[{"href":"https:\/\/soydeaqui.ddns.net\/pachuca\/index.php\/wp-json\/wp\/v2\/media?parent=41691"}],"wp:term":[{"taxonomy":"product_brand","embeddable":true,"href":"https:\/\/soydeaqui.ddns.net\/pachuca\/index.php\/wp-json\/wp\/v2\/product_brand?post=41691"},{"taxonomy":"product_cat","embeddable":true,"href":"https:\/\/soydeaqui.ddns.net\/pachuca\/index.php\/wp-json\/wp\/v2\/product_cat?post=41691"},{"taxonomy":"product_tag","embeddable":true,"href":"https:\/\/soydeaqui.ddns.net\/pachuca\/index.php\/wp-json\/wp\/v2\/product_tag?post=41691"}],"curies":[{"name":"wp","href":"https:\/\/api.w.org\/{rel}","templated":true}]}}