{"id":41689,"date":"2026-03-18T18:21:45","date_gmt":"2026-03-18T18:21:45","guid":{"rendered":"https:\/\/soydeaqui.ddns.net\/pachuca\/index.php\/producto\/convertidor-de-piloto-permanente-en-piloto-intermitente-capacidad-maxima-de-150kbtuh\/"},"modified":"2026-03-18T18:21:46","modified_gmt":"2026-03-18T18:21:46","slug":"convertidor-de-piloto-permanente-en-piloto-intermitente-capacidad-maxima-de-150kbtuh","status":"publish","type":"product","link":"https:\/\/soydeaqui.ddns.net\/pachuca\/index.php\/producto\/convertidor-de-piloto-permanente-en-piloto-intermitente-capacidad-maxima-de-150kbtuh\/","title":{"rendered":"Convertidor de piloto permanente en piloto intermitente. Capacidad m\u00e1xima de 150kBtuh"},"content":{"rendered":"<div style='width: 100%; max-width: 1200px; margin: 0 auto; font-family: sans-serif; line-height: 1.6; color: inherit; background-color: transparent;'> <!-- Secci\u00f3n de descripci\u00f3n general --> <\/p>\n<div style='margin-bottom: 30px;'>\n<h3 style='font-size: 22px; border-bottom: 2px solid currentColor; padding-bottom: 5px; margin-top: 0; color: inherit; opacity: 0.8;'>Descripci\u00f3n general<\/h3>\n<p style='font-size: 15px; color: inherit; margin: 0; padding-bottom: 10px;'> Los kits de actualizaci\u00f3n de piloto intermitente ahorran energ\u00eda al convertir los sistemas de piloto fijo atmosf\u00e9rico en piloto intermitente. <\/p>\n<p style='font-size: 15px; color: inherit; margin: 0;'> Las aplicaciones t\u00edpicas son hornos atmosf\u00e9ricos alimentados con gas&comma; calderas y aparatos de calefacci\u00f3n. <\/p>\n<\/p><\/div>\n<p> <!-- Secci\u00f3n de caracter\u00edsticas --> <\/p>\n<div style='margin-bottom: 30px;'>\n<h3 style='font-size: 22px; border-bottom: 2px solid currentColor; padding-bottom: 5px; margin-top: 0; color: inherit; opacity: 0.8;'>Caracter\u00edsticas<\/h3>\n<ul style='padding-left: 20px; font-size: 15px; color: inherit; list-style-type: disc;'>\n<li style='margin-bottom: 8px;'>Uso con gas natural o LP<\/li>\n<li style='margin-bottom: 8px;'>Incluye v\u00e1lvula de gas&comma; m\u00f3dulo de encendido&comma; hardware del quemador piloto&comma; cable de encendido y arn\u00e9s de cableado.<\/li>\n<li style='margin-bottom: 8px;'>Proporciona un cierre de gas piloto del 100 por ciento si el piloto no se enciende; despu\u00e9s de un retraso de 6 minutos&comma; se repite la prueba de encendido.<\/li>\n<li style='margin-bottom: 8px;'>La secuencia de seguimiento\/retardo de encendido se repite hasta que el aparato se encienda o se elimine la demanda de calor.<\/li>\n<\/ul><\/div>\n<p> <!-- Secci\u00f3n de especificaciones --> <\/p>\n<div style='margin-bottom: 30px;'>\n<h3 style='font-size: 22px; border-bottom: 2px solid currentColor; padding-bottom: 5px; margin-top: 0; color: inherit; opacity: 0.8;'>Especificaciones del producto<\/h3>\n<div style='display: flex; flex-wrap: wrap; gap: 20px; margin-top: 15px;'>\n<div style='flex: 1 1 300px; min-width: 280px;'>\n<div style='border: 1px solid rgba(150&comma; 150&comma; 150&comma; 0.4); border-radius: 8px; overflow: hidden; margin-bottom: 15px;'>\n<div style='padding: 15px; border-bottom: 1px solid rgba(150&comma; 150&comma; 150&comma; 0.2); font-weight: bold; font-size: 18px; color: inherit;'>Dimensiones<\/div>\n<div style='padding: 15px; color: inherit;'>\n<ul style='padding-left: 20px; margin: 0; font-size: 14px; list-style-type: disc;'>\n<li style='margin-bottom: 5px;'><strong>Pulgadas:<\/strong> 3 15\/16 pulg. de alto x 5 7\/16 pulg. de ancho x 2 5\/8 pulg. de profundidad<\/li>\n<li><strong>mm:<\/strong> 100 mm alto x 138 mm ancho x 67 mm fondo<\/li>\n<\/ul><\/div>\n<\/p><\/div>\n<div style='border: 1px solid rgba(150&comma; 150&comma; 150&comma; 0.4); border-radius: 8px; overflow: hidden; margin-bottom: 15px;'>\n<div style='padding: 15px; border-bottom: 1px solid rgba(150&comma; 150&comma; 150&comma; 0.2); font-weight: bold; font-size: 18px; color: inherit;'>Especificaciones el\u00e9ctricas<\/div>\n<div style='padding: 15px; color: inherit;'>\n<ul style='padding-left: 20px; margin: 0; font-size: 14px; list-style-type: disc;'>\n<li style='margin-bottom: 5px;'><strong>Tensi\u00f3n:<\/strong> 24 Vca<\/li>\n<li style='margin-bottom: 5px;'><strong>Frecuencia:<\/strong> 60 Hz<\/li>\n<li><strong>Corriente:<\/strong> 1A Piloto&comma; 2A Principal @ 24Vac<\/li>\n<\/ul><\/div>\n<\/p><\/div>\n<\/p><\/div>\n<div style='flex: 1 1 300px; min-width: 280px;'>\n<div style='border: 1px solid rgba(150&comma; 150&comma; 150&comma; 0.4); border-radius: 8px; overflow: hidden; margin-bottom: 15px;'>\n<div style='padding: 15px; border-bottom: 1px solid rgba(150&comma; 150&comma; 150&comma; 0.2); font-weight: bold; font-size: 18px; color: inherit;'>Funcionamiento<\/div>\n<div style='padding: 15px; color: inherit;'>\n<ul style='padding-left: 20px; margin: 0; font-size: 14px; list-style-type: disc;'>\n<li style='margin-bottom: 5px;'><strong>Tiempo de respuesta de falla de llama:<\/strong> 2.0 seg<\/li>\n<li style='margin-bottom: 5px;'><strong>Prepurga:<\/strong> 0 o 30 segundos<\/li>\n<li style='margin-bottom: 5px;'><strong>Tiempo de bloqueo:<\/strong> 15 o 90 segundos<\/li>\n<li style='margin-bottom: 5px;'><strong>Tiempo de prueba de encendido:<\/strong> 15 o 90 segundos<\/li>\n<li><strong>Secuencia de encendido:<\/strong> Reintento continuo&comma; despu\u00e9s de la prueba de encendido&comma; el gas piloto se apaga durante 5 minutos&comma; luego se lleva a cabo otra prueba de encendido del piloto<\/li>\n<\/ul><\/div>\n<\/p><\/div>\n<\/p><\/div>\n<div style='flex: 1 1 300px; min-width: 280px;'>\n<div style='border: 1px solid rgba(150&comma; 150&comma; 150&comma; 0.4); border-radius: 8px; overflow: hidden; margin-bottom: 15px;'>\n<div style='padding: 15px; border-bottom: 1px solid rgba(150&comma; 150&comma; 150&comma; 0.2); font-weight: bold; font-size: 18px; color: inherit;'>Caracter\u00edsticas adicionales<\/div>\n<div style='padding: 15px; color: inherit;'>\n<ul style='padding-left: 20px; margin: 0; font-size: 14px; list-style-type: disc;'>\n<li style='margin-bottom: 5px;'><strong>Incluye:<\/strong> V\u00e1lvula VR8204A2142 (1\/2 x 1\/2; ajuste de WC de 3.5&#8242;; 150 kBtu\/h a 1&#8242; pd)<\/li>\n<li style='margin-bottom: 5px;'><strong>Tipo de sistema:<\/strong> Piloto Intermitente<\/li>\n<li style='margin-bottom: 5px;'><strong>Tipo de art\u00edculo:<\/strong> Producto<\/li>\n<li style='margin-bottom: 5px;'><strong>Tipo de gas:<\/strong> Natural o LP<\/li>\n<li style='margin-bottom: 5px;'><strong>Sentido de llama:<\/strong> Varilla simple o dos varillas<\/li>\n<li style='margin-bottom: 5px;'><strong>Fuente de ignici\u00f3n:<\/strong> Generador de chispas de alto voltaje interno<\/li>\n<li><strong>Ensayos de encendido para bloqueo:<\/strong> reintento continuo<\/li>\n<\/ul><\/div>\n<\/p><\/div>\n<\/p><\/div>\n<div style='flex: 1 1 300px; min-width: 280px;'>\n<div style='border: 1px solid rgba(150&comma; 150&comma; 150&comma; 0.4); border-radius: 8px; overflow: hidden; margin-bottom: 15px;'>\n<div style='padding: 15px; border-bottom: 1px solid rgba(150&comma; 150&comma; 150&comma; 0.2); font-weight: bold; font-size: 18px; color: inherit;'>Temperatura de operaci\u00f3n<\/div>\n<div style='padding: 15px; color: inherit;'>\n<ul style='padding-left: 20px; margin: 0; font-size: 14px; list-style-type: disc;'>\n<li style='margin-bottom: 5px;'><strong>Rango de temperatura ambiente (C):<\/strong> -40 C a +74 C<\/li>\n<li><strong>Rango de temperatura ambiente (F):<\/strong> -40 F a +165 F<\/li>\n<\/ul><\/div>\n<\/p><\/div>\n<div style='border: 1px solid rgba(150&comma; 150&comma; 150&comma; 0.4); border-radius: 8px; overflow: hidden;'>\n<div style='padding: 15px; border-bottom: 1px solid rgba(150&comma; 150&comma; 150&comma; 0.2); font-weight: bold; font-size: 18px; color: inherit;'>Compatibilidad<\/div>\n<div style='padding: 15px; color: inherit;'>\n<ul style='padding-left: 20px; margin: 0; font-size: 14px; list-style-type: disc;'>\n<li style='margin-bottom: 5px;'><strong>Control de gas t\u00edpico:<\/strong> VR8204&comma; VR8304<\/li>\n<li><strong>Hardware de encendido t\u00edpico:<\/strong> Q345&comma; Q3451<\/li>\n<\/ul><\/div>\n<\/p><\/div>\n<\/p><\/div>\n<\/p><\/div>\n<\/p><\/div>\n<p> <!-- Separador --> <\/p>\n<hr style='border: 0; border-top: 1px solid rgba(150&comma; 150&comma; 150&comma; 0.3); margin: 30px 0;'> <\/div>\n","protected":false},"excerpt":{"rendered":"<p>Convertidor de piloto permanente en piloto intermitente. Capacidad m\u00e1xima de 150kBtuh<\/p>\n","protected":false},"featured_media":41688,"comment_status":"open","ping_status":"closed","template":"","meta":[],"product_brand":[],"product_cat":[1266],"product_tag":[1144,1267,45],"class_list":{"0":"post-41689","1":"product","2":"type-product","3":"status-publish","4":"has-post-thumbnail","6":"product_cat-control-de-temperatura","7":"product_tag-climatizacion-refrigeracion","8":"product_tag-control-de-temperatura","9":"product_tag-honeywell-home-resideo","11":"first","12":"instock","13":"sale","14":"shipping-taxable","15":"purchasable","16":"product-type-simple"},"_links":{"self":[{"href":"https:\/\/soydeaqui.ddns.net\/pachuca\/index.php\/wp-json\/wp\/v2\/product\/41689","targetHints":{"allow":["GET"]}}],"collection":[{"href":"https:\/\/soydeaqui.ddns.net\/pachuca\/index.php\/wp-json\/wp\/v2\/product"}],"about":[{"href":"https:\/\/soydeaqui.ddns.net\/pachuca\/index.php\/wp-json\/wp\/v2\/types\/product"}],"replies":[{"embeddable":true,"href":"https:\/\/soydeaqui.ddns.net\/pachuca\/index.php\/wp-json\/wp\/v2\/comments?post=41689"}],"wp:featuredmedia":[{"embeddable":true,"href":"https:\/\/soydeaqui.ddns.net\/pachuca\/index.php\/wp-json\/wp\/v2\/media\/41688"}],"wp:attachment":[{"href":"https:\/\/soydeaqui.ddns.net\/pachuca\/index.php\/wp-json\/wp\/v2\/media?parent=41689"}],"wp:term":[{"taxonomy":"product_brand","embeddable":true,"href":"https:\/\/soydeaqui.ddns.net\/pachuca\/index.php\/wp-json\/wp\/v2\/product_brand?post=41689"},{"taxonomy":"product_cat","embeddable":true,"href":"https:\/\/soydeaqui.ddns.net\/pachuca\/index.php\/wp-json\/wp\/v2\/product_cat?post=41689"},{"taxonomy":"product_tag","embeddable":true,"href":"https:\/\/soydeaqui.ddns.net\/pachuca\/index.php\/wp-json\/wp\/v2\/product_tag?post=41689"}],"curies":[{"name":"wp","href":"https:\/\/api.w.org\/{rel}","templated":true}]}}