{"id":41675,"date":"2026-03-18T18:21:21","date_gmt":"2026-03-18T18:21:21","guid":{"rendered":"https:\/\/soydeaqui.ddns.net\/pachuca\/index.php\/producto\/actuador-120vca-on-off-ideal-para-control-de-sistemas-hidronicos-de-agua-helada-caliente-o-piso-radiante\/"},"modified":"2026-03-18T18:21:28","modified_gmt":"2026-03-18T18:21:28","slug":"actuador-120vca-on-off-ideal-para-control-de-sistemas-hidronicos-de-agua-helada-caliente-o-piso-radiante","status":"publish","type":"product","link":"https:\/\/soydeaqui.ddns.net\/pachuca\/index.php\/producto\/actuador-120vca-on-off-ideal-para-control-de-sistemas-hidronicos-de-agua-helada-caliente-o-piso-radiante\/","title":{"rendered":"Actuador 120vca On\/off. Ideal para control de sistemas hidr\u00f3nicos de agua helada, caliente o piso radiante"},"content":{"rendered":"<div style='width: 100%; max-width: 1200px; margin: 0 auto; font-family: sans-serif; line-height: 1.6; color: inherit; background-color: transparent;'> <!-- Secci\u00f3n de descripci\u00f3n general --> <\/p>\n<div style='margin-bottom: 30px;'>\n<h3 style='font-size: 22px; border-bottom: 2px solid currentColor; padding-bottom: 5px; margin-top: 0; color: inherit; opacity: 0.8;'>Descripci\u00f3n general<\/h3>\n<p style='font-size: 15px; color: inherit; margin-top: 15px; margin-bottom: 15px;'> Controle los sistemas centrales de calefacci\u00f3n y\/o refrigeraci\u00f3n&comma; sistemas fan &#038; coil&comma; radiadores y convectores. Seg\u00fan el modelo seleccionado&comma; se puede controlar mediante un controlador SPST o SPDT de voltaje bajo o de l\u00ednea&comma; como un termostato de ambiente. <\/p>\n<\/p><\/div>\n<p> <!-- Secci\u00f3n de caracter\u00edsticas --> <\/p>\n<div style='margin-bottom: 30px;'>\n<h3 style='font-size: 22px; border-bottom: 2px solid currentColor; padding-bottom: 5px; margin-top: 0; color: inherit; opacity: 0.8;'>Caracter\u00edsticas<\/h3>\n<ul style='padding-left: 20px; font-size: 15px; color: inherit; margin-top: 15px;'>\n<li style='margin-bottom: 5px;'>Uso con v\u00e1lvulas de dos o tres v\u00edas.<\/li>\n<li style='margin-bottom: 5px;'>Consumo m\u00ednimo de energ\u00eda del actuador.<\/li>\n<li style='margin-bottom: 5px;'>Conexiones el\u00e9ctricas de conexi\u00f3n r\u00e1pida o cable de un metro disponibles.<\/li>\n<li style='margin-bottom: 5px;'>Reemplazo r\u00e1pido y f\u00e1cil de piezas m\u00f3viles.<\/li>\n<li style='margin-bottom: 5px;'>La instalaci\u00f3n del cabezal del actuador no requiere drenar el sistema.<\/li>\n<li style='margin-bottom: 5px;'>Modelos de encendido\/apagado con tiempo nominal de seis segundos<\/li>\n<li style='margin-bottom: 5px;'>Use actuadores de dos posiciones con cuerpos de v\u00e1lvula VC de 2 v\u00edas de la Serie 1000 y de 3 v\u00edas de la Serie 6000 \u00fanicamente.<\/li>\n<li style='margin-bottom: 5px;'>Todas las combinaciones de v\u00e1lvulas y actuadores de la serie VC proporcionan un cierre de 60 psi.<\/li>\n<\/ul><\/div>\n<p> <!-- Secci\u00f3n de especificaciones --> <\/p>\n<div style='margin-bottom: 30px;'>\n<h3 style='font-size: 22px; border-bottom: 2px solid currentColor; padding-bottom: 5px; margin-top: 0; color: inherit; opacity: 0.8;'>Especificaciones del producto<\/h3>\n<div style='display: flex; flex-wrap: wrap; gap: 20px; margin-top: 20px;'>\n<div style='flex: 1 1 250px; border: 1px solid rgba(150&comma; 150&comma; 150&comma; 0.4); border-radius: 8px; overflow: hidden; display: flex; flex-direction: column;'>\n<div style='padding: 15px; border-bottom: 1px solid rgba(150&comma; 150&comma; 150&comma; 0.2); font-weight: bold; font-size: 18px; color: inherit;'>Especificaciones Generales<\/div>\n<div style='padding: 15px; color: inherit;'>\n<ul style='padding-left: 20px; margin: 0; font-size: 14px; list-style-type: disc;'>\n<li style='margin-bottom: 5px;'><strong>Solicitud:<\/strong> climatizaci\u00f3n<\/li>\n<li style='margin-bottom: 5px;'><strong>Dimensiones (pulgadas):<\/strong> 2.8 pulgadas de alto x 3.7 pulgadas de ancho x 2.7 pulgadas de profundidad<\/li>\n<li style='margin-bottom: 5px;'><strong>Dimensiones (mm):<\/strong> 70 mm alto x 94 mm ancho x 68 mm fondo<\/li>\n<li style='margin-bottom: 5px;'><strong>Incluye:<\/strong> Cuerpo de la v\u00e1lvula<\/li>\n<li style='margin-bottom: 5px;'><strong>Usado con:<\/strong> V\u00e1lvula serie VC<\/li>\n<li style='margin-bottom: 5px;'><strong>Peso (lb):<\/strong> 0.73 libras<\/li>\n<li style='margin-bottom: 5px;'><strong>Peso (kg):<\/strong> 0.33 kg<\/li>\n<li style='margin-bottom: 5px;'><strong>Materiales:<\/strong> Carcasa de pl\u00e1stico<\/li>\n<li style='margin-bottom: 5px;'><strong>Tipo de art\u00edculo:<\/strong> Producto<\/li>\n<li style='margin-bottom: 5px;'><strong>Montaje:<\/strong> Acoplamiento directo<\/li>\n<\/ul><\/div>\n<\/p><\/div>\n<div style='flex: 1 1 250px; border: 1px solid rgba(150&comma; 150&comma; 150&comma; 0.4); border-radius: 8px; overflow: hidden; display: flex; flex-direction: column;'>\n<div style='padding: 15px; border-bottom: 1px solid rgba(150&comma; 150&comma; 150&comma; 0.2); font-weight: bold; font-size: 18px; color: inherit;'>Especificaciones El\u00e9ctricas<\/div>\n<div style='padding: 15px; color: inherit;'>\n<ul style='padding-left: 20px; margin: 0; font-size: 14px; list-style-type: disc;'>\n<li style='margin-bottom: 5px;'><strong>Frecuencia:<\/strong> 50 Hz; 60 Hz<\/li>\n<li style='margin-bottom: 5px;'><strong>Aprobaciones UL:<\/strong> Reconocido por UL&comma; archivo n.\u00ba MH11826<\/li>\n<li style='margin-bottom: 5px;'><strong>Aprobaciones CSA:<\/strong> Certificaci\u00f3n CSA: LR1322-367<\/li>\n<li style='margin-bottom: 5px;'><strong>Conexiones el\u00e9ctricas:<\/strong> Cable<\/li>\n<li style='margin-bottom: 5px;'><strong>Conexiones el\u00e9ctricas (pulg.):<\/strong> 39 pulgadas<\/li>\n<li style='margin-bottom: 5px;'><strong>Conexiones el\u00e9ctricas (mm):<\/strong> 1 metro<\/li>\n<li style='margin-bottom: 5px;'><strong>El consumo de energ\u00eda:<\/strong> Conducci\u00f3n: 6 VA<\/li>\n<li style='margin-bottom: 5px;'><strong>Voltaje de suministro:<\/strong> 120V<\/li>\n<\/ul><\/div>\n<\/p><\/div>\n<div style='flex: 1 1 250px; border: 1px solid rgba(150&comma; 150&comma; 150&comma; 0.4); border-radius: 8px; overflow: hidden; display: flex; flex-direction: column;'>\n<div style='padding: 15px; border-bottom: 1px solid rgba(150&comma; 150&comma; 150&comma; 0.2); font-weight: bold; font-size: 18px; color: inherit;'>Especificaciones Ambientales<\/div>\n<div style='padding: 15px; color: inherit;'>\n<ul style='padding-left: 20px; margin: 0; font-size: 14px; list-style-type: disc;'>\n<li style='margin-bottom: 5px;'><strong>Rango de humedad de funcionamiento:<\/strong> 5 a 95 % de HR&comma; sin condensaci\u00f3n<\/li>\n<li style='margin-bottom: 5px;'><strong>Rango de temperatura de env\u00edo y almacenamiento (F):<\/strong> -40 F a +150 F<\/li>\n<li style='margin-bottom: 5px;'><strong>Rango de temperatura de env\u00edo y almacenamiento (C):<\/strong> -40 C a +65 C<\/li>\n<li style='margin-bottom: 5px;'><strong>Rango de temperatura ambiente (C):<\/strong> 0 C a 65 C<\/li>\n<li style='margin-bottom: 5px;'><strong>Rango de temperatura ambiente (F):<\/strong> 32 F a 150 F<\/li>\n<li style='margin-bottom: 5px;'><strong>Temperatura del fluido (C):<\/strong> 95C<\/li>\n<li style='margin-bottom: 5px;'><strong>Temperatura del fluido (F):<\/strong> 203F<\/li>\n<\/ul><\/div>\n<\/p><\/div>\n<div style='flex: 1 1 250px; border: 1px solid rgba(150&comma; 150&comma; 150&comma; 0.4); border-radius: 8px; overflow: hidden; display: flex; flex-direction: column;'>\n<div style='padding: 15px; border-bottom: 1px solid rgba(150&comma; 150&comma; 150&comma; 0.2); font-weight: bold; font-size: 18px; color: inherit;'>Especificaciones T\u00e9cnicas<\/div>\n<div style='padding: 15px; color: inherit;'>\n<ul style='padding-left: 20px; margin: 0; font-size: 14px; list-style-type: disc;'>\n<li style='margin-bottom: 5px;'><strong>Clasificaci\u00f3n de protecci\u00f3n ambiental:<\/strong> IP40&comma; doble aislamiento<\/li>\n<li style='margin-bottom: 5px;'><strong>Interruptor auxiliar interno:<\/strong> 0<\/li>\n<li style='margin-bottom: 5px;'><strong>Carrera (pulgadas):<\/strong> 0.4 pulgadas<\/li>\n<li style='margin-bottom: 5px;'><strong>Carrera (mm):<\/strong> 10mm<\/li>\n<li style='margin-bottom: 5px;'><strong>Cable:<\/strong> Alivio de tensi\u00f3n moldeado<\/li>\n<li style='margin-bottom: 5px;'><strong>Tiempo nominal:<\/strong> Conducci\u00f3n @ 60 Hz&#8211; 6 segundos<\/li>\n<li style='margin-bottom: 5px;'><strong>Presi\u00f3n diferencial (cierre) (psi):<\/strong> 60 psid<\/li>\n<li style='margin-bottom: 5px;'><strong>Presi\u00f3n diferencial (cierre) (kPa):<\/strong> 400 kPa<\/li>\n<li style='margin-bottom: 5px;'><strong>Tipo de adaptador de eje:<\/strong> Autoalineaci\u00f3n<\/li>\n<li style='margin-bottom: 5px;'><strong>Manual de operaci\u00f3n:<\/strong> Palanca<\/li>\n<li style='margin-bottom: 5px;'><strong>Tipo de actuador:<\/strong> V\u00e1lvula<\/li>\n<li style='margin-bottom: 5px;'><strong>Se\u00f1al de control:<\/strong> dos posiciones; SPST<\/li>\n<li style='margin-bottom: 5px;'><strong>Modo a prueba de fallas:<\/strong> permanece en su lugar<\/li>\n<\/ul><\/div>\n<\/p><\/div>\n<\/p><\/div>\n<\/p><\/div>\n<p> <!-- Separador --> <\/p>\n<hr style='border: 0; border-top: 1px solid rgba(150&comma; 150&comma; 150&comma; 0.3); margin: 30px 0;'> <\/div>\n","protected":false},"excerpt":{"rendered":"<p>Actuador 120vca On\/off. Ideal para control de sistemas hidr\u00f3nicos de agua helada, caliente o piso radiante<\/p>\n","protected":false},"featured_media":41674,"comment_status":"open","ping_status":"closed","template":"","meta":[],"product_brand":[],"product_cat":[1266],"product_tag":[1144,1267,45],"class_list":{"0":"post-41675","1":"product","2":"type-product","3":"status-publish","4":"has-post-thumbnail","6":"product_cat-control-de-temperatura","7":"product_tag-climatizacion-refrigeracion","8":"product_tag-control-de-temperatura","9":"product_tag-honeywell-home-resideo","11":"first","12":"instock","13":"sale","14":"shipping-taxable","15":"purchasable","16":"product-type-simple"},"_links":{"self":[{"href":"https:\/\/soydeaqui.ddns.net\/pachuca\/index.php\/wp-json\/wp\/v2\/product\/41675","targetHints":{"allow":["GET"]}}],"collection":[{"href":"https:\/\/soydeaqui.ddns.net\/pachuca\/index.php\/wp-json\/wp\/v2\/product"}],"about":[{"href":"https:\/\/soydeaqui.ddns.net\/pachuca\/index.php\/wp-json\/wp\/v2\/types\/product"}],"replies":[{"embeddable":true,"href":"https:\/\/soydeaqui.ddns.net\/pachuca\/index.php\/wp-json\/wp\/v2\/comments?post=41675"}],"wp:featuredmedia":[{"embeddable":true,"href":"https:\/\/soydeaqui.ddns.net\/pachuca\/index.php\/wp-json\/wp\/v2\/media\/41674"}],"wp:attachment":[{"href":"https:\/\/soydeaqui.ddns.net\/pachuca\/index.php\/wp-json\/wp\/v2\/media?parent=41675"}],"wp:term":[{"taxonomy":"product_brand","embeddable":true,"href":"https:\/\/soydeaqui.ddns.net\/pachuca\/index.php\/wp-json\/wp\/v2\/product_brand?post=41675"},{"taxonomy":"product_cat","embeddable":true,"href":"https:\/\/soydeaqui.ddns.net\/pachuca\/index.php\/wp-json\/wp\/v2\/product_cat?post=41675"},{"taxonomy":"product_tag","embeddable":true,"href":"https:\/\/soydeaqui.ddns.net\/pachuca\/index.php\/wp-json\/wp\/v2\/product_tag?post=41675"}],"curies":[{"name":"wp","href":"https:\/\/api.w.org\/{rel}","templated":true}]}}