{"id":41648,"date":"2026-03-18T18:20:42","date_gmt":"2026-03-18T18:20:42","guid":{"rendered":"https:\/\/soydeaqui.ddns.net\/pachuca\/index.php\/producto\/electrodo-para-corriente-maxima-de-25-amp-con-filtro-y-compuesto-h2ohm\/"},"modified":"2026-03-18T18:20:42","modified_gmt":"2026-03-18T18:20:42","slug":"electrodo-para-corriente-maxima-de-25-amp-con-filtro-y-compuesto-h2ohm","status":"publish","type":"product","link":"https:\/\/soydeaqui.ddns.net\/pachuca\/index.php\/producto\/electrodo-para-corriente-maxima-de-25-amp-con-filtro-y-compuesto-h2ohm\/","title":{"rendered":"Electrodo para corriente m\u00e1xima de 25 Amp. con Filtro y Compuesto H2Ohm."},"content":{"rendered":"<div style='width: 100%; max-width: 1200px; margin: 0 auto; font-family: sans-serif; line-height: 1.6; color: inherit; background-color: transparent;'> <!-- Imagen de logo --> <\/p>\n<div style='text-align: center; margin: 30px 0;'> <img style='width: 100%; max-width: 540px; height: auto; border: 1px solid rgba(150&comma;150&comma;150&comma;0.3); border-radius: 8px;' src='https:\/\/ftp3.syscom.mx\/usuarios\/fotos\/TG45AB\/75917-logo_total_ground.png' alt='Logo Total Ground'> <\/div>\n<p> <!-- Descripci\u00f3n principal --> <\/p>\n<div style='margin-bottom: 30px; font-size: 15px;'>\n<p>Los electrodos de puesta a tierra marca <strong>TOTAL GROUND<\/strong> deben ser instalados en conjunto con nuestro compuesto mejorador de tierra para asegurar una resistencia menor a 2 Ohm (en la mayor\u00eda de los casos) y una instalaci\u00f3n <strong>libre de mantenimiento correctivo hasta por 20 a\u00f1os.<\/strong><\/p>\n<p style='text-align: center;'>Los electrodos magnetoactivos incluyen una br\u00fajula y nivel para asegurar una integraci\u00f3n profesional.<\/p>\n<\/p><\/div>\n<p> <!-- Secciones en grid --> <\/p>\n<div style='display: grid; grid-template-columns: repeat(auto-fit&comma; minmax(280px&comma; 1fr)); gap: 30px; margin-bottom: 30px;'> <!-- Descripci\u00f3n --> <\/p>\n<div style='border-left: 5px solid #E42327; border-radius: 8px; overflow: hidden; box-shadow: 0 2px 8px rgba(0&comma;0&comma;0&comma;0.05);'>\n<div style='padding: 15px; background-color: rgba(40&comma; 128&comma; 185&comma; 0.1); font-weight: bold; color: #2880b9; font-size: 18px;'>Descripci\u00f3n<\/div>\n<div style='padding: 15px; color: inherit;'>\n<ul style='padding-left: 20px; margin: 0; list-style-type: disc; font-size: 14px;'>\n<li style='margin-bottom: 10px;'><strong>Electrodo:<\/strong> El Electrodo de puesta a tierra marca TOTAL GROUND modelo TG-25AB. Elaborado de cobre electrol\u00edtico altamente conductivo&comma; tratado especialmente para retardar los efectos de la corrosi\u00f3n.<\/li>\n<li style='margin-bottom: 10px;'><strong>Acoplador de impedancias:<\/strong> Interconstruido en dispositivo de filtraci\u00f3n de baja frecuencia LCR montado en estructura con 3 bornes de conexi\u00f3n de 1\/2 pulgada.<\/li>\n<li style='margin-bottom: 10px;'><strong>Compuesto H2OHM:<\/strong> Fabricado en base org\u00e1nica&comma; elaborado con material higrosc\u00f3pico coagulante de humedad que cuenta con certificado de pruebas de LAPEM y certificado de laboratorio acreditado ante EMA&comma; con valores dentro de la norma CRETIB de no toxicidad ni da\u00f1o al medio ambiente.<\/li>\n<\/ul><\/div>\n<\/p><\/div>\n<p> <!-- Aplicaciones --> <\/p>\n<div style='border-left: 5px solid #E42327; border-radius: 8px; overflow: hidden; box-shadow: 0 2px 8px rgba(0&comma;0&comma;0&comma;0.05);'>\n<div style='padding: 15px; background-color: rgba(40&comma; 128&comma; 185&comma; 0.1); font-weight: bold; color: #2880b9; font-size: 18px;'>Aplicaciones<\/div>\n<div style='padding: 15px; color: inherit;'>\n<ul style='padding-left: 20px; margin: 0; list-style-type: disc; font-size: 14px;'>\n<li style='margin-bottom: 8px;'>SITES de c\u00f3mputo. <span style='color: #e74c3c;'>Consultar Gu\u00eda de Selecci\u00f3n<\/span><\/li>\n<li style='margin-bottom: 8px;'>Transformadores. <span style='color: #e74c3c;'>Consultar Gu\u00eda de Selecci\u00f3n<\/span><\/li>\n<li style='margin-bottom: 8px;'>Racks de telecomunicaciones.<\/li>\n<li style='margin-bottom: 8px;'>Sistemas satelitales.<\/li>\n<li style='margin-bottom: 8px;'>Sistemas de radio frecuencia.<\/li>\n<li style='margin-bottom: 8px;'>Sistemas de control industrial.<\/li>\n<li>Sistemas Fotovoltaicos<\/li>\n<\/ul><\/div>\n<\/p><\/div>\n<p> <!-- Caracter\u00edsticas --> <\/p>\n<div style='border-left: 5px solid #E42327; border-radius: 8px; overflow: hidden; box-shadow: 0 2px 8px rgba(0&comma;0&comma;0&comma;0.05);'>\n<div style='padding: 15px; background-color: rgba(40&comma; 128&comma; 185&comma; 0.1); font-weight: bold; color: #2880b9; font-size: 18px;'>Caracter\u00edsticas<\/div>\n<div style='padding: 15px; color: inherit;'>\n<ul style='padding-left: 20px; margin: 0; list-style-type: disc; font-size: 14px;'>\n<li style='margin-bottom: 8px;'>Electrodo de puesta a tierra modelo TG25AB. Capacidad de 25 A.<\/li>\n<li style='margin-bottom: 8px;'>Fabricado de cobre electrol\u00edtico altamente conductivo.<\/li>\n<li style='margin-bottom: 8px;'>Dise\u00f1ado en forma delta tubular.<\/li>\n<li style='margin-bottom: 8px;'>No requieren de mantenimiento preventivo.<\/li>\n<li style='margin-bottom: 8px;'>Incluye dispositivo de filtraci\u00f3n de baja frecuencia LCR montado en la misma estructura con un borne de conexi\u00f3n de 1\/2 pulgada.<\/li>\n<li style='margin-bottom: 8px;'>Cuenta con acoplador de impedancias en la misma bobina.<\/li>\n<li style='margin-bottom: 8px;'>Proveen la soluci\u00f3n completa para telecomunicaciones de acuerdo con los est\u00e1ndares EIA\/ TIA J-STD-607-A y BICSI.<\/li>\n<li>Para instalaciones residenciales o de baja actividad el\u00e9ctrica.<\/li>\n<\/ul><\/div>\n<\/p><\/div>\n<\/p><\/div>\n<p> <!-- Componentes incluidos --> <\/p>\n<div style='margin-bottom: 30px;'>\n<div style='border-left: 5px solid #E42327; border-radius: 8px; overflow: hidden; box-shadow: 0 2px 8px rgba(0&comma;0&comma;0&comma;0.05);'>\n<div style='padding: 15px; background-color: rgba(192&comma; 57&comma; 43&comma; 0.1); font-weight: bold; color: #c0392b; font-size: 18px;'>Incluye los siguientes componentes:<\/div>\n<div style='overflow-x: auto;'>\n<table style='width: 100%; border-collapse: collapse; margin: 15px 0; color: inherit;'>\n<thead>\n<tr style='background-color: rgba(0&comma;0&comma;0&comma;0.03);'>\n<th style='padding: 12px; border-bottom: 1px solid rgba(150&comma;150&comma;150&comma;0.3); text-align: left;'>Cantidad<\/th>\n<th style='padding: 12px; border-bottom: 1px solid rgba(150&comma;150&comma;150&comma;0.3); text-align: left;'>Modelo<\/th>\n<th style='padding: 12px; border-bottom: 1px solid rgba(150&comma;150&comma;150&comma;0.3); text-align: left;'>Descripci\u00f3n<\/th>\n<\/tr>\n<\/thead>\n<tbody>\n<tr>\n<td style='padding: 10px; border-bottom: 1px solid rgba(150&comma;150&comma;150&comma;0.2);'>1<\/td>\n<td style='padding: 10px; border-bottom: 1px solid rgba(150&comma;150&comma;150&comma;0.2);'><span style='color: #2880b9;'>TG25AB<\/span><\/td>\n<td style='padding: 10px; border-bottom: 1px solid rgba(150&comma;150&comma;150&comma;0.2);'>Electrodo.<\/td>\n<\/tr>\n<tr>\n<td style='padding: 10px; border-bottom: 1px solid rgba(150&comma;150&comma;150&comma;0.2);'>1<\/td>\n<td style='padding: 10px; border-bottom: 1px solid rgba(150&comma;150&comma;150&comma;0.2);'><a style='color: #2880b9; text-decoration: none;' href='https:\/\/www.syscom.mx\/producto\/H2O-HM-TOTAL-GROUND-75920.html' target='_blank' rel='noopener'>H20HM<\/a><\/td>\n<td style='padding: 10px; border-bottom: 1px solid rgba(150&comma;150&comma;150&comma;0.2);'>Saco de 11 Kg de mejorador de suelo.<\/td>\n<\/tr>\n<tr>\n<td style='padding: 10px; border-bottom: 1px solid rgba(150&comma;150&comma;150&comma;0.2);'>1<\/td>\n<td style='padding: 10px; border-bottom: 1px solid rgba(150&comma;150&comma;150&comma;0.2);'>&#8212;<\/td>\n<td style='padding: 10px; border-bottom: 1px solid rgba(150&comma;150&comma;150&comma;0.2);'>Br\u00fajula y nivel.<\/td>\n<\/tr>\n<\/tbody>\n<\/table><\/div>\n<\/p><\/div>\n<\/p><\/div>\n<p> <!-- Accesorios complementarios --> <\/p>\n<div style='margin-bottom: 30px;'>\n<div style='border-left: 5px solid #E42327; border-radius: 8px; overflow: hidden; box-shadow: 0 2px 8px rgba(0&comma;0&comma;0&comma;0.05);'>\n<div style='padding: 15px; background-color: rgba(192&comma; 57&comma; 43&comma; 0.1); font-weight: bold; color: #c0392b; font-size: 18px;'>Accesorios complementarios (No incluidos):<\/div>\n<div style='overflow-x: auto;'>\n<table style='width: 100%; border-collapse: collapse; margin: 15px 0; color: inherit;'>\n<thead>\n<tr style='background-color: rgba(0&comma;0&comma;0&comma;0.03);'>\n<th style='padding: 12px; border-bottom: 1px solid rgba(150&comma;150&comma;150&comma;0.3); text-align: left;'>Cantidad<\/th>\n<th style='padding: 12px; border-bottom: 1px solid rgba(150&comma;150&comma;150&comma;0.3); text-align: left;'>Modelo<\/th>\n<th style='padding: 12px; border-bottom: 1px solid rgba(150&comma;150&comma;150&comma;0.3); text-align: left;'>Descripci\u00f3n<\/th>\n<\/tr>\n<\/thead>\n<tbody>\n<tr>\n<td style='padding: 10px; border-bottom: 1px solid rgba(150&comma;150&comma;150&comma;0.2);'>1<\/td>\n<td style='padding: 10px; border-bottom: 1px solid rgba(150&comma;150&comma;150&comma;0.2);'><a style='color: #2880b9; text-decoration: none;' href='https:\/\/www.syscom.mx\/producto\/ANTIOX-TOTAL-GROUND-75931.html' target='_blank' rel='noopener'>ANTIOX<\/a><\/td>\n<td style='padding: 10px; border-bottom: 1px solid rgba(150&comma;150&comma;150&comma;0.2);'>Spray protector para conectores.<\/td>\n<\/tr>\n<tr>\n<td style='padding: 10px; border-bottom: 1px solid rgba(150&comma;150&comma;150&comma;0.2);'>5<\/td>\n<td style='padding: 10px; border-bottom: 1px solid rgba(150&comma;150&comma;150&comma;0.2);'><a style='color: #2880b9; text-decoration: none;' href='https:\/\/www.syscom.mx\/producto\/TG-CR11-TOTAL-GROUND-76026.html' target='_blank' rel='noopener'>TGCR11<\/a><\/td>\n<td style='padding: 10px; border-bottom: 1px solid rgba(150&comma;150&comma;150&comma;0.2);'>Conector de Bronce.<\/td>\n<\/tr>\n<tr>\n<td style='padding: 10px; border-bottom: 1px solid rgba(150&comma;150&comma;150&comma;0.2);'>2<\/td>\n<td style='padding: 10px; border-bottom: 1px solid rgba(150&comma;150&comma;150&comma;0.2);'><a style='color: #2880b9; text-decoration: none;' href='https:\/\/www.syscom.mx\/producto\/TG-AB18-TOTAL-GROUND-76028.html' target='_blank' rel='noopener'>TGAB18<\/a><\/td>\n<td style='padding: 10px; border-bottom: 1px solid rgba(150&comma;150&comma;150&comma;0.2);'>Conector de Varilla.<\/td>\n<\/tr>\n<tr>\n<td style='padding: 10px; border-bottom: 1px solid rgba(150&comma;150&comma;150&comma;0.2);'>1<\/td>\n<td style='padding: 10px; border-bottom: 1px solid rgba(150&comma;150&comma;150&comma;0.2);'><a style='color: #2880b9; text-decoration: none;' href='https:\/\/www.syscom.mx\/producto\/S-610-TOTAL-GROUND-75929.html' target='_blank' rel='noopener'>S610<\/a><\/td>\n<td style='padding: 10px; border-bottom: 1px solid rgba(150&comma;150&comma;150&comma;0.2);'>Registro para electrodo.<\/td>\n<\/tr>\n<tr>\n<td style='padding: 10px; border-bottom: 1px solid rgba(150&comma;150&comma;150&comma;0.2);'>1<\/td>\n<td style='padding: 10px; border-bottom: 1px solid rgba(150&comma;150&comma;150&comma;0.2);'><a style='color: #2880b9; text-decoration: none;' href='https:\/\/www.syscom.mx\/producto\/SLY-286-BLK-INDIANA-176934.html' target='_blank' rel='noopener'>SLY286BLK<\/a><\/td>\n<td style='padding: 10px; border-bottom: 1px solid rgba(150&comma;150&comma;150&comma;0.2);'>Cable de cobre recubierto THW-SL Calibre 2 AWG.<\/td>\n<\/tr>\n<tr>\n<td style='padding: 10px; border-bottom: 1px solid rgba(150&comma;150&comma;150&comma;0.2);'>1<\/td>\n<td style='padding: 10px; border-bottom: 1px solid rgba(150&comma;150&comma;150&comma;0.2);'><a style='color: #2880b9; text-decoration: none;' href='https:\/\/www.syscom.mx\/producto\/TG-BUS-G10-TOTAL-GROUND-75914.html' target='_blank' rel='noopener'>TGBUSG10<\/a><\/td>\n<td style='padding: 10px; border-bottom: 1px solid rgba(150&comma;150&comma;150&comma;0.2);'>Barra de uni\u00f3n de 7-7\/8&#8242; x 2&#8242; x 1\/4&#8242; con aisladores de 1000A de capacidad.<\/td>\n<\/tr>\n<tr>\n<td style='padding: 10px; border-bottom: 1px solid rgba(150&comma;150&comma;150&comma;0.2);'>1<\/td>\n<td style='padding: 10px; border-bottom: 1px solid rgba(150&comma;150&comma;150&comma;0.2);'><a style='color: #2880b9; text-decoration: none;' href='https:\/\/www.syscom.mx\/producto\/TG-BUE-10-TOTAL-GROUND-75913.html' target='_blank' rel='noopener'>TGBUE10<\/a><\/td>\n<td style='padding: 10px; border-bottom: 1px solid rgba(150&comma;150&comma;150&comma;0.2);'>Barra de uni\u00f3n y distribuci\u00f3n de hilos.<\/td>\n<\/tr>\n<\/tbody>\n<\/table><\/div>\n<\/p><\/div>\n<\/p><\/div>\n<p> <!-- Preguntas frecuentes --> <\/p>\n<div style='margin-bottom: 30px;'>\n<div style='border-left: 5px solid #ff0000; border-radius: 8px; overflow: hidden; box-shadow: 0 2px 8px rgba(0&comma;0&comma;0&comma;0.05);'>\n<div style='padding: 15px; background-color: rgba(192&comma; 57&comma; 43&comma; 0.1); font-weight: bold; color: #c0392b; font-size: 18px;'>Preguntas Frecuentes<\/div>\n<div style='padding: 15px; color: inherit;'>\n<ul style='padding-left: 20px; margin: 0; list-style-type: disc; font-size: 14px;'>\n<li style='margin-bottom: 15px;'><strong>\u00bfEste kit de tierra f\u00edsica me garantiza 5 ohms de resistencia?<\/strong>\n<p style='margin-top: 8px; margin-bottom: 0;'>La resistencia del sistema depende directamente de las caracter\u00edsticas del terreno (tipo de suelo&comma; humedad&comma; sales&comma; densidad&comma; compactaci\u00f3n&comma; etc) y del mejoramiento que se realice (aplicaci\u00f3n de mejoradores qu\u00edmicos&comma; relleno con tierra negra&comma; aumento de la profundidad o cantidad de electrodos). Un dimensionamiento adecuado puede ayudar a reducir los niveles de resistencia&comma; incluso logrando valores muy cercanos a cero.<\/p>\n<\/li>\n<li><strong>\u00bfEs necesario colocar las masas Auxiliares?<\/strong>\n<p style='margin-top: 8px; margin-bottom: 0;'>Es recomendable integrar el acoplamiento de masas auxiliares mediante el acoplador de impedancias. Aunque no es un componente obligatorio&comma; Total Ground lo sugiere porque&comma; al sumar resistencias en paralelo&comma; reduce significativamente la resistencia total y mejora el rendimiento del sistema. Adem\u00e1s&comma; su instalaci\u00f3n es requisito para validar la garant\u00eda de 20 a\u00f1os en los sistemas de puesta a tierra Total Ground.<\/p>\n<\/li>\n<\/ul><\/div>\n<\/p><\/div>\n<\/p><\/div>\n<p> <!-- Imagen adicional --> <\/p>\n<div style='text-align: center; margin: 30px 0;'> <img style='width: 100%; max-width: 429px; height: auto; border: 1px solid rgba(150&comma;150&comma;150&comma;0.3); border-radius: 8px;' src='https:\/\/ftp3.syscom.mx\/usuarios\/fotos\/TG100AB\/75938-tggti.jpg' alt=''> <\/div>\n<p> <!-- Videos --> <\/p>\n<div style='margin-bottom: 30px;'>\n<div style='font-size: 24px; color: #c0392b; font-weight: bold; margin: 30px 0; text-align: center;'>Curso B\u00e1sico para Selecci\u00f3n e Implementaci\u00f3n de Sistemas de Protecci\u00f3n<\/div>\n<div style='display: grid; grid-template-columns: repeat(auto-fit&comma; minmax(300px&comma; 1fr)); gap: 20px; margin-bottom: 30px;'> <!-- Video 1 --> <\/p>\n<div style='position: relative; padding-bottom: 56.25%; height: 0; overflow: hidden; border: 1px solid rgba(150&comma;150&comma;150&comma;0.3); border-radius: 8px;'>   <\/div>\n<p> <!-- Video 2 --> <\/p>\n<div style='position: relative; padding-bottom: 56.25%; height: 0; overflow: hidden; border: 1px solid rgba(150&comma;150&comma;150&comma;0.3); border-radius: 8px;'>   <\/div>\n<\/p><\/div>\n<\/p><\/div>\n<p> <!-- Webinars --> <\/p>\n<div style='margin-bottom: 30px;'>\n<div style='font-size: 24px; color: #c0392b; font-weight: bold; margin: 30px 0; text-align: center;'>Webinars de Sistemas de Puesta a Tierra y Pararrayos<\/div>\n<div style='display: grid; grid-template-columns: repeat(auto-fit&comma; minmax(300px&comma; 1fr)); gap: 20px;'> <!-- Webinar 1 --> <\/p>\n<div>\n<div style='position: relative; padding-bottom: 56.25%; height: 0; overflow: hidden; border: 1px solid rgba(150&comma;150&comma;150&comma;0.3); border-radius: 8px;'>   <\/div>\n<div style='margin-top: 10px; font-weight: bold; color: #333333; font-size: 14px;'>WEBINAR1: <strong>B\u00c1SICO DE TIERRAS F\u00cdSICAS Y PARARRAYOS (INICIA EN EL MIN.14)<\/strong><\/div>\n<\/p><\/div>\n<p> <!-- Webinar 2 --> <\/p>\n<div>\n<div style='position: relative; padding-bottom: 56.25%; height: 0; overflow: hidden; border: 1px solid rgba(150&comma;150&comma;150&comma;0.3); border-radius: 8px;'>   <\/div>\n<div style='margin-top: 10px; font-weight: bold; color: #333333; font-size: 14px;'>WEBINAR2: INSTALACI\u00d3N DE TIERRAS F\u00cdSICAS Y PARARRAYOS<\/div>\n<\/p><\/div>\n<p> <!-- Webinar 3 --> <\/p>\n<div>\n<div style='position: relative; padding-bottom: 56.25%; height: 0; overflow: hidden; border: 1px solid rgba(150&comma;150&comma;150&comma;0.3); border-radius: 8px;'>   <\/div>\n<div style='margin-top: 10px; font-weight: bold; color: #333333; font-size: 14px;'>WEBINAR3: SISTEMAS DE PARARRAYO TOTAL GROUND<\/div>\n<\/p><\/div>\n<\/p><\/div>\n<\/p><\/div>\n<\/p><\/div>\n","protected":false},"excerpt":{"rendered":"<p>Electrodo para corriente m\u00e1xima de 25 Amp. con Filtro y Compuesto H2Ohm.<\/p>\n","protected":false},"featured_media":41647,"comment_status":"open","ping_status":"closed","template":"","meta":[],"product_brand":[],"product_cat":[1131],"product_tag":[1088,1132,635],"class_list":{"0":"post-41648","1":"product","2":"type-product","3":"status-publish","4":"has-post-thumbnail","6":"product_cat-tierras-fisicas","7":"product_tag-calidad-de-la-energia","8":"product_tag-tierras-fisicas","9":"product_tag-total-ground","11":"first","12":"instock","13":"sale","14":"shipping-taxable","15":"purchasable","16":"product-type-simple"},"_links":{"self":[{"href":"https:\/\/soydeaqui.ddns.net\/pachuca\/index.php\/wp-json\/wp\/v2\/product\/41648","targetHints":{"allow":["GET"]}}],"collection":[{"href":"https:\/\/soydeaqui.ddns.net\/pachuca\/index.php\/wp-json\/wp\/v2\/product"}],"about":[{"href":"https:\/\/soydeaqui.ddns.net\/pachuca\/index.php\/wp-json\/wp\/v2\/types\/product"}],"replies":[{"embeddable":true,"href":"https:\/\/soydeaqui.ddns.net\/pachuca\/index.php\/wp-json\/wp\/v2\/comments?post=41648"}],"wp:featuredmedia":[{"embeddable":true,"href":"https:\/\/soydeaqui.ddns.net\/pachuca\/index.php\/wp-json\/wp\/v2\/media\/41647"}],"wp:attachment":[{"href":"https:\/\/soydeaqui.ddns.net\/pachuca\/index.php\/wp-json\/wp\/v2\/media?parent=41648"}],"wp:term":[{"taxonomy":"product_brand","embeddable":true,"href":"https:\/\/soydeaqui.ddns.net\/pachuca\/index.php\/wp-json\/wp\/v2\/product_brand?post=41648"},{"taxonomy":"product_cat","embeddable":true,"href":"https:\/\/soydeaqui.ddns.net\/pachuca\/index.php\/wp-json\/wp\/v2\/product_cat?post=41648"},{"taxonomy":"product_tag","embeddable":true,"href":"https:\/\/soydeaqui.ddns.net\/pachuca\/index.php\/wp-json\/wp\/v2\/product_tag?post=41648"}],"curies":[{"name":"wp","href":"https:\/\/api.w.org\/{rel}","templated":true}]}}