{"id":41638,"date":"2026-03-18T18:20:25","date_gmt":"2026-03-18T18:20:25","guid":{"rendered":"https:\/\/soydeaqui.ddns.net\/pachuca\/index.php\/producto\/pastilla-para-riel-din-2-polos-10-amp-vca110-415v-6ka-catalogo-nxb632pc10-serie-nxb-63\/"},"modified":"2026-03-18T18:20:32","modified_gmt":"2026-03-18T18:20:32","slug":"pastilla-para-riel-din-2-polos-10-amp-vca110-415v-6ka-catalogo-nxb632pc10-serie-nxb-63","status":"publish","type":"product","link":"https:\/\/soydeaqui.ddns.net\/pachuca\/index.php\/producto\/pastilla-para-riel-din-2-polos-10-amp-vca110-415v-6ka-catalogo-nxb632pc10-serie-nxb-63\/","title":{"rendered":"Pastilla para Riel Din, 2 Polos, 10 Amp, Vca:110\/415v, 6kA, Cat\u00e1logo: NXB632PC10, Serie: NXB-63."},"content":{"rendered":"<div style='width: 100%; max-width: 1200px; margin: 0 auto; font-family: sans-serif; line-height: 1.6; color: inherit; background-color: transparent;'>\n<div style='display: flex; flex-wrap: wrap; gap: 30px; margin-bottom: 30px;'>\n<div style='flex: 1 1 300px; min-width: 280px;'>\n<h3 style='font-size: 22px; border-bottom: 2px solid currentColor; padding-bottom: 5px; margin-top: 0; color: inherit; opacity: 0.8;'>Descripci\u00f3n<\/h3>\n<p style='margin: 0 0 15px 0; color: inherit;'>Los dispositivos NXB63 son capaces de suspender el paso de la corriente el\u00e9ctrica en un circuito al detectar una sobre carga (parte t\u00e9rmica) o una sobretensi\u00f3n (parte magn\u00e9tica)<\/p>\n<\/div>\n<\/div>\n<div style='display: flex; flex-wrap: wrap; gap: 30px; margin-bottom: 30px;'>\n<div style='flex: 1 1 300px; min-width: 280px;'>\n<h3 style='font-size: 22px; border-bottom: 2px solid currentColor; padding-bottom: 5px; margin-top: 0; color: inherit; opacity: 0.8;'>Datos T\u00e9cnicos<\/h3>\n<ul style='padding-left: 20px; font-size: 15px; color: inherit;'>\n<li style='margin-bottom: 5px;'><strong>Voltaje de operaci\u00f3n:<\/strong> 110VCA &#8211; 415 VCA<\/li>\n<li style='margin-bottom: 5px;'><strong>Corriente nominal:<\/strong> 10A<\/li>\n<li style='margin-bottom: 5px;'><strong>Configuraci\u00f3n:<\/strong> 2 polos<\/li>\n<li style='margin-bottom: 5px;'><strong>Capacidad interruptiva:<\/strong> 6kA<\/li>\n<li style='margin-bottom: 5px;'><strong>Montaje:<\/strong> Riel Din<\/li>\n<li style='margin-bottom: 5px;'><strong>Bandera indicadora de estado:<\/strong> S\u00ed<\/li>\n<li style='margin-bottom: 5px;'><strong>Tornillos cautivos:<\/strong> S\u00ed<\/li>\n<li style='margin-bottom: 5px;'><strong>Temperatura de funcionamiento:<\/strong> -30 a 70\u00b0C<\/li>\n<\/ul>\n<\/div>\n<div style='flex: 1 1 300px; min-width: 280px;'>\n<h3 style='font-size: 22px; border-bottom: 2px solid currentColor; padding-bottom: 5px; margin-top: 0; color: inherit; opacity: 0.8;'>Caracter\u00edsticas<\/h3>\n<ul style='padding-left: 20px; font-size: 15px; color: inherit;'>\n<li style='margin-bottom: 5px;'>Amplio rango de temperatura de operaci\u00f3n: -40 \u00b0C a 70\u00b0C<\/li>\n<li style='margin-bottom: 5px;'>Bandera indicadora de estado\n<ul style='padding-left: 20px; margin: 5px 0;'>\n<li style='margin-bottom: 5px;'><span style='background-color: #e74c3c; color: inherit; padding: 2px 6px; border-radius: 4px;'>Rojo<\/span>: Circuito Cerrado<\/li>\n<li style='margin-bottom: 5px;'><span style='background-color: #2fcc71; color: #000000; padding: 2px 6px; border-radius: 4px;'>Verde<\/span>: Circuito Abierto<\/li>\n<\/ul>\n<\/li>\n<li style='margin-bottom: 5px;'>Vida mec\u00e1nica de hasta 20&comma;000 ciclos<\/li>\n<li style='margin-bottom: 5px;'>Vida el\u00e9ctrica de hasta 10&comma;000 ciclos<\/li>\n<li style='margin-bottom: 5px;'>Protecci\u00f3n t\u00e9rmica contra sobrecorrientes<\/li>\n<li style='margin-bottom: 5px;'>Protecci\u00f3n magn\u00e9tica contra cortocircuitos<\/li>\n<li style='margin-bottom: 5px;'>Accesorios disponibles: contactos auxiliares&comma; alarmas&comma; bobinas de disparo&comma; etc.<\/li>\n<\/ul>\n<\/div>\n<\/div>\n<div style='display: flex; flex-wrap: wrap; gap: 20px; margin-bottom: 30px;'>\n<div style='flex: 1 1 250px; border: 1px solid rgba(150&comma; 150&comma; 150&comma; 0.4); border-radius: 8px; overflow: hidden; display: flex; flex-direction: column;'>\n<div style='padding: 15px; border-bottom: 1px solid rgba(150&comma; 150&comma; 150&comma; 0.2); font-weight: bold; font-size: 18px; color: inherit;'>Especificaciones<\/div>\n<div style='padding: 15px; color: inherit;'>\n<ul style='padding-left: 20px; margin: 0; font-size: 14px; list-style-type: disc;'>\n<li style='margin-bottom: 5px;'><strong>Modelo:<\/strong> NXB632PC10<\/li>\n<li style='margin-bottom: 5px;'><strong>Marca:<\/strong> CHINT<\/li>\n<li style='margin-bottom: 5px;'><strong>Polos:<\/strong> 2<\/li>\n<li style='margin-bottom: 5px;'><strong>Corriente:<\/strong> 10A<\/li>\n<li style='margin-bottom: 5px;'><strong>Voltaje:<\/strong> 110\/415VCA<\/li>\n<li style='margin-bottom: 5px;'><strong>Capacidad interruptiva:<\/strong> 6kA<\/li>\n<\/ul>\n<\/div>\n<\/div>\n<div style='flex: 1 1 250px; border: 1px solid rgba(150&comma; 150&comma; 150&comma; 0.4); border-radius: 8px; overflow: hidden; display: flex; flex-direction: column;'>\n<div style='padding: 15px; border-bottom: 1px solid rgba(150&comma; 150&comma; 150&comma; 0.2); font-weight: bold; font-size: 18px; color: inherit;'>Aplicaciones<\/div>\n<div style='padding: 15px; color: inherit;'>\n<ul style='padding-left: 20px; margin: 0; font-size: 14px; list-style-type: disc;'>\n<li style='margin-bottom: 5px;'>Protecci\u00f3n en circuitos el\u00e9ctricos residenciales<\/li>\n<li style='margin-bottom: 5px;'>Protecci\u00f3n en circuitos comerciales<\/li>\n<li style='margin-bottom: 5px;'>Control de cargas inductivas<\/li>\n<li style='margin-bottom: 5px;'>Protecci\u00f3n de equipos sensibles<\/li>\n<\/ul>\n<\/div>\n<\/div>\n<\/div>\n<div style='display: flex; flex-wrap: wrap; justify-content: center; margin: 30px 0;'><img style='width: 100%; height: auto; border: 1px solid rgba(150&comma;150&comma;150&comma;0.3); border-radius: 8px; max-width: 600px;' src='data:image\/jpeg;base64&comma;\/9j\/4AAQSkZJRgABAQAAAQABAAD\/2wCEAAoHCBIWFRUVFRUYGBgaGhgYGBocGBoYFRgYGRoaGhgYGRgcIS4lHB4rIRwYJjgmKy8xNTU1GiQ7QDs0Py40NTEBDAwMEA8QHBISHzEsISw9PzQ0PTQ0Pz80NDw6NDQ2NDQ0NDE\/PTQ0NDYxNTE2PTQ0PTE0NDE0NDQ0ODQ9MTE0NP\/AABEIAQMAwwMBIgACEQEDEQH\/xAAbAAEAAgMBAQAAAAAAAAAAAAAAAwUBBAYCB\/\/EADwQAAIBAgMEBwUGBgMBAQAAAAECAAMRBBIhMUFRcQUGEyJhgbEycpGhwRQjM0JS8AeCkqKy0WLC4dJD\/8QAGgEBAAIDAQAAAAAAAAAAAAAAAAECAwQFBv\/EACwRAQEAAQMDAgUCBwAAAAAAAAABAgMEERIhUQUxE0FhZREiM0JxobH\/2gAMAwEAAhEDEQA\/AL+IiAiIgIiICIiAiIgIiIC\/\/Z' alt='Interruptor automatico serie NXB 63 | Chint Electrics'><\/div>\n<\/div>\n","protected":false},"excerpt":{"rendered":"<p>Pastilla para Riel Din, 2 Polos, 10 Amp, Vca:110\/415v, 6kA, Cat\u00e1logo: NXB632PC10, Serie: NXB-63.<\/p>\n","protected":false},"featured_media":41637,"comment_status":"open","ping_status":"closed","template":"","meta":[],"product_brand":[],"product_cat":[1069],"product_tag":[1066,1070,1079],"class_list":{"0":"post-41638","1":"product","2":"type-product","3":"status-publish","4":"has-post-thumbnail","6":"product_cat-centros-de-carga-e-interruptores","7":"product_tag-area-electrica","8":"product_tag-centros-de-carga-e-interruptores","9":"product_tag-chint","11":"first","12":"instock","13":"sale","14":"shipping-taxable","15":"purchasable","16":"product-type-simple"},"_links":{"self":[{"href":"https:\/\/soydeaqui.ddns.net\/pachuca\/index.php\/wp-json\/wp\/v2\/product\/41638","targetHints":{"allow":["GET"]}}],"collection":[{"href":"https:\/\/soydeaqui.ddns.net\/pachuca\/index.php\/wp-json\/wp\/v2\/product"}],"about":[{"href":"https:\/\/soydeaqui.ddns.net\/pachuca\/index.php\/wp-json\/wp\/v2\/types\/product"}],"replies":[{"embeddable":true,"href":"https:\/\/soydeaqui.ddns.net\/pachuca\/index.php\/wp-json\/wp\/v2\/comments?post=41638"}],"wp:featuredmedia":[{"embeddable":true,"href":"https:\/\/soydeaqui.ddns.net\/pachuca\/index.php\/wp-json\/wp\/v2\/media\/41637"}],"wp:attachment":[{"href":"https:\/\/soydeaqui.ddns.net\/pachuca\/index.php\/wp-json\/wp\/v2\/media?parent=41638"}],"wp:term":[{"taxonomy":"product_brand","embeddable":true,"href":"https:\/\/soydeaqui.ddns.net\/pachuca\/index.php\/wp-json\/wp\/v2\/product_brand?post=41638"},{"taxonomy":"product_cat","embeddable":true,"href":"https:\/\/soydeaqui.ddns.net\/pachuca\/index.php\/wp-json\/wp\/v2\/product_cat?post=41638"},{"taxonomy":"product_tag","embeddable":true,"href":"https:\/\/soydeaqui.ddns.net\/pachuca\/index.php\/wp-json\/wp\/v2\/product_tag?post=41638"}],"curies":[{"name":"wp","href":"https:\/\/api.w.org\/{rel}","templated":true}]}}