{"id":4163,"date":"2026-03-18T06:16:11","date_gmt":"2026-03-18T06:16:11","guid":{"rendered":"https:\/\/soydeaqui.ddns.net\/pachuca\/index.php\/producto\/contacto-magnetico-inteligente-inalambrico-bt-para-puertas-o-ventanas-integrable-a-la-app-shelly-crear-escenas-y-notificaciones-en-app\/"},"modified":"2026-03-18T06:16:13","modified_gmt":"2026-03-18T06:16:13","slug":"contacto-magnetico-inteligente-inalambrico-bt-para-puertas-o-ventanas-integrable-a-la-app-shelly-crear-escenas-y-notificaciones-en-app","status":"publish","type":"product","link":"https:\/\/soydeaqui.ddns.net\/pachuca\/index.php\/producto\/contacto-magnetico-inteligente-inalambrico-bt-para-puertas-o-ventanas-integrable-a-la-app-shelly-crear-escenas-y-notificaciones-en-app\/","title":{"rendered":"Contacto magn\u00e9tico inteligente inal\u00e1mbrico BT para puertas o ventanas\/ integrable a la App Shelly \/ crear escenas y notificaciones en App"},"content":{"rendered":"<div style='width: 100%; max-width: 1200px; margin: 0 auto; font-family: sans-serif; line-height: 1.6; color: inherit; background-color: transparent;'> <!-- Secci\u00f3n principal con tres columnas --> <\/p>\n<div style='display: flex; flex-wrap: wrap; gap: 30px; margin-bottom: 30px;'> <!-- Caracter\u00edsticas principales --> <\/p>\n<div style='flex: 1 1 300px; min-width: 280px;'>\n<h3 style='font-size: 22px; border-bottom: 2px solid currentColor; padding-bottom: 5px; margin-top: 0; color: inherit; opacity: 0.8;'>Caracter\u00edsticas principales<\/h3>\n<ul style='padding-left: 20px; font-size: 15px; color: inherit;'>\n<li style='margin-bottom: 5px;'>Detecta y reporta la apertura y cierre de puertas y ventanas<\/li>\n<li style='margin-bottom: 5px;'>Se integra para trabajar con todos los dem\u00e1s dispositivos Shelly<\/li>\n<li style='margin-bottom: 5px;'>Usa bater\u00eda CR2032 (duraci\u00f3n hasta 18 meses)<\/li>\n<li style='margin-bottom: 5px;'>Conectividad Bluetooth<\/li>\n<li style='margin-bottom: 5px; font-weight: bold;'>No incluye bater\u00edas<\/li>\n<li style='font-weight: bold;'>Es necesario tener en la App de Shelly un Shelly de la serie Plus o Pro&comma; que tenga Bluetooth<\/li>\n<\/ul><\/div>\n<p> <!-- Caracter\u00edsticas F\u00edsicas y El\u00e9ctricas --> <\/p>\n<div style='flex: 1 1 300px; min-width: 280px;'>\n<h3 style='font-size: 22px; border-bottom: 2px solid currentColor; padding-bottom: 5px; margin-top: 0; color: inherit; opacity: 0.8;'>Caracter\u00edsticas F\u00edsicas y El\u00e9ctricas<\/h3>\n<ul style='padding-left: 20px; font-size: 15px; color: inherit;'>\n<li style='margin-bottom: 5px;'>Temperatura de detecci\u00f3n: -10\u00baC a +50\u00baC<\/li>\n<li style='margin-bottom: 5px;'>Dimensiones: 82 mm x 23 mm x 20 mm&comma; Magneto: 52 mm x 16 mm x 13 mm<\/li>\n<\/ul><\/div>\n<p> <!-- Ejemplos de instalaci\u00f3n --> <\/p>\n<div style='flex: 1 1 300px; min-width: 280px;'>\n<h3 style='font-size: 22px; border-bottom: 2px solid currentColor; padding-bottom: 5px; margin-top: 0; color: inherit; opacity: 0.8;'>Ejemplos de instalaci\u00f3n<\/h3>\n<p style='margin-bottom: 15px;'>El sensor de puerta Shelly detecta e informa la apertura y cierre de puertas \/ ventanas&comma; \u00e1ngulo de inclinaci\u00f3n&comma; vibraci\u00f3n&comma; temperatura y lux.<\/p>\n<ul style='padding-left: 20px; font-size: 15px; color: inherit;'>\n<li style='margin-bottom: 5px;'><a href='https:\/\/kb.shelly.cloud\/knowledge-base\/devices' style='color: #0091ff; text-decoration: none;'>Base de datos material de apoyo<\/a><\/li>\n<\/ul><\/div>\n<\/p><\/div>\n<p> <!-- Secci\u00f3n de funcionalidades --> <\/p>\n<div style='display: flex; flex-wrap: wrap; gap: 30px; margin-bottom: 30px;'>\n<div style='flex: 1 1 300px; min-width: 280px;'>\n<h3 style='font-size: 22px; border-bottom: 2px solid currentColor; padding-bottom: 5px; margin-top: 0; color: inherit; opacity: 0.8;'>Inal\u00e1mbrica<\/h3>\n<p style='font-size: 15px; color: inherit;'>El sensor Shelly Door \/ Window&comma; conecte a un Shelly Serie Plus&comma; Gen3 o Gen4<\/p>\n<\/p><\/div>\n<div style='flex: 1 1 300px; min-width: 280px;'>\n<h3 style='font-size: 22px; border-bottom: 2px solid currentColor; padding-bottom: 5px; margin-top: 0; color: inherit; opacity: 0.8;'>Mantenerse a salvo<\/h3>\n<p style='font-size: 15px; color: inherit;'>Shelly Door \/ Window le recordar\u00e1 sobre las ventanas abiertas cuando est\u00e9 a punto de irse al trabajo&comma; irse a dormir o cuando pueda llover<\/p>\n<\/p><\/div>\n<div style='flex: 1 1 300px; min-width: 280px;'>\n<h3 style='font-size: 22px; border-bottom: 2px solid currentColor; padding-bottom: 5px; margin-top: 0; color: inherit; opacity: 0.8;'>Altamente compatible<\/h3>\n<p style='font-size: 15px; color: inherit;'>Compatible con Android&comma; iOS&comma; Amazon Alexa y Google Assistant<\/p>\n<\/p><\/div>\n<\/p><\/div>\n<p> <!-- Secci\u00f3n de sensores --> <\/p>\n<div style='display: flex; flex-wrap: wrap; gap: 30px; margin-bottom: 30px;'>\n<div style='flex: 1 1 300px; min-width: 280px;'>\n<h3 style='font-size: 22px; border-bottom: 2px solid currentColor; padding-bottom: 5px; margin-top: 0; color: inherit; opacity: 0.8;'>Sensor de puerta<\/h3>\n<p style='font-size: 15px; color: inherit;'>Shelly Door \/ Window detecta e informa la apertura y cierre de puertas y ventanas<\/p>\n<\/p><\/div>\n<div style='flex: 1 1 300px; min-width: 280px;'>\n<h3 style='font-size: 22px; border-bottom: 2px solid currentColor; padding-bottom: 5px; margin-top: 0; color: inherit; opacity: 0.8;'>Sensor de temperatura<\/h3>\n<p style='font-size: 15px; color: inherit;'>Est\u00e9 atento a las fluctuaciones de temperatura y mantenga su hogar c\u00f3modo en cualquier momento<\/p>\n<\/p><\/div>\n<div style='flex: 1 1 300px; min-width: 280px;'>\n<h3 style='font-size: 22px; border-bottom: 2px solid currentColor; padding-bottom: 5px; margin-top: 0; color: inherit; opacity: 0.8;'>Sensor de luz<\/h3>\n<p style='font-size: 15px; color: inherit;'>El dispositivo tiene un sensor LUX integrado<\/p>\n<\/p><\/div>\n<\/p><\/div>\n<p> <!-- Secci\u00f3n de beneficios adicionales --> <\/p>\n<div style='display: flex; flex-wrap: wrap; gap: 30px; margin-bottom: 30px;'>\n<div style='flex: 1 1 300px; min-width: 280px;'>\n<h3 style='font-size: 22px; border-bottom: 2px solid currentColor; padding-bottom: 5px; margin-top: 0; color: inherit; opacity: 0.8;'>Sin cables<\/h3>\n<p style='font-size: 15px; color: inherit;'>Simplemente coloque el sensor en el marco de su puerta o ventana y estar\u00e1 listo<\/p>\n<\/p><\/div>\n<div style='flex: 1 1 300px; min-width: 280px;'>\n<h3 style='font-size: 22px; border-bottom: 2px solid currentColor; padding-bottom: 5px; margin-top: 0; color: inherit; opacity: 0.8;'>Monitorear de forma remota<\/h3>\n<p style='font-size: 15px; color: inherit;'>Supervise su hogar&comma; sin importar d\u00f3nde se encuentre a trav\u00e9s de la aplicaci\u00f3n Shelly Cloud y su tel\u00e9fono<\/p>\n<\/p><\/div>\n<\/p><\/div>\n<p> <!-- Secci\u00f3n por qu\u00e9 Shelly Door\/Window --> <\/p>\n<div style='margin-bottom: 30px; padding: 20px; background-color: rgba(24&comma; 56&comma; 54&comma; 0.1); border-radius: 8px;'>\n<h2 style='font-size: 24px; color: inherit; opacity: 0.9;'>POR QU\u00c9 SHELLY DOOR \/ WINDOW<\/h2>\n<p style='font-size: 16px; color: inherit;'>El sensor inteligente para puertas y ventanas ultrarr\u00e1pido. Shelly Door \/ Window est\u00e1 dise\u00f1ado para detectar e informar la apertura y cierre de puertas y ventanas. Su dise\u00f1o compacto permite que se instale f\u00e1cilmente en cualquier puerta o ventana&comma; y debido a su peso ligero&comma; el sensor es casi invisible.<\/p>\n<\/p><\/div>\n<p> <!-- Secci\u00f3n de protecci\u00f3n antirrobo --> <\/p>\n<div style='margin-bottom: 30px;'>\n<h3 style='font-size: 22px; border-bottom: 2px solid currentColor; padding-bottom: 5px; margin-top: 0; color: inherit; opacity: 0.8;'>Protecci\u00f3n antirrobo<\/h3>\n<p style='font-size: 15px; color: inherit;'>Con Shelly Door \/ Window&comma; usted es consciente y recibe una notificaci\u00f3n instant\u00e1nea si se abre una puerta \/ ventana cuando no est\u00e1 en casa. Ahora podr\u00e1 saber si los ladrones est\u00e1n entrando y tomar medidas de inmediato llamando a las autoridades<\/p>\n<\/p><\/div>\n<p> <!-- Secci\u00f3n de aplicaci\u00f3n Shelly --> <\/p>\n<div style='margin-bottom: 30px; padding: 20px; background-color: rgba(24&comma; 56&comma; 54&comma; 0.1); border-radius: 8px;'>\n<h2 style='font-size: 24px; color: inherit; opacity: 0.9;'>Una aplicaci\u00f3n innumerables posibilidades<\/h2>\n<p style='font-size: 16px; color: inherit;'>Con el mejor servicio en la nube del mundo&comma; una interfaz f\u00e1cil de usar&comma; escenas&comma; control masivo y mucho m\u00e1s&comma; la aplicaci\u00f3n Shelly Cloud le permite controlar su hogar desde cualquier lugar<\/p>\n<p> <!-- Imagen de dispositivos --> <\/p>\n<div style='margin-top: 20px;'> <img style='width: 100%; height: auto; border: 1px solid rgba(150&comma;150&comma;150&comma;0.3); border-radius: 8px;' src='https:\/\/ftp3.syscom.mx\/usuarios\/ftp\/single_page\/shelly_img\/phones.png' alt='Aplicaci\u00f3n Shelly Cloud'> <\/div>\n<\/p><\/div>\n<p> <!-- Logos de integraci\u00f3n --> <\/p>\n<div style='margin-bottom: 30px;'>\n<h3 style='font-size: 22px; border-bottom: 2px solid currentColor; padding-bottom: 5px; margin-top: 0; margin-bottom: 20px; color: inherit; opacity: 0.8;'>Integraciones<\/h3>\n<div style='display: flex; flex-wrap: wrap; gap: 15px; justify-content: center;'> <img style='width: 80px; height: auto; border: 1px solid rgba(150&comma;150&comma;150&comma;0.3); border-radius: 8px;' src='https:\/\/ftp3.syscom.mx\/usuarios\/ftp\/single_page\/shelly_img\/mqtt.png' alt='MQTT'> <img style='width: 80px; height: auto; border: 1px solid rgba(150&comma;150&comma;150&comma;0.3); border-radius: 8px;' src='https:\/\/ftp3.syscom.mx\/usuarios\/ftp\/single_page\/shelly_img\/home_seer.png' alt='HomeSeer'> <img style='width: 80px; height: auto; border: 1px solid rgba(150&comma;150&comma;150&comma;0.3); border-radius: 8px;' src='https:\/\/ftp3.syscom.mx\/usuarios\/ftp\/single_page\/shelly_img\/openhab.png' alt='openHAB'> <img style='width: 80px; height: auto; border: 1px solid rgba(150&comma;150&comma;150&comma;0.3); border-radius: 8px;' src='https:\/\/ftp3.syscom.mx\/usuarios\/ftp\/single_page\/shelly_img\/ha.png' alt='Home Assistant'> <img style='width: 80px; height: auto; border: 1px solid rgba(150&comma;150&comma;150&comma;0.3); border-radius: 8px;' src='https:\/\/ftp3.syscom.mx\/usuarios\/ftp\/single_page\/shelly_img\/iobroker.png' alt='ioBroker'> <img style='width: 80px; height: auto; border: 1px solid rgba(150&comma;150&comma;150&comma;0.3); border-radius: 8px;' src='https:\/\/ftp3.syscom.mx\/usuarios\/ftp\/single_page\/shelly_img\/rest2.png' alt='REST API'> <img style='width: 80px; height: auto; border: 1px solid rgba(150&comma;150&comma;150&comma;0.3); border-radius: 8px;' src='https:\/\/ftp3.syscom.mx\/usuarios\/ftp\/single_page\/shelly_img\/hubitat.png' alt='Hubitat'> <img style='width: 80px; height: auto; border: 1px solid rgba(150&comma;150&comma;150&comma;0.3); border-radius: 8px;' src='https:\/\/ftp3.syscom.mx\/usuarios\/ftp\/single_page\/shelly_img\/hoobs.png' alt='HOOBS'> <img style='width: 80px; height: auto; border: 1px solid rgba(150&comma;150&comma;150&comma;0.3); border-radius: 8px;' src='https:\/\/ftp3.syscom.mx\/usuarios\/ftp\/single_page\/shelly_img\/symcon.png' alt='Symcon'> <img style='width: 80px; height: auto; border: 1px solid rgba(150&comma;150&comma;150&comma;0.3); border-radius: 8px;' src='https:\/\/ftp3.syscom.mx\/usuarios\/ftp\/single_page\/shelly_img\/domoticz.png' alt='Domoticz'> <img style='width: 80px; height: auto; border: 1px solid rgba(150&comma;150&comma;150&comma;0.3); border-radius: 8px;' src='https:\/\/ftp3.syscom.mx\/usuarios\/ftp\/single_page\/shelly_img\/nymea.png' alt='Nymea'> <\/div>\n<\/p><\/div>\n<p> <!-- Secci\u00f3n para desarrolladores --> <\/p>\n<div style='margin-bottom: 30px; padding: 20px; background-color: rgba(24&comma; 56&comma; 54&comma; 0.1); border-radius: 8px;'>\n<h2 style='font-size: 24px; color: inherit; opacity: 0.9;'>Para desarrolladores<\/h2>\n<div style='display: flex; flex-wrap: wrap; gap: 20px; align-items: center;'>\n<div style='flex: 1 1 200px;'>\n<p style='font-size: 16px; color: inherit;'>Shelly Door \/ Window 2 est\u00e1 abierto al mundo y a los desarrolladores&comma; viene con un encabezado de programaci\u00f3n \/ depuraci\u00f3n que se puede usar para actualizar firmware alternativo en el dispositivo. Tiene un ESP8266 en el interior&comma; con un chip flash de 2 MB. Se necesita un adaptador USB a UART&comma; as\u00ed como un 3.3V confiable con al menos 350 mA de capacidad de transmisi\u00f3n<\/p>\n<\/p><\/div>\n<div style='flex: 1 1 200px;'> <img style='width: 100%; height: auto; border: 1px solid rgba(150&comma;150&comma;150&comma;0.3); border-radius: 8px;' src='https:\/\/ftp3.syscom.mx\/usuarios\/ftp\/single_page\/shelly_img\/board.png' alt='Placa de desarrollo'> <\/div>\n<\/p><\/div>\n<\/p><\/div>\n<p> <!-- Logo Shelly --> <\/p>\n<div style='text-align: center; padding: 20px;'> <img style='max-width: 200px; height: auto; border: 1px solid rgba(150&comma;150&comma;150&comma;0.3); border-radius: 8px;' src='https:\/\/ftp3.syscom.mx\/usuarios\/ftp\/single_page\/shelly_img\/shelly_logo_white_std.png' alt='Logo Shelly'> <\/div>\n<\/p><\/div>\n","protected":false},"excerpt":{"rendered":"<p>Contacto magn\u00e9tico inteligente inal\u00e1mbrico BT para puertas o ventanas\/ integrable a la App Shelly \/ crear escenas y notificaciones en App<\/p>\n","protected":false},"featured_media":4162,"comment_status":"open","ping_status":"closed","template":"","meta":[],"product_brand":[],"product_cat":[148],"product_tag":[30,149,58],"class_list":{"0":"post-4163","1":"product","2":"type-product","3":"status-publish","4":"has-post-thumbnail","6":"product_cat-sensores-y-relevadores","7":"product_tag-automatizacion-casa-inteligente","8":"product_tag-sensores-y-relevadores","9":"product_tag-shelly","11":"first","12":"outofstock","13":"sale","14":"shipping-taxable","15":"purchasable","16":"product-type-simple"},"_links":{"self":[{"href":"https:\/\/soydeaqui.ddns.net\/pachuca\/index.php\/wp-json\/wp\/v2\/product\/4163","targetHints":{"allow":["GET"]}}],"collection":[{"href":"https:\/\/soydeaqui.ddns.net\/pachuca\/index.php\/wp-json\/wp\/v2\/product"}],"about":[{"href":"https:\/\/soydeaqui.ddns.net\/pachuca\/index.php\/wp-json\/wp\/v2\/types\/product"}],"replies":[{"embeddable":true,"href":"https:\/\/soydeaqui.ddns.net\/pachuca\/index.php\/wp-json\/wp\/v2\/comments?post=4163"}],"wp:featuredmedia":[{"embeddable":true,"href":"https:\/\/soydeaqui.ddns.net\/pachuca\/index.php\/wp-json\/wp\/v2\/media\/4162"}],"wp:attachment":[{"href":"https:\/\/soydeaqui.ddns.net\/pachuca\/index.php\/wp-json\/wp\/v2\/media?parent=4163"}],"wp:term":[{"taxonomy":"product_brand","embeddable":true,"href":"https:\/\/soydeaqui.ddns.net\/pachuca\/index.php\/wp-json\/wp\/v2\/product_brand?post=4163"},{"taxonomy":"product_cat","embeddable":true,"href":"https:\/\/soydeaqui.ddns.net\/pachuca\/index.php\/wp-json\/wp\/v2\/product_cat?post=4163"},{"taxonomy":"product_tag","embeddable":true,"href":"https:\/\/soydeaqui.ddns.net\/pachuca\/index.php\/wp-json\/wp\/v2\/product_tag?post=4163"}],"curies":[{"name":"wp","href":"https:\/\/api.w.org\/{rel}","templated":true}]}}