{"id":4160,"date":"2026-03-18T06:16:10","date_gmt":"2026-03-18T06:16:10","guid":{"rendered":"https:\/\/soydeaqui.ddns.net\/pachuca\/index.php\/producto\/el-medidor-de-potencia-mas-pequeno-inteligente-con-wi-fi-medicion-de-consumo-1-canal-16a\/"},"modified":"2026-03-18T06:16:11","modified_gmt":"2026-03-18T06:16:11","slug":"el-medidor-de-potencia-mas-pequeno-inteligente-con-wi-fi-medicion-de-consumo-1-canal-16a","status":"publish","type":"product","link":"https:\/\/soydeaqui.ddns.net\/pachuca\/index.php\/producto\/el-medidor-de-potencia-mas-pequeno-inteligente-con-wi-fi-medicion-de-consumo-1-canal-16a\/","title":{"rendered":"El medidor de potencia m\u00e1s peque\u00f1o,  inteligente con Wi-Fi, medici\u00f3n de consumo, 1 canal 16A,"},"content":{"rendered":"<div style='width: 100%; max-width: 1200px; margin: 0 auto; font-family: sans-serif; line-height: 1.6; color: inherit; background-color: transparent;'>\n<div style='width: 100%; margin-bottom: 30px;'>\n<h3 style='font-size: 22px; border-bottom: 2px solid currentColor; padding-bottom: 5px; margin-top: 0; color: inherit; opacity: 0.8;'>Descripci\u00f3n<\/h3>\n<p style='text-align: justify; margin-top: 0; color: inherit;'>Contador de potencia inteligente con Wi-Fi&comma; 1 canal 16 A<\/p>\n<p style='text-align: justify; color: inherit;'>El medidor de potencia m\u00e1s peque\u00f1o del mundo para un control preciso de la energ\u00eda. Automatiza tus luces o electrodom\u00e9sticos en menos de 10 minutos y monitoriza su consumo energ\u00e9tico desde cualquier lugar. Lo suficientemente peque\u00f1o como para caber detr\u00e1s de cualquier interruptor o enchufe de pared&comma; Shelly Plus PM Mini es retroadaptable y altamente compatible con su ecosistema inteligente existente.<\/p>\n<\/p><\/div>\n<div style='display: flex; flex-wrap: wrap; gap: 30px; margin-bottom: 30px;'>\n<div style='flex: 1 1 300px; min-width: 280px;'>\n<div style='border: 1px solid rgba(150&comma; 150&comma; 150&comma; 0.4); border-radius: 8px; overflow: hidden; display: flex; flex-direction: column; height: 100%;'>\n<div style='padding: 15px; border-bottom: 1px solid rgba(150&comma; 150&comma; 150&comma; 0.2); font-weight: bold; font-size: 18px; color: inherit; background-color: rgba(0&comma; 145&comma; 255&comma; 0.1);'>Caracter\u00edsticas principales<\/div>\n<div style='padding: 15px; color: inherit;'>\n<ul style='padding-left: 20px; margin: 0; font-size: 14px; list-style-type: disc;'>\n<li style='margin-bottom: 5px;'>No Requiere HUB<\/li>\n<li style='margin-bottom: 5px;'>Medici\u00f3n de consumo.<\/li>\n<li style='margin-bottom: 5px;'>N\u00famero de canales: 1<\/li>\n<li style='margin-bottom: 5px;'>Conectividad Wifi 2.4 GHz 802.11 b\/g\/n<\/li>\n<li style='margin-bottom: 5px;'>Alcance: 10m a 30m linea de vista exterior\/interior<\/li>\n<li style='margin-bottom: 5px;'>Carga: 16A<\/li>\n<li style='margin-bottom: 5px;'>Compatible con asistentes de voz: Alexa y GoogleHome<\/li>\n<\/ul><\/div>\n<\/p><\/div>\n<\/p><\/div>\n<div style='flex: 1 1 300px; min-width: 280px;'>\n<div style='border: 1px solid rgba(150&comma; 150&comma; 150&comma; 0.4); border-radius: 8px; overflow: hidden; display: flex; flex-direction: column; height: 100%;'>\n<div style='padding: 15px; border-bottom: 1px solid rgba(150&comma; 150&comma; 150&comma; 0.2); font-weight: bold; font-size: 18px; color: inherit; background-color: rgba(0&comma; 145&comma; 255&comma; 0.1);'>Caracter\u00edsticas F\u00edsicas y El\u00e9ctricas<\/div>\n<div style='padding: 15px; color: inherit;'>\n<ul style='padding-left: 20px; margin: 0; font-size: 14px; list-style-type: disc;'>\n<li style='margin-bottom: 5px;'>Alimentaci\u00f3n AC: 110 &#8211; 240 VCA<\/li>\n<li style='margin-bottom: 5px;'>Temperatura de Operaci\u00f3n: -20 \u00b0C a 40 \u00b0C<\/li>\n<li style='margin-bottom: 5px;'>Humedad: 30 % a 70 % HR<\/li>\n<li style='margin-bottom: 5px;'>Consumo del dispositivo : < 1-2W<\/li>\n<li style='margin-bottom: 5px;'>Carga m\u00e1xima : Std versi\u00f3n 16A<\/li>\n<li style='margin-bottom: 5px;'>Dimensiones: 29x35x16 \u00b10&comma;5 mm<\/li>\n<li style='margin-bottom: 5px;'>Usuarios simult\u00e1neos: 1 o compartir a 5 cuentas.<\/li>\n<\/ul><\/div>\n<\/p><\/div>\n<\/p><\/div>\n<div style='flex: 1 1 300px; min-width: 280px;'>\n<div style='border: 1px solid rgba(150&comma; 150&comma; 150&comma; 0.4); border-radius: 8px; overflow: hidden; display: flex; flex-direction: column; height: 100%;'>\n<div style='padding: 15px; border-bottom: 1px solid rgba(150&comma; 150&comma; 150&comma; 0.2); font-weight: bold; font-size: 18px; color: inherit; background-color: rgba(0&comma; 145&comma; 255&comma; 0.1);'>Casos de uso<\/div>\n<div style='padding: 15px; color: inherit;'>\n<ul style='padding-left: 20px; margin: 0; font-size: 14px; list-style-type: disc;'>\n<li style='margin-bottom: 5px;'>Monitoreo preventivo.<\/li>\n<li style='margin-bottom: 5px;'>An\u00e1lisis de consumo de energ\u00eda para optimizaci\u00f3n de costos.<\/li>\n<li style='margin-bottom: 5px;'><a href='https:\/\/kb.shelly.cloud\/knowledge-base\/shelly-plus-pm-mini' style='color: #0091ff; text-decoration: none; font-weight: bold;'>M\u00e1s informaci\u00f3n t\u00e9cnica.<\/a><\/li>\n<\/ul><\/div>\n<\/p><\/div>\n<\/p><\/div>\n<\/p><\/div>\n<div style='width: 100%; margin-bottom: 30px;'>\n<div style='background-color: #434342; padding: 30px; border-radius: 10px; text-align: center;'> <img style='width: 100%; max-width: 200px; height: auto; border: 1px solid rgba(150&comma;150&comma;150&comma;0.3); border-radius: 8px;' src='https:\/\/ftp3.syscom.mx\/usuarios\/ftp\/single_page\/shelly_img\/shelly_logo_white_std.png' alt='Logo Shelly'> <\/div>\n<\/p><\/div>\n<\/p><\/div>\n","protected":false},"excerpt":{"rendered":"<p>El medidor de potencia m\u00e1s peque\u00f1o,  inteligente con Wi-Fi, medici\u00f3n de consumo, 1 canal 16A,<\/p>\n","protected":false},"featured_media":4159,"comment_status":"open","ping_status":"closed","template":"","meta":[],"product_brand":[],"product_cat":[56],"product_tag":[30,57,58],"class_list":{"0":"post-4160","1":"product","2":"type-product","3":"status-publish","4":"has-post-thumbnail","6":"product_cat-control-de-iluminacion","7":"product_tag-automatizacion-casa-inteligente","8":"product_tag-control-de-iluminacion","9":"product_tag-shelly","11":"first","12":"instock","13":"sale","14":"shipping-taxable","15":"purchasable","16":"product-type-simple"},"_links":{"self":[{"href":"https:\/\/soydeaqui.ddns.net\/pachuca\/index.php\/wp-json\/wp\/v2\/product\/4160","targetHints":{"allow":["GET"]}}],"collection":[{"href":"https:\/\/soydeaqui.ddns.net\/pachuca\/index.php\/wp-json\/wp\/v2\/product"}],"about":[{"href":"https:\/\/soydeaqui.ddns.net\/pachuca\/index.php\/wp-json\/wp\/v2\/types\/product"}],"replies":[{"embeddable":true,"href":"https:\/\/soydeaqui.ddns.net\/pachuca\/index.php\/wp-json\/wp\/v2\/comments?post=4160"}],"wp:featuredmedia":[{"embeddable":true,"href":"https:\/\/soydeaqui.ddns.net\/pachuca\/index.php\/wp-json\/wp\/v2\/media\/4159"}],"wp:attachment":[{"href":"https:\/\/soydeaqui.ddns.net\/pachuca\/index.php\/wp-json\/wp\/v2\/media?parent=4160"}],"wp:term":[{"taxonomy":"product_brand","embeddable":true,"href":"https:\/\/soydeaqui.ddns.net\/pachuca\/index.php\/wp-json\/wp\/v2\/product_brand?post=4160"},{"taxonomy":"product_cat","embeddable":true,"href":"https:\/\/soydeaqui.ddns.net\/pachuca\/index.php\/wp-json\/wp\/v2\/product_cat?post=4160"},{"taxonomy":"product_tag","embeddable":true,"href":"https:\/\/soydeaqui.ddns.net\/pachuca\/index.php\/wp-json\/wp\/v2\/product_tag?post=4160"}],"curies":[{"name":"wp","href":"https:\/\/api.w.org\/{rel}","templated":true}]}}