{"id":41593,"date":"2026-03-18T18:19:14","date_gmt":"2026-03-18T18:19:14","guid":{"rendered":"https:\/\/soydeaqui.ddns.net\/pachuca\/index.php\/producto\/doblatubos-hidraulico-de-1-2-a-2-incluye-dados-con-medidas-capacidad-12-toneladas\/"},"modified":"2026-03-18T18:19:14","modified_gmt":"2026-03-18T18:19:14","slug":"doblatubos-hidraulico-de-1-2-a-2-incluye-dados-con-medidas-capacidad-12-toneladas","status":"publish","type":"product","link":"https:\/\/soydeaqui.ddns.net\/pachuca\/index.php\/producto\/doblatubos-hidraulico-de-1-2-a-2-incluye-dados-con-medidas-capacidad-12-toneladas\/","title":{"rendered":"Doblatubos hidr\u00e1ulico de 1\/2&#8243; a 2&#8243; incluye dados con medidas, capacidad 12 toneladas."},"content":{"rendered":"<div style='width: 100%; max-width: 1200px; margin: 0 auto; font-family: sans-serif; line-height: 1.6; color: inherit; background-color: transparent;'>\n<div style='display: flex; flex-wrap: wrap; gap: 30px; margin-bottom: 30px;'>\n<div style='flex: 1 1 300px; min-width: 280px;'>\n<h3 style='font-size: 22px; border-bottom: 2px solid currentColor; padding-bottom: 5px; margin-top: 0; color: inherit; opacity: 0.8;'>Caracter\u00edsticas principales<\/h3>\n<ul style='padding-left: 20px; font-size: 15px; color: inherit;'>\n<li style='margin-bottom: 5px;'>Elaboradas para el trabajo pesado<\/li>\n<li style='margin-bottom: 5px;'>Con varios dados de diferentes tama\u00f1os (1\/2&#8217;&comma; 3\/4&#8217;&comma; 1&#8217;&comma; 1 1\/4&#8217;&comma; 1 1\/2&#8217;&comma; 2&#8242;)<\/li>\n<li style='margin-bottom: 5px;'>Con rodillo que ayuda a ajustar al doblez requerido en el tubo<\/li>\n<li style='margin-bottom: 5px;'>Cuerpo de hierro fundido el cual garantiza mayor resistencia<\/li>\n<li style='margin-bottom: 5px;'>Capacidad de doblado 12 toneladas<\/li>\n<li style='margin-bottom: 5px;'>Di\u00e1metro a doblar 1\/2&#8242; &#8211; 2&#8242;<\/li>\n<li style='margin-bottom: 5px;'>Para doblar distintos tipos de tubos y varillas de construcci\u00f3n en forma c\u00f3moda y r\u00e1pida&comma; la dobladora hidr\u00e1ulica para tubo que ofrece un manejo simple y sin esfuerzo con la comodidad de poder ajustar en diferentes \u00e1ngulos<\/li>\n<\/ul><\/div>\n<\/p><\/div>\n<\/p><\/div>\n","protected":false},"excerpt":{"rendered":"<p>Doblatubos hidr\u00e1ulico de 1\/2&#8243; a 2&#8243; incluye dados con medidas, capacidad 12 toneladas.<\/p>\n","protected":false},"featured_media":41592,"comment_status":"open","ping_status":"closed","template":"","meta":[],"product_brand":[],"product_cat":[1138],"product_tag":[1058,1139,446],"class_list":{"0":"post-41593","1":"product","2":"type-product","3":"status-publish","4":"has-post-thumbnail","6":"product_cat-herramientas-mecanicas","7":"product_tag-ferreteria","8":"product_tag-herramientas-mecanicas","9":"product_tag-surtek","11":"first","12":"outofstock","13":"sale","14":"shipping-taxable","15":"purchasable","16":"product-type-simple"},"_links":{"self":[{"href":"https:\/\/soydeaqui.ddns.net\/pachuca\/index.php\/wp-json\/wp\/v2\/product\/41593","targetHints":{"allow":["GET"]}}],"collection":[{"href":"https:\/\/soydeaqui.ddns.net\/pachuca\/index.php\/wp-json\/wp\/v2\/product"}],"about":[{"href":"https:\/\/soydeaqui.ddns.net\/pachuca\/index.php\/wp-json\/wp\/v2\/types\/product"}],"replies":[{"embeddable":true,"href":"https:\/\/soydeaqui.ddns.net\/pachuca\/index.php\/wp-json\/wp\/v2\/comments?post=41593"}],"wp:featuredmedia":[{"embeddable":true,"href":"https:\/\/soydeaqui.ddns.net\/pachuca\/index.php\/wp-json\/wp\/v2\/media\/41592"}],"wp:attachment":[{"href":"https:\/\/soydeaqui.ddns.net\/pachuca\/index.php\/wp-json\/wp\/v2\/media?parent=41593"}],"wp:term":[{"taxonomy":"product_brand","embeddable":true,"href":"https:\/\/soydeaqui.ddns.net\/pachuca\/index.php\/wp-json\/wp\/v2\/product_brand?post=41593"},{"taxonomy":"product_cat","embeddable":true,"href":"https:\/\/soydeaqui.ddns.net\/pachuca\/index.php\/wp-json\/wp\/v2\/product_cat?post=41593"},{"taxonomy":"product_tag","embeddable":true,"href":"https:\/\/soydeaqui.ddns.net\/pachuca\/index.php\/wp-json\/wp\/v2\/product_tag?post=41593"}],"curies":[{"name":"wp","href":"https:\/\/api.w.org\/{rel}","templated":true}]}}