{"id":41586,"date":"2026-03-18T18:19:03","date_gmt":"2026-03-18T18:19:03","guid":{"rendered":"https:\/\/soydeaqui.ddns.net\/pachuca\/index.php\/producto\/caja-derivacion-conexion-de-plastico-89-x-89-x-50-mm-con-7-glandulas-de-goma-para-instalaciones-comerciales-residenciales-e-industriales-cerrado-a-presion\/"},"modified":"2026-03-18T18:19:12","modified_gmt":"2026-03-18T18:19:12","slug":"caja-derivacion-conexion-de-plastico-89-x-89-x-50-mm-con-7-glandulas-de-goma-para-instalaciones-comerciales-residenciales-e-industriales-cerrado-a-presion","status":"publish","type":"product","link":"https:\/\/soydeaqui.ddns.net\/pachuca\/index.php\/producto\/caja-derivacion-conexion-de-plastico-89-x-89-x-50-mm-con-7-glandulas-de-goma-para-instalaciones-comerciales-residenciales-e-industriales-cerrado-a-presion\/","title":{"rendered":"Caja Derivaci\u00f3n-Conexi\u00f3n de Pl\u00e1stico (89 X 89 X 50 mm) con 7 Gl\u00e1ndulas de Goma. Para Instalaciones Comerciales,  Residenciales e Industriales. Cerrado a Presi\u00f3n."},"content":{"rendered":"<div style=\"width: 100%; max-width: 1200px; margin: 0 auto; font-family: sans-serif; line-height: 1.6; color: inherit; background-color: transparent;\">\n<div style=\"display: flex; flex-wrap: wrap; gap: 30px; margin-bottom: 30px;\">\n<div style=\"flex: 1 1 300px; min-width: 280px;\"><img decoding=\"async\" style=\"width: 100%; height: auto; border: 1px solid rgba(150&comma; 150&comma; 150&comma; 0.3); border-radius: 8px;\" src=\"https:\/\/ftp3.syscom.mx\/usuarios\/fotos\/logotipos\/precision.png\" alt=\"\" class=\"fr-fic fr-dii\"><\/div>\n<\/div>\n<div style=\"display: flex; flex-wrap: wrap; gap: 30px; margin-bottom: 30px;\">\n<div style=\"flex: 1 1 300px; min-width: 280px;\">\n<h3 style=\"font-size: 22px; border-bottom: 2px solid currentColor; padding-bottom: 5px; margin-top: 0; color: inherit; opacity: 0.8;\">Caracter&iacute;sticas Generales<\/h3>\n<ul style=\"padding-left: 20px; font-size: 15px; color: inherit;\">\n<li>Caja de derivaci&oacute;n de pl&aacute;stico.<\/li>\n<li>N&uacute;mero de entradas: 7 gl&aacute;ndulas de goma.<\/li>\n<li>Gl&aacute;ndulas recortables a la medida requerida.<\/li>\n<\/ul>\n<\/div>\n<div style=\"flex: 1 1 300px; min-width: 280px;\">\n<h3 style=\"font-size: 22px; border-bottom: 2px solid currentColor; padding-bottom: 5px; margin-top: 0; color: inherit; opacity: 0.8;\">Aplicaciones<\/h3>\n<ul style=\"padding-left: 20px; font-size: 15px; color: inherit;\">\n<li>Energ&iacute;a solar.<\/li>\n<li>Instalaciones el&eacute;ctricas.<\/li>\n<li>Instalaciones de telecomunicaciones (v&iacute;deo&comma; voz&comma; datos).<\/li>\n<li>Instalaciones de seguridad y control (automatizaci&oacute;n&comma; alarmas).<\/li>\n<\/ul>\n<\/div>\n<div style=\"flex: 1 1 300px; min-width: 280px;\">\n<h3 style=\"font-size: 22px; border-bottom: 2px solid currentColor; padding-bottom: 5px; margin-top: 0; color: inherit; opacity: 0.8;\">Caracter&iacute;sticas F&iacute;sicas y El&eacute;ctricas<\/h3>\n<ul style=\"padding-left: 20px; font-size: 15px; color: inherit;\">\n<li>Dimensiones externas 89 x 89 x 50 mm (Ancho x Alto x Profundidad).<\/li>\n<li>Di&aacute;metro de los orificios de gl&aacute;ndulas 28 mm<\/li>\n<li>Di&aacute;metro de las gl&aacute;ndulas 3.5 cm&comma; y se pueden cortar en decrecientes de 3 mm<\/li>\n<li>Temperatura de operaci&oacute;n: -40 a 120&deg;C<\/li>\n<li>Protecci&oacute;n EMI y prevenci&oacute;n de electricidad est&aacute;tica.<\/li>\n<li>Grado de protecci&oacute;n: IP55<\/li>\n<\/ul>\n<\/div>\n<\/div>\n<\/div>\n","protected":false},"excerpt":{"rendered":"<p>Caja Derivaci\u00f3n-Conexi\u00f3n de Pl\u00e1stico (89 X 89 X 50 mm) con 7 Gl\u00e1ndulas de Goma. Para Instalaciones Comerciales,  Residenciales e Industriales. Cerrado a Presi\u00f3n.<\/p>\n","protected":false},"featured_media":41585,"comment_status":"open","ping_status":"closed","template":"","meta":[],"product_brand":[],"product_cat":[688],"product_tag":[417,689,248],"class_list":{"0":"post-41586","1":"product","2":"type-product","3":"status-publish","4":"has-post-thumbnail","6":"product_cat-cajas-de-interconexion","7":"product_tag-accesorios-generales","8":"product_tag-cajas-de-interconexion","9":"product_tag-precision","11":"first","12":"instock","13":"sale","14":"shipping-taxable","15":"purchasable","16":"product-type-simple"},"_links":{"self":[{"href":"https:\/\/soydeaqui.ddns.net\/pachuca\/index.php\/wp-json\/wp\/v2\/product\/41586","targetHints":{"allow":["GET"]}}],"collection":[{"href":"https:\/\/soydeaqui.ddns.net\/pachuca\/index.php\/wp-json\/wp\/v2\/product"}],"about":[{"href":"https:\/\/soydeaqui.ddns.net\/pachuca\/index.php\/wp-json\/wp\/v2\/types\/product"}],"replies":[{"embeddable":true,"href":"https:\/\/soydeaqui.ddns.net\/pachuca\/index.php\/wp-json\/wp\/v2\/comments?post=41586"}],"wp:featuredmedia":[{"embeddable":true,"href":"https:\/\/soydeaqui.ddns.net\/pachuca\/index.php\/wp-json\/wp\/v2\/media\/41585"}],"wp:attachment":[{"href":"https:\/\/soydeaqui.ddns.net\/pachuca\/index.php\/wp-json\/wp\/v2\/media?parent=41586"}],"wp:term":[{"taxonomy":"product_brand","embeddable":true,"href":"https:\/\/soydeaqui.ddns.net\/pachuca\/index.php\/wp-json\/wp\/v2\/product_brand?post=41586"},{"taxonomy":"product_cat","embeddable":true,"href":"https:\/\/soydeaqui.ddns.net\/pachuca\/index.php\/wp-json\/wp\/v2\/product_cat?post=41586"},{"taxonomy":"product_tag","embeddable":true,"href":"https:\/\/soydeaqui.ddns.net\/pachuca\/index.php\/wp-json\/wp\/v2\/product_tag?post=41586"}],"curies":[{"name":"wp","href":"https:\/\/api.w.org\/{rel}","templated":true}]}}