{"id":41584,"date":"2026-03-18T18:19:01","date_gmt":"2026-03-18T18:19:01","guid":{"rendered":"https:\/\/soydeaqui.ddns.net\/pachuca\/index.php\/producto\/cinta-para-barricada-precaucion-de-100-m-y-ancho-de-3\/"},"modified":"2026-03-18T18:19:01","modified_gmt":"2026-03-18T18:19:01","slug":"cinta-para-barricada-precaucion-de-100-m-y-ancho-de-3","status":"publish","type":"product","link":"https:\/\/soydeaqui.ddns.net\/pachuca\/index.php\/producto\/cinta-para-barricada-precaucion-de-100-m-y-ancho-de-3\/","title":{"rendered":"Cinta para barricada &#8220;PRECAUCION&#8221; de 100 m y ancho de 3&#8243;."},"content":{"rendered":"<div style='width: 100%; max-width: 1200px; margin: 0 auto; font-family: sans-serif; line-height: 1.6; color: inherit; background-color: transparent;'> <!-- Secci\u00f3n de caracter\u00edsticas --> <\/p>\n<div style='display: flex; flex-wrap: wrap; gap: 30px; margin-bottom: 30px;'>\n<div style='flex: 1 1 300px; min-width: 280px;'>\n<h3 style='font-size: 22px; border-bottom: 2px solid currentColor; padding-bottom: 5px; margin-top: 0; color: inherit; opacity: 0.8;'>Caracter\u00edsticas Principales<\/h3>\n<ul style='padding-left: 20px; font-size: 15px; color: inherit;'>\n<li style='margin-bottom: 5px;'>Con impresi\u00f3n para se\u00f1alamientos en \u00e1reas restringidas.<\/li>\n<li style='margin-bottom: 5px;'>Cintas fabricadas con polipropileno.<\/li>\n<li style='margin-bottom: 5px;'>Aditivos especiales que protegen a la cinta de la intemperie.<\/li>\n<\/ul><\/div>\n<\/p><\/div>\n<p> <!-- Secci\u00f3n de especificaciones --> <\/p>\n<div style='display: flex; flex-wrap: wrap; gap: 20px; margin-bottom: 30px;'>\n<div style='flex: 1 1 250px; border: 1px solid rgba(150&comma; 150&comma; 150&comma; 0.4); border-radius: 8px; overflow: hidden; display: flex; flex-direction: column;'>\n<div style='padding: 15px; border-bottom: 1px solid rgba(150&comma; 150&comma; 150&comma; 0.2); font-weight: bold; font-size: 18px; color: inherit;'>Especificaciones<\/div>\n<div style='padding: 15px; color: inherit;'>\n<ul style='padding-left: 20px; margin: 0; font-size: 14px; list-style-type: disc;'>\n<li style='margin-bottom: 5px;'><strong>Ancho:<\/strong> 3&#8242;<\/li>\n<li style='margin-bottom: 5px;'><strong>Leyenda:<\/strong> PRECAUCION<\/li>\n<li style='margin-bottom: 5px;'><strong>Espesor:<\/strong> 0.4 mm<\/li>\n<li style='margin-bottom: 5px;'><strong>Longitud:<\/strong> 100 m<\/li>\n<li style='margin-bottom: 5px;'><strong>Material:<\/strong> Polipropileno<\/li>\n<li style='margin-bottom: 5px;'><strong>Grosor:<\/strong> 0.4 mm<\/li>\n<li style='margin-bottom: 5px;'><strong>Longitud total:<\/strong> 100 m<\/li>\n<li style='margin-bottom: 5px;'><strong>Ancho total:<\/strong> 76 mm<\/li>\n<li style='margin-bottom: 5px;'><strong>Color:<\/strong> Amarillo<\/li>\n<\/ul><\/div>\n<\/p><\/div>\n<\/p><\/div>\n<p> <!-- Separador --> <\/p>\n<hr style='border: 0; border-top: 1px solid rgba(150&comma; 150&comma; 150&comma; 0.3); margin: 30px 0;'> <\/div>\n","protected":false},"excerpt":{"rendered":"<p>Cinta para barricada &#8220;PRECAUCION&#8221; de 100 m y ancho de 3&#8243;.<\/p>\n","protected":false},"featured_media":41583,"comment_status":"open","ping_status":"closed","template":"","meta":[],"product_brand":[],"product_cat":[1071],"product_tag":[1066,1072,446],"class_list":{"0":"post-41584","1":"product","2":"type-product","3":"status-publish","4":"has-post-thumbnail","6":"product_cat-extensiones-y-multicontactos","7":"product_tag-area-electrica","8":"product_tag-extensiones-y-multicontactos","9":"product_tag-surtek","11":"first","12":"instock","13":"sale","14":"shipping-taxable","15":"purchasable","16":"product-type-simple"},"_links":{"self":[{"href":"https:\/\/soydeaqui.ddns.net\/pachuca\/index.php\/wp-json\/wp\/v2\/product\/41584","targetHints":{"allow":["GET"]}}],"collection":[{"href":"https:\/\/soydeaqui.ddns.net\/pachuca\/index.php\/wp-json\/wp\/v2\/product"}],"about":[{"href":"https:\/\/soydeaqui.ddns.net\/pachuca\/index.php\/wp-json\/wp\/v2\/types\/product"}],"replies":[{"embeddable":true,"href":"https:\/\/soydeaqui.ddns.net\/pachuca\/index.php\/wp-json\/wp\/v2\/comments?post=41584"}],"wp:featuredmedia":[{"embeddable":true,"href":"https:\/\/soydeaqui.ddns.net\/pachuca\/index.php\/wp-json\/wp\/v2\/media\/41583"}],"wp:attachment":[{"href":"https:\/\/soydeaqui.ddns.net\/pachuca\/index.php\/wp-json\/wp\/v2\/media?parent=41584"}],"wp:term":[{"taxonomy":"product_brand","embeddable":true,"href":"https:\/\/soydeaqui.ddns.net\/pachuca\/index.php\/wp-json\/wp\/v2\/product_brand?post=41584"},{"taxonomy":"product_cat","embeddable":true,"href":"https:\/\/soydeaqui.ddns.net\/pachuca\/index.php\/wp-json\/wp\/v2\/product_cat?post=41584"},{"taxonomy":"product_tag","embeddable":true,"href":"https:\/\/soydeaqui.ddns.net\/pachuca\/index.php\/wp-json\/wp\/v2\/product_tag?post=41584"}],"curies":[{"name":"wp","href":"https:\/\/api.w.org\/{rel}","templated":true}]}}