{"id":41560,"date":"2026-03-18T18:18:22","date_gmt":"2026-03-18T18:18:22","guid":{"rendered":"https:\/\/soydeaqui.ddns.net\/pachuca\/index.php\/producto\/terminal-tipo-lengueta-recta-de-aluminio-con-agujero-1-4-y-barril-para-cable-14-2-0-awg\/"},"modified":"2026-03-18T18:18:28","modified_gmt":"2026-03-18T18:18:28","slug":"terminal-tipo-lengueta-recta-de-aluminio-con-agujero-1-4-y-barril-para-cable-14-2-0-awg","status":"publish","type":"product","link":"https:\/\/soydeaqui.ddns.net\/pachuca\/index.php\/producto\/terminal-tipo-lengueta-recta-de-aluminio-con-agujero-1-4-y-barril-para-cable-14-2-0-awg\/","title":{"rendered":"Terminal tipo Leng\u00fceta Recta de Aluminio con Agujero 1\/4&#8243;, y Barril para Cable #14 &#8211; 2\/0 AWG"},"content":{"rendered":"<div style='width: 100%; max-width: 1200px; margin: 0 auto; font-family: sans-serif; line-height: 1.6; color: inherit; background-color: transparent;'>\n<div style='display: flex; flex-direction: column; align-items: center; text-align: center; margin-bottom: 30px;'> <img style='width: 100%; max-width: 300px; height: auto; border: 1px solid rgba(150&comma;150&comma;150&comma;0.3); border-radius: 8px;' src='https:\/\/ftp3.syscom.mx\/usuarios\/fotos\/SCL2\/0X\/214870-217843-panduit-logo-tm-negro-fondo_trans30-01_(002)_(1).png' alt=''> <\/p>\n<h1 style='font-size: 28px; margin: 20px 0 10px; color: inherit; font-weight: 500; line-height: 1.2; padding: 0; max-width: 100%;'>Terminal tipo Leng\u00fceta Recta de Aluminio con Agujero 1\/4&#8217;&comma; y Barril para Cable #14 &#8211; 2\/0 AWG<\/h1>\n<\/p><\/div>\n<div style='display: flex; flex-direction: column; gap: 20px; margin-bottom: 30px;'>\n<h3 style='font-size: 22px; border-bottom: 2px solid currentColor; padding-bottom: 5px; margin-top: 0; color: inherit; opacity: 0.8;'>Descripci\u00f3n t\u00e9cnica<\/h3>\n<div style='font-size: 15px; color: inherit;'>\n<p style='margin: 0 0 15px;'>Conector mec\u00e1nico de aluminio esta\u00f1ado LAMA2\/0-14-QY&comma; un orificio&comma; un tambor&comma; fabricado con aleaci\u00f3n de aluminio extruido que aporta rendimiento el\u00e9ctrico y mec\u00e1nico de alta calidad p\/ofrecer amplia capacidad de toma de rango de cable que ayude a minimizar requisitos de inventario. El tornillo prisionero de acero chapado o aluminio brinda un contacto el\u00e9ctrico duradero entre conductor y conector. Listado UL y certificado por CSA p\/uso hasta 600 V y calificaci\u00f3n de temperatura de UL de 90 \u00b0C.<\/p>\n<\/p><\/div>\n<\/p><\/div>\n<div style='display: flex; flex-direction: column; align-items: center; text-align: center; margin-bottom: 30px;'> <img style='width: 100%; max-width: 600px; height: auto; border: 1px solid rgba(150&comma;150&comma;150&comma;0.3); border-radius: 8px;' src='https:\/\/ftp3.syscom.mx\/usuarios\/fotos\/LAMA2\/014QY\/220549-captura_de_pantalla_2023-07-19_a_la(s)_17.21.01.png' alt=''> <\/div>\n<\/p><\/div>\n","protected":false},"excerpt":{"rendered":"<p>Terminal tipo Leng\u00fceta Recta de Aluminio con Agujero 1\/4&#8243;, y Barril para Cable #14 &#8211; 2\/0 AWG<\/p>\n","protected":false},"featured_media":41559,"comment_status":"open","ping_status":"closed","template":"","meta":[],"product_brand":[],"product_cat":[633],"product_tag":[634,445,605],"class_list":{"0":"post-41560","1":"product","2":"type-product","3":"status-publish","4":"has-post-thumbnail","6":"product_cat-accesorios-para-rack-gabinetes","7":"product_tag-accesorios-para-rack-gabinetes","8":"product_tag-panduit","9":"product_tag-racks-y-gabinetes","11":"first","12":"outofstock","13":"sale","14":"shipping-taxable","15":"purchasable","16":"product-type-simple"},"_links":{"self":[{"href":"https:\/\/soydeaqui.ddns.net\/pachuca\/index.php\/wp-json\/wp\/v2\/product\/41560","targetHints":{"allow":["GET"]}}],"collection":[{"href":"https:\/\/soydeaqui.ddns.net\/pachuca\/index.php\/wp-json\/wp\/v2\/product"}],"about":[{"href":"https:\/\/soydeaqui.ddns.net\/pachuca\/index.php\/wp-json\/wp\/v2\/types\/product"}],"replies":[{"embeddable":true,"href":"https:\/\/soydeaqui.ddns.net\/pachuca\/index.php\/wp-json\/wp\/v2\/comments?post=41560"}],"wp:featuredmedia":[{"embeddable":true,"href":"https:\/\/soydeaqui.ddns.net\/pachuca\/index.php\/wp-json\/wp\/v2\/media\/41559"}],"wp:attachment":[{"href":"https:\/\/soydeaqui.ddns.net\/pachuca\/index.php\/wp-json\/wp\/v2\/media?parent=41560"}],"wp:term":[{"taxonomy":"product_brand","embeddable":true,"href":"https:\/\/soydeaqui.ddns.net\/pachuca\/index.php\/wp-json\/wp\/v2\/product_brand?post=41560"},{"taxonomy":"product_cat","embeddable":true,"href":"https:\/\/soydeaqui.ddns.net\/pachuca\/index.php\/wp-json\/wp\/v2\/product_cat?post=41560"},{"taxonomy":"product_tag","embeddable":true,"href":"https:\/\/soydeaqui.ddns.net\/pachuca\/index.php\/wp-json\/wp\/v2\/product_tag?post=41560"}],"curies":[{"name":"wp","href":"https:\/\/api.w.org\/{rel}","templated":true}]}}