{"id":4155,"date":"2026-03-18T06:16:04","date_gmt":"2026-03-18T06:16:04","guid":{"rendered":"https:\/\/soydeaqui.ddns.net\/pachuca\/index.php\/producto\/comunicador-wifi-para-alerta-sismica\/"},"modified":"2026-03-18T06:16:09","modified_gmt":"2026-03-18T06:16:09","slug":"comunicador-wifi-para-alerta-sismica","status":"publish","type":"product","link":"https:\/\/soydeaqui.ddns.net\/pachuca\/index.php\/producto\/comunicador-wifi-para-alerta-sismica\/","title":{"rendered":"Comunicador WIFI para Alerta Sismica"},"content":{"rendered":"<div style='width: 100%; max-width: 1200px; margin: 0 auto; font-family: sans-serif; line-height: 1.6; color: inherit; background-color: transparent;'> <!-- Imagen principal --> <\/p>\n<div style='width: 100%; margin-bottom: 30px;'> <img style='width: 100%; height: auto; border: 1px solid rgba(150&comma;150&comma;150&comma;0.3); border-radius: 8px;' src='https:\/\/ftp3.syscom.mx\/usuarios\/vvega\/yonusa\/equipos\/sismico\/YASWIFI_cabezera.jpg' alt='Comunicador WIFI para Alerta S\u00edsmica YONUSA YASWIFI'> <\/div>\n<p> <!-- Contenido principal --> <\/p>\n<div style='width: 100%; margin-bottom: 30px;'>\n<p style='font-size: 15px; color: inherit;'>El dispositivo es muy sencillo e intuitivo de configurar por medio de la aplicaci\u00f3n de Instaladores YONUSA&comma; adem\u00e1s de que la misma APP proporciona los pasos a seguir para dicho proceso. Disponible para sistemas IOS y Android.<\/p>\n<p style='font-size: 15px; color: inherit;'>Teniendo esta Tarjeta WIFI<\/p>\n<\/p><\/div>\n<p> <!-- Secci\u00f3n de caracter\u00edsticas con grid --> <\/p>\n<div style='display: flex; flex-wrap: wrap; gap: 30px; margin-bottom: 30px;'> <!-- Funcionalidad --> <\/p>\n<div style='flex: 1 1 300px; min-width: 280px;'>\n<div style='border-left: 5px solid #0091ff; border-radius: 5px; padding: 15px; background-color: rgba(0&comma;145&comma;255&comma;0.05);'>\n<h3 style='font-size: 20px; margin-top: 0; margin-bottom: 15px; color: inherit;'>Funcionalidad<\/h3>\n<ul style='padding-left: 20px; font-size: 14px; color: inherit;'>\n<li style='margin-bottom: 10px;'>El dispositivo cuenta con 2 salidas de contacto seco: Alert1 y Alert2&comma; para la activaci\u00f3n de la sirena de Alertamiento S\u00edsmico YONUSA.<\/li>\n<li style='margin-bottom: 10px;'>Las salidas de alerta del dispositivo tienen una funci\u00f3n determinada para corroborar el funcionamiento y enlace de alertamiento del mismo de manera correcta:<\/li>\n<li style='margin-bottom: 10px;'><strong>Alert 1:<\/strong> Activaci\u00f3n de alerta s\u00edsmica emitida por SASMEX.<\/li>\n<li style='margin-bottom: 10px;'><strong>Alert 2:<\/strong> Prueba de activaci\u00f3n de Comunicador WIFI de Alerta S\u00edsmica emitida por YONUSA<\/li>\n<\/ul><\/div>\n<\/p><\/div>\n<p> <!-- Caracter\u00edsticas F\u00edsicas y El\u00e9ctricas --> <\/p>\n<div style='flex: 1 1 300px; min-width: 280px;'>\n<div style='border-left: 5px solid #0091ff; border-radius: 5px; padding: 15px; background-color: rgba(0&comma;145&comma;255&comma;0.05);'>\n<h3 style='font-size: 20px; margin-top: 0; margin-bottom: 15px; color: inherit;'>Caracter\u00edsticas F\u00edsicas y El\u00e9ctricas:<\/h3>\n<ul style='padding-left: 20px; font-size: 14px; color: inherit;'>\n<li style='margin-bottom: 10px;'><strong>Fuente de alimentaci\u00f3n:<\/strong> 12VCD&comma; NO contiene fuente de alimentaci\u00f3n&comma; se recomienda <a href='https:\/\/www.syscom.mx\/products\/77584' style='color: #0091ff; text-decoration: none; font-weight: bold;'>PSD1202D<\/a> + <a href='https:\/\/www.syscom.mx\/products\/67652' style='color: #0091ff; text-decoration: none; font-weight: bold;'>DC-CORDF<\/a><\/li>\n<li style='margin-bottom: 10px;'><strong>Corriente de alimentaci\u00f3n:<\/strong> 0.3 Amperes<\/li>\n<li style='margin-bottom: 10px;'><strong>Estandar WIFI:<\/strong> 805.11 b\/g\/n<\/li>\n<li style='margin-bottom: 10px;'><strong>Frec. de comunicaci\u00f3n:<\/strong> 2.4 GHz.<\/li>\n<li style='margin-bottom: 10px;'><strong>Velocidad de transferencia de datos:<\/strong> 130Mb\/s<\/li>\n<li style='margin-bottom: 10px;'><strong>Cifrado:<\/strong> WPA&comma; WPA-2&comma; TKIP<\/li>\n<li style='margin-bottom: 10px;'><strong>Canales de frecuencia datos:<\/strong> 1&comma; 6&comma; 11.<\/li>\n<li style='margin-bottom: 10px;'><strong>Dimensiones:<\/strong> 14 x 16.5 x 8.5 cm<\/li>\n<li style='margin-bottom: 10px;'><strong>Material:<\/strong> Poliestireno Alto Impacto (retardante a la flama&comma; norma B0)<\/li>\n<li style='margin-bottom: 10px;'><strong>Tipo:<\/strong> NEMA 2 (uso en briznas y lloviznas)<\/li>\n<\/ul><\/div>\n<\/p><\/div>\n<p> <!-- Caracter\u00edsticas Destacadas --> <\/p>\n<div style='flex: 1 1 300px; min-width: 280px;'>\n<div style='border-left: 5px solid #0091ff; border-radius: 5px; padding: 15px; background-color: rgba(0&comma;145&comma;255&comma;0.05);'>\n<h3 style='font-size: 20px; margin-top: 0; margin-bottom: 15px; color: inherit;'>Caracter\u00edsticas Destacadas:<\/h3>\n<p style='font-size: 14px; color: inherit; margin-bottom: 10px;'>El Comunicador WIFI de alerta s\u00edsmica cuenta con una fuente de alimentaci\u00f3n de 13.5Vdc a 2 Amp&comma; lo necesario para poder alimentar al sistema completo en conjunto con la sirena de Alertamiento S\u00edsmico YONUSA.<\/p>\n<p style='font-size: 14px; color: inherit; margin-bottom: 10px;'>Proporciona terminales de bater\u00eda para un soporte de hasta 12Vdc-30Ah.<\/p>\n<p style='font-size: 14px; color: inherit; margin-bottom: 0;'>Dentro del gabinete se puede colocar una bater\u00eda de 12Vdc 1.3Ah<\/p>\n<\/p><\/div>\n<\/p><\/div>\n<\/p><\/div>\n<p> <!-- Separador --> <\/p>\n<hr style='border: 0; border-top: 1px solid rgba(150&comma; 150&comma; 150&comma; 0.3); margin: 30px 0;'> <!-- Funcionamiento y equipo --> <\/p>\n<div style='width: 100%; margin-bottom: 30px;'>\n<h2 style='font-size: 24px; text-align: center; margin-bottom: 20px; color: inherit;'>Funcionamiento y equipo<\/h2>\n<p style='font-size: 15px; color: inherit; margin-bottom: 15px;'>Se utiliza un radio meteorol\u00f3gico el cual es capaz de recibir la se\u00f1al que se emite por Sistema de Alertamiento S\u00edsmico Mexicano (SASMEX)&comma; la cual es una se\u00f1al que se transmite de manera abierta&comma; siempre y cuando se tenga este radio. Esta se\u00f1al se transmite en 7 canales diferentes&comma; el cual se selecciona el canal en el radio conforme a la zona en la que se vaya instalar el equipo&comma; llevando al siguiente punto.<\/p>\n<p style='font-size: 15px; color: inherit; margin-bottom: 15px;'>La alerta s\u00edsmica \u00fanicamente se transmite en zonas altamente s\u00edsmicas del pa\u00eds como lo es: Ciudad de M\u00e9xico&comma; Puebla&comma; Acapulco&comma; Chilpancingo&comma; Morelia&comma; Oaxaca&comma; Toluca y Morelos.<\/p>\n<p style='font-size: 15px; color: inherit; margin-bottom: 15px; background-color: rgba(0&comma;20&comma;255&comma;0.05); padding: 10px; border-left: 4px solid #0091ff;'> <strong>Para PRUEBAS<\/strong> se necesita realizar una llamada directo a YONUSA para que se manden los TEST a la tarjeta WIFI a los siguientes telefonos: +52 55 53 58 07 96 | 800 YONUSAA (9668722) <\/p>\n<p style='font-size: 15px; color: inherit; margin-bottom: 15px; background-color: rgba(0&comma;20&comma;255&comma;0.05); padding: 10px; border-left: 4px solid #0091ff;'> <strong>NOTA:<\/strong> No es necesario tener el WR120 en la instalaci\u00f3n&comma; ya que el modulo YASWIFI seria el encargado de recibir la se\u00f1al sismica via internet y transmitirla a la APP de YONUSA que tengan dada de alta dicho modulo (YASWIFI) <\/p>\n<p style='font-size: 15px; color: inherit; margin-bottom: 15px;'>Para dar de <strong>Alta el Equipo a la APP<\/strong> favor de seguir el siguiente <a href='https:\/\/soporte.syscom.mx\/es\/articles\/9762641-yonusa-conexion-y-configuracion-de-tarjeta-yas-wifi-con-sirena-yassir-para-alerta-sismica' target='_blank' rel='noopener' style='color: #0091ff; text-decoration: underline; font-weight: bold;'>TIP TECNICO<\/a><\/p>\n<\/p><\/div>\n<p> <!-- Im\u00e1genes adicionales --> <\/p>\n<div style='display: flex; flex-wrap: wrap; gap: 20px; justify-content: center; margin-bottom: 30px;'>\n<div style='flex: 1 1 550px; min-width: 300px;'> <img style='width: 100%; height: auto; border: 1px solid rgba(150&comma;150&comma;150&comma;0.3); border-radius: 8px;' src='https:\/\/downloads.intercomcdn.com\/i\/o\/1152268101\/39226ad5e2332aba4d34f502\/imagennn.jpg?expires=1738196100&#038;signature=a591740e083e7bd3cc1e360bba57fdd63122900683db677fb9850664ea770d61&#038;req=dSEiFMt4lYBfWPMW1HO4zXPbHJMjtWo4laWTkuBw0bp7bHpxTpboEPDqBJpk%0AqFnX1hYuWaAYvLWPJhQ%3D%0A' alt='Diagrama de funcionamiento'> <\/div>\n<div style='flex: 1 1 700px; min-width: 300px;'> <img style='width: 100%; height: auto; border: 1px solid rgba(150&comma;150&comma;150&comma;0.3); border-radius: 8px;' src='https:\/\/ftp3.syscom.mx\/usuarios\/vvega\/yonusa\/equipos\/sismico\/Sismica.jpg' alt='Instalaci\u00f3n del sistema'> <\/div>\n<\/p><\/div>\n<\/p><\/div>\n","protected":false},"excerpt":{"rendered":"<p>Comunicador WIFI para Alerta Sismica<\/p>\n","protected":false},"featured_media":4154,"comment_status":"open","ping_status":"closed","template":"","meta":[],"product_brand":[],"product_cat":[92],"product_tag":[93,82,84],"class_list":{"0":"post-4155","1":"product","2":"type-product","3":"status-publish","4":"has-post-thumbnail","6":"product_cat-accesorios","7":"product_tag-accesorios","8":"product_tag-cercas-electricas","9":"product_tag-yonusa","11":"first","12":"instock","13":"sale","14":"shipping-taxable","15":"purchasable","16":"product-type-simple"},"_links":{"self":[{"href":"https:\/\/soydeaqui.ddns.net\/pachuca\/index.php\/wp-json\/wp\/v2\/product\/4155","targetHints":{"allow":["GET"]}}],"collection":[{"href":"https:\/\/soydeaqui.ddns.net\/pachuca\/index.php\/wp-json\/wp\/v2\/product"}],"about":[{"href":"https:\/\/soydeaqui.ddns.net\/pachuca\/index.php\/wp-json\/wp\/v2\/types\/product"}],"replies":[{"embeddable":true,"href":"https:\/\/soydeaqui.ddns.net\/pachuca\/index.php\/wp-json\/wp\/v2\/comments?post=4155"}],"wp:featuredmedia":[{"embeddable":true,"href":"https:\/\/soydeaqui.ddns.net\/pachuca\/index.php\/wp-json\/wp\/v2\/media\/4154"}],"wp:attachment":[{"href":"https:\/\/soydeaqui.ddns.net\/pachuca\/index.php\/wp-json\/wp\/v2\/media?parent=4155"}],"wp:term":[{"taxonomy":"product_brand","embeddable":true,"href":"https:\/\/soydeaqui.ddns.net\/pachuca\/index.php\/wp-json\/wp\/v2\/product_brand?post=4155"},{"taxonomy":"product_cat","embeddable":true,"href":"https:\/\/soydeaqui.ddns.net\/pachuca\/index.php\/wp-json\/wp\/v2\/product_cat?post=4155"},{"taxonomy":"product_tag","embeddable":true,"href":"https:\/\/soydeaqui.ddns.net\/pachuca\/index.php\/wp-json\/wp\/v2\/product_tag?post=4155"}],"curies":[{"name":"wp","href":"https:\/\/api.w.org\/{rel}","templated":true}]}}