{"id":41546,"date":"2026-03-18T18:17:59","date_gmt":"2026-03-18T18:17:59","guid":{"rendered":"https:\/\/soydeaqui.ddns.net\/pachuca\/index.php\/producto\/controlador-de-carga-mppt-de-100a-12-24-36-48-v-maximo-voltaje-de-circuito-abierto-voc-200vcc-con-display-3\/"},"modified":"2026-03-18T18:18:00","modified_gmt":"2026-03-18T18:18:00","slug":"controlador-de-carga-mppt-de-100a-12-24-36-48-v-maximo-voltaje-de-circuito-abierto-voc-200vcc-con-display-3","status":"publish","type":"product","link":"https:\/\/soydeaqui.ddns.net\/pachuca\/index.php\/producto\/controlador-de-carga-mppt-de-100a-12-24-36-48-v-maximo-voltaje-de-circuito-abierto-voc-200vcc-con-display-3\/","title":{"rendered":"Controlador de Carga MPPT de 100A 12\/24\/36\/48 V, M\u00e1ximo Voltaje de Circuito Abierto Voc 200Vcc con Display"},"content":{"rendered":"<div style='width: 100%; max-width: 1200px; margin: 0 auto; font-family: sans-serif; line-height: 1.6; color: inherit; background-color: transparent;'> <!-- Secci\u00f3n de descripci\u00f3n --> <\/p>\n<div style='margin-bottom: 30px; font-size: 15px; color: inherit;'>\n<p style='margin-top: 0; margin-bottom: 15px;'>El revolucionario GenStar MPPT representa los mejores esfuerzos de ingenier\u00eda de Morningstar reunidos en un solo dise\u00f1o&comma; con funciones de control y comunicaciones avanzadas y completas integradas&comma; adem\u00e1s de la capacidad de agregar m\u00e1s tecnolog\u00eda a cualquier sistema a trav\u00e9s de nuestra innovadora tecnolog\u00eda de expansi\u00f3n ReadyRail. El GenStar MPPT est\u00e1 disponible en clasificaciones de carga de 60&comma; 80 y 100 A con un l\u00edmite Voc m\u00e1ximo de 200 V y admite bater\u00edas de 12&comma; 24&comma; 36 y 48 V.<\/p>\n<p style='margin-top: 0; margin-bottom: 15px;'>Modelos: GS-MPPT-60M-200V&comma; GS-MPPT-80M-200V&comma; GS-MPPT-100M-200V<\/p>\n<\/p><\/div>\n<p> <!-- Galer\u00eda de im\u00e1genes --> <\/p>\n<div style='margin-bottom: 30px;'>\n<div style='width: 100%;'> <a href='https:\/\/www.morningstarcorp.com\/wp-content\/uploads\/GenStar-MPPT-callouts-3.png' data-imagelightbox='f' style='display: block;'> <img style='width: 100%; height: auto; border: 1px solid rgba(150&comma;150&comma;150&comma;0.3); border-radius: 8px;' src='https:\/\/www.morningstarcorp.com\/wp-content\/uploads\/GenStar-MPPT-callouts-3-1024x614.png' sizes='(max-width: 640px) 100vw&comma; 640px' srcset='https:\/\/www.morningstarcorp.com\/wp-content\/uploads\/GenStar-MPPT-callouts-3-1024x614.png 1024w&comma; https:\/\/www.morningstarcorp.com\/wp-content\/uploads\/GenStar-MPPT-callouts-3-300x180.png 300w&comma; https:\/\/www.morningstarcorp.com\/wp-content\/uploads\/GenStar-MPPT-callouts-3-768x461.png 768w&comma; https:\/\/www.morningstarcorp.com\/wp-content\/uploads\/GenStar-MPPT-callouts-3.png 1200w' alt='Genstar graphic' data-lazy-srcset='https:\/\/www.morningstarcorp.com\/wp-content\/uploads\/GenStar-MPPT-callouts-3-1024x614.png 1024w&comma; https:\/\/www.morningstarcorp.com\/wp-content\/uploads\/GenStar-MPPT-callouts-3-300x180.png 300w&comma; https:\/\/www.morningstarcorp.com\/wp-content\/uploads\/GenStar-MPPT-callouts-3-768x461.png 768w&comma; https:\/\/www.morningstarcorp.com\/wp-content\/uploads\/GenStar-MPPT-callouts-3.png 1200w' data-lazy-sizes='(max-width: 640px) 100vw&comma; 640px' data-lazy-src='https:\/\/www.morningstarcorp.com\/wp-content\/uploads\/GenStar-MPPT-callouts-3-1024x614.png' data-ll-status='loaded'> <\/a> <\/div>\n<\/p><\/div>\n<p> <!-- Video de YouTube --> <\/p>\n<div style='position: relative; padding-bottom: 56.25%; height: 0; overflow: hidden; margin-bottom: 30px;'>   <\/div>\n<\/p><\/div>\n","protected":false},"excerpt":{"rendered":"<p>Controlador de Carga MPPT de 100A 12\/24\/36\/48 V, M\u00e1ximo Voltaje de Circuito Abierto Voc 200Vcc con Display<\/p>\n","protected":false},"featured_media":32,"comment_status":"open","ping_status":"closed","template":"","meta":[],"product_brand":[],"product_cat":[1117],"product_tag":[1118,964,1119],"class_list":{"0":"post-41546","1":"product","2":"type-product","3":"status-publish","4":"has-post-thumbnail","6":"product_cat-controladores-de-carga-mppt","7":"product_tag-controladores-de-carga-mppt","8":"product_tag-energia-solar","9":"product_tag-morningstar","11":"first","12":"outofstock","13":"sale","14":"shipping-taxable","15":"purchasable","16":"product-type-simple"},"_links":{"self":[{"href":"https:\/\/soydeaqui.ddns.net\/pachuca\/index.php\/wp-json\/wp\/v2\/product\/41546","targetHints":{"allow":["GET"]}}],"collection":[{"href":"https:\/\/soydeaqui.ddns.net\/pachuca\/index.php\/wp-json\/wp\/v2\/product"}],"about":[{"href":"https:\/\/soydeaqui.ddns.net\/pachuca\/index.php\/wp-json\/wp\/v2\/types\/product"}],"replies":[{"embeddable":true,"href":"https:\/\/soydeaqui.ddns.net\/pachuca\/index.php\/wp-json\/wp\/v2\/comments?post=41546"}],"wp:featuredmedia":[{"embeddable":true,"href":"https:\/\/soydeaqui.ddns.net\/pachuca\/index.php\/wp-json\/wp\/v2\/media\/32"}],"wp:attachment":[{"href":"https:\/\/soydeaqui.ddns.net\/pachuca\/index.php\/wp-json\/wp\/v2\/media?parent=41546"}],"wp:term":[{"taxonomy":"product_brand","embeddable":true,"href":"https:\/\/soydeaqui.ddns.net\/pachuca\/index.php\/wp-json\/wp\/v2\/product_brand?post=41546"},{"taxonomy":"product_cat","embeddable":true,"href":"https:\/\/soydeaqui.ddns.net\/pachuca\/index.php\/wp-json\/wp\/v2\/product_cat?post=41546"},{"taxonomy":"product_tag","embeddable":true,"href":"https:\/\/soydeaqui.ddns.net\/pachuca\/index.php\/wp-json\/wp\/v2\/product_tag?post=41546"}],"curies":[{"name":"wp","href":"https:\/\/api.w.org\/{rel}","templated":true}]}}