{"id":41536,"date":"2026-03-18T18:17:44","date_gmt":"2026-03-18T18:17:44","guid":{"rendered":"https:\/\/soydeaqui.ddns.net\/pachuca\/index.php\/producto\/zapata-terminal-de-compresion-burndy-canon-corto-para-tornillo-de-3-8-y-calibre-4-awg\/"},"modified":"2026-03-18T18:17:45","modified_gmt":"2026-03-18T18:17:45","slug":"zapata-terminal-de-compresion-burndy-canon-corto-para-tornillo-de-3-8-y-calibre-4-awg","status":"publish","type":"product","link":"https:\/\/soydeaqui.ddns.net\/pachuca\/index.php\/producto\/zapata-terminal-de-compresion-burndy-canon-corto-para-tornillo-de-3-8-y-calibre-4-awg\/","title":{"rendered":"Zapata Terminal de Compresi\u00f3n BURNDY Ca\u00f1\u00f3n Corto para Tornillo de 3\/8&#8243; y Calibre 4 AWG."},"content":{"rendered":"<div style='width: 100%; max-width: 1200px; margin: 0 auto; font-family: sans-serif; line-height: 1.6; color: inherit; background-color: transparent;'>\n<div style='display: flex; flex-wrap: wrap; gap: 30px; margin-bottom: 30px;'>\n<div style='flex: 1 1 300px; min-width: 280px;'>\n<h3 style='font-size: 22px; border-bottom: 2px solid currentColor; padding-bottom: 5px; margin-top: 0; color: inherit; opacity: 0.8;'>Especificaciones<\/h3>\n<ul style='padding-left: 20px; font-size: 15px; color: inherit;'>\n<li style='margin-bottom: 5px;'><strong>Aplicaci\u00f3n:<\/strong> Para cableado de control y otras aplicaciones de servicio est\u00e1ndar.<\/li>\n<li style='margin-bottom: 5px;'><strong>Tipo de Conector:<\/strong> Terminal de ojo<\/li>\n<li style='margin-bottom: 5px;'><strong>Indicador RoHS EU:<\/strong> S\u00ed<\/li>\n<li style='margin-bottom: 5px;'><strong>Caracter\u00edsticas:<\/strong> Tipo barril largo<\/li>\n<li style='margin-bottom: 5px;'><strong>Material:<\/strong> Cobre<\/li>\n<li style='margin-bottom: 5px;'><strong>N\u00famero de orificios:<\/strong> 1<\/li>\n<li style='margin-bottom: 5px;'><strong>Tipo de Orificio:<\/strong> Ojillo<\/li>\n<li style='margin-bottom: 5px;'><strong>Galvanizado:<\/strong> SI<\/li>\n<li style='margin-bottom: 5px;'><strong>Tipo de Galvanizado:<\/strong> Electrol\u00edtico<\/li>\n<li style='margin-bottom: 5px;'><strong>Di\u00e1metro m\u00e1ximo de aislamiento:<\/strong> 0 in<\/li>\n<li style='margin-bottom: 5px;'><strong>Longitud:<\/strong> 0 in (8.63 mm)<\/li>\n<li style='margin-bottom: 5px;'><strong>Di\u00e1metro M\u00e1x.:<\/strong> 0 in (3.04 mm)<\/li>\n<li style='margin-bottom: 5px;'><strong>Tama\u00f1o del tornillo:<\/strong> 3\/8<\/li>\n<li style='margin-bottom: 5px;'><strong>Tama\u00f1o de orificio:<\/strong> 0 in (6.85 mm)<\/li>\n<li style='margin-bottom: 5px;'><strong>Longitud Total mm:<\/strong> 0 mm<\/li>\n<li style='margin-bottom: 5px;'><strong>Longitud Total in:<\/strong> 0 in<\/li>\n<li style='margin-bottom: 5px;'><strong>Ancho de almohadilla:<\/strong> 0 in<\/li>\n<li style='margin-bottom: 5px;'><strong>Longitud de la tira:<\/strong> in<\/li>\n<li style='margin-bottom: 5px;'><strong>Dimensi\u00f3n Z:<\/strong> 0 in<\/li>\n<li style='margin-bottom: 5px;'><strong>Tama\u00f1o de Conductor:<\/strong> 4 AWG<\/li>\n<li style='margin-bottom: 5px;'><strong>Tipo de Conductor:<\/strong> Cable de CU s\u00f3lido y Trenzado<\/li>\n<\/ul><\/div>\n<\/p><\/div>\n<\/p><\/div>\n","protected":false},"excerpt":{"rendered":"<p>Zapata Terminal de Compresi\u00f3n BURNDY Ca\u00f1\u00f3n Corto para Tornillo de 3\/8&#8243; y Calibre 4 AWG.<\/p>\n","protected":false},"featured_media":41535,"comment_status":"open","ping_status":"closed","template":"","meta":[],"product_brand":[],"product_cat":[633],"product_tag":[634,732,605],"class_list":{"0":"post-41536","1":"product","2":"type-product","3":"status-publish","4":"has-post-thumbnail","6":"product_cat-accesorios-para-rack-gabinetes","7":"product_tag-accesorios-para-rack-gabinetes","8":"product_tag-hubbell-burndy","9":"product_tag-racks-y-gabinetes","11":"first","12":"outofstock","13":"sale","14":"shipping-taxable","15":"purchasable","16":"product-type-simple"},"_links":{"self":[{"href":"https:\/\/soydeaqui.ddns.net\/pachuca\/index.php\/wp-json\/wp\/v2\/product\/41536","targetHints":{"allow":["GET"]}}],"collection":[{"href":"https:\/\/soydeaqui.ddns.net\/pachuca\/index.php\/wp-json\/wp\/v2\/product"}],"about":[{"href":"https:\/\/soydeaqui.ddns.net\/pachuca\/index.php\/wp-json\/wp\/v2\/types\/product"}],"replies":[{"embeddable":true,"href":"https:\/\/soydeaqui.ddns.net\/pachuca\/index.php\/wp-json\/wp\/v2\/comments?post=41536"}],"wp:featuredmedia":[{"embeddable":true,"href":"https:\/\/soydeaqui.ddns.net\/pachuca\/index.php\/wp-json\/wp\/v2\/media\/41535"}],"wp:attachment":[{"href":"https:\/\/soydeaqui.ddns.net\/pachuca\/index.php\/wp-json\/wp\/v2\/media?parent=41536"}],"wp:term":[{"taxonomy":"product_brand","embeddable":true,"href":"https:\/\/soydeaqui.ddns.net\/pachuca\/index.php\/wp-json\/wp\/v2\/product_brand?post=41536"},{"taxonomy":"product_cat","embeddable":true,"href":"https:\/\/soydeaqui.ddns.net\/pachuca\/index.php\/wp-json\/wp\/v2\/product_cat?post=41536"},{"taxonomy":"product_tag","embeddable":true,"href":"https:\/\/soydeaqui.ddns.net\/pachuca\/index.php\/wp-json\/wp\/v2\/product_tag?post=41536"}],"curies":[{"name":"wp","href":"https:\/\/api.w.org\/{rel}","templated":true}]}}