{"id":41534,"date":"2026-03-18T18:17:41","date_gmt":"2026-03-18T18:17:41","guid":{"rendered":"https:\/\/soydeaqui.ddns.net\/pachuca\/index.php\/producto\/tomacorriente-para-escritorio-cuenta-con-bracket-ajustable-a-diferentes-grosores-3-contactos-110vca-2-contactos-para-carga-usb-1-contacto-usb-a-1-contacto-usb-c\/"},"modified":"2026-03-18T18:17:41","modified_gmt":"2026-03-18T18:17:41","slug":"tomacorriente-para-escritorio-cuenta-con-bracket-ajustable-a-diferentes-grosores-3-contactos-110vca-2-contactos-para-carga-usb-1-contacto-usb-a-1-contacto-usb-c","status":"publish","type":"product","link":"https:\/\/soydeaqui.ddns.net\/pachuca\/index.php\/producto\/tomacorriente-para-escritorio-cuenta-con-bracket-ajustable-a-diferentes-grosores-3-contactos-110vca-2-contactos-para-carga-usb-1-contacto-usb-a-1-contacto-usb-c\/","title":{"rendered":"Tomacorriente para Escritorio \/ Cuenta con Bracket Ajustable a Diferentes Grosores \/ 3 Contactos 110VCA \/ 2 Contactos para Carga USB ( 1 contacto USB-A + 1 contacto USB-C )"},"content":{"rendered":"<div style='width: 100%; max-width: 1200px; margin: 0 auto; font-family: sans-serif; line-height: 1.6; color: inherit; background-color: transparent;'>\n<p style='text-align: center; margin: 20px 0;'> <img style='width: 100%; max-width: 300px; height: auto; border: 1px solid rgba(150&comma;150&comma;150&comma;0.3); border-radius: 8px;' src='https:\/\/ftp3.syscom.mx\/usuarios\/fotos\/logotipos\/epcom_powerline.png' alt=''> <\/p>\n<div style='display: flex; flex-wrap: wrap; gap: 20px; margin-bottom: 30px;'>\n<div style='flex: 1 1 300px; min-width: 280px;'>\n<div style='border-left: 5px solid #FF0000; border-radius: 5px; padding: 5px; box-shadow: 2px 2px 10px rgba(216&comma;216&comma;216&comma;0.5);'> <strong style='font-size: 16px; display: block; margin-bottom: 10px; color: inherit;'>Caracter\u00edsticas principales:<\/strong> <\/p>\n<ul style='padding-left: 20px; font-size: 14px; color: inherit;'>\n<li style='margin-bottom: 5px;'>Dise\u00f1o Liviano y resistente<\/li>\n<li style='margin-bottom: 5px;'>Elaborado de Acero de primera calidad<\/li>\n<li style='margin-bottom: 5px;'><strong>Capacidad para conexi\u00f3n de 3 equipos<\/strong><\/li>\n<li style='margin-bottom: 5px;'>Aplicaci\u00f3n: Interior<\/li>\n<\/ul><\/div>\n<\/p><\/div>\n<div style='flex: 1 1 300px; min-width: 280px;'>\n<div style='border-left: 5px solid #FF0000; border-radius: 5px; padding: 5px; box-shadow: 2px 2px 10px rgba(216&comma;216&comma;216&comma;0.5);'> <strong style='font-size: 16px; display: block; margin-bottom: 10px; color: inherit;'>Caracter\u00edsticas F\u00edsicas y El\u00e9ctricas:<\/strong> <\/p>\n<ul style='padding-left: 20px; font-size: 14px; color: inherit;'>\n<li style='margin-bottom: 5px;'>Voltaje de entrada: 120 VCA&comma; 50\/60 Hz.<\/li>\n<li style='margin-bottom: 5px;'>M\u00e1xima Corriente: 12A.<\/li>\n<li style='margin-bottom: 5px;'><strong>1 x USB-A:<\/strong> 5V\/3A; 9V\/2A; 12V\/1.5A.<\/li>\n<li style='margin-bottom: 5px;'><strong>1 x USB-C:<\/strong> PD 5V\/3A; 9V\/2A; 12V\/1.5A.<\/li>\n<li style='margin-bottom: 5px;'>Medidas: 154.7 x 38 x 48.7 mm.<\/li>\n<\/ul><\/div>\n<\/p><\/div>\n<div style='flex: 1 1 300px; min-width: 280px;'>\n<div style='border-left: 5px solid #FF0000; border-radius: 5px; padding: 5px; box-shadow: 2px 2px 10px rgba(216&comma;216&comma;216&comma;0.5);'> <strong style='font-size: 16px; display: block; margin-bottom: 10px; color: inherit;'>Caracter\u00edsticas Destacadas:<\/strong> <\/p>\n<p style='margin: 0 0 10px; font-size: 14px; color: inherit;'>Super pr\u00e1ctico para trabajar en escritorio. <strong>Tomacorriente al alcance de sus manos.<\/strong><\/p>\n<p style='margin: 0; font-size: 14px; color: inherit;'>Color: Blanco<\/p>\n<\/p><\/div>\n<\/p><\/div>\n<\/p><\/div>\n<p style='text-align: center; font-weight: bold; margin: 20px 0; color: inherit;'><strong>1 A\u00f1o de Garant\u00eda<\/strong><\/p>\n<div style='position: relative; padding-bottom: 56.25%; height: 0; overflow: hidden; margin-bottom: 30px;'>   <\/div>\n<\/p><\/div>\n","protected":false},"excerpt":{"rendered":"<p>Tomacorriente para Escritorio \/ Cuenta con Bracket Ajustable a Diferentes Grosores \/ 3 Contactos 110VCA \/ 2 Contactos para Carga USB ( 1 contacto USB-A + 1 contacto USB-C )<\/p>\n","protected":false},"featured_media":41533,"comment_status":"open","ping_status":"closed","template":"","meta":[],"product_brand":[],"product_cat":[1071],"product_tag":[1066,454,1072],"class_list":{"0":"post-41534","1":"product","2":"type-product","3":"status-publish","4":"has-post-thumbnail","6":"product_cat-extensiones-y-multicontactos","7":"product_tag-area-electrica","8":"product_tag-epcom-powerline","9":"product_tag-extensiones-y-multicontactos","11":"first","12":"instock","13":"sale","14":"shipping-taxable","15":"purchasable","16":"product-type-simple"},"_links":{"self":[{"href":"https:\/\/soydeaqui.ddns.net\/pachuca\/index.php\/wp-json\/wp\/v2\/product\/41534","targetHints":{"allow":["GET"]}}],"collection":[{"href":"https:\/\/soydeaqui.ddns.net\/pachuca\/index.php\/wp-json\/wp\/v2\/product"}],"about":[{"href":"https:\/\/soydeaqui.ddns.net\/pachuca\/index.php\/wp-json\/wp\/v2\/types\/product"}],"replies":[{"embeddable":true,"href":"https:\/\/soydeaqui.ddns.net\/pachuca\/index.php\/wp-json\/wp\/v2\/comments?post=41534"}],"wp:featuredmedia":[{"embeddable":true,"href":"https:\/\/soydeaqui.ddns.net\/pachuca\/index.php\/wp-json\/wp\/v2\/media\/41533"}],"wp:attachment":[{"href":"https:\/\/soydeaqui.ddns.net\/pachuca\/index.php\/wp-json\/wp\/v2\/media?parent=41534"}],"wp:term":[{"taxonomy":"product_brand","embeddable":true,"href":"https:\/\/soydeaqui.ddns.net\/pachuca\/index.php\/wp-json\/wp\/v2\/product_brand?post=41534"},{"taxonomy":"product_cat","embeddable":true,"href":"https:\/\/soydeaqui.ddns.net\/pachuca\/index.php\/wp-json\/wp\/v2\/product_cat?post=41534"},{"taxonomy":"product_tag","embeddable":true,"href":"https:\/\/soydeaqui.ddns.net\/pachuca\/index.php\/wp-json\/wp\/v2\/product_tag?post=41534"}],"curies":[{"name":"wp","href":"https:\/\/api.w.org\/{rel}","templated":true}]}}