{"id":41532,"date":"2026-03-18T18:17:37","date_gmt":"2026-03-18T18:17:37","guid":{"rendered":"https:\/\/soydeaqui.ddns.net\/pachuca\/index.php\/producto\/barra-para-union-de-cobre-estanado-con-capacidad-de-1000a-medidas-7-7-8-x-2-x-1-4-in-con-aisladores-sin-gabinete\/"},"modified":"2026-03-18T18:17:39","modified_gmt":"2026-03-18T18:17:39","slug":"barra-para-union-de-cobre-estanado-con-capacidad-de-1000a-medidas-7-7-8-x-2-x-1-4-in-con-aisladores-sin-gabinete","status":"publish","type":"product","link":"https:\/\/soydeaqui.ddns.net\/pachuca\/index.php\/producto\/barra-para-union-de-cobre-estanado-con-capacidad-de-1000a-medidas-7-7-8-x-2-x-1-4-in-con-aisladores-sin-gabinete\/","title":{"rendered":"Barra para Uni\u00f3n de Cobre Esta\u00f1ado, con Capacidad de 1000A, medidas 7-7\/8 x 2 x 1\/4 in. con Aisladores (Sin Gabinete)"},"content":{"rendered":"<div style='width: 100%; max-width: 1200px; margin: 0 auto; font-family: sans-serif; line-height: 1.6; color: inherit; background-color: transparent;'>\n<div style='display: flex; flex-wrap: wrap; gap: 30px; margin-bottom: 30px;'>\n<div style='flex: 1 1 300px; min-width: 280px;'>\n<h3 style='font-size: 22px; border-bottom: 2px solid currentColor; padding-bottom: 5px; margin-top: 0; color: inherit; opacity: 0.8;'>Descripci\u00f3n<\/h3>\n<p style='margin: 0 0 15px; color: inherit;'>Las barras de uni\u00f3n son el m\u00e9todo de empalme permitido&comma; cuando es imposible mantener un s\u00f3lo tramo continuo de conductor. Tambi\u00e9n es utilizado para la distribuci\u00f3n de las diferentes redes de tierra f\u00edsica en un edificio.<\/p>\n<p style='margin: 0 0 15px; color: inherit;'>Su funci\u00f3n es distribuir los hilos de tierra tanto de manera directa a los equipos a proteger o bien mediante la utilizaci\u00f3n de acopladores secundarios. Asegura la continuidad el\u00e9ctrica y la capacidad de conducir corriente.<\/p>\n<\/p><\/div>\n<\/p><\/div>\n<div style='display: flex; flex-wrap: wrap; gap: 20px; margin-bottom: 30px;'>\n<div style='flex: 1 1 250px; border: 1px solid rgba(150&comma; 150&comma; 150&comma; 0.4); border-radius: 8px; overflow: hidden; display: flex; flex-direction: column;'>\n<div style='padding: 15px; border-bottom: 1px solid rgba(150&comma; 150&comma; 150&comma; 0.2); font-weight: bold; font-size: 18px; color: inherit;'>Caracter\u00edsticas<\/div>\n<div style='padding: 15px; color: inherit;'>\n<ul style='padding-left: 20px; margin: 0; font-size: 14px; list-style-type: disc; color: inherit;'>\n<li style='margin-bottom: 5px; color: inherit;'>Facilitan la revisi\u00f3n y mantenimiento de sus conexiones.<\/li>\n<li style='margin-bottom: 5px; color: inherit;'>Listas para instalarse&comma; evitan ensamblar en campo o barrenar en sitio.<\/li>\n<li style='margin-bottom: 5px; color: inherit;'>Permite que la conexi\u00f3n sea segura&comma; duradera&comma; confiable y evita las uniones de cables con cinta aislante&comma; capuchones o termocontr\u00e1ctiles&comma; que no son seguros ni duraderos<\/li>\n<\/ul><\/div>\n<\/p><\/div>\n<div style='flex: 1 1 250px; border: 1px solid rgba(150&comma; 150&comma; 150&comma; 0.4); border-radius: 8px; overflow: hidden; display: flex; flex-direction: column;'>\n<div style='padding: 15px; border-bottom: 1px solid rgba(150&comma; 150&comma; 150&comma; 0.2); font-weight: bold; font-size: 18px; color: inherit;'>Especificaciones<\/div>\n<div style='padding: 15px; color: inherit;'>\n<ul style='padding-left: 20px; margin: 0; font-size: 14px; list-style-type: disc; color: inherit;'>\n<li style='margin-bottom: 5px; color: inherit;'><strong style='color: inherit;'>Capacidad M\u00e1xima:<\/strong> 1000 A<\/li>\n<li style='margin-bottom: 5px; color: inherit;'><strong style='color: inherit;'>Dimensiones de Placa:<\/strong> 20 x 5.08 x 0.64 cm<\/li>\n<\/ul><\/div>\n<\/p><\/div>\n<div style='flex: 1 1 250px; border: 1px solid rgba(150&comma; 150&comma; 150&comma; 0.4); border-radius: 8px; overflow: hidden; display: flex; flex-direction: column;'>\n<div style='padding: 15px; border-bottom: 1px solid rgba(150&comma; 150&comma; 150&comma; 0.2); font-weight: bold; font-size: 18px; color: inherit;'>Garant\u00eda<\/div>\n<div style='padding: 15px; color: inherit;'>\n<p style='margin: 0 0 15px; color: inherit;'>10 A\u00f1os de Garant\u00eda<\/p>\n<p> <img style='width: 100%; height: auto; border: 1px solid rgba(150&comma;150&comma;150&comma;0.3); border-radius: 8px;' src='https:\/\/ftp3.syscom.mx\/usuarios\/fotos\/TGBUERACK\/75932-garantia_10_a%C3%B1os.png' alt=''> <\/div>\n<\/p><\/div>\n<\/p><\/div>\n<div style='display: flex; flex-wrap: wrap; gap: 30px; margin-bottom: 30px;'>\n<div style='flex: 1 1 300px; min-width: 280px;'>\n<div style='padding: 15px; color: inherit;'> <img style='width: 100%; height: auto; border: 1px solid rgba(150&comma;150&comma;150&comma;0.3); border-radius: 8px;' src='http:\/\/ftp3.syscom.mx\/usuarios\/dcarreon\/LOGOS\/logo%20TG2.png' alt=''> <\/div>\n<\/p><\/div>\n<\/p><\/div>\n<\/p><\/div>\n","protected":false},"excerpt":{"rendered":"<p>Barra para Uni\u00f3n de Cobre Esta\u00f1ado, con Capacidad de 1000A, medidas 7-7\/8 x 2 x 1\/4 in. con Aisladores (Sin Gabinete)<\/p>\n","protected":false},"featured_media":41531,"comment_status":"open","ping_status":"closed","template":"","meta":[],"product_brand":[],"product_cat":[633],"product_tag":[634,605,635],"class_list":{"0":"post-41532","1":"product","2":"type-product","3":"status-publish","4":"has-post-thumbnail","6":"product_cat-accesorios-para-rack-gabinetes","7":"product_tag-accesorios-para-rack-gabinetes","8":"product_tag-racks-y-gabinetes","9":"product_tag-total-ground","11":"first","12":"outofstock","13":"sale","14":"shipping-taxable","15":"purchasable","16":"product-type-simple"},"_links":{"self":[{"href":"https:\/\/soydeaqui.ddns.net\/pachuca\/index.php\/wp-json\/wp\/v2\/product\/41532","targetHints":{"allow":["GET"]}}],"collection":[{"href":"https:\/\/soydeaqui.ddns.net\/pachuca\/index.php\/wp-json\/wp\/v2\/product"}],"about":[{"href":"https:\/\/soydeaqui.ddns.net\/pachuca\/index.php\/wp-json\/wp\/v2\/types\/product"}],"replies":[{"embeddable":true,"href":"https:\/\/soydeaqui.ddns.net\/pachuca\/index.php\/wp-json\/wp\/v2\/comments?post=41532"}],"wp:featuredmedia":[{"embeddable":true,"href":"https:\/\/soydeaqui.ddns.net\/pachuca\/index.php\/wp-json\/wp\/v2\/media\/41531"}],"wp:attachment":[{"href":"https:\/\/soydeaqui.ddns.net\/pachuca\/index.php\/wp-json\/wp\/v2\/media?parent=41532"}],"wp:term":[{"taxonomy":"product_brand","embeddable":true,"href":"https:\/\/soydeaqui.ddns.net\/pachuca\/index.php\/wp-json\/wp\/v2\/product_brand?post=41532"},{"taxonomy":"product_cat","embeddable":true,"href":"https:\/\/soydeaqui.ddns.net\/pachuca\/index.php\/wp-json\/wp\/v2\/product_cat?post=41532"},{"taxonomy":"product_tag","embeddable":true,"href":"https:\/\/soydeaqui.ddns.net\/pachuca\/index.php\/wp-json\/wp\/v2\/product_tag?post=41532"}],"curies":[{"name":"wp","href":"https:\/\/api.w.org\/{rel}","templated":true}]}}