{"id":41519,"date":"2026-03-18T18:17:17","date_gmt":"2026-03-18T18:17:17","guid":{"rendered":"https:\/\/soydeaqui.ddns.net\/pachuca\/index.php\/producto\/goggles-de-seguridad-con-mica-gris-con-resistencia-a-rayaduras-y-proteccion-uv\/"},"modified":"2026-03-18T18:17:23","modified_gmt":"2026-03-18T18:17:23","slug":"goggles-de-seguridad-con-mica-gris-con-resistencia-a-rayaduras-y-proteccion-uv","status":"publish","type":"product","link":"https:\/\/soydeaqui.ddns.net\/pachuca\/index.php\/producto\/goggles-de-seguridad-con-mica-gris-con-resistencia-a-rayaduras-y-proteccion-uv\/","title":{"rendered":"Goggles de Seguridad con Mica Gris, con Resistencia a Rayaduras y Protecci\u00f3n UV"},"content":{"rendered":"<div style='width: 100%; max-width: 1200px; margin: 0 auto; font-family: sans-serif; line-height: 1.6; color: inherit; background-color: transparent;'> <!-- Imagen principal --> <\/p>\n<div style='margin-bottom: 30px;'> <img style='width: 100%; height: auto; border: 1px solid rgba(150&comma;150&comma;150&comma;0.3); border-radius: 8px;' src='https:\/\/ftp3.syscom.mx\/usuarios\/fotos\/60480\/217944-captura_de_pantalla_2023-04-18_a_la(s)_8.50.20.png' alt=''> <\/div>\n<p> <!-- T\u00edtulo y descripci\u00f3n --> <\/p>\n<div style='margin-bottom: 30px;'>\n<h3 style='font-size: 24px; margin-top: 0; margin-bottom: 15px; color: inherit; opacity: 0.9;'>Goggles de Seguridad&comma; Mica Gris<\/h3>\n<p style='font-size: 14px; margin-bottom: 15px; color: inherit; opacity: 0.8;'><strong>Protecci\u00f3n ocular de gran calidad conforme est\u00e1ndares internacionales ANSI&comma; CSA y MIL-PRF.<\/strong><\/p>\n<p style='font-size: 14px; color: inherit; text-align: justify;'>Con un enfoque continuo en la innovaci\u00f3n&comma; Klein Tools ofrece goggles de seguridad para el lugar de trabajo&comma; dise\u00f1ados con protecci\u00f3n superior contra impactos y una variedad de mejoras de alta ingenier\u00eda para comodidad a largo plazo. Los materiales livianos y acolchados rodean las lentes \u00f3pticas de clase 1 de alta calidad probadas para una distorsi\u00f3n m\u00ednima&comma; lo que garantiza una visi\u00f3n sin compromisos. Cuatro rejillas de ventilaci\u00f3n ajustables se abren y cierran de forma independiente para ventilaci\u00f3n cruzada o para evitar la entrada de polvo y l\u00edquidos. Cuenta con revestimiento antiempa\u00f1ante&comma; resistencia a rayones y protecci\u00f3n UV que bloquea eficazmente el 99.9 % de los da\u00f1inos rayos UV-A&comma; UV-B y UV-C. Su dise\u00f1o al interior&comma; permite usar de forma c\u00f3moda la mayor\u00eda de los lentes graduados sin contratiempos.<\/p>\n<\/p><\/div>\n<p> <!-- Caracter\u00edsticas --> <\/p>\n<div style='margin-bottom: 30px;'>\n<h3 style='font-size: 20px; border-bottom: 2px solid currentColor; padding-bottom: 5px; margin-top: 0; margin-bottom: 15px; color: inherit; opacity: 0.8;'>Caracter\u00edsticas<\/h3>\n<ul style='padding-left: 20px; font-size: 14px; color: inherit; text-align: justify;'>\n<li style='margin-bottom: 10px;'><strong>Micas grises:<\/strong> para exteriores ofreciendo protecci\u00f3n contra el resplandor&comma; pero sin degradar el tono de los colores.<\/li>\n<li style='margin-bottom: 10px;'><strong>Protecci\u00f3n a impactos de alta velocidad:<\/strong> dise\u00f1o exclusivo y materiales acolchados y livianos que brinda gran comodidad al uso.<\/li>\n<li style='margin-bottom: 10px;'><strong>Micas con tratamiento:<\/strong> antiempa\u00f1ante&comma; antirayaduras y protecci\u00f3n contra rayos UV (A&comma; B y C).<\/li>\n<li style='margin-bottom: 10px;'><strong>4 paletas de ventilaci\u00f3n:<\/strong> que evitan el empa\u00f1amiento&comma; as\u00ed como el ingreso de polvo y l\u00edquidos.<\/li>\n<li style='margin-bottom: 10px;'><strong>Incluye bolsa de almacenamiento:<\/strong> de tela suave que tambi\u00e9n sirve para limpiar los lentes.<\/li>\n<li style='margin-bottom: 10px;'><strong>Dise\u00f1o OTG (Sobre los Lentes):<\/strong> se adapta a la MAYOR\u00cdA de los lentes graduados.<\/li>\n<\/ul><\/div>\n<p> <!-- Imagen secundaria --> <\/p>\n<div style='margin-bottom: 30px;'> <img style='width: 100%; height: auto; border: 1px solid rgba(150&comma;150&comma;150&comma;0.3); border-radius: 8px;' src='https:\/\/ftp3.syscom.mx\/usuarios\/fotos\/60480\/217944-60480_app4.jpg' alt=''> <\/div>\n<\/p><\/div>\n","protected":false},"excerpt":{"rendered":"<p>Goggles de Seguridad con Mica Gris, con Resistencia a Rayaduras y Protecci\u00f3n UV<\/p>\n","protected":false},"featured_media":41518,"comment_status":"open","ping_status":"closed","template":"","meta":[],"product_brand":[],"product_cat":[1133],"product_tag":[1058,432,1134],"class_list":{"0":"post-41519","1":"product","2":"type-product","3":"status-publish","4":"has-post-thumbnail","6":"product_cat-seguridad-personal","7":"product_tag-ferreteria","8":"product_tag-klein-tools","9":"product_tag-seguridad-personal","11":"first","12":"instock","13":"sale","14":"shipping-taxable","15":"purchasable","16":"product-type-simple"},"_links":{"self":[{"href":"https:\/\/soydeaqui.ddns.net\/pachuca\/index.php\/wp-json\/wp\/v2\/product\/41519","targetHints":{"allow":["GET"]}}],"collection":[{"href":"https:\/\/soydeaqui.ddns.net\/pachuca\/index.php\/wp-json\/wp\/v2\/product"}],"about":[{"href":"https:\/\/soydeaqui.ddns.net\/pachuca\/index.php\/wp-json\/wp\/v2\/types\/product"}],"replies":[{"embeddable":true,"href":"https:\/\/soydeaqui.ddns.net\/pachuca\/index.php\/wp-json\/wp\/v2\/comments?post=41519"}],"wp:featuredmedia":[{"embeddable":true,"href":"https:\/\/soydeaqui.ddns.net\/pachuca\/index.php\/wp-json\/wp\/v2\/media\/41518"}],"wp:attachment":[{"href":"https:\/\/soydeaqui.ddns.net\/pachuca\/index.php\/wp-json\/wp\/v2\/media?parent=41519"}],"wp:term":[{"taxonomy":"product_brand","embeddable":true,"href":"https:\/\/soydeaqui.ddns.net\/pachuca\/index.php\/wp-json\/wp\/v2\/product_brand?post=41519"},{"taxonomy":"product_cat","embeddable":true,"href":"https:\/\/soydeaqui.ddns.net\/pachuca\/index.php\/wp-json\/wp\/v2\/product_cat?post=41519"},{"taxonomy":"product_tag","embeddable":true,"href":"https:\/\/soydeaqui.ddns.net\/pachuca\/index.php\/wp-json\/wp\/v2\/product_tag?post=41519"}],"curies":[{"name":"wp","href":"https:\/\/api.w.org\/{rel}","templated":true}]}}