{"id":41510,"date":"2026-03-18T18:17:00","date_gmt":"2026-03-18T18:17:00","guid":{"rendered":"https:\/\/soydeaqui.ddns.net\/pachuca\/index.php\/producto\/escuadra-especial-de-12-pulgadas-con-bordes-de-45-y-90-y-regla-magnetica-ranura-en-v-para-diametro-de-tubo-conduit\/"},"modified":"2026-03-18T18:17:14","modified_gmt":"2026-03-18T18:17:14","slug":"escuadra-especial-de-12-pulgadas-con-bordes-de-45-y-90-y-regla-magnetica-ranura-en-v-para-diametro-de-tubo-conduit","status":"publish","type":"product","link":"https:\/\/soydeaqui.ddns.net\/pachuca\/index.php\/producto\/escuadra-especial-de-12-pulgadas-con-bordes-de-45-y-90-y-regla-magnetica-ranura-en-v-para-diametro-de-tubo-conduit\/","title":{"rendered":"Escuadra Especial de 12 Pulgadas, con Bordes de 45\u00b0 y 90\u00b0 y Regla Magn\u00e9tica. Ranura en V para Di\u00e1metro de Tubo Conduit"},"content":{"rendered":"<div style='width: 100%; max-width: 1200px; margin: 0 auto; font-family: sans-serif; line-height: 1.6; color: inherit; background-color: transparent;'>\n<div style='width: 100%;'> <img style='width: 100%; height: auto; border: 1px solid rgba(150&comma;150&comma;150&comma;0.3); border-radius: 8px;' src='https:\/\/ftp3.syscom.mx\/usuarios\/fotos\/935CSEL\/217939-captura_de_pantalla_2023-04-17_a_la(s)_12.12.38.png' alt=''> <\/div>\n<div style='margin-top: 30px;'>\n<p style='text-align: justify; font-size: 15px; color: inherit;'> Potentes imanes que sujetan firmemente la regla al riel de la escuadra y permiten ajustes sin inconvenientes para cualquier necesidad de marcado o dise\u00f1o. Utilice la plantilla integrada de dise\u00f1o de tubos conduit grabada en la regla de acero inoxidable para encontrar r\u00e1pidamente centros de sacabocados en segundos. <\/p>\n<\/p><\/div>\n<div style='margin-top: 30px;'>\n<h3 style='font-size: 22px; border-bottom: 2px solid currentColor; padding-bottom: 5px; margin-top: 0; color: inherit; opacity: 0.8;'>Caracter\u00edsticas<\/h3>\n<ul style='padding-left: 20px; font-size: 15px; color: inherit; list-style-type: disc;'>\n<li style='margin-bottom: 10px; margin-left: 15px; color: inherit;'><strong>Cuerpo:<\/strong> Aluminio duradero y liviano con bordes de 45\u00b0 y 90\u00b0 maquinados a precisi\u00f3n que pueden ajustar una sierra ingletadora o sierra de mesa al \u00e1ngulo perfecto<\/li>\n<li style='margin-bottom: 10px; margin-left: 15px; color: inherit;'><strong>Regla:<\/strong> Ofrece mediciones en incrementos de 1\/8&#8242; y 1\/16&#8242; en un extremo&comma; y tabla de medidas de paneles el\u00e9ctricos&comma; as\u00ed como plantillas de dise\u00f1o de tubos conduit en el otro extremo para m\u00e1s versatilidad al momento de realizar diferentes trabajos<\/li>\n<li style='margin-bottom: 10px; margin-left: 15px; color: inherit;'><strong>Resistencia:<\/strong> Marcas grabadas a profundidad en la regla de acero inoxidable resistente a la corrosi\u00f3n de 12&#8242; que evitan que las letras se borren<\/li>\n<li style='margin-bottom: 10px; margin-left: 15px; color: inherit;'><strong>Ranura en V:<\/strong> Permite revisar el di\u00e1metro de tubos Conduit<\/li>\n<li style='margin-bottom: 10px; margin-left: 15px; color: inherit;'><strong>Punz\u00f3n:<\/strong> De acero inoxidable para el marcado de medidas<\/li>\n<li style='margin-bottom: 10px; margin-left: 15px; color: inherit;'><strong>Plantilla:<\/strong> De 3 pasos para el dise\u00f1o de conductos sobre el panel el\u00e9ctrico<\/li>\n<\/ul><\/div>\n<div style='display: flex; flex-wrap: wrap; gap: 20px; margin-top: 30px; justify-content: center;'>\n<div style='flex: 1 1 300px; min-width: 200px; max-width: 300px;'> <img style='width: 100%; height: auto; border: 1px solid rgba(150&comma;150&comma;150&comma;0.3); border-radius: 8px;' src='https:\/\/www.kleintools.com\/sites\/default\/files\/product-assets\/icons\/klein\/wf_magnetic.jpg' alt='wf_magnetic Product Icon'> <\/div>\n<div style='flex: 1 1 300px; min-width: 280px;'> <img style='width: 100%; height: auto; border: 1px solid rgba(150&comma;150&comma;150&comma;0.3); border-radius: 8px;' src='https:\/\/ftp3.syscom.mx\/usuarios\/fotos\/935CSEL\/217939-935csel_app10.jpg' alt=''> <\/div>\n<\/p><\/div>\n<div style='margin-top: 30px;'>\n<div style='position: relative; padding-bottom: 56.25%; height: 0; overflow: hidden;'>   <\/div>\n<\/p><\/div>\n<\/p><\/div>\n","protected":false},"excerpt":{"rendered":"<p>Escuadra Especial de 12 Pulgadas, con Bordes de 45\u00b0 y 90\u00b0 y Regla Magn\u00e9tica. Ranura en V para Di\u00e1metro de Tubo Conduit<\/p>\n","protected":false},"featured_media":41509,"comment_status":"open","ping_status":"closed","template":"","meta":[],"product_brand":[],"product_cat":[1138],"product_tag":[1058,1139,432],"class_list":{"0":"post-41510","1":"product","2":"type-product","3":"status-publish","4":"has-post-thumbnail","6":"product_cat-herramientas-mecanicas","7":"product_tag-ferreteria","8":"product_tag-herramientas-mecanicas","9":"product_tag-klein-tools","11":"first","12":"instock","13":"sale","14":"shipping-taxable","15":"purchasable","16":"product-type-simple"},"_links":{"self":[{"href":"https:\/\/soydeaqui.ddns.net\/pachuca\/index.php\/wp-json\/wp\/v2\/product\/41510","targetHints":{"allow":["GET"]}}],"collection":[{"href":"https:\/\/soydeaqui.ddns.net\/pachuca\/index.php\/wp-json\/wp\/v2\/product"}],"about":[{"href":"https:\/\/soydeaqui.ddns.net\/pachuca\/index.php\/wp-json\/wp\/v2\/types\/product"}],"replies":[{"embeddable":true,"href":"https:\/\/soydeaqui.ddns.net\/pachuca\/index.php\/wp-json\/wp\/v2\/comments?post=41510"}],"wp:featuredmedia":[{"embeddable":true,"href":"https:\/\/soydeaqui.ddns.net\/pachuca\/index.php\/wp-json\/wp\/v2\/media\/41509"}],"wp:attachment":[{"href":"https:\/\/soydeaqui.ddns.net\/pachuca\/index.php\/wp-json\/wp\/v2\/media?parent=41510"}],"wp:term":[{"taxonomy":"product_brand","embeddable":true,"href":"https:\/\/soydeaqui.ddns.net\/pachuca\/index.php\/wp-json\/wp\/v2\/product_brand?post=41510"},{"taxonomy":"product_cat","embeddable":true,"href":"https:\/\/soydeaqui.ddns.net\/pachuca\/index.php\/wp-json\/wp\/v2\/product_cat?post=41510"},{"taxonomy":"product_tag","embeddable":true,"href":"https:\/\/soydeaqui.ddns.net\/pachuca\/index.php\/wp-json\/wp\/v2\/product_tag?post=41510"}],"curies":[{"name":"wp","href":"https:\/\/api.w.org\/{rel}","templated":true}]}}