{"id":41458,"date":"2026-03-18T18:15:34","date_gmt":"2026-03-18T18:15:34","guid":{"rendered":"https:\/\/soydeaqui.ddns.net\/pachuca\/index.php\/producto\/controlador-solar-inteligenete-hasta-8a-entrada-panel-12-24-vcc-400w-bateria-plomo-acido-y-litio\/"},"modified":"2026-03-18T18:15:36","modified_gmt":"2026-03-18T18:15:36","slug":"controlador-solar-inteligenete-hasta-8a-entrada-panel-12-24-vcc-400w-bateria-plomo-acido-y-litio","status":"publish","type":"product","link":"https:\/\/soydeaqui.ddns.net\/pachuca\/index.php\/producto\/controlador-solar-inteligenete-hasta-8a-entrada-panel-12-24-vcc-400w-bateria-plomo-acido-y-litio\/","title":{"rendered":"Controlador Solar Inteligenete hasta 8A \/ Entrada Panel 12\/24 Vcc 400W \/ Bater\u00eda Plomo-\u00e1cido y Litio."},"content":{"rendered":"<div style='width: 100%; max-width: 1200px; margin: 0 auto; font-family: sans-serif; line-height: 1.6; color: inherit; background-color: transparent;'> <!-- Imagen principal --> <\/p>\n<div style='width: 100%; margin: 20px 0;'> <img style='width: 100%; height: auto; border: 1px solid rgba(150&comma;150&comma;150&comma;0.3); border-radius: 8px;' src='https:\/\/ftp3.syscom.mx\/usuarios\/fotos\/WIPS301UPS\/217493-image_(55).png' alt='Controlador Solar WI-PS301-UPS'> <\/div>\n<p> <!-- Secci\u00f3n de caracter\u00edsticas --> <\/p>\n<div style='display: flex; flex-wrap: wrap; gap: 30px; margin-bottom: 30px;'>\n<div style='flex: 1 1 300px; min-width: 280px;'>\n<h3 style='font-size: 22px; border-bottom: 2px solid currentColor; padding-bottom: 5px; margin-top: 0; color: inherit; opacity: 0.8;'>Caracteristicas del controlador Solar Industrial<\/h3>\n<div style='width: 100%; margin: 20px 0;'> <img style='width: 100%; height: auto; border: 1px solid rgba(150&comma;150&comma;150&comma;0.3); border-radius: 8px;' src='https:\/\/ftp3.syscom.mx\/usuarios\/fotos\/WIPS301UPS\/217493-image_(56).png' alt='Caracter\u00edsticas del controlador'> <\/div>\n<\/p><\/div>\n<div style='flex: 1 1 300px; min-width: 280px;'>\n<h3 style='font-size: 22px; border-bottom: 2px solid currentColor; padding-bottom: 5px; margin-top: 0; color: inherit; opacity: 0.8;'>F\u00e1cil instalaci\u00f3n (Plug and Play)<\/h3>\n<div style='width: 100%; margin: 20px 0;'> <img style='width: 100%; height: auto; border: 1px solid rgba(150&comma;150&comma;150&comma;0.3); border-radius: 8px;' src='https:\/\/ftp3.syscom.mx\/usuarios\/fotos\/WIPS301UPS\/217493-image_(58).png' alt='Instalaci\u00f3n Plug and Play'> <\/div>\n<\/p><\/div>\n<div style='flex: 1 1 300px; min-width: 280px;'>\n<h3 style='font-size: 22px; border-bottom: 2px solid currentColor; padding-bottom: 5px; margin-top: 0; color: inherit; opacity: 0.8;'>Dise\u00f1o pr\u00e1ctico y peque\u00f1o<\/h3>\n<div style='width: 100%; margin: 20px 0;'> <img style='width: 100%; height: auto; border: 1px solid rgba(150&comma;150&comma;150&comma;0.3); border-radius: 8px;' src='https:\/\/ftp3.syscom.mx\/usuarios\/fotos\/WIPS301UPS\/217493-image_(57).png' alt='Dise\u00f1o pr\u00e1ctico y peque\u00f1o'> <\/div>\n<\/p><\/div>\n<\/p><\/div>\n<p> <!-- Separador --> <\/p>\n<hr style='border: 0; border-top: 1px solid rgba(150&comma; 150&comma; 150&comma; 0.3); margin: 30px 0;'> <!-- Especificaciones --> <\/p>\n<div style='display: flex; flex-wrap: wrap; gap: 20px; margin-bottom: 30px;'>\n<div style='flex: 1 1 250px; border: 1px solid rgba(150&comma; 150&comma; 150&comma; 0.4); border-radius: 8px; overflow: hidden; display: flex; flex-direction: column;'>\n<div style='padding: 15px; border-bottom: 1px solid rgba(150&comma; 150&comma; 150&comma; 0.2); font-weight: bold; font-size: 18px; color: inherit;'>Especificaciones<\/div>\n<div style='padding: 15px; color: inherit;'>\n<ul style='padding-left: 20px; margin: 0; font-size: 14px; list-style-type: disc;'>\n<li style='margin-bottom: 5px;'><strong>Dimensiones:<\/strong> 120 x 107 x 30 mm<\/li>\n<li style='margin-bottom: 5px;'><strong>Terminales:<\/strong> (2) Entradas solares&comma; (1) Entrada de bater\u00eda&comma; (2) Entradas Vcc&comma; (1) Sensor de temperatura<\/li>\n<li style='margin-bottom: 5px;'><strong>Corriente de carga M\u00e1x:<\/strong> 8A<\/li>\n<li style='margin-bottom: 5px;'><strong>Entrada Panel Solar:<\/strong> 12 Vcc \/ 24 Vcc 400W (voltaje circuito abierto 18 Vcc hasta 32 Vcc)<\/li>\n<li style='margin-bottom: 5px;'><strong>Tipo de Bater\u00eda:<\/strong> 12 Vcc Plomo-\u00e1cido&comma; 12.6 Vcc\/ 14.8 Vcc Litio<\/li>\n<li style='margin-bottom: 5px;'><strong>Corriente de Salida:<\/strong> 12 Vcc\/ 5A M\u00e1x \u00f3 24 Vcc \/ 3A M\u00e1x (seleccionable v\u00eda DIP Switch)<\/li>\n<\/ul><\/div>\n<\/p><\/div>\n<div style='flex: 1 1 250px; border: 1px solid rgba(150&comma; 150&comma; 150&comma; 0.4); border-radius: 8px; overflow: hidden; display: flex; flex-direction: column;'>\n<div style='padding: 15px; border-bottom: 1px solid rgba(150&comma; 150&comma; 150&comma; 0.2); font-weight: bold; font-size: 18px; color: inherit;'>Indicadores LED<\/div>\n<div style='padding: 15px; color: inherit;'>\n<ul style='padding-left: 20px; margin: 0; font-size: 14px; list-style-type: disc;'>\n<li style='margin-bottom: 5px;'>Sun: Entrada Solar<\/li>\n<li style='margin-bottom: 5px;'>BT: Estatus de Bater\u00eda<\/li>\n<li style='margin-bottom: 5px;'>Bin: Carga de la Bater\u00eda<\/li>\n<li style='margin-bottom: 5px;'>Bout: Descarga de la Bater\u00eda<\/li>\n<li style='margin-bottom: 5px;'>25%-100%: Porcentaje de corriente de la Bater\u00eda<\/li>\n<li style='margin-bottom: 5px;'>DGA: Porcentaje de corriente de carga<\/li>\n<\/ul><\/div>\n<\/p><\/div>\n<div style='flex: 1 1 250px; border: 1px solid rgba(150&comma; 150&comma; 150&comma; 0.4); border-radius: 8px; overflow: hidden; display: flex; flex-direction: column;'>\n<div style='padding: 15px; border-bottom: 1px solid rgba(150&comma; 150&comma; 150&comma; 0.2); font-weight: bold; font-size: 18px; color: inherit;'>DIP Switch<\/div>\n<div style='padding: 15px; color: inherit;'>\n<ul style='padding-left: 20px; margin: 0; font-size: 14px; list-style-type: disc;'>\n<li style='margin-bottom: 5px;'>PW: Power<br \/>Hacia la izq: Controlador solar encendido<br \/>Hacia la der: Controlador solar apagado<\/li>\n<li style='margin-bottom: 5px;'>24 Vcc:<br \/>Hacia la izq: Las terminales VO tienen salida 24 Vcc \/ 3 A M\u00e1x<br \/>Hacia la der: Las terminales VO tienen salida 12 Vcc \/ 5 A M\u00e1x<\/li>\n<li style='margin-bottom: 5px;'>VI:<br \/>Hacia la izq: Entrada Vcc<br \/>Hacia la der: Entrada Solar<\/li>\n<li style='margin-bottom: 5px;'>LB: Bater\u00eda de Litio<br \/>Hacia la izq: 14.8 Vcc 100Ah&comma; carga m\u00e1x 8A<br \/>Hacia la der: 12.6 Vcc 100Ah&comma; carga m\u00e1x 8A<\/li>\n<li style='margin-bottom: 5px;'>BM:<br \/>Hacia la izq: Bater\u00eda de Litio&comma; carga m\u00e1x 8A<br \/>Hacia la der: Bater\u00eda de Plomo-\u00e1cido&comma; carga max 8A<\/li>\n<\/ul><\/div>\n<\/p><\/div>\n<div style='flex: 1 1 250px; border: 1px solid rgba(150&comma; 150&comma; 150&comma; 0.4); border-radius: 8px; overflow: hidden; display: flex; flex-direction: column;'>\n<div style='padding: 15px; border-bottom: 1px solid rgba(150&comma; 150&comma; 150&comma; 0.2); font-weight: bold; font-size: 18px; color: inherit;'>Caracter\u00edsticas<\/div>\n<div style='padding: 15px; color: inherit;'>\n<ul style='padding-left: 20px; margin: 0; font-size: 14px; list-style-type: disc;'>\n<li style='margin-bottom: 5px;'><strong>Nivel de protecci\u00f3n:<\/strong> Protecci\u00f3n contra sobrecargas 6kV<\/li>\n<li style='margin-bottom: 5px;'><strong>Instalaci\u00f3n:<\/strong> Escritorio&comma; Montaje en pared&comma; Riel DIN<\/li>\n<li style='margin-bottom: 5px;'><strong>Certificaciones:<\/strong> CE&comma; FCC&comma; RoHS&comma; UKCA&comma; RCM<\/li>\n<li style='margin-bottom: 5px;'><strong>Temperatura de operaci\u00f3n:<\/strong> -20 hasta 70\u00b0 C<\/li>\n<\/ul><\/div>\n<\/p><\/div>\n<div style='flex: 1 1 250px; border: 1px solid rgba(150&comma; 150&comma; 150&comma; 0.4); border-radius: 8px; overflow: hidden; display: flex; flex-direction: column;'>\n<div style='padding: 15px; border-bottom: 1px solid rgba(150&comma; 150&comma; 150&comma; 0.2); font-weight: bold; font-size: 18px; color: inherit;'>Otros<\/div>\n<div style='padding: 15px; color: inherit;'>\n<ul style='padding-left: 20px; margin: 0; font-size: 14px; list-style-type: disc;'>\n<li style='margin-bottom: 5px;'><strong>Contenido del Paquete:<\/strong> Controlador Solar WI-PS301-UPS&comma; Gu\u00eda de Usuario\/Garant\u00eda<\/li>\n<\/ul><\/div>\n<\/p><\/div>\n<\/p><\/div>\n<\/p><\/div>\n","protected":false},"excerpt":{"rendered":"<p>Controlador Solar Inteligenete hasta 8A \/ Entrada Panel 12\/24 Vcc 400W \/ Bater\u00eda Plomo-\u00e1cido y Litio.<\/p>\n","protected":false},"featured_media":41457,"comment_status":"open","ping_status":"closed","template":"","meta":[],"product_brand":[],"product_cat":[1260],"product_tag":[1261,664,1262],"class_list":{"0":"post-41458","1":"product","2":"type-product","3":"status-publish","4":"has-post-thumbnail","6":"product_cat-inyectores-poe","7":"product_tag-inyectores-poe","8":"product_tag-networking","9":"product_tag-wi-tek","11":"first","12":"instock","13":"sale","14":"shipping-taxable","15":"purchasable","16":"product-type-simple"},"_links":{"self":[{"href":"https:\/\/soydeaqui.ddns.net\/pachuca\/index.php\/wp-json\/wp\/v2\/product\/41458","targetHints":{"allow":["GET"]}}],"collection":[{"href":"https:\/\/soydeaqui.ddns.net\/pachuca\/index.php\/wp-json\/wp\/v2\/product"}],"about":[{"href":"https:\/\/soydeaqui.ddns.net\/pachuca\/index.php\/wp-json\/wp\/v2\/types\/product"}],"replies":[{"embeddable":true,"href":"https:\/\/soydeaqui.ddns.net\/pachuca\/index.php\/wp-json\/wp\/v2\/comments?post=41458"}],"wp:featuredmedia":[{"embeddable":true,"href":"https:\/\/soydeaqui.ddns.net\/pachuca\/index.php\/wp-json\/wp\/v2\/media\/41457"}],"wp:attachment":[{"href":"https:\/\/soydeaqui.ddns.net\/pachuca\/index.php\/wp-json\/wp\/v2\/media?parent=41458"}],"wp:term":[{"taxonomy":"product_brand","embeddable":true,"href":"https:\/\/soydeaqui.ddns.net\/pachuca\/index.php\/wp-json\/wp\/v2\/product_brand?post=41458"},{"taxonomy":"product_cat","embeddable":true,"href":"https:\/\/soydeaqui.ddns.net\/pachuca\/index.php\/wp-json\/wp\/v2\/product_cat?post=41458"},{"taxonomy":"product_tag","embeddable":true,"href":"https:\/\/soydeaqui.ddns.net\/pachuca\/index.php\/wp-json\/wp\/v2\/product_tag?post=41458"}],"curies":[{"name":"wp","href":"https:\/\/api.w.org\/{rel}","templated":true}]}}