{"id":41447,"date":"2026-03-18T18:15:15","date_gmt":"2026-03-18T18:15:15","guid":{"rendered":"https:\/\/soydeaqui.ddns.net\/pachuca\/index.php\/producto\/microinversor-500-w-220-vca-para-interconexion-a-red-electrica-ip67-conexion-para-cable-troncal-soporta-oversizing-a-1-modulo-de-hasta-670-w\/"},"modified":"2026-03-18T18:15:25","modified_gmt":"2026-03-18T18:15:25","slug":"microinversor-500-w-220-vca-para-interconexion-a-red-electrica-ip67-conexion-para-cable-troncal-soporta-oversizing-a-1-modulo-de-hasta-670-w","status":"publish","type":"product","link":"https:\/\/soydeaqui.ddns.net\/pachuca\/index.php\/producto\/microinversor-500-w-220-vca-para-interconexion-a-red-electrica-ip67-conexion-para-cable-troncal-soporta-oversizing-a-1-modulo-de-hasta-670-w\/","title":{"rendered":"Microinversor 500 W, 220 Vca, para Interconexi\u00f3n a Red El\u00e9ctrica, IP67, Conexi\u00f3n para Cable Troncal, Soporta Oversizing a 1 M\u00f3dulo de hasta 670 W"},"content":{"rendered":"<div style='width: 100%; max-width: 1200px; margin: 0 auto; font-family: sans-serif; line-height: 1.6; color: inherit; background-color: transparent;'>\n<div style='display: flex; flex-direction: column; gap: 20px;'>\n<div style='text-align: center;'>\n<h1 style='font-size: 36px; font-weight: bold; margin: 0;'>Microinversores<\/h1>\n<\/p><\/div>\n<p style='text-align: center; font-size: 15px;'>Cuando se trata de energ\u00eda solar&comma; los paneles son solo una parte importante. Los inversores convierten la energ\u00eda natural en electricidad segura y utilizable. No obstante&comma; solo los microinversores le ofrecen el m\u00e1ximo nivel de eficiencia&comma; precisi\u00f3n y rendimiento.<\/p>\n<p style='text-align: center; font-size: 15px;'>Con Hoymiles&comma; usted obtendr\u00e1 microinversores l\u00edderes en la industria con las tasas de falla m\u00e1s bajas y componentes de primera calidad. Maximice su rendimiento&comma; elimine el desperdicio de electricidad y acelere su transici\u00f3n hacia la energ\u00eda libre.<\/p>\n<p> <!-- Im\u00e1genes --> <\/p>\n<div style='display: grid; grid-template-columns: repeat(auto-fit&comma; minmax(280px&comma; 1fr)); gap: 30px;'>\n<div style='display: flex; flex-direction: column; align-items: center; gap: 10px;'> <img style='width: 100%; height: auto; border: 1px solid rgba(150&comma;150&comma;150&comma;0.3); border-radius: 8px;' src='https:\/\/ftp3.syscom.mx\/usuarios\/mchaparro\/HOYMILES\/SINGLE1.png' alt='Monitoreo y administraci\u00f3n'> <\/p>\n<p style='text-align: center; font-size: 15px;'>Monitoreo y administraci\u00f3n via app o PC por medio del <span style='color: #17a2b8; font-weight: 600;'>DTUPROS<\/span><\/p>\n<\/p><\/div>\n<div style='display: flex; flex-direction: column; align-items: center; gap: 10px;'> <img style='width: 100%; height: auto; border: 1px solid rgba(150&comma;150&comma;150&comma;0.3); border-radius: 8px;' src='https:\/\/ftp3.syscom.mx\/usuarios\/mchaparro\/HOYMILES\/SINGLE2.png' alt='IP67'> <\/p>\n<p style='text-align: center; font-size: 15px;'>IP67 Ideal para instalar a la interperie debajo del mismo montaje de los m\u00f3dulos.<\/p>\n<\/p><\/div>\n<div style='display: flex; flex-direction: column; align-items: center; gap: 10px;'> <img style='width: 100%; height: auto; border: 1px solid rgba(150&comma;150&comma;150&comma;0.3); border-radius: 8px;' src='https:\/\/ftp3.syscom.mx\/usuarios\/mchaparro\/HOYMILES\/SINGLE3.png' alt='Plataforma de monitoreo'> <\/p>\n<p style='text-align: center; font-size: 15px;'>Plataforma de monitoreo por medio de <span style='color: #17a2b8; font-size: 14px; font-weight: 600;'>DTUPROS<\/span> con gr\u00e1ficas de generaci\u00f3n diaria.<\/p>\n<\/p><\/div>\n<\/p><\/div>\n<p style='text-align: center; font-size: 14px; color: #333333;'>**NOTA: No incluye el DTU para monitoreo DTUPROS<\/p>\n<p> <!-- Especificaciones --> <\/p>\n<div style='display: flex; flex-wrap: wrap; gap: 20px; margin: 30px 0;'>\n<div style='flex: 1 1 300px; min-width: 280px;'>\n<h3 style='font-size: 22px; border-bottom: 2px solid currentColor; padding-bottom: 5px; margin-top: 0; color: inherit; opacity: 0.8;'>Especificaciones<\/h3>\n<ul style='padding-left: 20px; font-size: 15px; color: inherit;'>\n<li style='margin-bottom: 5px;'><strong>Datos de entrada de Corriente Directa (CD)<\/strong><\/li>\n<li style='margin-bottom: 5px;'><strong>Potencia M\u00e1xima Fotovoltaica:<\/strong> 1 x 670 W<\/li>\n<li style='margin-bottom: 5px;'><strong>Voltaje M\u00e1ximo de entrada (Voc):<\/strong> 60 Vcc<\/li>\n<li style='margin-bottom: 5px;'><strong>Corriente m\u00e1xima de corriente directa:<\/strong> 1 x 16 A<\/li>\n<li style='margin-bottom: 5px;'><strong>Parametros de Salida de Corriente Alterna (CA)<\/strong><\/li>\n<li style='margin-bottom: 5px;'><strong>Potencia m\u00e1xima de salida:<\/strong> 500 W<\/li>\n<li style='margin-bottom: 5px;'><strong>Voltaje nominal de salida CA:<\/strong> 220 Vca<\/li>\n<li style='margin-bottom: 5px;'><strong>Corriente m\u00e1xima CA:<\/strong> 2.17 A<\/li>\n<li style='margin-bottom: 5px;'><strong>Datos Generales<\/strong><\/li>\n<li style='margin-bottom: 5px;'><strong>Eficiencia m\u00e1xima:<\/strong> 99.8 %<\/li>\n<li style='margin-bottom: 5px;'><strong>Frecuencia nominal\/rangos:<\/strong> 45 &#8211; 55 Hz<\/li>\n<li style='margin-bottom: 5px;'><strong>Dimensiones:<\/strong> 182 x 164 x 30 mm<\/li>\n<li style='margin-bottom: 5px;'><strong>Peso:<\/strong> 1.75 Kg<\/li>\n<li style='margin-bottom: 5px;'><strong>N\u00famero de unidades por ramal:<\/strong> 14 Microinversores<\/li>\n<li style='margin-bottom: 5px;'><strong>Certificados:<\/strong> UL1741&comma; IEEE1547<\/li>\n<\/ul><\/div>\n<div style='flex: 1 1 300px; min-width: 280px;'>\n<h3 style='font-size: 22px; border-bottom: 2px solid currentColor; padding-bottom: 5px; margin-top: 0; color: inherit; opacity: 0.8;'>Microinversores HOYMILES<\/h3>\n<ul style='padding-left: 20px; font-size: 15px; color: inherit;'>\n<li style='margin-bottom: 5px;'>Se encargan de convertir la corriente generada por los m\u00f3dulos solares (CD) en corriente alterna (CA) para entregarla a nuestro sistema de red el\u00e9ctrica.<\/li>\n<li style='margin-bottom: 5px;'>Dual MPPT<\/li>\n<li style='margin-bottom: 5px;'>Disipador de calor aluminio<\/li>\n<li style='margin-bottom: 5px;'>1 pares de conectores MC4.<\/li>\n<li style='margin-bottom: 5px;'>Instalaci\u00f3n en zonas reducidas o dif\u00edciles<\/li>\n<li style='margin-bottom: 5px;'>Escalable<\/li>\n<li style='margin-bottom: 5px;'>Super ligero.<\/li>\n<\/ul><\/div>\n<div style='flex: 1 1 300px; min-width: 280px;'>\n<h3 style='font-size: 22px; border-bottom: 2px solid currentColor; padding-bottom: 5px; margin-top: 0; color: inherit; opacity: 0.8;'>Microinversor HMS-500-1T<\/h3>\n<ul style='padding-left: 20px; font-size: 15px; color: inherit;'>\n<li style='margin-bottom: 5px;'>El Microinversor Hoymiles es el primer microinversor del mundo en 220 Vca para 1 modulo de 670 W con MPPT duales que nos ofrecen:<\/li>\n<li style='margin-bottom: 5px;'>Bajo costo de inversi\u00f3n<\/li>\n<li style='margin-bottom: 5px;'>Conexi\u00f3n y generaci\u00f3n de paneles independiente<\/li>\n<li style='margin-bottom: 5px;'>Encendido ultrarr\u00e1pido<\/li>\n<li style='margin-bottom: 5px;'>Notificaciones en tiempo real.<\/li>\n<li style='margin-bottom: 5px;'>Monitoreo de rendimiento de forma remota con DTU<\/li>\n<\/ul><\/div>\n<div style='flex: 1 1 300px; min-width: 280px;'>\n<h3 style='font-size: 22px; border-bottom: 2px solid currentColor; padding-bottom: 5px; margin-top: 0; color: inherit; opacity: 0.8;'>M\u00e1s Potencia<\/h3>\n<ul style='padding-left: 20px; font-size: 15px; color: inherit;'>\n<li style='margin-bottom: 5px;'>Los microinversores se montan sobre la misma estructura de los m\u00f3dulos y las conexiones de los m\u00f3dulos son por medio de sus propios conectores&comma; por lo que hace una instalaci\u00f3n realmente sencilla.<\/li>\n<li style='margin-bottom: 5px;'>Alta eficiencia&comma; excelente beneficio<\/li>\n<li style='margin-bottom: 5px;'>M\u00e1xima eficiencia de conversi\u00f3n&comma; hasta 96%<\/li>\n<li style='margin-bottom: 5px;'>Aproveche al m\u00e1ximo la potencia del sol con tecnolog\u00eda MPPT<\/li>\n<\/ul><\/div>\n<\/p><\/div>\n<\/p><\/div>\n<\/p><\/div>\n","protected":false},"excerpt":{"rendered":"<p>Microinversor 500 W, 220 Vca, para Interconexi\u00f3n a Red El\u00e9ctrica, IP67, Conexi\u00f3n para Cable Troncal, Soporta Oversizing a 1 M\u00f3dulo de hasta 670 W<\/p>\n","protected":false},"featured_media":41446,"comment_status":"open","ping_status":"closed","template":"","meta":[],"product_brand":[],"product_cat":[1092],"product_tag":[964,1094,1093],"class_list":{"0":"post-41447","1":"product","2":"type-product","3":"status-publish","4":"has-post-thumbnail","6":"product_cat-inversores-interconexion-on-grid","7":"product_tag-energia-solar","8":"product_tag-hoymiles","9":"product_tag-inversores-interconexion-on-grid","11":"first","12":"instock","13":"sale","14":"shipping-taxable","15":"purchasable","16":"product-type-simple"},"_links":{"self":[{"href":"https:\/\/soydeaqui.ddns.net\/pachuca\/index.php\/wp-json\/wp\/v2\/product\/41447","targetHints":{"allow":["GET"]}}],"collection":[{"href":"https:\/\/soydeaqui.ddns.net\/pachuca\/index.php\/wp-json\/wp\/v2\/product"}],"about":[{"href":"https:\/\/soydeaqui.ddns.net\/pachuca\/index.php\/wp-json\/wp\/v2\/types\/product"}],"replies":[{"embeddable":true,"href":"https:\/\/soydeaqui.ddns.net\/pachuca\/index.php\/wp-json\/wp\/v2\/comments?post=41447"}],"wp:featuredmedia":[{"embeddable":true,"href":"https:\/\/soydeaqui.ddns.net\/pachuca\/index.php\/wp-json\/wp\/v2\/media\/41446"}],"wp:attachment":[{"href":"https:\/\/soydeaqui.ddns.net\/pachuca\/index.php\/wp-json\/wp\/v2\/media?parent=41447"}],"wp:term":[{"taxonomy":"product_brand","embeddable":true,"href":"https:\/\/soydeaqui.ddns.net\/pachuca\/index.php\/wp-json\/wp\/v2\/product_brand?post=41447"},{"taxonomy":"product_cat","embeddable":true,"href":"https:\/\/soydeaqui.ddns.net\/pachuca\/index.php\/wp-json\/wp\/v2\/product_cat?post=41447"},{"taxonomy":"product_tag","embeddable":true,"href":"https:\/\/soydeaqui.ddns.net\/pachuca\/index.php\/wp-json\/wp\/v2\/product_tag?post=41447"}],"curies":[{"name":"wp","href":"https:\/\/api.w.org\/{rel}","templated":true}]}}