{"id":41445,"date":"2026-03-18T18:15:13","date_gmt":"2026-03-18T18:15:13","guid":{"rendered":"https:\/\/soydeaqui.ddns.net\/pachuca\/index.php\/producto\/kit-solar-para-interconexion-de-1-1-kw-de-potencia-pico-220vcc-con-microinversor-1kw-y-2-modulos-de-550-w-incluye-montaje\/"},"modified":"2026-03-18T18:15:13","modified_gmt":"2026-03-18T18:15:13","slug":"kit-solar-para-interconexion-de-1-1-kw-de-potencia-pico-220vcc-con-microinversor-1kw-y-2-modulos-de-550-w-incluye-montaje","status":"publish","type":"product","link":"https:\/\/soydeaqui.ddns.net\/pachuca\/index.php\/producto\/kit-solar-para-interconexion-de-1-1-kw-de-potencia-pico-220vcc-con-microinversor-1kw-y-2-modulos-de-550-w-incluye-montaje\/","title":{"rendered":"Kit Solar para Interconexi\u00f3n de 1.1 KW de Potencia Pico 220Vcc con Microinversor 1KW y 2 M\u00f3dulos de 550 W (Incluye Montaje )"},"content":{"rendered":"<div style='width: 100%; max-width: 1200px; margin: 0 auto; font-family: sans-serif; line-height: 1.6; color: inherit; background-color: transparent;'>\n<div style='margin-bottom: 30px;'>\n<p style='margin-top: 0; color: inherit;'>Kit Solar para Interconexi\u00f3n de 1000W de potencia 220Vcc con Microinversor y M\u00f3dulos Monocristalinos.<\/p>\n<p style='color: inherit;'>El kit incluye:<\/p>\n<\/p><\/div>\n<div style='display: flex; flex-wrap: wrap; gap: 30px; margin-bottom: 30px;'>\n<div style='flex: 1 1 300px; min-width: 280px;'>\n<div style='border: 1px solid rgba(150&comma; 150&comma; 150&comma; 0.4); border-radius: 8px; overflow: hidden;'>\n<div style='padding: 15px; border-bottom: 1px solid rgba(150&comma; 150&comma; 150&comma; 0.2); font-weight: bold; font-size: 18px; color: inherit;'>Componentes del Kit<\/div>\n<div style='padding: 15px; color: inherit;'>\n<table style='width: 100%; border-collapse: collapse;'>\n<thead>\n<tr style='background-color: rgba(0&comma; 0&comma; 0&comma; 0.05);'>\n<th style='padding: 8px; border-bottom: 2px solid rgba(150&comma; 150&comma; 150&comma; 0.4); text-align: left; font-weight: bold; color: inherit;'>Cantidad<\/th>\n<th style='padding: 8px; border-bottom: 2px solid rgba(150&comma; 150&comma; 150&comma; 0.4); text-align: left; font-weight: bold; color: inherit;'>Modelo<\/th>\n<th style='padding: 8px; border-bottom: 2px solid rgba(150&comma; 150&comma; 150&comma; 0.4); text-align: left; font-weight: bold; color: inherit;'>Descripci\u00f3n<\/th>\n<\/tr>\n<\/thead>\n<tbody>\n<tr>\n<td style='padding: 8px; border-bottom: 1px solid rgba(150&comma; 150&comma; 150&comma; 0.2); color: inherit;'>2<\/td>\n<td style='padding: 8px; border-bottom: 1px solid rgba(150&comma; 150&comma; 150&comma; 0.2); color: inherit;'> <a href='https:\/\/www.syscom.mx\/producto\/ETM772BH550WW\/WB-ETSOLAR-\/-ELITEsolar-207706.html' style='color: inherit; text-decoration: underline;'> ETM772BH550WW\/WB <\/a> <\/td>\n<td style='padding: 8px; border-bottom: 1px solid rgba(150&comma; 150&comma; 150&comma; 0.2); color: inherit;'>M\u00f3dulo Solar &comma; 550W&comma; 50 Vcc &comma; Monocristalino&comma; 144 Celdas grado A&comma; 10BB<\/td>\n<\/tr>\n<tr>\n<td style='padding: 8px; border-bottom: 1px solid rgba(150&comma; 150&comma; 150&comma; 0.2); color: inherit;'>1<\/td>\n<td style='padding: 8px; border-bottom: 1px solid rgba(150&comma; 150&comma; 150&comma; 0.2); color: inherit;'> <a href='https:\/\/www.syscom.mx\/producto\/HMS10002T-HOYMILES-212085.html' style='color: inherit; text-decoration: underline;'> HMS10002T <\/a> <\/td>\n<td style='padding: 8px; border-bottom: 1px solid rgba(150&comma; 150&comma; 150&comma; 0.2); color: inherit;'>Microinversor 1 Kw&comma; 220 Vca&comma; para Interconexi\u00f3n a Red El\u00e9ctrica<\/td>\n<\/tr>\n<tr>\n<td style='padding: 8px; border-bottom: 1px solid rgba(150&comma; 150&comma; 150&comma; 0.2); color: inherit;'>1<\/td>\n<td style='padding: 8px; border-bottom: 1px solid rgba(150&comma; 150&comma; 150&comma; 0.2); color: inherit;'> <a href='https:\/\/www.syscom.mx\/principal\/searchcont?route=ACTRUNKCABLE-HOYMILES-201221&#038;autodetect=ACTRUNKCABLE' style='color: inherit; text-decoration: underline;'> ACTRUNKCABLE <\/a> <\/td>\n<td style='padding: 8px; border-bottom: 1px solid rgba(150&comma; 150&comma; 150&comma; 0.2); color: inherit;'>Conector Troncal Para Microinversores HMS-2000-4T<\/td>\n<\/tr>\n<tr>\n<td style='padding: 8px; border-bottom: 1px solid rgba(150&comma; 150&comma; 150&comma; 0.2); color: inherit;'>1<\/td>\n<td style='padding: 8px; border-bottom: 1px solid rgba(150&comma; 150&comma; 150&comma; 0.2); color: inherit;'> <a href='https:\/\/www.syscom.mx\/principal\/searchcont?route=KITHOYMILESTOOL-HOYMILES-201217&#038;autodetect=KITHOYMILESTOOL' style='color: inherit; text-decoration: underline;'> KITHOYMILESTOOL <\/a> <\/td>\n<td style='padding: 8px; border-bottom: 1px solid rgba(150&comma; 150&comma; 150&comma; 0.2); color: inherit;'>kit de Herramienta y Accesorios Para Cable Troncal de Microinversor<\/td>\n<\/tr>\n<tr>\n<td style='padding: 8px; border-bottom: 1px solid rgba(150&comma; 150&comma; 150&comma; 0.2); color: inherit;'>1<\/td>\n<td style='padding: 8px; border-bottom: 1px solid rgba(150&comma; 150&comma; 150&comma; 0.2); color: inherit;'> <a href='https:\/\/www.syscom.mx\/principal\/searchcont?route=VEKTOR8R2700-EPCOM-POWERLINE-221737&#038;autodetect=VEKTOR82700' style='color: inherit; text-decoration: underline;'> VETOR8R2700 <\/a> <\/td>\n<td style='padding: 8px; border-bottom: 1px solid rgba(150&comma; 150&comma; 150&comma; 0.2); color: inherit;'>Montaje Riel para M\u00f3dulos con Espesor de 35mm<\/td>\n<\/tr>\n<\/tbody>\n<\/table><\/div>\n<\/p><\/div>\n<\/p><\/div>\n<\/p><\/div>\n<div style='display: flex; flex-wrap: wrap; gap: 30px; margin-bottom: 30px;'>\n<div style='flex: 1 1 300px; min-width: 280px;'>\n<h3 style='font-size: 22px; border-bottom: 2px solid currentColor; padding-bottom: 5px; margin-top: 0; color: inherit; opacity: 0.8;'>Notas T\u00e9cnicas<\/h3>\n<ul style='padding-left: 20px; font-size: 15px; color: inherit; list-style-type: disc;'>\n<li style='margin-bottom: 5px; color: inherit;'>No incluye el monitoreo.<\/li>\n<li style='margin-bottom: 5px; color: inherit;'>Para monitoreo necesita el DTUPROS \/DTULITESSE (se vende por separado).<\/li>\n<li style='margin-bottom: 5px; color: inherit;'>No incluye cableado ya que variar\u00e1 seg\u00fan la instalaci\u00f3n.<\/li>\n<\/ul><\/div>\n<\/p><\/div>\n<div style='display: flex; flex-wrap: wrap; gap: 30px; margin-bottom: 30px;'>\n<div style='flex: 1 1 300px; min-width: 280px;'>\n<h3 style='font-size: 22px; border-bottom: 2px solid currentColor; padding-bottom: 5px; margin-top: 0; color: inherit; opacity: 0.8;'>Funcionalidad del Sistema<\/h3>\n<p style='color: inherit; margin-bottom: 15px;'>Un kit de energ\u00eda solar para interconexi\u00f3n con la CFE es \u00fatil para los usuarios que desean utilizar energ\u00eda solar para su hogar o negocio y conectarla a la red de la Comisi\u00f3n Federal de Electricidad (CFE).<\/p>\n<p style='color: inherit; margin-bottom: 15px;'>Este tipo de kit permite a los usuarios generar su propia energ\u00eda renovable y reducir su dependencia de la electricidad proporcionada por la CFE&comma; lo que resulta en un ahorro en su factura de electricidad.<\/p>\n<p style='color: inherit; margin-bottom: 0;'>Adem\u00e1s&comma; los kits de energ\u00eda solar para interconexi\u00f3n con la CFE tambi\u00e9n ayudan a reducir la demanda de electricidad en la red y a mejorar la eficiencia energ\u00e9tica en general&comma; lo que es positivo para el medio ambiente.<\/p>\n<\/p><\/div>\n<\/p><\/div>\n<hr style='border: 0; border-top: 1px solid rgba(150&comma; 150&comma; 150&comma; 0.3); margin: 30px 0;'> <\/div>\n","protected":false},"excerpt":{"rendered":"<p>Kit Solar para Interconexi\u00f3n de 1.1 KW de Potencia Pico 220Vcc con Microinversor 1KW y 2 M\u00f3dulos de 550 W (Incluye Montaje )<\/p>\n","protected":false},"featured_media":41444,"comment_status":"open","ping_status":"closed","template":"","meta":[],"product_brand":[],"product_cat":[1129],"product_tag":[964,1094,1130],"class_list":{"0":"post-41445","1":"product","2":"type-product","3":"status-publish","4":"has-post-thumbnail","6":"product_cat-kit-solar-interconexion","7":"product_tag-energia-solar","8":"product_tag-hoymiles","9":"product_tag-kit-solar-interconexion","11":"first","12":"outofstock","13":"sale","14":"shipping-taxable","15":"purchasable","16":"product-type-simple"},"_links":{"self":[{"href":"https:\/\/soydeaqui.ddns.net\/pachuca\/index.php\/wp-json\/wp\/v2\/product\/41445","targetHints":{"allow":["GET"]}}],"collection":[{"href":"https:\/\/soydeaqui.ddns.net\/pachuca\/index.php\/wp-json\/wp\/v2\/product"}],"about":[{"href":"https:\/\/soydeaqui.ddns.net\/pachuca\/index.php\/wp-json\/wp\/v2\/types\/product"}],"replies":[{"embeddable":true,"href":"https:\/\/soydeaqui.ddns.net\/pachuca\/index.php\/wp-json\/wp\/v2\/comments?post=41445"}],"wp:featuredmedia":[{"embeddable":true,"href":"https:\/\/soydeaqui.ddns.net\/pachuca\/index.php\/wp-json\/wp\/v2\/media\/41444"}],"wp:attachment":[{"href":"https:\/\/soydeaqui.ddns.net\/pachuca\/index.php\/wp-json\/wp\/v2\/media?parent=41445"}],"wp:term":[{"taxonomy":"product_brand","embeddable":true,"href":"https:\/\/soydeaqui.ddns.net\/pachuca\/index.php\/wp-json\/wp\/v2\/product_brand?post=41445"},{"taxonomy":"product_cat","embeddable":true,"href":"https:\/\/soydeaqui.ddns.net\/pachuca\/index.php\/wp-json\/wp\/v2\/product_cat?post=41445"},{"taxonomy":"product_tag","embeddable":true,"href":"https:\/\/soydeaqui.ddns.net\/pachuca\/index.php\/wp-json\/wp\/v2\/product_tag?post=41445"}],"curies":[{"name":"wp","href":"https:\/\/api.w.org\/{rel}","templated":true}]}}