{"id":4144,"date":"2026-03-18T06:15:56","date_gmt":"2026-03-18T06:15:56","guid":{"rendered":"https:\/\/soydeaqui.ddns.net\/pachuca\/index.php\/producto\/zwave-relevador-inalambrico-inteligente-medicion-de-consumo-16a-110-230-v-compatible-con-hub-zwave-hubitat-hc7-y-hc8\/"},"modified":"2026-03-18T06:15:57","modified_gmt":"2026-03-18T06:15:57","slug":"zwave-relevador-inalambrico-inteligente-medicion-de-consumo-16a-110-230-v-compatible-con-hub-zwave-hubitat-hc7-y-hc8","status":"publish","type":"product","link":"https:\/\/soydeaqui.ddns.net\/pachuca\/index.php\/producto\/zwave-relevador-inalambrico-inteligente-medicion-de-consumo-16a-110-230-v-compatible-con-hub-zwave-hubitat-hc7-y-hc8\/","title":{"rendered":"Zwave Relevador inal\u00e1mbrico inteligente, medici\u00f3n de consumo, 16A, 110-230 V, compatible con HUB Zwave, Hubitat HC7 y HC8"},"content":{"rendered":"<div style='width: 100%; max-width: 1200px; margin: 0 auto; font-family: sans-serif; line-height: 1.6; color: inherit;'>\n<p style='font-size: 16px; margin-bottom: 15px;'><strong>Interruptor inteligente Z-Wave\u2122&comma; 1 canal 16 A&comma; con medici\u00f3n de potencia.<\/strong><\/p>\n<p style='font-size: 15px; margin-bottom: 20px;'>Controle y mida el consumo de energ\u00eda de una amplia gama de electrodom\u00e9sticos y equipos de oficina (luces&comma; l\u00edneas el\u00e9ctricas&comma; sistemas de seguridad&comma; calentadores&comma; calentadores de agua&comma; etc.) desde cualquier lugar.<\/p>\n<div style='display: flex; flex-wrap: wrap; gap: 30px;'>\n<div style='flex: 1 1 300px; min-width: 280px;'>\n<h3 style='font-size: 20px; border-bottom: 2px solid currentColor; padding-bottom: 5px; margin-top: 0; color: inherit; opacity: 0.8;'>Caracter\u00edsticas principales:<\/h3>\n<ul style='padding-left: 20px; font-size: 15px; color: inherit;'>\n<li style='margin-bottom: 5px;'>Requiere HUB Gateway Zwave&comma; compatible con todos los que cumplan el protocolo Zwave.<\/li>\n<li style='margin-bottom: 5px;'>Contacto Seco.<\/li>\n<li style='margin-bottom: 5px;'>N\u00famero de canales : 1<\/li>\n<li style='margin-bottom: 5px;'>Conectividad Z-Wave\u2122 S800 Plus<\/li>\n<li style='margin-bottom: 5px;'>Alcance: 40m linea de vista exterior\/interior<\/li>\n<li style='margin-bottom: 5px;'>Carga: 16A<\/li>\n<li style='margin-bottom: 5px;'>Compatible con HUB Hubitat HC7 y HC8<\/li>\n<\/ul><\/div>\n<div style='flex: 1 1 300px; min-width: 280px;'>\n<h3 style='font-size: 20px; border-bottom: 2px solid currentColor; padding-bottom: 5px; margin-top: 0; color: inherit; opacity: 0.8;'>Casos de uso:<\/h3>\n<ul style='padding-left: 20px; font-size: 15px; color: inherit;'>\n<li style='margin-bottom: 5px;'>Controle el sistema de su piscina de forma remota.<\/li>\n<li style='margin-bottom: 5px;'>Maximiza la comodidad con escenas inteligentes.<\/li>\n<li style='margin-bottom: 5px;'>Control de su consumo de energ\u00eda electrica.<\/li>\n<li style='margin-bottom: 5px;'>Control de iluminaci\u00f3n.<\/li>\n<li style='margin-bottom: 5px;'>Etc.<\/li>\n<\/ul><\/div>\n<div style='flex: 1 1 300px; min-width: 280px;'>\n<h3 style='font-size: 20px; border-bottom: 2px solid currentColor; padding-bottom: 5px; margin-top: 0; color: inherit; opacity: 0.8;'>Ejemplos de instalaci\u00f3n:<\/h3>\n<ul style='padding-left: 20px; font-size: 15px; color: inherit;'>\n<li style='margin-bottom: 5px;'><a href='https:\/\/kb.shelly.cloud\/knowledge-base\/devices' style='color: inherit; text-decoration: underline;' target='_blank' rel='noopener noreferrer'><strong>Base de datos material de apoyo.<\/strong><\/a><\/li>\n<\/ul><\/div>\n<\/p><\/div>\n<\/p><\/div>\n","protected":false},"excerpt":{"rendered":"<p>Zwave Relevador inal\u00e1mbrico inteligente, medici\u00f3n de consumo, 16A, 110-230 V, compatible con HUB Zwave, Hubitat HC7 y HC8<\/p>\n","protected":false},"featured_media":4143,"comment_status":"open","ping_status":"closed","template":"","meta":[],"product_brand":[],"product_cat":[56],"product_tag":[30,57,58],"class_list":{"0":"post-4144","1":"product","2":"type-product","3":"status-publish","4":"has-post-thumbnail","6":"product_cat-control-de-iluminacion","7":"product_tag-automatizacion-casa-inteligente","8":"product_tag-control-de-iluminacion","9":"product_tag-shelly","11":"first","12":"outofstock","13":"sale","14":"shipping-taxable","15":"purchasable","16":"product-type-simple"},"_links":{"self":[{"href":"https:\/\/soydeaqui.ddns.net\/pachuca\/index.php\/wp-json\/wp\/v2\/product\/4144","targetHints":{"allow":["GET"]}}],"collection":[{"href":"https:\/\/soydeaqui.ddns.net\/pachuca\/index.php\/wp-json\/wp\/v2\/product"}],"about":[{"href":"https:\/\/soydeaqui.ddns.net\/pachuca\/index.php\/wp-json\/wp\/v2\/types\/product"}],"replies":[{"embeddable":true,"href":"https:\/\/soydeaqui.ddns.net\/pachuca\/index.php\/wp-json\/wp\/v2\/comments?post=4144"}],"wp:featuredmedia":[{"embeddable":true,"href":"https:\/\/soydeaqui.ddns.net\/pachuca\/index.php\/wp-json\/wp\/v2\/media\/4143"}],"wp:attachment":[{"href":"https:\/\/soydeaqui.ddns.net\/pachuca\/index.php\/wp-json\/wp\/v2\/media?parent=4144"}],"wp:term":[{"taxonomy":"product_brand","embeddable":true,"href":"https:\/\/soydeaqui.ddns.net\/pachuca\/index.php\/wp-json\/wp\/v2\/product_brand?post=4144"},{"taxonomy":"product_cat","embeddable":true,"href":"https:\/\/soydeaqui.ddns.net\/pachuca\/index.php\/wp-json\/wp\/v2\/product_cat?post=4144"},{"taxonomy":"product_tag","embeddable":true,"href":"https:\/\/soydeaqui.ddns.net\/pachuca\/index.php\/wp-json\/wp\/v2\/product_tag?post=4144"}],"curies":[{"name":"wp","href":"https:\/\/api.w.org\/{rel}","templated":true}]}}