{"id":41438,"date":"2026-03-18T18:15:02","date_gmt":"2026-03-18T18:15:02","guid":{"rendered":"https:\/\/soydeaqui.ddns.net\/pachuca\/index.php\/producto\/montaje-para-modulos-solares-en-muro-con-espesor-de-35-40mm-riel-1400mm\/"},"modified":"2026-03-18T18:15:05","modified_gmt":"2026-03-18T18:15:05","slug":"montaje-para-modulos-solares-en-muro-con-espesor-de-35-40mm-riel-1400mm","status":"publish","type":"product","link":"https:\/\/soydeaqui.ddns.net\/pachuca\/index.php\/producto\/montaje-para-modulos-solares-en-muro-con-espesor-de-35-40mm-riel-1400mm\/","title":{"rendered":"Montaje Para M\u00f3dulos Solares En Muro Con Espesor De 35-40mm, Riel 1400mm"},"content":{"rendered":"<div style='width: 100%; max-width: 1200px; margin: 0 auto; font-family: sans-serif; line-height: 1.6; color: inherit; background-color: transparent;'> <!-- Imagen garant\u00eda --> <\/p>\n<div style='margin-bottom: 30px;'> <img style='width: 100%; height: auto; border: 1px solid rgba(150&comma;150&comma;150&comma;0.3); border-radius: 8px;' src='https:\/\/ftp3.syscom.mx\/usuarios\/anavarro\/SUNFORSON\/garantia25.png' alt=''> <\/div>\n<p> <!-- Secci\u00f3n principal --> <\/p>\n<div style='margin-bottom: 30px;'>\n<h1 style='font-size: 28px; text-align: center; margin-top: 0; margin-bottom: 20px; color: inherit; opacity: 0.95;'>Montaje para m\u00f3dulos solares sobre muro.<\/h1>\n<p> <!-- Beneficios --> <\/p>\n<div style='margin-bottom: 20px;'>\n<h2 style='font-size: 20px; margin-top: 0; margin-bottom: 15px; color: inherit; opacity: 0.85;'>Beneficios de utilizar montajes de Aluminio Anodizado PS-WM1400 de Epcom Powerline:<\/h2>\n<ul style='padding-left: 20px; margin: 0; font-size: 15px; color: inherit;'>\n<li style='margin-bottom: 8px;'>Mitigue la corrosi\u00f3n por efecto del &#8216;Par Galv\u00e1nico&#8217;&comma; garantice sus instalaciones contra la corrosi\u00f3n prematura.<\/li>\n<li style='margin-bottom: 8px;'>F\u00e1cil instalaci\u00f3n y adaptabilidad a sus necesidades debido a la gran variedad de accesorios disponibles.<\/li>\n<li style='margin-bottom: 8px;'>\u00a12 a\u00f1os de garant\u00eda contra defectos de fabricaci\u00f3n!<\/li>\n<\/ul><\/div>\n<p> <!-- Descripci\u00f3n general --> <\/p>\n<div style='margin-bottom: 20px;'>\n<p style='font-size: 22px; margin-bottom: 15px; color: inherit; opacity: 0.9;'>Montaje para muro&comma; para diversos arreglos de m\u00f3dulos fotovoltaicos.<\/p>\n<h3 style='font-size: 18px; margin-top: 0; margin-bottom: 10px; color: inherit; opacity: 0.85;'>Caracter\u00edsticas Principales:<\/h3>\n<ul style='padding-left: 20px; margin: 0; font-size: 15px; color: inherit;'>\n<li style='margin-bottom: 8px;'>Para diversos arreglos de m\u00f3dulos fotovoltaicos de 35-40 mm de espesor<\/li>\n<\/ul>\n<p style='margin: 15px 0; font-size: 14px; color: inherit; opacity: 0.85;'>*Se sugiere revisar compatibilidad con el departamento de ingenier\u00eda.<\/p>\n<\/p><\/div>\n<p> <!-- M\u00f3dulos compatibles --> <\/p>\n<div style='margin-bottom: 20px;'>\n<h3 style='font-size: 18px; margin-top: 0; margin-bottom: 10px; color: inherit; opacity: 0.85;'>M\u00f3dulos compatibles:<\/h3>\n<ul style='padding-left: 20px; margin: 0; font-size: 15px; color: inherit;'>\n<li style='margin-bottom: 8px;'><a style='color: inherit; text-decoration: underline;' href='https:\/\/www.syscom.mx\/principal\/searchcont?route=ETM772BH550WW\/WB-ETSOLAR-207706&#038;autodetect=550w' target='_blank'>ETM772BH550WW\/WB<\/a><\/li>\n<li style='margin-bottom: 8px;'><a style='color: inherit; text-decoration: underline;' href='https:\/\/www.syscom.mx\/principal\/searchcont?route=EGE550W144M(M10)-ECO-GREEN-ENERGY-209383&#038;autodetect=550w' target='_blank'>EGE550W144M(M10)<\/a><\/li>\n<li style='margin-bottom: 8px;'><a style='color: inherit; text-decoration: underline;' href='https:\/\/www.syscom.mx\/producto\/LP210*210M66MH665W-LEAPTON-211334.html' target='_blank'>LP210*210M66MH665W<\/a><\/li>\n<li style='margin-bottom: 8px;'><a style='color: inherit; text-decoration: underline;' href='https:\/\/www.syscom.mx\/producto\/ETM672BH450WW-WB-ETSOLAR-194441.html' target='_blank'>ETM672BH450WW\/WB<\/a><\/li>\n<\/ul>\n<p style='margin: 15px 0; font-size: 14px; color: inherit; opacity: 0.85;'>*El modelo incluye sus 4 tornillos autoperforantes para su r\u00e1pida instalaci\u00f3n<\/p>\n<\/p><\/div>\n<\/p><\/div>\n<p> <!-- Ventajas de sistemas --> <\/p>\n<div style='margin-bottom: 30px;'>\n<h2 style='font-size: 22px; text-align: center; margin-top: 0; margin-bottom: 15px; color: inherit; opacity: 0.9;'>Ventajas de los sistemas de montaje de Epcom Power Line<\/h2>\n<ul style='padding-left: 20px; margin: 0; font-size: 15px; color: inherit;'>\n<li style='margin-bottom: 8px;'>Materiales de la m\u00e1s alta calidad.<\/li>\n<li style='margin-bottom: 8px;'>Instalaci\u00f3n r\u00e1pida y sencilla.<\/li>\n<li style='margin-bottom: 8px;'>Piezas m\u00e1s robustas resistentes en climas extremos.<\/li>\n<li style='margin-bottom: 8px;'>Soporte t\u00e9cnico 365 d\u00edas del a\u00f1o.<\/li>\n<li style='margin-bottom: 8px;'>2 a\u00f1os de garant\u00eda.<\/li>\n<\/ul><\/div>\n<p> <!-- Separador final --> <\/p>\n<hr style='border: 0; border-top: 1px solid rgba(150&comma; 150&comma; 150&comma; 0.3); margin: 30px 0;'> <\/div>\n","protected":false},"excerpt":{"rendered":"<p>Montaje Para M\u00f3dulos Solares En Muro Con Espesor De 35-40mm, Riel 1400mm<\/p>\n","protected":false},"featured_media":41437,"comment_status":"open","ping_status":"closed","template":"","meta":[],"product_brand":[],"product_cat":[963],"product_tag":[964,454,965],"class_list":{"0":"post-41438","1":"product","2":"type-product","3":"status-publish","4":"has-post-thumbnail","6":"product_cat-montajes-completos-para-modulos","7":"product_tag-energia-solar","8":"product_tag-epcom-powerline","9":"product_tag-montajes-completos-para-modulos","11":"first","12":"instock","13":"sale","14":"shipping-taxable","15":"purchasable","16":"product-type-simple"},"_links":{"self":[{"href":"https:\/\/soydeaqui.ddns.net\/pachuca\/index.php\/wp-json\/wp\/v2\/product\/41438","targetHints":{"allow":["GET"]}}],"collection":[{"href":"https:\/\/soydeaqui.ddns.net\/pachuca\/index.php\/wp-json\/wp\/v2\/product"}],"about":[{"href":"https:\/\/soydeaqui.ddns.net\/pachuca\/index.php\/wp-json\/wp\/v2\/types\/product"}],"replies":[{"embeddable":true,"href":"https:\/\/soydeaqui.ddns.net\/pachuca\/index.php\/wp-json\/wp\/v2\/comments?post=41438"}],"wp:featuredmedia":[{"embeddable":true,"href":"https:\/\/soydeaqui.ddns.net\/pachuca\/index.php\/wp-json\/wp\/v2\/media\/41437"}],"wp:attachment":[{"href":"https:\/\/soydeaqui.ddns.net\/pachuca\/index.php\/wp-json\/wp\/v2\/media?parent=41438"}],"wp:term":[{"taxonomy":"product_brand","embeddable":true,"href":"https:\/\/soydeaqui.ddns.net\/pachuca\/index.php\/wp-json\/wp\/v2\/product_brand?post=41438"},{"taxonomy":"product_cat","embeddable":true,"href":"https:\/\/soydeaqui.ddns.net\/pachuca\/index.php\/wp-json\/wp\/v2\/product_cat?post=41438"},{"taxonomy":"product_tag","embeddable":true,"href":"https:\/\/soydeaqui.ddns.net\/pachuca\/index.php\/wp-json\/wp\/v2\/product_tag?post=41438"}],"curies":[{"name":"wp","href":"https:\/\/api.w.org\/{rel}","templated":true}]}}