{"id":41436,"date":"2026-03-18T18:14:59","date_gmt":"2026-03-18T18:14:59","guid":{"rendered":"https:\/\/soydeaqui.ddns.net\/pachuca\/index.php\/producto\/martillo-rotat-comb-7-8in-v-v-r-0-1-200-rpm-2-fun-rotac-percus-2-bat-3-0-a-h-y-carg-c-freno-maletin-18v\/"},"modified":"2026-03-18T18:15:00","modified_gmt":"2026-03-18T18:15:00","slug":"martillo-rotat-comb-7-8in-v-v-r-0-1-200-rpm-2-fun-rotac-percus-2-bat-3-0-a-h-y-carg-c-freno-maletin-18v","status":"publish","type":"product","link":"https:\/\/soydeaqui.ddns.net\/pachuca\/index.php\/producto\/martillo-rotat-comb-7-8in-v-v-r-0-1-200-rpm-2-fun-rotac-percus-2-bat-3-0-a-h-y-carg-c-freno-maletin-18v\/","title":{"rendered":"MARTILLO ROTAT.COMB. 7\/8IN V.V.R. 0-1.200 RPM 2 FUN.ROTAC\/PERCUS 2 BAT 3.0 A.H Y CARG C\/FRENO MALETIN 18V"},"content":{"rendered":"<div style='width: 100%; max-width: 1200px; margin: 0 auto; font-family: sans-serif; line-height: 1.6; color: inherit; background-color: transparent;'> <!-- Secci\u00f3n de contenido con flex\/grid --> <\/p>\n<div style='display: flex; flex-wrap: wrap; gap: 30px; margin-bottom: 30px;'>\n<div style='flex: 1 1 300px; min-width: 280px;'>\n<h3 style='font-size: 22px; border-bottom: 2px solid currentColor; padding-bottom: 5px; margin-top: 0; color: inherit; opacity: 0.8;'>Caracter\u00edsticas<\/h3>\n<ul style='padding-left: 20px; font-size: 15px; color: inherit;'>\n<li style='margin-bottom: 5px;'>Martillo rotatorio combinado inal\u00e1mbrico<\/li>\n<li style='margin-bottom: 5px;'>3 Modos de operaci\u00f3n: Percusi\u00f3n con rotaci\u00f3n&comma; solo percusi\u00f3n&comma; solo rotaci\u00f3n<\/li>\n<li style='margin-bottom: 5px;'>Empu\u00f1adura ergon\u00f3micamente dise\u00f1ada con neopreno para mayor control y comfort<\/li>\n<li style='margin-bottom: 5px;'>Broquero de cierre r\u00e1pido permite un f\u00e1cil cambio de puntas<\/li>\n<\/ul><\/div>\n<\/p><\/div>\n<p> <!-- Secci\u00f3n de cards con especificaciones --> <\/p>\n<div style='display: flex; flex-wrap: wrap; gap: 20px; margin-bottom: 30px;'>\n<div style='flex: 1 1 250px; border: 1px solid rgba(150&comma; 150&comma; 150&comma; 0.4); border-radius: 8px; overflow: hidden; display: flex; flex-direction: column;'>\n<div style='padding: 15px; border-bottom: 1px solid rgba(150&comma; 150&comma; 150&comma; 0.2); font-weight: bold; font-size: 18px; color: inherit;'>Incluye<\/div>\n<div style='padding: 15px; color: inherit;'>\n<ul style='padding-left: 20px; margin: 0; font-size: 14px; list-style-type: disc;'>\n<li style='margin-bottom: 5px;'>Empu\u00f1adura lateral<\/li>\n<li style='margin-bottom: 5px;'>Tope de profundidad<\/li>\n<li style='margin-bottom: 5px;'>Rotomartillo DHR241RFE<\/li>\n<li style='margin-bottom: 5px;'>Cargador DC18RD<\/li>\n<li style='margin-bottom: 5px;'>Bater\u00eda BL1850B 5.0Ah (x2)<\/li>\n<\/ul><\/div>\n<\/p><\/div>\n<div style='flex: 1 1 250px; border: 1px solid rgba(150&comma; 150&comma; 150&comma; 0.4); border-radius: 8px; overflow: hidden; display: flex; flex-direction: column;'>\n<div style='padding: 15px; border-bottom: 1px solid rgba(150&comma; 150&comma; 150&comma; 0.2); font-weight: bold; font-size: 18px; color: inherit;'>Especificaciones<\/div>\n<div style='padding: 15px; color: inherit;'>\n<ul style='padding-left: 20px; margin: 0; font-size: 14px; list-style-type: disc;'>\n<li style='margin-bottom: 5px;'><strong>Energ\u00eda de impacto:<\/strong> 1.9J<\/li>\n<li style='margin-bottom: 5px;'><strong>Capacidad:<\/strong> Concreto: 20mm (13\/16&#8242;)<\/li>\n<li style='margin-bottom: 5px;'><strong>Capacidad:<\/strong> Madera: 26mm (1&#8242;)<\/li>\n<li style='margin-bottom: 5px;'><strong>Capacidad:<\/strong> Acero: 13mm (1\/2&#8242;)<\/li>\n<li style='margin-bottom: 5px;'><strong>Impactos por minuto:<\/strong> 0-4&comma;000<\/li>\n<li style='margin-bottom: 5px;'><strong>Velocidad sin carga:<\/strong> 0-1&comma;100 rpm<\/li>\n<li style='margin-bottom: 5px;'><strong>Peso neto:<\/strong> 3.2kg (7.1lbs)<\/li>\n<li style='margin-bottom: 5px;'><strong>Dimensiones (LxAxA):<\/strong> 417x84x219mm (16-3\/8&#8217;x3-5\/16&#8217;x8-5\/8&#8242;)<\/li>\n<li style='margin-bottom: 5px;'><strong>Nivel de presi\u00f3n ac\u00fastica:<\/strong> 86dB (A)<\/li>\n<li style='margin-bottom: 5px;'><strong>Nivel de potencia ac\u00fastica:<\/strong> 97dB (A)<\/li>\n<\/ul><\/div>\n<\/p><\/div>\n<\/p><\/div>\n<p> <!-- Separador --> <\/p>\n<hr style='border: 0; border-top: 1px solid rgba(150&comma; 150&comma; 150&comma; 0.3); margin: 30px 0;'> <\/div>\n","protected":false},"excerpt":{"rendered":"<p>MARTILLO ROTAT.COMB. 7\/8IN V.V.R. 0-1.200 RPM 2 FUN.ROTAC\/PERCUS 2 BAT 3.0 A.H Y CARG C\/FRENO MALETIN 18V<\/p>\n","protected":false},"featured_media":32,"comment_status":"open","ping_status":"closed","template":"","meta":[],"product_brand":[],"product_cat":[1057],"product_tag":[1058,1059,252],"class_list":{"0":"post-41436","1":"product","2":"type-product","3":"status-publish","4":"has-post-thumbnail","6":"product_cat-herramientas-electrica-cableada","7":"product_tag-ferreteria","8":"product_tag-herramientas-electrica-cableada","9":"product_tag-makita","11":"first","12":"outofstock","13":"sale","14":"shipping-taxable","15":"purchasable","16":"product-type-simple"},"_links":{"self":[{"href":"https:\/\/soydeaqui.ddns.net\/pachuca\/index.php\/wp-json\/wp\/v2\/product\/41436","targetHints":{"allow":["GET"]}}],"collection":[{"href":"https:\/\/soydeaqui.ddns.net\/pachuca\/index.php\/wp-json\/wp\/v2\/product"}],"about":[{"href":"https:\/\/soydeaqui.ddns.net\/pachuca\/index.php\/wp-json\/wp\/v2\/types\/product"}],"replies":[{"embeddable":true,"href":"https:\/\/soydeaqui.ddns.net\/pachuca\/index.php\/wp-json\/wp\/v2\/comments?post=41436"}],"wp:featuredmedia":[{"embeddable":true,"href":"https:\/\/soydeaqui.ddns.net\/pachuca\/index.php\/wp-json\/wp\/v2\/media\/32"}],"wp:attachment":[{"href":"https:\/\/soydeaqui.ddns.net\/pachuca\/index.php\/wp-json\/wp\/v2\/media?parent=41436"}],"wp:term":[{"taxonomy":"product_brand","embeddable":true,"href":"https:\/\/soydeaqui.ddns.net\/pachuca\/index.php\/wp-json\/wp\/v2\/product_brand?post=41436"},{"taxonomy":"product_cat","embeddable":true,"href":"https:\/\/soydeaqui.ddns.net\/pachuca\/index.php\/wp-json\/wp\/v2\/product_cat?post=41436"},{"taxonomy":"product_tag","embeddable":true,"href":"https:\/\/soydeaqui.ddns.net\/pachuca\/index.php\/wp-json\/wp\/v2\/product_tag?post=41436"}],"curies":[{"name":"wp","href":"https:\/\/api.w.org\/{rel}","templated":true}]}}