{"id":41424,"date":"2026-03-18T18:14:40","date_gmt":"2026-03-18T18:14:40","guid":{"rendered":"https:\/\/soydeaqui.ddns.net\/pachuca\/index.php\/producto\/modulo-solar-portatil-y-flexible-de-400w-recomendado-para-estaciones-portatiles-efd330-efd350-o-efd500-ajuste-de-angulo-carga-eficiente-incluye-cable-xt60-a-mc4\/"},"modified":"2026-03-18T18:14:45","modified_gmt":"2026-03-18T18:14:45","slug":"modulo-solar-portatil-y-flexible-de-400w-recomendado-para-estaciones-portatiles-efd330-efd350-o-efd500-ajuste-de-angulo-carga-eficiente-incluye-cable-xt60-a-mc4","status":"publish","type":"product","link":"https:\/\/soydeaqui.ddns.net\/pachuca\/index.php\/producto\/modulo-solar-portatil-y-flexible-de-400w-recomendado-para-estaciones-portatiles-efd330-efd350-o-efd500-ajuste-de-angulo-carga-eficiente-incluye-cable-xt60-a-mc4\/","title":{"rendered":"M\u00f3dulo Solar Port\u00e1til y Flexible de 400W Recomendado para Estaciones Port\u00e1tiles EFD330, EFD350 \u00f3 EFD500 \/ Ajuste de \u00c1ngulo \/ Carga Eficiente \/ Incluye Cable XT60 a MC4"},"content":{"rendered":"<div style=\"width: 100%; max-width: 1200px; margin: 0 auto; font-family: sans-serif; line-height: 1.6; color: inherit; background-color: transparent;\">\n<div style=\"margin-bottom: 30px;\">\n<p style=\"text-align: center; margin-bottom: 15px;\"><span style=\"font-size: 22px; font-weight: bold; color: inherit; opacity: 0.8;\">Potente y port&aacute;til<\/span><\/p>\n<p style=\"text-align: center; margin-bottom: 30px;\"><span style=\"font-size: 15px; color: inherit;\">El panel solar port&aacute;til bifacial EcoFlow <span style=\"color: #3598db;\">EFFLEXM400<\/span> ofrece un alto rendimiento solar&comma; un &iacute;ndice de eficiencia de conversi&oacute;n y un pr&aacute;ctico dise&ntilde;o plegable para poder agarrarlo y llev&aacute;rselo en cualquier momento.<\/span><\/p>\n<p> <img decoding=\"async\" style=\"width: 100%; height: auto; border: 1px solid rgba(150&comma;150&comma;150&comma;0.3); border-radius: 8px;\" src=\"https:\/\/ftp3.syscom.mx\/usuarios\/fotos\/EFFLEXM400\/220637-caracteristicas_destacadas.jpg\" alt=\"Caracter&iacute;sticas Destacadas\" \/><\/div>\n<div style=\"margin-bottom: 30px;\">\n<h3 style=\"text-align: center; font-size: 22px; border-bottom: 2px solid currentColor; padding-bottom: 5px; margin-top: 0; color: inherit; opacity: 0.8;\">Especificaciones<\/h3>\n<div style=\"display: flex; flex-wrap: wrap; gap: 20px; margin-top: 20px;\">\n<div style=\"flex: 1 1 250px; border: 1px solid rgba(150&comma; 150&comma; 150&comma; 0.4); border-radius: 8px; overflow: hidden; display: flex; flex-direction: column;\">\n<div style=\"padding: 15px; border-bottom: 1px solid rgba(150&comma; 150&comma; 150&comma; 0.2); font-weight: bold; font-size: 18px; color: inherit;\">Caracter&iacute;sticas del Panel<\/div>\n<div style=\"padding: 15px; color: inherit;\">\n<ul style=\"padding-left: 20px; margin: 0; font-size: 14px; list-style-type: disc;\">\n<li style=\"margin-bottom: 5px;\"><strong>Potencia nominal:<\/strong> 400W (+-10W)<\/li>\n<li style=\"margin-bottom: 5px;\"><strong>Tensi&oacute;n de circuito abierto:<\/strong> 48 V(VMP: 41V)<\/li>\n<li style=\"margin-bottom: 5px;\"><strong>Corriente de cortocircuito:<\/strong> 11 A (IMP: 9.8A)<\/li>\n<li style=\"margin-bottom: 5px;\"><strong>Eficiencia:<\/strong> 22.6%<\/li>\n<li style=\"margin-bottom: 5px;\"><strong>Tipo de celda:<\/strong> Silicio monocristalino<\/li>\n<li style=\"margin-bottom: 5px;\"><strong>Tipo de conector:<\/strong> MC4<\/li>\n<\/ul><\/div>\n<\/p><\/div>\n<div style=\"flex: 1 1 250px; border: 1px solid rgba(150&comma; 150&comma; 150&comma; 0.4); border-radius: 8px; overflow: hidden; display: flex; flex-direction: column;\">\n<div style=\"padding: 15px; border-bottom: 1px solid rgba(150&comma; 150&comma; 150&comma; 0.2); font-weight: bold; font-size: 18px; color: inherit;\">Caracter&iacute;sticas Generales<\/div>\n<div style=\"padding: 15px; color: inherit;\">\n<ul style=\"padding-left: 20px; margin: 0; font-size: 14px; list-style-type: disc;\">\n<li style=\"margin-bottom: 5px;\"><strong>Peso:<\/strong> 16 kg<\/li>\n<li style=\"margin-bottom: 5px;\"><strong>Dimensiones (sin plegar):<\/strong> 105.8 x 236.5 x 2.5 cm<\/li>\n<li style=\"margin-bottom: 5px;\"><strong>Dimensiones (plegado):<\/strong> 105.8 x 62 x 2.5 cm<\/li>\n<li style=\"margin-bottom: 5px;\"><strong>Garant&iacute;a:<\/strong> 12 meses<\/li>\n<\/ul><\/div>\n<\/p><\/div>\n<\/p><\/div>\n<\/p><\/div>\n<div style=\"margin-bottom: 30px;\">\n<h3 style=\"text-align: center; font-size: 20px; border-bottom: 2px solid currentColor; padding-bottom: 5px; margin-top: 0; color: inherit; opacity: 0.8;\">Protecci&oacute;n<\/h3>\n<p style=\"text-align: center; margin-bottom: 15px;\"><span style=\"font-size: 18px; font-weight: bold; color: inherit;\">&iexcl;Y tambi&eacute;n es resistente al agua!<\/span><\/p>\n<p style=\"margin-bottom: 15px;\"><span style=\"font-size: 15px; color: inherit;\">Hemos subido el list&oacute;n con este panel. Es completamente resistente al agua y al polvo. Llueva&comma; haga viento o haga sol&comma; el panel es seguro al contar con un grado de impermeabilidad IP68.<\/span><\/p>\n<p> <img decoding=\"async\" style=\"width: 100%; height: auto; border: 1px solid rgba(150&comma;150&comma;150&comma;0.3); border-radius: 8px;\" src=\"https:\/\/ftp3.syscom.mx\/usuarios\/fotos\/EFFLEXM400\/220637-grado_de_proteccion.jpg\" alt=\"Grado de Protecci&oacute;n\" \/> <\/p>\n<p style=\"margin-top: 15px; margin-bottom: 15px;\"><span style=\"font-size: 15px; color: inherit;\">Nuestro panel solar de 400W puede seguir almacenando energ&iacute;a incluso durante un chaparr&oacute;n. Con una pel&iacute;cula protectora de ETFE y un alto nivel de resistencia IP68&comma; las celdas solares pueden soportar tanto entornos h&uacute;medos y mojados como secos y polvorientos.<\/span><\/p>\n<p style=\"font-size: 12px; color: inherit; opacity: 0.7; text-align: center; margin-top: 20px;\">*La resistencia al agua y al polvo se prob&oacute; en condiciones controladas de laboratorio con una calificaci&oacute;n de IP68 seg&uacute;n la norma IEC 50529 (profundidad m&aacute;xima de agua de 1 metro durante un m&aacute;ximo de 72 horas)<\/p>\n<\/p><\/div>\n<div style=\"margin-bottom: 30px;\">\n<h3 style=\"text-align: center; font-size: 20px; border-bottom: 2px solid currentColor; padding-bottom: 5px; margin-top: 0; color: inherit; opacity: 0.8;\">Recarga<\/h3>\n<p style=\"text-align: center; margin-bottom: 15px;\"><span style=\"font-size: 22px; font-weight: bold; color: inherit;\">&iexcl;M&aacute;s que una funda de transporte!<\/span><\/p>\n<p style=\"margin-bottom: 15px;\"><span style=\"font-size: 15px; color: inherit;\">Nuestro panel solar EcoFlow <span style=\"color: #3598db;\">EFFLEXM400<\/span>&comma; con un dise&ntilde;o plegable &uacute;nico&comma; combina una potente producci&oacute;n de energ&iacute;a con la portabilidad. Para lograr una mayor eficiencia de conversi&oacute;n solar de hasta el 23%&comma; utilizamos c&eacute;lulas monocristalinas de m&uacute;ltiples barras&comma; por lo que obtendr&aacute; a&uacute;n m&aacute;s energ&iacute;a para recargar su estaci&oacute;n de energ&iacute;a port&aacute;til.<\/span><\/p>\n<div style=\"display: flex; flex-wrap: wrap; gap: 20px;\">\n<div style=\"flex: 1 1 45%; min-width: 300px;\"><img decoding=\"async\" style=\"width: 100%; height: auto; border: 1px solid rgba(150&comma;150&comma;150&comma;0.3); border-radius: 8px;\" src=\"https:\/\/ftp3.syscom.mx\/usuarios\/fotos\/EFFLEXM400\/220637-eficiencia.jpg\" alt=\"Eficiencia\" \/><\/div>\n<div style=\"flex: 1 1 45%; min-width: 300px;\"><img decoding=\"async\" style=\"width: 100%; height: auto; border: 1px solid rgba(150&comma;150&comma;150&comma;0.3); border-radius: 8px;\" src=\"https:\/\/ftp3.syscom.mx\/usuarios\/fotos\/EFFLEXM400\/220637-tiempos_de_recarga.jpg\" alt=\"Tiempos de Recarga\" \/><\/div>\n<\/p><\/div>\n<\/p><\/div>\n<div style=\"margin-bottom: 30px;\">\n<h3 style=\"text-align: center; font-size: 20px; border-bottom: 2px solid currentColor; padding-bottom: 5px; margin-top: 0; color: inherit; opacity: 0.8;\">Dise&ntilde;o y Transporte<\/h3>\n<p style=\"text-align: center; margin-bottom: 15px;\"><span style=\"font-size: 22px; font-weight: bold; color: inherit;\">&iexcl;M&aacute;s que una funda de transporte!<\/span><\/p>\n<p style=\"margin-bottom: 15px;\"><span style=\"font-size: 15px; color: inherit;\">Fabricado con materiales duraderos y flexibles&comma; este panel solar port&aacute;til es perfecto para vivir y viajar sin conexi&oacute;n a la red. Su dise&ntilde;o de varias capas ofrece una gran resistencia a los impactos para resistir en los exteriores m&aacute;s exigentes&comma; mientras que su peso ligero de 12.5 kg permite llevarlo sin esfuerzo hasta el lugar de acampada. La funda de transporte cuenta con una capa r&iacute;gida incorporada que protege el panel para que no se doble cuando lo guardes o mientras lo transportas.<\/span><\/p>\n<p> <img decoding=\"async\" style=\"width: 100%; height: auto; border: 1px solid rgba(150&comma;150&comma;150&comma;0.3); border-radius: 8px;\" src=\"https:\/\/ftp3.syscom.mx\/usuarios\/fotos\/EFFLEXM400\/220637-soporte.jpg\" alt=\"Soporte\" \/><\/div>\n<\/p><\/div>\n","protected":false},"excerpt":{"rendered":"<p>M\u00f3dulo Solar Port\u00e1til y Flexible de 400W Recomendado para Estaciones Port\u00e1tiles EFD330, EFD350 \u00f3 EFD500 \/ Ajuste de \u00c1ngulo \/ Carga Eficiente \/ Incluye Cable XT60 a MC4<\/p>\n","protected":false},"featured_media":41423,"comment_status":"open","ping_status":"closed","template":"","meta":[],"product_brand":[],"product_cat":[1114],"product_tag":[1116,1115,1101],"class_list":{"0":"post-41424","1":"product","2":"type-product","3":"status-publish","4":"has-post-thumbnail","6":"product_cat-estaciones-de-energia-portables","7":"product_tag-ecoflow","8":"product_tag-estaciones-de-energia-portables","9":"product_tag-respaldo-de-energia","11":"first","12":"instock","13":"sale","14":"shipping-taxable","15":"purchasable","16":"product-type-simple"},"_links":{"self":[{"href":"https:\/\/soydeaqui.ddns.net\/pachuca\/index.php\/wp-json\/wp\/v2\/product\/41424","targetHints":{"allow":["GET"]}}],"collection":[{"href":"https:\/\/soydeaqui.ddns.net\/pachuca\/index.php\/wp-json\/wp\/v2\/product"}],"about":[{"href":"https:\/\/soydeaqui.ddns.net\/pachuca\/index.php\/wp-json\/wp\/v2\/types\/product"}],"replies":[{"embeddable":true,"href":"https:\/\/soydeaqui.ddns.net\/pachuca\/index.php\/wp-json\/wp\/v2\/comments?post=41424"}],"wp:featuredmedia":[{"embeddable":true,"href":"https:\/\/soydeaqui.ddns.net\/pachuca\/index.php\/wp-json\/wp\/v2\/media\/41423"}],"wp:attachment":[{"href":"https:\/\/soydeaqui.ddns.net\/pachuca\/index.php\/wp-json\/wp\/v2\/media?parent=41424"}],"wp:term":[{"taxonomy":"product_brand","embeddable":true,"href":"https:\/\/soydeaqui.ddns.net\/pachuca\/index.php\/wp-json\/wp\/v2\/product_brand?post=41424"},{"taxonomy":"product_cat","embeddable":true,"href":"https:\/\/soydeaqui.ddns.net\/pachuca\/index.php\/wp-json\/wp\/v2\/product_cat?post=41424"},{"taxonomy":"product_tag","embeddable":true,"href":"https:\/\/soydeaqui.ddns.net\/pachuca\/index.php\/wp-json\/wp\/v2\/product_tag?post=41424"}],"curies":[{"name":"wp","href":"https:\/\/api.w.org\/{rel}","templated":true}]}}