{"id":41363,"date":"2026-03-18T18:13:03","date_gmt":"2026-03-18T18:13:03","guid":{"rendered":"https:\/\/soydeaqui.ddns.net\/pachuca\/index.php\/producto\/multicontacto-con-montaje-para-escritorio-carga-rapida-para-65-w-2-x-nema-5-15p-3-x-usb-a-5v-3a-1-x-usb-c-65w\/"},"modified":"2026-03-18T18:13:13","modified_gmt":"2026-03-18T18:13:13","slug":"multicontacto-con-montaje-para-escritorio-carga-rapida-para-65-w-2-x-nema-5-15p-3-x-usb-a-5v-3a-1-x-usb-c-65w","status":"publish","type":"product","link":"https:\/\/soydeaqui.ddns.net\/pachuca\/index.php\/producto\/multicontacto-con-montaje-para-escritorio-carga-rapida-para-65-w-2-x-nema-5-15p-3-x-usb-a-5v-3a-1-x-usb-c-65w\/","title":{"rendered":"Multicontacto con Montaje para Escritorio \/ Carga R\u00e1pida para 65 W \/ 2 x Nema 5-15P \/ 3 x USB-A (5V @3A) \/ 1 x USB-C (65W)"},"content":{"rendered":"<div style='width: 100%; max-width: 1200px; margin: 0 auto; font-family: sans-serif; line-height: 1.6; color: inherit; background-color: transparent;'>\n<div style='display: flex; flex-wrap: wrap; gap: 30px; margin-bottom: 30px;'>\n<div style='flex: 1 1 300px; min-width: 280px;'>\n<h3 style='font-size: 22px; border-bottom: 2px solid currentColor; padding-bottom: 5px; margin-top: 0; color: inherit; opacity: 0.8;'>Caracter\u00edsticas Principales<\/h3>\n<ul style='padding-left: 20px; font-size: 15px; color: inherit;'>\n<li style='margin-bottom: 5px;'>Tecnolog\u00eda GaN para carga r\u00e1pida y eficiente<\/li>\n<li style='margin-bottom: 5px;'>Montaje met\u00e1lico para instalaci\u00f3n en escritorio<\/li>\n<li style='margin-bottom: 5px;'>Cable de 1.5 metros de longitud<\/li>\n<li style='margin-bottom: 5px;'>Capacidad total de carga de 1560 W<\/li>\n<li style='margin-bottom: 5px;'>3 cargadores USB-A&comma; 1 USB-C&comma; 65 W total<\/li>\n<\/ul><\/div>\n<div style='flex: 1 1 300px; min-width: 280px;'>\n<h3 style='font-size: 22px; border-bottom: 2px solid currentColor; padding-bottom: 5px; margin-top: 0; color: inherit; opacity: 0.8;'>Especificaciones T\u00e9cnicas<\/h3>\n<ul style='padding-left: 20px; font-size: 15px; color: inherit;'>\n<li style='margin-bottom: 5px;'><strong>Toma de Corriente Alterna (CA):<\/strong> 2 salidas NEMA 5-15P<\/li>\n<li style='margin-bottom: 5px;'><strong>Voltaje:<\/strong> 120 Vca<\/li>\n<li style='margin-bottom: 5px;'><strong>Amperaje:<\/strong> 13 A<\/li>\n<li style='margin-bottom: 5px;'><strong>Frecuencia:<\/strong> 60 Hz<\/li>\n<li style='margin-bottom: 5px;'><strong>Capacidad total:<\/strong> 1560 W<\/li>\n<li style='margin-bottom: 5px;'><strong>Capacidad en cargadores:<\/strong> 65 W (totales)<\/li>\n<li style='margin-bottom: 5px;'><strong>USB-C:<\/strong> 5V\/3A&comma; 9V\/3A&comma; 12V\/3A&comma; 15V\/3A&comma; 20V\/3.25A (65 W max)<\/li>\n<li style='margin-bottom: 5px;'><strong>USB-A:<\/strong> 5V\/3A (15 W max cada uno)<\/li>\n<\/ul><\/div>\n<\/p><\/div>\n<div style='display: flex; flex-wrap: wrap; gap: 20px; margin-bottom: 30px;'>\n<div style='flex: 1 1 250px; border: 1px solid rgba(150&comma; 150&comma; 150&comma; 0.4); border-radius: 8px; overflow: hidden; display: flex; flex-direction: column;'>\n<div style='padding: 15px; border-bottom: 1px solid rgba(150&comma; 150&comma; 150&comma; 0.2); font-weight: bold; font-size: 18px; color: inherit;'>Protecciones de Seguridad<\/div>\n<div style='padding: 15px; color: inherit;'>\n<ul style='padding-left: 20px; margin: 0; font-size: 14px; list-style-type: disc;'>\n<li style='margin-bottom: 5px;'>OVP (Protecci\u00f3n contra sobretensi\u00f3n)<\/li>\n<li style='margin-bottom: 5px;'>OCP (Protecci\u00f3n contra sobrecorriente)<\/li>\n<li style='margin-bottom: 5px;'>OTP (Protecci\u00f3n contra sobrecalentamiento)<\/li>\n<\/ul><\/div>\n<\/p><\/div>\n<div style='flex: 1 1 250px; border: 1px solid rgba(150&comma; 150&comma; 150&comma; 0.4); border-radius: 8px; overflow: hidden; display: flex; flex-direction: column;'>\n<div style='padding: 15px; border-bottom: 1px solid rgba(150&comma; 150&comma; 150&comma; 0.2); font-weight: bold; font-size: 18px; color: inherit;'>Certificaciones<\/div>\n<div style='padding: 15px; color: inherit;'>\n<ul style='padding-left: 20px; margin: 0; font-size: 14px; list-style-type: disc;'>\n<li style='margin-bottom: 5px;'>ETL<\/li>\n<li style='margin-bottom: 5px;'>DOE VI<\/li>\n<\/ul><\/div>\n<\/p><\/div>\n<div style='flex: 1 1 250px; border: 1px solid rgba(150&comma; 150&comma; 150&comma; 0.4); border-radius: 8px; overflow: hidden; display: flex; flex-direction: column;'>\n<div style='padding: 15px; border-bottom: 1px solid rgba(150&comma; 150&comma; 150&comma; 0.2); font-weight: bold; font-size: 18px; color: inherit;'>Contenido del Paquete<\/div>\n<div style='padding: 15px; color: inherit;'>\n<ul style='padding-left: 20px; margin: 0; font-size: 14px; list-style-type: disc;'>\n<li style='margin-bottom: 5px;'>Multicontacto con Carga R\u00e1pida de hasta 65 W<\/li>\n<li style='margin-bottom: 5px;'>Abrazadera de Mesa<\/li>\n<li style='margin-bottom: 5px;'>Paquete de Tornillos<\/li>\n<li style='margin-bottom: 5px;'>Manual de Usuario<\/li>\n<\/ul><\/div>\n<\/p><\/div>\n<\/p><\/div>\n<hr style='border: 0; border-top: 1px solid rgba(150&comma; 150&comma; 150&comma; 0.3); margin: 30px 0;'>\n<div style='margin-bottom: 30px;'>\n<h3 style='font-size: 22px; border-bottom: 2px solid currentColor; padding-bottom: 5px; margin-top: 0; color: inherit; opacity: 0.8;'>Instrucciones de Instalaci\u00f3n<\/h3>\n<ol style='padding-left: 20px; font-size: 15px; color: inherit;'>\n<li style='margin-bottom: 10px;'>Extraer la placa de sujeci\u00f3n y pegar las almohadillas antideslizantes en la base.<\/li>\n<li style='margin-bottom: 10px;'>Montar la abrazadera de mesa en la placa de sujeci\u00f3n utilizando los tornillos proporcionados.<\/li>\n<li style='margin-bottom: 10px;'>Ajustar la abrazadera al grosor del escritorio (1cm a 4cm).<\/li>\n<li style='margin-bottom: 10px;'>Conectar los dispositivos a los puertos correspondientes.<\/li>\n<\/ol><\/div>\n<div style='margin-bottom: 30px;'>\n<h3 style='font-size: 22px; border-bottom: 2px solid currentColor; padding-bottom: 5px; margin-top: 0; color: inherit; opacity: 0.8;'>Advertencias de Seguridad<\/h3>\n<ul style='padding-left: 20px; font-size: 15px; color: inherit;'>\n<li style='margin-bottom: 5px;'>Aseg\u00farese que el enchufe utilizado est\u00e9 dentro del rango de CA 120V.<\/li>\n<li style='margin-bottom: 5px;'>No coloque el cargador sobre \u00e1reas calientes u otras fuentes de calor.<\/li>\n<li style='margin-bottom: 5px;'>No reemplace ninguna parte del cargador por su cuenta.<\/li>\n<li style='margin-bottom: 5px;'>No exponga el cargador a l\u00edquidos o a temperaturas excesivas.<\/li>\n<li style='margin-bottom: 5px;'>No utilice sustancias de limpieza corrosivas en el cargador.<\/li>\n<li style='margin-bottom: 5px;'>Mantenga el cargador fuera del alcance de los ni\u00f1os.<\/li>\n<\/ul><\/div>\n<hr style='border: 0; border-top: 1px solid rgba(150&comma; 150&comma; 150&comma; 0.3); margin: 30px 0;'>\n<div style='display: flex; flex-wrap: wrap; gap: 20px;'>\n<div style='flex: 1 1 250px; border: 1px solid rgba(150&comma; 150&comma; 150&comma; 0.4); border-radius: 8px; overflow: hidden; display: flex; flex-direction: column;'>\n<div style='padding: 15px; border-bottom: 1px solid rgba(150&comma; 150&comma; 150&comma; 0.2); font-weight: bold; font-size: 18px; color: inherit;'>Garant\u00eda<\/div>\n<div style='padding: 15px; color: inherit;'>\n<p style='margin: 0; font-size: 14px;'>La garant\u00eda del producto es de 1 a\u00f1o contra defectos de f\u00e1brica.<\/p>\n<\/p><\/div>\n<\/p><\/div>\n<div style='flex: 1 1 250px; border: 1px solid rgba(150&comma; 150&comma; 150&comma; 0.4); border-radius: 8px; overflow: hidden; display: flex; flex-direction: column;'>\n<div style='padding: 15px; border-bottom: 1px solid rgba(150&comma; 150&comma; 150&comma; 0.2); font-weight: bold; font-size: 18px; color: inherit;'>Compatibilidad<\/div>\n<div style='padding: 15px; color: inherit;'>\n<ul style='padding-left: 20px; margin: 0; font-size: 14px; list-style-type: disc;'>\n<li style='margin-bottom: 5px;'>USB-C Support PD3.0<\/li>\n<li style='margin-bottom: 5px;'>USB-A Support SCP\/FCP\/SFCP\/AFC\/PE\/APPLE<\/li>\n<\/ul><\/div>\n<\/p><\/div>\n<\/p><\/div>\n<\/p><\/div>\n","protected":false},"excerpt":{"rendered":"<p>Multicontacto con Montaje para Escritorio \/ Carga R\u00e1pida para 65 W \/ 2 x Nema 5-15P \/ 3 x USB-A (5V @3A) \/ 1 x USB-C (65W)<\/p>\n","protected":false},"featured_media":41362,"comment_status":"open","ping_status":"closed","template":"","meta":[],"product_brand":[],"product_cat":[1071],"product_tag":[1066,454,1072],"class_list":{"0":"post-41363","1":"product","2":"type-product","3":"status-publish","4":"has-post-thumbnail","6":"product_cat-extensiones-y-multicontactos","7":"product_tag-area-electrica","8":"product_tag-epcom-powerline","9":"product_tag-extensiones-y-multicontactos","11":"first","12":"instock","13":"sale","14":"shipping-taxable","15":"purchasable","16":"product-type-simple"},"_links":{"self":[{"href":"https:\/\/soydeaqui.ddns.net\/pachuca\/index.php\/wp-json\/wp\/v2\/product\/41363","targetHints":{"allow":["GET"]}}],"collection":[{"href":"https:\/\/soydeaqui.ddns.net\/pachuca\/index.php\/wp-json\/wp\/v2\/product"}],"about":[{"href":"https:\/\/soydeaqui.ddns.net\/pachuca\/index.php\/wp-json\/wp\/v2\/types\/product"}],"replies":[{"embeddable":true,"href":"https:\/\/soydeaqui.ddns.net\/pachuca\/index.php\/wp-json\/wp\/v2\/comments?post=41363"}],"wp:featuredmedia":[{"embeddable":true,"href":"https:\/\/soydeaqui.ddns.net\/pachuca\/index.php\/wp-json\/wp\/v2\/media\/41362"}],"wp:attachment":[{"href":"https:\/\/soydeaqui.ddns.net\/pachuca\/index.php\/wp-json\/wp\/v2\/media?parent=41363"}],"wp:term":[{"taxonomy":"product_brand","embeddable":true,"href":"https:\/\/soydeaqui.ddns.net\/pachuca\/index.php\/wp-json\/wp\/v2\/product_brand?post=41363"},{"taxonomy":"product_cat","embeddable":true,"href":"https:\/\/soydeaqui.ddns.net\/pachuca\/index.php\/wp-json\/wp\/v2\/product_cat?post=41363"},{"taxonomy":"product_tag","embeddable":true,"href":"https:\/\/soydeaqui.ddns.net\/pachuca\/index.php\/wp-json\/wp\/v2\/product_tag?post=41363"}],"curies":[{"name":"wp","href":"https:\/\/api.w.org\/{rel}","templated":true}]}}