{"id":41326,"date":"2026-03-18T18:12:03","date_gmt":"2026-03-18T18:12:03","guid":{"rendered":"https:\/\/soydeaqui.ddns.net\/pachuca\/index.php\/producto\/caja-de-pared-superficial-de-1-pieza-uso-universal-con-placas-de-pared-con-cinta-adhesiva-color-blanco\/"},"modified":"2026-03-18T18:12:08","modified_gmt":"2026-03-18T18:12:08","slug":"caja-de-pared-superficial-de-1-pieza-uso-universal-con-placas-de-pared-con-cinta-adhesiva-color-blanco","status":"publish","type":"product","link":"https:\/\/soydeaqui.ddns.net\/pachuca\/index.php\/producto\/caja-de-pared-superficial-de-1-pieza-uso-universal-con-placas-de-pared-con-cinta-adhesiva-color-blanco\/","title":{"rendered":"Caja de Pared Superficial de 1 Pieza, Uso Universal con Placas de Pared, con Cinta Adhesiva, Color Blanco"},"content":{"rendered":"<div style='width: 100%; max-width: 1200px; margin: 0 auto; font-family: sans-serif; line-height: 1.6; color: inherit; background-color: transparent;'> <!-- Secci\u00f3n de descripci\u00f3n --> <\/p>\n<div style='margin-bottom: 30px;'>\n<h2 style='font-size: 20px; margin-top: 0; color: inherit; opacity: 0.9;'>Caja de pared universal de una pieza con cinta adhesiva&comma; para montaje de placas de pared universales. Uso con canaletas Pan-Way T45 o LD.<\/h2>\n<\/p><\/div>\n<p> <!-- Secci\u00f3n de caracter\u00edsticas --> <\/p>\n<div style='display: flex; flex-wrap: wrap; gap: 30px; margin-bottom: 30px;'>\n<div style='flex: 1 1 300px; min-width: 280px;'>\n<h3 style='font-size: 18px; border-bottom: 2px solid currentColor; padding-bottom: 5px; margin-top: 0; color: inherit; opacity: 0.8;'>Caracter\u00edsticas principales<\/h3>\n<ul style='padding-left: 20px; font-size: 14px; color: inherit; list-style-type: disc;'>\n<li style='margin-bottom: 5px;'>Compatible con canaletas Pan-Way T45 o LD<\/li>\n<li style='margin-bottom: 5px;'>Material ABS de alta resistencia<\/li>\n<li style='margin-bottom: 5px;'>Dimensiones: 133 x 88.5 x 69.8 mm<\/li>\n<li style='margin-bottom: 5px;'>Salidas de tuber\u00eda: 1\/2&comma; 3\/4&comma; 1 pulgada<\/li>\n<li style='margin-bottom: 5px;'>Instalaci\u00f3n segura con cinta adhesiva<\/li>\n<\/ul><\/div>\n<p> <!-- Secci\u00f3n de especificaciones t\u00e9cnicas --> <\/p>\n<div style='flex: 1 1 300px; min-width: 280px;'>\n<h3 style='font-size: 18px; border-bottom: 2px solid currentColor; padding-bottom: 5px; margin-top: 0; color: inherit; opacity: 0.8;'>Especificaciones t\u00e9cnicas<\/h3>\n<ul style='padding-left: 20px; font-size: 14px; color: inherit; list-style-type: disc;'>\n<li style='margin-bottom: 5px;'><strong>Material:<\/strong> ABS<\/li>\n<li style='margin-bottom: 5px;'><strong>Dimensiones:<\/strong> 5.23 x 3.48 x 2.75 in (133 x 88.5 x 69.8 mm)<\/li>\n<li style='margin-bottom: 5px;'><strong>Salidas de Tuber\u00eda:<\/strong> 1\/2&comma; 3\/4 o 1in<\/li>\n<li style='margin-bottom: 5px;'><strong>Color:<\/strong> Blanco<\/li>\n<\/ul><\/div>\n<\/p><\/div>\n<p> <!-- Secci\u00f3n de aplicaciones --> <\/p>\n<div style='margin-bottom: 30px;'>\n<h3 style='font-size: 18px; border-bottom: 2px solid currentColor; padding-bottom: 5px; margin-top: 0; color: inherit; opacity: 0.8;'>Aplicaciones<\/h3>\n<p style='font-size: 14px; color: inherit; margin-bottom: 15px;'>Dise\u00f1ado para proporcionar soluciones econ\u00f3micas y f\u00e1ciles para enrutar cualquier cable de baja tensi\u00f3n a lo largo de paredes lisas y limpias en baseboards o techos. Esta canaleta es una soluci\u00f3n perfecta para escuelas&comma; hospitales&comma; oficinas&comma; hogares o cualquier lugar donde se necesite una canaleta de perfil bajo y segura.<\/p>\n<\/p><\/div>\n<p> <!-- Secci\u00f3n de capacidades de cableado --> <\/p>\n<div style='margin-bottom: 30px;'>\n<h3 style='font-size: 18px; border-bottom: 2px solid currentColor; padding-bottom: 5px; margin-top: 0; color: inherit; opacity: 0.8;'>Capacidades de cableado<\/h3>\n<p style='font-size: 14px; color: inherit; margin-bottom: 15px;'>Capacidad de llenado de cables para diferentes tipos de cableado seg\u00fan normas UL:<\/p>\n<div style='overflow-x: auto;'>\n<table style='width: 100%; border-collapse: collapse; font-size: 13px; color: inherit;'>\n<thead>\n<tr style='background-color: rgba(150&comma; 150&comma; 150&comma; 0.1);'>\n<th style='border: 1px solid rgba(150&comma; 150&comma; 150&comma; 0.3); padding: 8px; text-align: left;'>Tipo de Canaleta<\/th>\n<th style='border: 1px solid rgba(150&comma; 150&comma; 150&comma; 0.3); padding: 8px; text-align: left;'>LD3<\/th>\n<th style='border: 1px solid rgba(150&comma; 150&comma; 150&comma; 0.3); padding: 8px; text-align: left;'>LD5<\/th>\n<th style='border: 1px solid rgba(150&comma; 150&comma; 150&comma; 0.3); padding: 8px; text-align: left;'>LD10<\/th>\n<\/tr>\n<\/thead>\n<tbody>\n<tr>\n<td style='border: 1px solid rgba(150&comma; 150&comma; 150&comma; 0.3); padding: 6px;'>Cables de datos (Cat. 5e &#8211; Plenum)<\/td>\n<td style='border: 1px solid rgba(150&comma; 150&comma; 150&comma; 0.3); padding: 6px;'>2-4<\/td>\n<td style='border: 1px solid rgba(150&comma; 150&comma; 150&comma; 0.3); padding: 6px;'>5-7<\/td>\n<td style='border: 1px solid rgba(150&comma; 150&comma; 150&comma; 0.3); padding: 6px;'>13-20<\/td>\n<\/tr>\n<tr>\n<td style='border: 1px solid rgba(150&comma; 150&comma; 150&comma; 0.3); padding: 6px;'>Cables de audio\/video (RG6)<\/td>\n<td style='border: 1px solid rgba(150&comma; 150&comma; 150&comma; 0.3); padding: 6px;'>1-2<\/td>\n<td style='border: 1px solid rgba(150&comma; 150&comma; 150&comma; 0.3); padding: 6px;'>3-5<\/td>\n<td style='border: 1px solid rgba(150&comma; 150&comma; 150&comma; 0.3); padding: 6px;'>8-13<\/td>\n<\/tr>\n<tr>\n<td style='border: 1px solid rgba(150&comma; 150&comma; 150&comma; 0.3); padding: 6px;'>Cables de fibra \u00f3ptica<\/td>\n<td style='border: 1px solid rgba(150&comma; 150&comma; 150&comma; 0.3); padding: 6px;'>3-5<\/td>\n<td style='border: 1px solid rgba(150&comma; 150&comma; 150&comma; 0.3); padding: 6px;'>6-9<\/td>\n<td style='border: 1px solid rgba(150&comma; 150&comma; 150&comma; 0.3); padding: 6px;'>16-24<\/td>\n<\/tr>\n<\/tbody>\n<\/table><\/div>\n<p style='font-size: 12px; color: inherit; margin-top: 15px;'>* Valores basados en est\u00e1ndares UL&comma; con porcentaje de llenado del 40% (m\u00e1ximo) y 60% (espec\u00edfico)<\/p>\n<\/p><\/div>\n<p> <!-- Secci\u00f3n de beneficios --> <\/p>\n<div style='margin-bottom: 30px;'>\n<h3 style='font-size: 18px; border-bottom: 2px solid currentColor; padding-bottom: 5px; margin-top: 0; color: inherit; opacity: 0.8;'>Beneficios de dise\u00f1o<\/h3>\n<ul style='padding-left: 20px; font-size: 14px; color: inherit; list-style-type: disc;'>\n<li style='margin-bottom: 5px;'>Radio de curvatura de 1&#8242; que previene degradaci\u00f3n del cable y cumple con est\u00e1ndares TIA\/EIA<\/li>\n<li style='margin-bottom: 5px;'>Instalaci\u00f3n r\u00e1pida con cinta adhesiva de longitud completa&comma; sin herramientas<\/li>\n<li style='margin-bottom: 5px;'>Dise\u00f1o de una pieza con bisagra para f\u00e1cil acceso y mantenimiento<\/li>\n<li style='margin-bottom: 5px;'>Construcci\u00f3n no met\u00e1lica que no se corroe&comma; oxida o astilla<\/li>\n<li style='margin-bottom: 5px;'>F\u00e1cil de cortar con herramientas est\u00e1ndar&comma; sin equipos especiales<\/li>\n<li style='margin-bottom: 5px;'>Disponible en tres colores est\u00e1ndar (IW&comma; EI&comma; WH) y pintable en campo<\/li>\n<\/ul><\/div>\n<p> <!-- Secci\u00f3n de compatibilidad --> <\/p>\n<div style='margin-bottom: 30px;'>\n<h3 style='font-size: 18px; border-bottom: 2px solid currentColor; padding-bottom: 5px; margin-top: 0; color: inherit; opacity: 0.8;'>Compatibilidad<\/h3>\n<ul style='padding-left: 20px; font-size: 14px; color: inherit; list-style-type: disc;'>\n<li style='margin-bottom: 5px;'>Dise\u00f1ado para uso con sistema de comunicaciones Panduit\u00ae Pan-Net\u00ae<\/li>\n<li style='margin-bottom: 5px;'>Compatible con canaletas LD3&comma; LD5 y LD10<\/li>\n<li style='margin-bottom: 5px;'>Acepta diversos tipos de cables y capacidades<\/li>\n<\/ul><\/div>\n<p> <!-- Separador final --> <\/p>\n<hr style='border: 0; border-top: 1px solid rgba(150&comma; 150&comma; 150&comma; 0.3); margin: 30px 0;'> <\/div>\n","protected":false},"excerpt":{"rendered":"<p>Caja de Pared Superficial de 1 Pieza, Uso Universal con Placas de Pared, con Cinta Adhesiva, Color Blanco<\/p>\n","protected":false},"featured_media":41325,"comment_status":"open","ping_status":"closed","template":"","meta":[],"product_brand":[],"product_cat":[585],"product_tag":[586,587,445],"class_list":{"0":"post-41326","1":"product","2":"type-product","3":"status-publish","4":"has-post-thumbnail","6":"product_cat-cajas-superficiales","7":"product_tag-cableado-de-cobre","8":"product_tag-cajas-superficiales","9":"product_tag-panduit","11":"first","12":"instock","13":"sale","14":"shipping-taxable","15":"purchasable","16":"product-type-simple"},"_links":{"self":[{"href":"https:\/\/soydeaqui.ddns.net\/pachuca\/index.php\/wp-json\/wp\/v2\/product\/41326","targetHints":{"allow":["GET"]}}],"collection":[{"href":"https:\/\/soydeaqui.ddns.net\/pachuca\/index.php\/wp-json\/wp\/v2\/product"}],"about":[{"href":"https:\/\/soydeaqui.ddns.net\/pachuca\/index.php\/wp-json\/wp\/v2\/types\/product"}],"replies":[{"embeddable":true,"href":"https:\/\/soydeaqui.ddns.net\/pachuca\/index.php\/wp-json\/wp\/v2\/comments?post=41326"}],"wp:featuredmedia":[{"embeddable":true,"href":"https:\/\/soydeaqui.ddns.net\/pachuca\/index.php\/wp-json\/wp\/v2\/media\/41325"}],"wp:attachment":[{"href":"https:\/\/soydeaqui.ddns.net\/pachuca\/index.php\/wp-json\/wp\/v2\/media?parent=41326"}],"wp:term":[{"taxonomy":"product_brand","embeddable":true,"href":"https:\/\/soydeaqui.ddns.net\/pachuca\/index.php\/wp-json\/wp\/v2\/product_brand?post=41326"},{"taxonomy":"product_cat","embeddable":true,"href":"https:\/\/soydeaqui.ddns.net\/pachuca\/index.php\/wp-json\/wp\/v2\/product_cat?post=41326"},{"taxonomy":"product_tag","embeddable":true,"href":"https:\/\/soydeaqui.ddns.net\/pachuca\/index.php\/wp-json\/wp\/v2\/product_tag?post=41326"}],"curies":[{"name":"wp","href":"https:\/\/api.w.org\/{rel}","templated":true}]}}